{"id":1361,"date":"2025-06-22T19:23:10","date_gmt":"2025-06-22T19:23:10","guid":{"rendered":"https:\/\/lite-soil.com\/?post_type=product&#038;p=1361"},"modified":"2025-08-26T09:30:46","modified_gmt":"2025-08-26T09:30:46","slug":"lite-strips-pp-2","status":"publish","type":"product","link":"https:\/\/lite-soil.com\/de\/product\/lite-strips-pp-2\/","title":{"rendered":"LITE-STRIPS <br> PP"},"content":{"rendered":"<p>Da sich die Wasserspeicher f\u00fcr Pflanzen direkt in Wurzeln\u00e4he befinden, k\u00f6nnen Pflanzen bei Bedarf einfacher und effektiver auf das Wasser zugreifen, wodurch sich Gie\u00dfintervalle verl\u00e4ngern. Die l\u00e4nglichen LITE-<strong>STRIPS<\/strong> saugen Wasser von der Oberfl\u00e4che zu den Wurzeln, machen dichten Boden durchl\u00e4ssiger und funktionieren als Substratverbesserung.<\/p>\n<p><strong>100% NACHHALTIGE &#038; DAUERHAFT<\/strong><\/p>\n<p>Die LITE-<strong>STRIPS PP<\/strong> bestehen aus 100 % nachhaltigem, wieder verwendbaren, dauerhaften Polypropylen. Sie werden bei einer Vielzahl von Anwendungen verwendet.<\/p>\n<p><strong>Anwendungsgebiete und Einbauanleitung<\/strong><\/p>\n<p><a href=\"https:\/\/lite-soil.com\/de\/professionals_trees\/\">B\u00c4UME, B\u00dcSCHE &#038; STR\u00c4UCHER<\/a>: Mischen Sie pro Baum ca. 10-20 l in die Erde ein. LITE-<strong>STRIPS<\/strong> sind sehr gut kombinierbar mit <a href=\"https:\/\/lite-soil.com\/de\/professionals_products\/#lite_net_B2B_products\">LITE-<strong>NET<\/strong><\/a>.<\/p>\n<p><a href=\"https:\/\/lite-soil.com\/de\/professionals_raisedpantingbeds\/\">HOCHBEETE\u00a0&#038;\u00a0PFLANZENTR\u00d6GE<\/a>: Bei Pflanzentr\u00f6gen mischen Sie ca. 5-10% des Volumens in die Erde ein, bei Hochbeeten ca. 5-10l\/m\u00b2. Sie m\u00fcssen weniger oft gie\u00dfen, Pflanzen bekommen Wasser auch in Trockenperioden oder Urlaub.<\/p>\n<p><a href=\"https:\/\/lite-soil.com\/de\/professionals_lawns_athleticfields\/\">RASEN,\u00a0SPORTPL\u00c4TZE, FU\u00dfBALLPL\u00c4TZE<\/a>\u00a0&#038;\u00a0<a href=\"https:\/\/lite-soil.com\/de\/professionals_slopes\/\">B\u00d6SCHUNGEN<\/a>: Mischen Sie pro m\u00b2 ca. 0,5-1,0 l LITE-<strong>STRIPS<\/strong> wurzeltief in die Erde ein, z.B. mittels Harke.<\/p>\n<p><a href=\"https:\/\/lite-soil.com\/de\/professionals_greenroofs\/\">DACHBEGR\u00dcNUNG<\/a>: Mischen Sie pro m\u00b2 ca. 1,0 l LITE-<strong>STRIPS<\/strong> in das Substrat.<\/p>\n<p><strong><span style=\"font-size: 13.5pt; font-family: 'Open Sans',sans-serif; color: black;\">1 Kilo LITE-STRIPS speichert bis zu 10 Liter Wasser!<\/span><\/strong><\/p>\n<p>&nbsp;<\/p>\n<p><iframe loading=\"lazy\" title=\"\ud83d\udca7die DEFINITIVE METHODE WASSER SPAREN f\u00fcr Pflanzen LITE-STRIPS #wassersparen\" width=\"500\" height=\"281\" src=\"https:\/\/www.youtube.com\/embed\/sI186PhiNO4?feature=oembed\" frameborder=\"0\" allow=\"accelerometer; autoplay; clipboard-write; encrypted-media; gyroscope; picture-in-picture; web-share\" referrerpolicy=\"strict-origin-when-cross-origin\" allowfullscreen><\/iframe><\/p>\n<p>&nbsp;<\/p>\n<p><strong>Bestellgr\u00f6\u00dfen<\/strong><\/p>\n<ul>\n<li>Box 60 l \u2192 1,2 m\u00b3 (120 m\u00b2 Rasen)<\/li>\n<li>Box 250 l \u2192 5 m\u00b3 (500 m\u00b2 Rasen)<strong><br \/>\n<\/strong><\/li>\n<li>Box 5 X 50 l <strong>\u2192\u00a0<\/strong>5 m\u00b3 (500 m\u00b2 Rasen)<\/li>\n<li>BIG BAG 1 m\u00b3 = 1000 l \u2192 20 m\u00b3 (2000 m\u00b2 Rasen)<\/li>\n<\/ul>\n<p>&nbsp;<\/p>\n<p>F\u00fcr private Bestellungen besuchen Sie bitte unseren <a href=\"https:\/\/lite-soil.com\/de\/shop-2\/\">Online Shop<\/a>.<\/p>\n","protected":false},"excerpt":{"rendered":"<p><strong>Die wurzelnahen Wasserspeicher f\u00fcr Pflanzen<\/strong><\/p>\n<p>LITE-<strong>STRIPS PP<\/strong> sind zu 100 % nachhaltige, wieder verwendbare, 7 cm lange Streifen aus Vlies, die einfach in das Substrat eingemischt werden. Bis zu 90 % des Vliesvolumens k\u00f6nnen mit Wasser gef\u00fcllt werden und helfen somit Pflanzen \u00fcber l\u00e4ngere Trockenperioden hinweg. 1 kg LITE-<strong>STRIPS PP<\/strong> speichern bis zu 10 l planzenverf\u00fcgbares Wasser.<\/p>\n<p><strong>Material<\/strong>: 100% Polypropylen<\/p>\n<p><strong>VORTEILE:<\/strong><\/p>\n<ul>\n<li>Nur noch halb so oft Gie\u00dfen<\/li>\n<li>Speichert Wasser direkt bei den Wurzeln<\/li>\n<li>Substratverbesserung<\/li>\n<li>Nachhaltige Begr\u00fcnung<\/li>\n<li>Einfacher und simpler Einbau<\/li>\n<li>Aufgelockerte und besser durchl\u00fcftete Erde<\/li>\n<li>Idealer Torfersatz<\/li>\n<li>Geringes Gewicht<\/li>\n<li>Optimale Versorgung der Pflanzen mit Wasser &#038; Luft<\/li>\n<\/ul>\n","protected":false},"featured_media":1258,"comment_status":"closed","ping_status":"closed","template":"","meta":[],"product_brand":[],"product_cat":[208,118,117,113,112,111,105,103,102,101,97],"product_tag":[119,109],"class_list":{"0":"post-1361","1":"product","2":"type-product","3":"status-publish","4":"has-post-thumbnail","6":"product_cat-pro_lite-strips","7":"product_cat-filter-basin","8":"product_cat-roof-greening","9":"product_cat-agriculture","10":"product_cat-raised-planting-beds-troughs","11":"product_cat-drainage","12":"product_cat-athletic-fields","13":"product_cat-lawn","14":"product_cat-slopes","15":"product_cat-trees","16":"product_cat-lite-strips_pro","17":"product_tag-dauerhaft","18":"product_tag-nachhaltig","20":"first","21":"outofstock","22":"virtual","23":"taxable","24":"product-type-simple"},"_links":{"self":[{"href":"https:\/\/lite-soil.com\/de\/wp-json\/wp\/v2\/product\/1361","targetHints":{"allow":["GET"]}}],"collection":[{"href":"https:\/\/lite-soil.com\/de\/wp-json\/wp\/v2\/product"}],"about":[{"href":"https:\/\/lite-soil.com\/de\/wp-json\/wp\/v2\/types\/product"}],"replies":[{"embeddable":true,"href":"https:\/\/lite-soil.com\/de\/wp-json\/wp\/v2\/comments?post=1361"}],"wp:featuredmedia":[{"embeddable":true,"href":"https:\/\/lite-soil.com\/de\/wp-json\/wp\/v2\/media\/1258"}],"wp:attachment":[{"href":"https:\/\/lite-soil.com\/de\/wp-json\/wp\/v2\/media?parent=1361"}],"wp:term":[{"taxonomy":"product_brand","embeddable":true,"href":"https:\/\/lite-soil.com\/de\/wp-json\/wp\/v2\/product_brand?post=1361"},{"taxonomy":"product_cat","embeddable":true,"href":"https:\/\/lite-soil.com\/de\/wp-json\/wp\/v2\/product_cat?post=1361"},{"taxonomy":"product_tag","embeddable":true,"href":"https:\/\/lite-soil.com\/de\/wp-json\/wp\/v2\/product_tag?post=1361"}],"curies":[{"name":"wp","href":"https:\/\/api.w.org\/{rel}","templated":true}]}}