{"id":1364,"date":"2025-06-22T19:23:10","date_gmt":"2025-06-22T19:23:10","guid":{"rendered":"https:\/\/lite-soil.com\/?post_type=product&#038;p=1364"},"modified":"2025-12-16T10:52:00","modified_gmt":"2025-12-16T10:52:00","slug":"lite-net-standard-pp","status":"publish","type":"product","link":"https:\/\/lite-soil.com\/de\/product\/lite-net-standard-pp\/","title":{"rendered":"LITE-NET Standard PP"},"content":{"rendered":"<p>Bei Bedarf ist das gesamte Wasser wurzelverf\u00fcgbar, da aufgrund der offenen Netzstruktur Wurzeln problemlos hindurchwachsen und rundum am Vlies andocken k\u00f6nnen. Auch ein sehr flexibler, 3-dimensionaler Einbau ist dadurch m\u00f6glich. Die 5 mm dicke Basisvariante speichert pro m\u00b2 bis zu 7 l Wasser.<\/p>\n<p><strong>100 % DAUERHAFT, NACHHALTIG &#038; WIEDERVERWENDBAR<\/strong><\/p>\n<p>Hergestellt aus 100 % Polypropylen. Die dauerhaften Varianten der Wasserspeicher f\u00fcr Pflanzen kommen z.B. als Verteilerkomponente bei unterirdischen Bew\u00e4sserungen, sowie bei Sportpl\u00e4tzen, Dachbegr\u00fcnungen, Baumgrubeneinlage, Weinanbau, Rasenfl\u00e4chen, B\u00f6schungsbegr\u00fcnungen und bei Filterbecken zum Einsatz<\/p>\n<p><strong>Anwendungen<\/strong><\/p>\n<p><a href=\"https:\/\/lite-soil.com\/de\/professionals_trees\/\">B\u00c4UME<\/a>: Wickeln Sie ein passend zugeschnittenes St\u00fcck LITE-<strong>NET<\/strong> um den Wurzelballen herum, um von der Oberfl \u00e4che Wasser &#038; Luft direkt zu den Wurzeln zu leiten. Als zus\u00e4tzlicher Wasserspeicher f\u00fcr Pflanzen legen Sie ein weiteres LITE-<strong>NET<\/strong> waagrecht in die Baumgrube ein. Dadurch ist der tiefe Wurzelraum optimal versorgt.<\/p>\n<p><a href=\"https:\/\/lite-soil.com\/de\/professionals_lawns_athleticfields\/\">RASEN,\u00a0SPORTPL\u00c4TZE, FU\u00dfBALLPL\u00c4TZE<\/a>\u00a0&#038;\u00a0<a href=\"https:\/\/lite-soil.com\/de\/professionals_slopes\/\">B\u00d6SCHUNGEN<\/a>: Legen Sie das auseinandergezogene LITE-<strong>NET<\/strong> auf und geben Sie wurzeltief (bei Rasen ca. 10 cm) Erde dar\u00fcber. Idealerweise vermischt mit <a href=\"https:\/\/lite-soil.com\/de\/professionals_products\/#lite_strips_B2B_products\">LITE-<strong>STRIPS<\/strong><\/a>.<\/p>\n<p>&nbsp;<\/p>\n<p><iframe loading=\"lazy\" title=\"\ud83c\udf31SO SPAREN SIE WASSER bei der BEW\u00c4SSERUNG von RASEN und B\u00c4UMEN mit LITE-NET #Wassersparen\" width=\"500\" height=\"281\" src=\"https:\/\/www.youtube.com\/embed\/DDeWFnZszTY?feature=oembed\" frameborder=\"0\" allow=\"accelerometer; autoplay; clipboard-write; encrypted-media; gyroscope; picture-in-picture; web-share\" referrerpolicy=\"strict-origin-when-cross-origin\" allowfullscreen><\/iframe><\/p>\n<p><strong>Bestellgr\u00f6\u00dfen\u00a0<\/strong><\/p>\n<p>LITE-<strong>NET<\/strong> PP Standard (Rolle C20 = Maschen \u2300 13 cm)<\/p>\n<ul>\n<li>175: 1,75 x 16,3 m\u00a0<strong>\u2192<\/strong>\u00a028 m\u00b2<\/li>\n<li>175: 1,75 x 16,3 m\u00a0<strong>\u2192<\/strong><strong>\u00a0<\/strong>3 Stk. \u00e1 28 m\u00b2<\/li>\n<li>350: 3,5 x 16,3 m\u00a0<strong>\u2192<\/strong><strong>\u00a0<\/strong>57 m\u00b2<\/li>\n<li>520: 5,2 x 16,3 m\u00a0<strong>\u2192<\/strong><strong>\u00a0<\/strong>85 m\u00b2<\/li>\n<\/ul>\n<p>F\u00fcr private Bestellungen besuchen Sie bitte unseren <a href=\"https:\/\/lite-soil.com\/de\/shop-2\/\">Online Shop<\/a>.<\/p>\n","protected":false},"excerpt":{"rendered":"<p><strong>Das Wasserverteilernetz<\/strong><\/p>\n<p>Dauerhaftes Drainagenetz aus dickem Vlies.<\/p>\n<p>Wie vernetzte Wasseradern funktioniert das wurzeltief in den Boden eingebaute LITE-<strong>NET<\/strong>. Es verteilt Luft und Wasser gro\u00dffl\u00e4chig in der Wurzelebene und dient als Wasserspeicher f\u00fcr Pflanzen.<\/p>\n<p><strong>Material<\/strong>: 100% Polypropylen<\/p>\n<p><strong>VORTEILE:<\/strong><\/p>\n<ul>\n<li>Speichert Wasser direkt bei den Wurzeln<\/li>\n<li>Wurzeln k\u00f6nnen durch Netz\u00f6ffnungen hindurchwachsen<\/li>\n<li>Verl\u00e4ngerte Gie\u00dfintervalle<\/li>\n<li>Kann ganz einfach zugeschnitten werden<\/li>\n<li>Simpler Einbau<\/li>\n<li>Geringes Gewicht<\/li>\n<li>Optimale Versorgung der Pflanzen<\/li>\n<\/ul>\n","protected":false},"featured_media":1274,"comment_status":"closed","ping_status":"closed","template":"","meta":[],"product_brand":[],"product_cat":[210,122,120,118,117,113,112,105,103,102,101],"product_tag":[123],"class_list":{"0":"post-1364","1":"product","2":"type-product","3":"status-publish","4":"has-post-thumbnail","6":"product_cat-lite-net_pro","7":"product_cat-pp","8":"product_cat-surface-drainage","9":"product_cat-filter-basin","10":"product_cat-roof-greening","11":"product_cat-agriculture","12":"product_cat-raised-planting-beds-troughs","13":"product_cat-athletic-fields","14":"product_cat-lawn","15":"product_cat-slopes","16":"product_cat-trees","17":"product_tag-durable","19":"first","20":"outofstock","21":"virtual","22":"taxable","23":"product-type-simple"},"_links":{"self":[{"href":"https:\/\/lite-soil.com\/de\/wp-json\/wp\/v2\/product\/1364","targetHints":{"allow":["GET"]}}],"collection":[{"href":"https:\/\/lite-soil.com\/de\/wp-json\/wp\/v2\/product"}],"about":[{"href":"https:\/\/lite-soil.com\/de\/wp-json\/wp\/v2\/types\/product"}],"replies":[{"embeddable":true,"href":"https:\/\/lite-soil.com\/de\/wp-json\/wp\/v2\/comments?post=1364"}],"wp:featuredmedia":[{"embeddable":true,"href":"https:\/\/lite-soil.com\/de\/wp-json\/wp\/v2\/media\/1274"}],"wp:attachment":[{"href":"https:\/\/lite-soil.com\/de\/wp-json\/wp\/v2\/media?parent=1364"}],"wp:term":[{"taxonomy":"product_brand","embeddable":true,"href":"https:\/\/lite-soil.com\/de\/wp-json\/wp\/v2\/product_brand?post=1364"},{"taxonomy":"product_cat","embeddable":true,"href":"https:\/\/lite-soil.com\/de\/wp-json\/wp\/v2\/product_cat?post=1364"},{"taxonomy":"product_tag","embeddable":true,"href":"https:\/\/lite-soil.com\/de\/wp-json\/wp\/v2\/product_tag?post=1364"}],"curies":[{"name":"wp","href":"https:\/\/api.w.org\/{rel}","templated":true}]}}