{"id":1365,"date":"2025-06-22T19:23:11","date_gmt":"2025-06-22T19:23:11","guid":{"rendered":"https:\/\/lite-soil.com\/?post_type=product&#038;p=1365"},"modified":"2025-08-26T07:12:15","modified_gmt":"2025-08-26T07:12:15","slug":"lite-cubes","status":"publish","type":"product","link":"https:\/\/lite-soil.com\/de\/product\/lite-cubes\/","title":{"rendered":"LITE-CUBES"},"content":{"rendered":"<p>Als kleinw\u00fcrfelige Sonderform gibt es LITE-<strong>CUBES <\/strong>als Zuschlagstoff f\u00fcr Substrate z.B. f\u00fcr Spritzbegr\u00fcnungen in <strong>Bio1<\/strong>, f\u00fcr Dachbegr\u00fcnungen in <strong>PP <\/strong>sowie f\u00fcr Anzuchtt\u00f6pfe in <strong>Bio1<\/strong>.<\/p>\n<p>LITE-<strong>CUBES Bio1<\/strong> aus Zellulose f\u00fcr kurzzeitige Anwendungen wie zB. zum Einmischen in Substrat f\u00fcr kleine Anwachst\u00f6pfe oder als Speicherw\u00fcrfel f\u00fcr Spritzbegr\u00fcnungen von B\u00f6schungen.<\/p>\n<p>LITE-<strong>CUBES Bio5<\/strong> aus PLA zB. zur langfristigen Aerifizierung von Golfpl\u00e4tzen. Dabei werden sie gemeinsam mit Sand in Aerifizierungsl\u00f6cher bzw. Schlitze eingekehrt.<\/p>\n<p>LITE-<strong>CUBES PP<\/strong> f\u00fcr dauerhafte Anwendungen, zB. als Einmischung ins hydraulisch gef\u00f6rderte Substrat bei Dachbegr\u00fcnungen. Speichert pro kg 8-mal soviel Wasser wie Bl\u00e4hton, wodurch die Begr\u00fcnungsschicht leichter wird.<\/p>\n<p><strong>Anwendungsgebiete<\/strong><\/p>\n<p style=\"font-variant-ligatures: normal; font-variant-caps: normal; orphans: 2; text-align: start; widows: 2; -webkit-text-stroke-width: 0px; text-decoration-thickness: initial; text-decoration-style: initial; text-decoration-color: initial; word-spacing: 0px;\"><span style=\"font-size: 13.5pt; font-family: 'Open Sans',sans-serif; color: black;\"><a href=\"https:\/\/lite-soil.com\/de\/professionals_trees\/\">B\u00c4UME, B\u00dcSCHE &#038; STR\u00c4UCHER<\/a>, <\/span><span style=\"font-size: 13.5pt; font-family: 'Open Sans',sans-serif; color: black;\"><a href=\"https:\/\/lite-soil.com\/de\/professionals_raisedpantingbeds\/\">HOCHBEETE &#038; PFLANZENTR\u00d6GE<\/a>,<\/span><span style=\"font-size: 13.5pt; font-family: 'Open Sans',sans-serif; color: black;\"><a href=\"https:\/\/lite-soil.com\/de\/professionals_lawns_athleticfields\/\">RASEN, SPORTPL\u00c4TZE, FU\u00dfBALLPL\u00c4TZE<\/a>, <a href=\"https:\/\/lite-soil.com\/de\/professionals_slopes\/\">B\u00d6SCHUNGEN<\/a>, <\/span><span style=\"font-size: 13.5pt; font-family: 'Open Sans',sans-serif; color: black;\"><a href=\"https:\/\/lite-soil.com\/de\/professionals_greenroofs\/\">DACHBEGR\u00dcNUNG<\/a>, <\/span><a href=\"https:\/\/lite-soil.com\/de\/professionals_growingpots\/\">ANZUCHTT\u00d6PFE<\/a> &#038; <a href=\"https:\/\/lite-soil.com\/de\/professionals_spraygreening\/\">SPRITZBEGR\u00dcNUNG<\/a>.<\/p>\n<p>Gr\u00f6\u00dfe LITE-<strong>CUBE<\/strong>: 12 x 12 x 6 mm<\/p>\n<p><strong>Bestellgr\u00f6\u00dfen<\/strong>:<\/p>\n<ul>\n<li>BOX 250 l<\/li>\n<li>BIG BAG 1 m\u00b3<\/li>\n<\/ul>\n","protected":false},"excerpt":{"rendered":"<p><strong>Filzw\u00fcrfel f\u00fcr Spezialanwendungen<\/strong><\/p>\n<p>LITE-<strong>CUBES<\/strong> sind kleine Filz- bzw. Vliesw\u00fcrfel (ca. 12 x 12 x 6 mm) mit sehr hoher Wasserspeicherkapazit\u00e4t f\u00fcr verschiedenste Spezialanwendungen.<\/p>\n<p><strong>Material<\/strong>:\u00a0<strong>Bio1<\/strong>: 100 % biologisch abbaubare Zellulosefasern |\u00a0<strong>Bio5<\/strong>: 70% PLA (Polylactide) + 30% Zellulosefasern. | <strong>PP<\/strong>: 100% Polypropylen.<\/p>\n<p><strong>VORTEILE:<\/strong><\/p>\n<ul>\n<li>Nur noch halb so oft Gie\u00dfen<\/li>\n<li>Speichert Wasser direkt bei den Wurzeln<\/li>\n<li>Substratverbesserung<\/li>\n<li>Nachhaltige Begr\u00fcnung<\/li>\n<li>Einfacher und simpler Einbau<\/li>\n<li>Aufgelockerte und besser durchl\u00fcftete Erde<\/li>\n<li>Idealer Torfersatz<\/li>\n<li>Geringes Gewicht<\/li>\n<li>Optimale Versorgung der Pflanzen mit Wasser &#038; Luft<\/li>\n<\/ul>\n","protected":false},"featured_media":1297,"comment_status":"closed","ping_status":"closed","template":"","meta":[],"product_brand":[],"product_cat":[212,125,124,113,110,102],"product_tag":[121,119,109,108,107,106],"class_list":{"0":"post-1365","1":"product","2":"type-product","3":"status-publish","4":"has-post-thumbnail","6":"product_cat-lite-cubes","7":"product_cat-spray-greening","8":"product_cat-grow-pots","9":"product_cat-agriculture","10":"product_cat-aerification","11":"product_cat-slopes","12":"product_tag-biologisch-kompostierbar","13":"product_tag-dauerhaft","14":"product_tag-nachhaltig","15":"product_tag-biologisch-abbaubar","16":"product_tag-aus-holz","17":"product_tag-100-zellulosefasern","19":"first","20":"outofstock","21":"taxable","22":"shipping-taxable","23":"product-type-simple"},"_links":{"self":[{"href":"https:\/\/lite-soil.com\/de\/wp-json\/wp\/v2\/product\/1365","targetHints":{"allow":["GET"]}}],"collection":[{"href":"https:\/\/lite-soil.com\/de\/wp-json\/wp\/v2\/product"}],"about":[{"href":"https:\/\/lite-soil.com\/de\/wp-json\/wp\/v2\/types\/product"}],"replies":[{"embeddable":true,"href":"https:\/\/lite-soil.com\/de\/wp-json\/wp\/v2\/comments?post=1365"}],"wp:featuredmedia":[{"embeddable":true,"href":"https:\/\/lite-soil.com\/de\/wp-json\/wp\/v2\/media\/1297"}],"wp:attachment":[{"href":"https:\/\/lite-soil.com\/de\/wp-json\/wp\/v2\/media?parent=1365"}],"wp:term":[{"taxonomy":"product_brand","embeddable":true,"href":"https:\/\/lite-soil.com\/de\/wp-json\/wp\/v2\/product_brand?post=1365"},{"taxonomy":"product_cat","embeddable":true,"href":"https:\/\/lite-soil.com\/de\/wp-json\/wp\/v2\/product_cat?post=1365"},{"taxonomy":"product_tag","embeddable":true,"href":"https:\/\/lite-soil.com\/de\/wp-json\/wp\/v2\/product_tag?post=1365"}],"curies":[{"name":"wp","href":"https:\/\/api.w.org\/{rel}","templated":true}]}}