{"id":1366,"date":"2025-06-22T19:23:11","date_gmt":"2025-06-22T19:23:11","guid":{"rendered":"https:\/\/lite-soil.com\/?post_type=product&#038;p=1366"},"modified":"2025-08-20T10:52:05","modified_gmt":"2025-08-20T10:52:05","slug":"salfix-mat","status":"publish","type":"product","link":"https:\/\/lite-soil.com\/de\/product\/salfix-mat\/","title":{"rendered":"SALFIX-MAT"},"content":{"rendered":"<p><strong>Antisalzmatte SALFIX-MAT sch\u00fctzt B\u00e4ume gegen Streusalz im Winter<\/strong><\/p>\n<p>Salz, im Winter gegen Glatteis gestreut, gelangt \u00fcber das Schmelzwasser zu den Wurzeln der B\u00e4ume und Pflanzen und erzeugen sogenannten \u201eSalzstress\u201c. Die B\u00e4ume bl\u00fchen sp\u00e4ter, bekommen fr\u00fcher braune Bl\u00e4tter oder sterben \u00fcberhaupt ganz ab. Es muss wieder nachgepflanzt werden, was mit hohen Kosten verbunden ist.<\/p>\n<p>Die neuartige <strong>SAL<\/strong>FIX-<strong>MAT<\/strong>, eine wasserdurchl\u00e4ssige Filtermatte, bindet langj\u00e4hrig Streusalz und verhindert damit Baumsch\u00e4den und eine Verdichtung des Bodens. B\u00e4ume \u00fcberleben den Winter nachhaltig, womit teure Neupflanzungen vermieden werden. Dabei wird ganz einfach je eine Matte links und rechts vom Stamm in die Baumscheibe eingelegt, sodass eine Filterfl\u00e4che von 2,0 x 2,0 oder 3,0 x 3,0 m entsteht.<\/p>\n<p>Die 3-lagige <strong>SAL<\/strong>FIX-<strong>MAT<\/strong> besteht aus einer Ionentauschermischung, eingepackt zwischen 2 robuste Filtervliese. Das Salz wird aus dem Wasser getrennt und im Aquatextil chemisch gebunden.<br \/>\nFalls salzbelastetes Wasser von der Seite zuflie\u00dft, kann der Rand dort auch 20-30 cm umgeschlagen werden, sodass am belasteten Rand 2 Lagen mit dadurch h\u00f6herer Pufferkapazit\u00e4t entstehen.<br \/>\nDie Matte funktioniert viele Jahre, abh\u00e4ngig davon, wie viel Salz gefiltert wird.<\/p>\n<p><strong>Anwendungen<\/strong><\/p>\n<p><a href=\"https:\/\/lite-soil.com\/de\/professionals_treesroadsaltprotection\/\">BAUM<\/a><\/p>\n<p>Eine mit 4 m\u00b2 Salzfiltermatten belegte Baumscheibe kann &#8211; zus\u00e4tzlich zu den mechanisch abgefiltertem Salz &#8211; je nach Randbedingungen bis zu ca. 1 kg Salz chemisch binden.<\/p>\n<p>Davon ist ca. 0,9 kg dauerhaft fixiert und weitere ca. 0,2 kg Salz kann durch reines Wasser wieder feindosiert und &#8211; somit unproblematisch f\u00fcr Pflanzen &#8211; ausgewaschen werden, wodurch wiederum Aufnahmekapazit\u00e4t f\u00fcr die n\u00e4chste Wintersaison entsteht und somit die Matte auch langj\u00e4hrig wirkt. Die Matte dient als Filter- und Schutzschicht und ist UV-stabilisiert &#8211; f\u00fcr einen langj\u00e4hrigen Gebrauch sollte sie jedoch mit einer wasserdurchl\u00e4ssigen Schicht, z.B. Kies oder Gitterrost \u00fcberdeckt werden.<\/p>\n<p><u>Vorteile der <\/u><strong><u>SAL<\/u><\/strong><u>FIX-<\/u><strong><u>MAT<\/u><\/strong><u>: <\/u><\/p>\n<ul>\n<li>Reduktion von Baumsch\u00e4den und Bodenverdichtung<\/li>\n<li>Einfache Anwendung<\/li>\n<li>Kostenersparnis durch Vermeidung von Neupflanzungen<\/li>\n<\/ul>\n<p><strong>Bestellgr\u00f6\u00dfen<\/strong><\/p>\n<ul>\n<li>2 Stk. \u00e1 2 x 1 m<\/li>\n<\/ul>\n","protected":false},"excerpt":{"rendered":"<p><strong>Antisalzmatte SALFIX-MAT sch\u00fctzt B\u00e4ume gegen Streusalz im Winter<\/strong><\/p>\n<p>Die neuartige <strong>SAL<\/strong>FIX-<strong>MAT<\/strong>, eine wasserdurchl\u00e4ssige Filtermatte, bindet langj\u00e4hrig Streusalz und verhindert damit Baumsch\u00e4den und eine Verdichtung des Bodens. B\u00e4ume \u00fcberleben den Winter nachhaltig, womit teure Neupflanzungen vermieden werden.<\/p>\n<p><strong>Material<\/strong>: 100% Polypropylen<\/p>\n<p><strong>VORTEILE<\/strong>:<\/p>\n<ul>\n<li>Reduktion von Baumsch\u00e4den und Bodenverdichtung<\/li>\n<li>Einfache Anwendung<\/li>\n<li>Langj\u00e4hrige Funktion<\/li>\n<li>Kostenersparnis durch Vermeidung von Neupflanzungen<\/li>\n<\/ul>\n","protected":false},"featured_media":1311,"comment_status":"closed","ping_status":"closed","template":"","meta":[],"product_brand":[],"product_cat":[101,131,132],"product_tag":[106,107,108,109],"class_list":{"0":"post-1366","1":"product","2":"type-product","3":"status-publish","4":"has-post-thumbnail","6":"product_cat-trees","7":"product_cat-trees-de-icing-salt-protection","8":"product_cat-salfix-mat","9":"product_tag-100-zellulosefasern","10":"product_tag-aus-holz","11":"product_tag-biologisch-abbaubar","12":"product_tag-nachhaltig","14":"first","15":"outofstock","16":"virtual","17":"taxable","18":"product-type-simple"},"_links":{"self":[{"href":"https:\/\/lite-soil.com\/de\/wp-json\/wp\/v2\/product\/1366","targetHints":{"allow":["GET"]}}],"collection":[{"href":"https:\/\/lite-soil.com\/de\/wp-json\/wp\/v2\/product"}],"about":[{"href":"https:\/\/lite-soil.com\/de\/wp-json\/wp\/v2\/types\/product"}],"replies":[{"embeddable":true,"href":"https:\/\/lite-soil.com\/de\/wp-json\/wp\/v2\/comments?post=1366"}],"wp:featuredmedia":[{"embeddable":true,"href":"https:\/\/lite-soil.com\/de\/wp-json\/wp\/v2\/media\/1311"}],"wp:attachment":[{"href":"https:\/\/lite-soil.com\/de\/wp-json\/wp\/v2\/media?parent=1366"}],"wp:term":[{"taxonomy":"product_brand","embeddable":true,"href":"https:\/\/lite-soil.com\/de\/wp-json\/wp\/v2\/product_brand?post=1366"},{"taxonomy":"product_cat","embeddable":true,"href":"https:\/\/lite-soil.com\/de\/wp-json\/wp\/v2\/product_cat?post=1366"},{"taxonomy":"product_tag","embeddable":true,"href":"https:\/\/lite-soil.com\/de\/wp-json\/wp\/v2\/product_tag?post=1366"}],"curies":[{"name":"wp","href":"https:\/\/api.w.org\/{rel}","templated":true}]}}