{"id":1367,"date":"2025-06-22T19:23:11","date_gmt":"2025-06-22T19:23:11","guid":{"rendered":"https:\/\/lite-soil.com\/?post_type=product&#038;p=1367"},"modified":"2026-04-24T10:19:04","modified_gmt":"2026-04-24T10:19:04","slug":"bluelite-net-pp","status":"publish","type":"product","link":"https:\/\/lite-soil.com\/de\/product\/bluelite-net-pp\/","title":{"rendered":"BLUELITE-NET PP"},"content":{"rendered":"<p>Das Wasser aus dem flexiblen Tr\u00f6pfchenbew\u00e4sserungsrohr wird \u00fcber die robuste Vliesummantelung gleichm\u00e4\u00dfig in das darunter liegende Vliesnetz abgegeben und dort gro\u00dffl\u00e4chig im Wurzelbereich kapillar verteilt. Dabei vertausendfacht sich die Kontaktfl\u00e4che Wasser\/Erde. Die robuste Vliesummantelung sch\u00fctzt die Rohr\u00f6ffnungen gegen Wurzeleinwuchs und gegen Verstopfung durch Bodenfeinteile.<\/p>\n<p>Durch diese Form der Unterflurbew\u00e4sserung werden Verdunstung, Verfilzung, Staun\u00e4sse und damit die Kosten f\u00fcr Oberfl\u00e4chenbearbeitung reduziert. Eine Bew\u00e4sserung ist jederzeit m\u00f6glich, auch wenn die Rasenfl\u00e4che gerade bespielt oder gem\u00e4ht wird. Gegen\u00fcber Spritzbew\u00e4sserung wird bis zu 70 % Wasser eingespart.<\/p>\n<p>Aufgrund der offenen und flexiblen Netzform k\u00f6nnen Wurzeln problemlos durch die Netz\u00f6ffnungen hindurchwachsen und rundherum am 5 mm dicken Vliesnetz andocken. Somit sind bei Bedarf 100 % des kapillar im Netz gespeicherten Wassers pflanzenverf\u00fcgbar. Da das System in beliebiger Tiefe verlegbar ist, k\u00f6nnen auch in der Anwachsphase oder bei Mischkulturen Pflanzen optimal versorgt werden.<\/p>\n<p>F\u00fcr zB. B\u00e4ume gibt es ein konfektioniertes Tr\u00f6pfchenbew\u00e4sserungsrohr inklusive Vliesschutz mit ca. 50 cm Durchmesser (<strong>BLUE<\/strong>LITE-<strong>RING<\/strong>). Zur Verwendung von eigenen Tropferrohren wird die sch\u00fctzende Vliesh\u00fclle (<strong>BLUE<\/strong>LITE-<strong>COVER<\/strong>) auch ohne Tropferrohr angeboten.<\/p>\n<p>Bei Bestandsfl\u00e4chen oder -pflanzen k\u00f6nnen die vliesgesch\u00fctzten Tropferrohren auch ohne Vliesnetz eingebaut werden.<\/p>\n<p><strong>Anwendungsbeispiele<\/strong><\/p>\n<p><a href=\"https:\/\/lite-soil.com\/de\/professionals_trees\/\">B\u00c4UME<\/a>, <a href=\"https:\/\/lite-soil.com\/de\/professionals_slopes\/\">B\u00d6SCHUNGEN<\/a>, <a href=\"https:\/\/lite-soil.com\/de\/professionals_greenroofs\/\">DACHBEGR\u00dcNUNG<\/a>, <a href=\"https:\/\/lite-soil.com\/de\/professionals_agriculture\/\">LANDWIRTSCHAFT<\/a>, <a href=\"https:\/\/lite-soil.com\/de\/professionals_lawns_athleticfields\/\">SPORTPL\u00c4TZE &#038; RASENFL\u00c4CHEN<\/a>.<\/p>\n<p>&nbsp;<\/p>\n<table width=\"897\">\n<tbody>\n<tr>\n<td width=\"249\"><strong><em>BLUELITE-NET SYSTEM<\/em><\/strong><\/td>\n<td width=\"181\">\n<p style=\"text-align: center;\"><strong>Einheit<\/strong><\/p>\n<\/td>\n<td style=\"text-align: center;\" width=\"209\"><strong>Boxen Gr\u00f6\u00dfe (cm)<\/strong><\/td>\n<td width=\"231\">\n<p style=\"text-align: center;\"><strong>Gewicht kg\/box<\/strong><\/p>\n<\/td>\n<\/tr>\n<tr>\n<td width=\"249\"><strong>&#8211; BLUELITE-NET system 55 m\u00b2<\/strong><\/p>\n<p>(Verlegung in Serpentinenform)<\/td>\n<td width=\"181\">\n<p style=\"text-align: center;\">55 m\u00b2<\/p>\n<\/td>\n<td style=\"text-align: center;\" width=\"209\">60 x 60 x 82<\/td>\n<td width=\"231\">\n<p style=\"text-align: center;\">25<\/p>\n<\/td>\n<\/tr>\n<tr>\n<td width=\"249\"><strong>&#8211; BLUELITE-NET system 85 m\u00b2<\/strong><\/p>\n<p>(Verlegung in Serpentinenform)<\/td>\n<td width=\"181\">\n<p style=\"text-align: center;\">85 m\u00b2<\/p>\n<\/td>\n<td style=\"text-align: center;\" width=\"209\">122 x 37 x 37<br \/>\n60 x 60 x 70<br \/>\n60 x 60 x 42<\/td>\n<td width=\"231\">\n<p style=\"text-align: center;\">16<br \/>\n14<br \/>\n8<\/p>\n<\/td>\n<\/tr>\n<tr>\n<td width=\"249\"><strong>&#8211; BLUELITE-NET system 1200 m\u00b2<\/strong><\/p>\n<p>(Lineare Verlegung)<\/td>\n<td width=\"181\">\n<p style=\"text-align: center;\">1200 m\u00b2<\/p>\n<\/td>\n<td width=\"209\">\n<p style=\"text-align: center;\">4 Paletten<\/p>\n<\/td>\n<td width=\"231\"><\/td>\n<\/tr>\n<\/tbody>\n<\/table>\n<p>&nbsp;<\/p>\n<table width=\"892\">\n<tbody>\n<tr>\n<td width=\"323\"><strong><em>BLUELITE-NET KOMPONENTEN<\/em><\/strong><\/td>\n<td width=\"203\">\n<p style=\"text-align: center;\"><strong>Einheit<\/strong><\/p>\n<\/td>\n<td width=\"346\"><\/td>\n<\/tr>\n<tr>\n<td width=\"323\"><strong>&#8211; BLUELITE\u2010TUBE<\/strong><\/td>\n<td width=\"203\">\n<p style=\"text-align: center;\">100 m (f\u00fcr 55m\u00b2)<\/p>\n<\/td>\n<td width=\"346\"><img loading=\"lazy\" decoding=\"async\" class=\"size-full wp-image-3945 aligncenter\" src=\"https:\/\/lite-soil.com\/wp-content\/uploads\/2025\/08\/BLUELITE-TUBE-Neu-300x55-1.webp\" alt=\"\" width=\"300\" height=\"55\" \/><\/td>\n<\/tr>\n<tr>\n<td width=\"323\"><strong>&#8211; BLUELITE\u2010COVER<\/strong><\/td>\n<td width=\"203\">\n<p style=\"text-align: center;\">16 Stk. je 25 m<\/p>\n<\/td>\n<td width=\"346\"><img loading=\"lazy\" decoding=\"async\" class=\"size-full wp-image-3943 aligncenter\" src=\"https:\/\/lite-soil.com\/wp-content\/uploads\/2025\/08\/BLUELITE-COVER-1-300x65-1.webp\" alt=\"\" width=\"300\" height=\"65\" \/><\/td>\n<\/tr>\n<tr>\n<td width=\"323\"><strong>&#8211; BLUELITE-RING<\/strong><\/p>\n<p>B\u00e4umen<\/td>\n<td width=\"203\">\n<p style=\"text-align: center;\">10 Stk. \u00d8 50 cm<\/p>\n<\/td>\n<td width=\"346\"><img loading=\"lazy\" decoding=\"async\" class=\"wp-image-3944 aligncenter\" src=\"https:\/\/lite-soil.com\/wp-content\/uploads\/2025\/08\/bluelite-ring4-e1622620415275.webp\" alt=\"\" width=\"136\" height=\"138\" \/><\/td>\n<\/tr>\n<tr>\n<td width=\"323\"><strong>&#8211; LITE-NET <\/strong><\/p>\n<p>Standard roll PP C20<\/td>\n<td width=\"203\">\n<p style=\"text-align: center;\">28\/57\/85 m\u00b2<\/p>\n<\/td>\n<td width=\"346\"><img loading=\"lazy\" decoding=\"async\" class=\"wp-image-3946 aligncenter\" src=\"https:\/\/lite-soil.com\/wp-content\/uploads\/2025\/08\/Net-1-300x270-1.webp\" alt=\"\" width=\"115\" height=\"110\" \/><\/td>\n<\/tr>\n<\/tbody>\n<\/table>\n<p><strong>Technische Daten:<\/strong><\/p>\n<ol>\n<li>\u2022Rivulis D5000 PCAS Schlauch mit 16 mm (13,8 \/ 15,83 mm), Farbe schwarz, Druck 0,5 &#8211; 3,5 bar, 40 mil (1,02 mm), Durchflussraten 1,5 l\/h, 30 cm Tropferabstand, 100 m ODER<br \/>\n\u2022Rainbird XFD Schlauch mit 16 mm (13,6 \/ 16,1 mm), Farbe braun, Druck: 0,58 bis 4,14 bar, Durchflussraten: 2,3 l\/h, 33 cm Tropferabstand, 100 m ODER<br \/>\n\u2022Rainbird XFS Schlauch mit 16 mm (13,6 \/ 16,1 mm), Farbe kupfer, Druck: 0,58 bis 4,14 bar, Durchflussraten: 2,3 l\/h, 33 cm Tropferabstand, 100\u00a0 \u00a0 \u00a0 \u00a0 \u00a0 \u00a0 \u00a0 \u00a0 \u00a0 \u00a0 \u00a0 \u00a0 \u00a0 \u00a0 \u00a0 \u00a0 \u00a0 \u00a0 \u00a0 \u00a0 \u00a0 \u00a0 \u00a0 \u00a0 \u00a0 \u00a0 \u00a0 \u00a0 \u00a0 \u00a0 \u00a0 \u00a0 \u00a0 \u00a0 \u00a0 \u00a0 \u00a0 Tropferabstand und maximal empfohlener L\u00e4nge von 163 m.<\/li>\n<li>5 mm dickes Wasserspeicher- und Verteilernetz. Maximale Fl\u00e4che 28-85 m\u00b2.<\/li>\n<\/ol>\n<p>&nbsp;<\/p>\n<p><iframe loading=\"lazy\" title=\"Unterirdische Bew\u00e4sserung mit BLUELITE-NET im Privatgarten\" width=\"500\" height=\"281\" src=\"https:\/\/www.youtube.com\/embed\/5dg0wxwpa8s?feature=oembed\" frameborder=\"0\" allow=\"accelerometer; autoplay; clipboard-write; encrypted-media; gyroscope; picture-in-picture; web-share\" referrerpolicy=\"strict-origin-when-cross-origin\" allowfullscreen><\/iframe><\/p>\n<p>&nbsp;<\/p>\n<p><strong>Bestellgr\u00f6\u00dfen\u00a0<\/strong><\/p>\n<p><strong>BLUE<\/strong>LITE-<strong>NET<\/strong> <strong>KOMPONENTEN<\/strong><\/p>\n<ul>\n<li><strong>BLUE<\/strong>LITE-<strong>COVER <\/strong>\u2192 16 Stk. \u00e1 25 m<\/li>\n<li><strong>BLUE<\/strong>LITE-<strong>TUBE <\/strong>\u2192 100 m<\/li>\n<li><strong>BLUE<\/strong>LITE-<strong>RING <\/strong>\u2192 10 Stk. \u00e1 \u2300 50 cm<\/li>\n<\/ul>\n<p><strong>BLUE<\/strong>LITE-<strong>NET<\/strong> <strong>SYSTEM<\/strong>: LITE-<strong>NET<\/strong> Standard Rolle PP + <strong>BLUE<\/strong>LITE-<strong>TUBE<\/strong><\/p>\n<ul>\n<li><strong>BLUE<\/strong>LITE-<strong>NET<\/strong> SYSTEM \u2192 55 m\u00b2<\/li>\n<li><strong>BLUE<\/strong>LITE-<strong>NET<\/strong> SYSTEM \u2192 85 m\u00b2<\/li>\n<li><strong>BLUE<\/strong>LITE-<strong>NET<\/strong> SYSTEM \u2192 1200 m\u00b2<\/li>\n<\/ul>\n<p>&nbsp;<\/p>\n<p>\u27a4 <a href=\"https:\/\/lite-soil.com\/de\/professionals_tender_texts\/\">Ausschreibungstexte &#038; D\u00e4tenbl\u00e4tter<\/a><\/p>\n<p>&nbsp;<\/p>\n<p>F\u00fcr private Bestellungen besuchen Sie bitte unseren <a href=\"https:\/\/lite-soil.com\/de\/shop-2\/\">Online Shop<\/a>.<\/p>\n","protected":false},"excerpt":{"rendered":"<p>Das effektive Unterflurbew\u00e4sserung<\/p>\n<p>Das patentierte <strong>BLUE<\/strong>LITE-<strong>NET <\/strong>System ist eine v\u00f6llig neuartige und technisch verbesserte L\u00f6sung zur wassersparenden Unterflurbew\u00e4sserung f\u00fcr z.B. B\u00e4ume oder Sportpl\u00e4tze.<\/p>\n<p>Die Kombination besteht aus 2 Elementen: Einem volumin\u00f6sen Vliesnetz (LITE-<strong>NET<\/strong>) und einem direkt darauf verlegten, vliesgesch\u00fctzten Tropferrohr (<strong>BLUE<\/strong>LITE<strong>-TUBE<\/strong>). Dar\u00fcber wird wurzeltief Substrat aufgebracht.<\/p>\n<p><strong>Material<\/strong>: 100% Polypropylen<\/p>\n<p><strong>Vorteile:<\/strong><\/p>\n<ul>\n<li>Bis zu 70% Wassereinsparung gegen\u00fcber Spritzbew\u00e4sserung<\/li>\n<li>Versorgt Wurzeln punktgenau und gleichm\u00e4\u00dfig<\/li>\n<li>Bew\u00e4sserung jederzeit m\u00f6glich, auch wenn die Fl\u00e4che gerade genutzt wird<\/li>\n<li>Wurzeln k\u00f6nnen problemlos durch die Netz\u00f6ffnungen hindurchwachsen<\/li>\n<li>Einfaches Verlegen und Zuschneiden, weniger Wartungsaufwand<\/li>\n<li>Keine Verdunstung, Verfilzung oder Staun\u00e4sse<\/li>\n<li>Tropfrohr gesch\u00fctzt gegen Wurzeleinwuchs, Feinteile &#038; Vandalismus<\/li>\n<\/ul>\n","protected":false},"featured_media":1314,"comment_status":"closed","ping_status":"closed","template":"","meta":[],"product_brand":[],"product_cat":[211,117,113,105,103,102,101],"product_tag":[133,119,109],"class_list":{"0":"post-1367","1":"product","2":"type-product","3":"status-publish","4":"has-post-thumbnail","6":"product_cat-bluelite-net_pro","7":"product_cat-roof-greening","8":"product_cat-agriculture","9":"product_cat-athletic-fields","10":"product_cat-lawn","11":"product_cat-slopes","12":"product_cat-trees","13":"product_tag-polypropylene","14":"product_tag-dauerhaft","15":"product_tag-nachhaltig","17":"first","18":"outofstock","19":"virtual","20":"taxable","21":"product-type-simple"},"_links":{"self":[{"href":"https:\/\/lite-soil.com\/de\/wp-json\/wp\/v2\/product\/1367","targetHints":{"allow":["GET"]}}],"collection":[{"href":"https:\/\/lite-soil.com\/de\/wp-json\/wp\/v2\/product"}],"about":[{"href":"https:\/\/lite-soil.com\/de\/wp-json\/wp\/v2\/types\/product"}],"replies":[{"embeddable":true,"href":"https:\/\/lite-soil.com\/de\/wp-json\/wp\/v2\/comments?post=1367"}],"wp:featuredmedia":[{"embeddable":true,"href":"https:\/\/lite-soil.com\/de\/wp-json\/wp\/v2\/media\/1314"}],"wp:attachment":[{"href":"https:\/\/lite-soil.com\/de\/wp-json\/wp\/v2\/media?parent=1367"}],"wp:term":[{"taxonomy":"product_brand","embeddable":true,"href":"https:\/\/lite-soil.com\/de\/wp-json\/wp\/v2\/product_brand?post=1367"},{"taxonomy":"product_cat","embeddable":true,"href":"https:\/\/lite-soil.com\/de\/wp-json\/wp\/v2\/product_cat?post=1367"},{"taxonomy":"product_tag","embeddable":true,"href":"https:\/\/lite-soil.com\/de\/wp-json\/wp\/v2\/product_tag?post=1367"}],"curies":[{"name":"wp","href":"https:\/\/api.w.org\/{rel}","templated":true}]}}