{"id":1369,"date":"2025-06-22T19:33:09","date_gmt":"2025-06-22T19:33:09","guid":{"rendered":"https:\/\/lite-soil.com\/?post_type=product&#038;p=1369"},"modified":"2026-04-13T12:03:59","modified_gmt":"2026-04-13T12:03:59","slug":"lite-rootprotect-bio1-cellulose","status":"publish","type":"product","link":"https:\/\/lite-soil.com\/de\/product\/lite-rootprotect-bio1-cellulose\/","title":{"rendered":"LITE-ROOTPROTECT Bio1 Zellulose"},"content":{"rendered":"<p>Die meisten Sch\u00e4den an B\u00e4umen erfolgen auf Baustellen. Der Schutz von B\u00e4umen ist zwar durch zahlreiche Gesetze und Normen vorgeschrieben, allerdings werden immer noch Wurzeln h\u00e4ufig von Baufahrzeugen abgerissen und besch\u00e4digt, was zu enormen Folgesch\u00e4den f\u00fchrt.<\/p>\n<p><strong>100 % BIOLOGISCH ABBAUBAR<\/strong><\/p>\n<p><img loading=\"lazy\" decoding=\"async\" class=\"alignnone wp-image-3691\" src=\"https:\/\/lite-soil.com\/wp-content\/uploads\/2025\/08\/LITE-ROOTPROTECT-GALABAU-neu-DE-212x300.webp\" alt=\"\" width=\"400\" height=\"566\" srcset=\"https:\/\/lite-soil.com\/wp-content\/uploads\/2025\/08\/LITE-ROOTPROTECT-GALABAU-neu-DE-212x300.webp 212w, https:\/\/lite-soil.com\/wp-content\/uploads\/2025\/08\/LITE-ROOTPROTECT-GALABAU-neu-DE-724x1024.webp 724w, https:\/\/lite-soil.com\/wp-content\/uploads\/2025\/08\/LITE-ROOTPROTECT-GALABAU-neu-DE-768x1086.webp 768w, https:\/\/lite-soil.com\/wp-content\/uploads\/2025\/08\/LITE-ROOTPROTECT-GALABAU-neu-DE-1086x1536.webp 1086w, https:\/\/lite-soil.com\/wp-content\/uploads\/2025\/08\/LITE-ROOTPROTECT-GALABAU-neu-DE-1448x2048.webp 1448w, https:\/\/lite-soil.com\/wp-content\/uploads\/2025\/08\/LITE-ROOTPROTECT-GALABAU-neu-DE-600x849.webp 600w, https:\/\/lite-soil.com\/wp-content\/uploads\/2025\/08\/LITE-ROOTPROTECT-GALABAU-neu-DE-scaled.webp 1810w\" sizes=\"auto, (max-width: 400px) 100vw, 400px\" \/><\/p>\n<p>Mit der neuartigen Wurzelbandage LITE-<strong>ROOTPROTECT <\/strong>k\u00f6nnen offen liegende Baumwurzeln nicht nur vor Sonne und Besch\u00e4digungen gesch\u00fctzt werden, sondern auch dauerhaft feucht gehalten werden.<\/p>\n<p>Die 80\/120 cm breiten LITE-<strong>ROOTPROTECT <\/strong><strong>M\/L <\/strong>k\u00f6nnen optimal als Wurzelvorhang eingesetzt werden. Sie halten Wasser vielfach besser als herk\u00f6mmliche Baustellenvliese oder Jutematten. In Verbindung mit unserem vliesummantelten Tr\u00f6pfchenbew\u00e4sserungsrohr an der Oberkante kann die Feuchthaltung auch automatisch erfolgen.<\/p>\n<p>Da das 4 mm dicke LITE-<strong>ROOTPROTECT <\/strong>zu 100 % biologisch abbaubar ist, muss es bei Baustellenende nicht wieder abmontiert werden, sondern wird einfach \u00fcbersch\u00fcttet.<\/p>\n<p><strong>Anwendungen<\/strong><\/p>\n<p><a href=\"https:\/\/lite-soil.com\/de\/professional_trees_protectiononconstructionsites\/\">B\u00c4UME<\/a>: Die freigelegten Wurzeln werden \u2013 je nach Gr\u00f6\u00dfe der Fl\u00e4che und der Wurzeln entweder mit dem LITE-<strong>ROOTPRTECT<\/strong> Wurzelvorhang M oder L horizontal oder vertikal abgedeckt oder mit der LITE-<strong>ROOTPROTECT<\/strong> Wurzelbandage umwickelt.<\/p>\n<p>Da bei Baustellenende das Vlies nicht wieder weggerissen werden muss, sondern einfach \u00fcbersch\u00fcttet wird, erspart man dem Baum Verletzungen an den Wurzelenden, die sonst zu Folgesch\u00e4den f\u00fchren k\u00f6nnen.<br \/>\nZus\u00e4tzlich unterst\u00fctzt das \u00fcbersch\u00fcttete LITE-<strong>ROOTPRTECT<\/strong> die Tiefenbew\u00e4sserung und -bel\u00fcftung f\u00fcr 1-2 Jahre.<\/p>\n<p>&nbsp;<\/p>\n<p><iframe loading=\"lazy\" title=\"\ud83c\udf33Wurzelschutz auf Baustellen \u267b\ufe0f 100% BIOLOGISCH ABBAUBAR #wassersparen\" width=\"500\" height=\"281\" src=\"https:\/\/www.youtube.com\/embed\/wBru4qYl1cE?feature=oembed\" frameborder=\"0\" allow=\"accelerometer; autoplay; clipboard-write; encrypted-media; gyroscope; picture-in-picture; web-share\" referrerpolicy=\"strict-origin-when-cross-origin\" allowfullscreen><\/iframe><\/p>\n<p>&nbsp;<\/p>\n<p><strong>Bestellgr\u00f6\u00dfen\u00a0<\/strong><\/p>\n<ul>\n<li>Wurzelbandage: 16\/8 Stk. \u00e1 0,1 x 8 m<\/li>\n<li>Wurzelvorhang M: 0,8 x 20 m<\/li>\n<li>Wurzelvorhang M: 0,8 x 100 m<\/li>\n<li>Wurzelvorhang L: 1,2 x 20 m<\/li>\n<\/ul>\n<p>&nbsp;<\/p>\n","protected":false},"excerpt":{"rendered":"<p>Bei Baustellen werden mit der neuartigen <strong>Wurzelschutzbandage<\/strong> offen liegende Baumwurzeln nicht nur vor Sonne und Besch\u00e4digungen gesch\u00fctzt, sondern auch dauerhaft feucht gehalten. Sie speichert Wasser vielfach besser als herk\u00f6mmliche Baustellenvliese oder Jutematten. Da LITE-<strong>ROOTPROTECT<\/strong> aus Zellulosefasern besteht und somit 100 % biologisch abbaubar ist, wird es bei Baustellenende einfach \u00fcbersch\u00fcttet.<\/p>\n<p><strong>Material<\/strong>: 100 % biologisch abbaubare Zellulosefasern<\/p>\n<p><strong>VORTEILE<\/strong>:<\/p>\n<ul>\n<li>Schutz vor UV und mechanischen Sch\u00e4den<\/li>\n<li>Dauerhafte Befeuchtung<\/li>\n<li>100 % biologisch abbaubar<\/li>\n<li>Wird bei Baustellende einfach \u00fcbersch\u00fcttet<\/li>\n<\/ul>\n<p><strong>LITE-SOIL als Gewinner der GaLaBau-Innovations-Medaille 2022 mit LITE-ROOTPROTECT.<\/strong><\/p>\n","protected":false},"featured_media":1373,"comment_status":"closed","ping_status":"closed","template":"","meta":[],"product_brand":[],"product_cat":[101,126,127],"product_tag":[116,128,129,130],"class_list":{"0":"post-1369","1":"product","2":"type-product","3":"status-publish","4":"has-post-thumbnail","6":"product_cat-trees","7":"product_cat-trees-construction-site-protection","8":"product_cat-lite-rootprotect","9":"product_tag-sustainable","10":"product_tag-100-cellulose-fibers","11":"product_tag-biodegradable","12":"product_tag-wooden","14":"first","15":"outofstock","16":"taxable","17":"shipping-taxable","18":"product-type-simple"},"_links":{"self":[{"href":"https:\/\/lite-soil.com\/de\/wp-json\/wp\/v2\/product\/1369","targetHints":{"allow":["GET"]}}],"collection":[{"href":"https:\/\/lite-soil.com\/de\/wp-json\/wp\/v2\/product"}],"about":[{"href":"https:\/\/lite-soil.com\/de\/wp-json\/wp\/v2\/types\/product"}],"replies":[{"embeddable":true,"href":"https:\/\/lite-soil.com\/de\/wp-json\/wp\/v2\/comments?post=1369"}],"wp:featuredmedia":[{"embeddable":true,"href":"https:\/\/lite-soil.com\/de\/wp-json\/wp\/v2\/media\/1373"}],"wp:attachment":[{"href":"https:\/\/lite-soil.com\/de\/wp-json\/wp\/v2\/media?parent=1369"}],"wp:term":[{"taxonomy":"product_brand","embeddable":true,"href":"https:\/\/lite-soil.com\/de\/wp-json\/wp\/v2\/product_brand?post=1369"},{"taxonomy":"product_cat","embeddable":true,"href":"https:\/\/lite-soil.com\/de\/wp-json\/wp\/v2\/product_cat?post=1369"},{"taxonomy":"product_tag","embeddable":true,"href":"https:\/\/lite-soil.com\/de\/wp-json\/wp\/v2\/product_tag?post=1369"}],"curies":[{"name":"wp","href":"https:\/\/api.w.org\/{rel}","templated":true}]}}