{"id":1379,"date":"2025-06-22T19:45:01","date_gmt":"2025-06-22T19:45:01","guid":{"rendered":"https:\/\/lite-soil.com\/?post_type=product&#038;p=1379"},"modified":"2025-12-16T11:52:00","modified_gmt":"2025-12-16T11:52:00","slug":"lite-net-tree","status":"publish","type":"product","link":"https:\/\/lite-soil.com\/de\/product\/lite-net-tree\/","title":{"rendered":"LITE-NET Baum <br> <br>"},"content":{"rendered":"<p>Das vorkonfektionierte LITE-<strong>NET Baum<\/strong> gibt es in 2 Gr\u00f6\u00dfen und 3 Materialien, entweder dauerhaft, <strong>100 % biologisch abbaubar<\/strong> oder kompostierbar mit einer Dicke von ca. 6 mm.<\/p>\n<p>Als <strong>Anwachsnetze<\/strong> werden sie um Wurzelballen herumgewickelt. Sie saugen an der Oberfl\u00e4che Wasser in ihre volumin\u00f6se Struktur ein und leiten es wie Adern effizient und gro\u00dffl\u00e4chig zu den Wurzeln. Wenn diese bei Bedarf das gespeicherte Wasser entnehmen wird von der Oberfl\u00e4che Luft nachgesaugt. Somit ersetzen sie einfach &#038; kosteng\u00fcnstig die bisher \u00fcblichen Rohrsysteme ohne einzuknicken, zu verstopfen und ohne Kamineffekt. Laut holl\u00e4ndischen Untersuchungen wird durch den Einsatz von Anwachsnetzen auch die Bodenfeuchte um ca. 50 % erh\u00f6ht. Wegen der flexiblen Netzform k\u00f6nnen Wurzeln problemlos hindurchwachsen.<\/p>\n<p><img loading=\"lazy\" decoding=\"async\" class=\"alignnone wp-image-3451\" src=\"https:\/\/lite-soil.com\/wp-content\/uploads\/2025\/08\/de-1-300x211.webp\" alt=\"\" width=\"543\" height=\"382\" srcset=\"https:\/\/lite-soil.com\/wp-content\/uploads\/2025\/08\/de-1-300x211.webp 300w, https:\/\/lite-soil.com\/wp-content\/uploads\/2025\/08\/de-1-1024x720.webp 1024w, https:\/\/lite-soil.com\/wp-content\/uploads\/2025\/08\/de-1-768x540.webp 768w, https:\/\/lite-soil.com\/wp-content\/uploads\/2025\/08\/de-1-600x422.webp 600w, https:\/\/lite-soil.com\/wp-content\/uploads\/2025\/08\/de-1.webp 1255w\" sizes=\"auto, (max-width: 543px) 100vw, 543px\" \/><\/p>\n<p>Aufgrund ihrer Effektivit\u00e4t sind<strong> Anwachsnetze<\/strong> auch die ideale unterirdische Systemerg\u00e4nzung zu Bew\u00e4sserungss\u00e4cken und Gie\u00dfr\u00e4ndern. Sie reduzieren den Wasserverbrauch erheblich, indem sie das Wasser direkt und ohne Verdunstung zielsicher zu den Baumwurzeln transportieren. Gie\u00dfintervalle werden deutlich verl\u00e4ngert.<\/p>\n<p><strong>Anwendungen<\/strong><\/p>\n<p><a href=\"https:\/\/lite-soil.com\/de\/professionals_trees\/\">B\u00c4UME<\/a>: Wickeln Sie ein passend zugeschnittenes St\u00fcck LITE-NET um den Wurzelballen herum, um von der Oberfl \u00e4che Wasser &#038; Luft direkt zu den Wurzeln zu leiten.<\/p>\n<p>Das sehr flexible LITE-<strong>NET Baum L<\/strong> mit ca. 1,5 x 0,8 m wird als <strong>Anwachsnetz<\/strong> f\u00fcr Wurzelballenbis max. 60\/65 cm Durchmesser verwendet. Die gr\u00f6\u00dfere LITE-<strong>NET Baum XL<\/strong> Version mit ca. 1,75 x 1,6 m wird f\u00fcr Wurzelballen ab ca. \u00d860 cm eingesetzt.<\/p>\n<p>Die <strong>XL<\/strong> Version kann aber auch als direkt unter dem Wurzelballen horizontal eingelegtes <strong>Verteilernetz<\/strong> dienen. Es leitet Luft &#038; Wasser kapillar in die Breite und dient als zus\u00e4tzlicher Speicher. Dadurch wird das Wurzelwachstum in der Tiefe verbessert und die Stabilit\u00e4t des Baumes erh\u00f6ht. F\u00fcr Neupflanzungen empfehlen wir daher eine Kombination aus <strong>Anwachsnetz mit Verteilernetz <\/strong>f\u00fcr B\u00e4ume.<\/p>\n<p><img loading=\"lazy\" decoding=\"async\" class=\"alignnone wp-image-3456\" src=\"https:\/\/lite-soil.com\/wp-content\/uploads\/2025\/08\/LITE-NET-Baum-Linz-2016-vs-2023-DE-1-300x100.webp\" alt=\"\" width=\"678\" height=\"226\" srcset=\"https:\/\/lite-soil.com\/wp-content\/uploads\/2025\/08\/LITE-NET-Baum-Linz-2016-vs-2023-DE-1-300x100.webp 300w, https:\/\/lite-soil.com\/wp-content\/uploads\/2025\/08\/LITE-NET-Baum-Linz-2016-vs-2023-DE-1-1024x341.webp 1024w, https:\/\/lite-soil.com\/wp-content\/uploads\/2025\/08\/LITE-NET-Baum-Linz-2016-vs-2023-DE-1-768x256.webp 768w, https:\/\/lite-soil.com\/wp-content\/uploads\/2025\/08\/LITE-NET-Baum-Linz-2016-vs-2023-DE-1-1536x512.webp 1536w, https:\/\/lite-soil.com\/wp-content\/uploads\/2025\/08\/LITE-NET-Baum-Linz-2016-vs-2023-DE-1-2048x683.webp 2048w, https:\/\/lite-soil.com\/wp-content\/uploads\/2025\/08\/LITE-NET-Baum-Linz-2016-vs-2023-DE-1-600x200.webp 600w\" sizes=\"auto, (max-width: 678px) 100vw, 678px\" \/> <img loading=\"lazy\" decoding=\"async\" class=\"alignnone wp-image-3457\" src=\"https:\/\/lite-soil.com\/wp-content\/uploads\/2025\/08\/LITE-NET-Baum-Linz-2016-vs-2023-DE-300x228.webp\" alt=\"\" width=\"440\" height=\"334\" srcset=\"https:\/\/lite-soil.com\/wp-content\/uploads\/2025\/08\/LITE-NET-Baum-Linz-2016-vs-2023-DE-300x228.webp 300w, https:\/\/lite-soil.com\/wp-content\/uploads\/2025\/08\/LITE-NET-Baum-Linz-2016-vs-2023-DE-1024x777.webp 1024w, https:\/\/lite-soil.com\/wp-content\/uploads\/2025\/08\/LITE-NET-Baum-Linz-2016-vs-2023-DE-768x583.webp 768w, https:\/\/lite-soil.com\/wp-content\/uploads\/2025\/08\/LITE-NET-Baum-Linz-2016-vs-2023-DE-1536x1166.webp 1536w, https:\/\/lite-soil.com\/wp-content\/uploads\/2025\/08\/LITE-NET-Baum-Linz-2016-vs-2023-DE-2048x1554.webp 2048w, https:\/\/lite-soil.com\/wp-content\/uploads\/2025\/08\/LITE-NET-Baum-Linz-2016-vs-2023-DE-600x455.webp 600w\" sizes=\"auto, (max-width: 440px) 100vw, 440px\" \/><\/p>\n<p>LITE-<strong>NET<\/strong> <strong>Baum<\/strong> kann aber nat\u00fcrlich auch f\u00fcr andere Anwendungszwecke wie z.B. Hochbeete, Gem\u00fcsebeete oder gro\u00dfe Pflanztr\u00f6ge verwendet werden.<\/p>\n<p><iframe loading=\"lazy\" title=\"\ud83d\udca7Wasserspeicher Netzinstallation f\u00fcr B\u00e4ume #wassersparen\" width=\"500\" height=\"281\" src=\"https:\/\/www.youtube.com\/embed\/Qiddpig8Z_0?feature=oembed\" frameborder=\"0\" allow=\"accelerometer; autoplay; clipboard-write; encrypted-media; gyroscope; picture-in-picture; web-share\" referrerpolicy=\"strict-origin-when-cross-origin\" allowfullscreen><\/iframe><\/p>\n<p>&nbsp;<\/p>\n<p><strong>Bestellgr\u00f6\u00dfen<\/strong><\/p>\n<p>LITE-<strong>NET<\/strong> BAUM <strong>Bio1<\/strong>:<\/p>\n<ul>\n<li>L: 1,5 x 0,8 m <strong>\u2192 <\/strong>90 Stk. Box<\/li>\n<li>L: 1,5 x 0,8 m <strong>\u2192 <\/strong>18 (6&#215;3) Stk. . Box<\/li>\n<li>L: 1,5 x 0,8 m <strong>\u2192 <\/strong>20 Stk. Box<\/li>\n<li>XL: 1,75 x 1,6 m <strong>\u2192 <\/strong>45 Stk. Box<\/li>\n<\/ul>\n<p>LITE-<strong>NET<\/strong> BAUM <strong>Bio5 <\/strong>&#038;<strong> PP<\/strong>:<\/p>\n<ul>\n<li>L: 1,5 x 0,8 m <strong>\u2192 <\/strong>90 Stk. Box<\/li>\n<li>L: 1,5 x 0,8 m <strong>\u2192 <\/strong>18 (6&#215;3) Stk. Box<\/li>\n<li>L: 1,5 x 0,8 m <strong>\u2192 <\/strong>20 Stk. Box<\/li>\n<li>XL: 1,75 x 1,6 m <strong>\u2192 <\/strong>45 Stk. Box<\/li>\n<li>XL: 1,75 x 1,6 m <strong>\u2192 <\/strong>8 Stk. Box<\/li>\n<li>XL: 1,75 x 1,6 m <strong>\u2192 <\/strong>8 (4&#215;2) Stk. Box<\/li>\n<\/ul>\n<p>F\u00fcr private Bestellungen besuchen Sie bitte unseren <a href=\"https:\/\/lite-soil.com\/de\/shop-2\/\">Online Shop<\/a>.<\/p>\n","protected":false},"excerpt":{"rendered":"<p><strong>Luft und Wasser f\u00fcr gesunde B\u00e4ume<\/strong><\/p>\n<p>Verteilernetz f\u00fcr B\u00e4ume. 100 % biologisch abbaubare und vorkonfektionierte Drainagenetze aus dickem Vlies. Wie vernetzte Wasseradern funktioniert das rund um den Wurzelballen oder in die Baumgrube eingelegte LITE<strong>-NET Baum<\/strong>. Es saugt an der Oberfl\u00e4che Luft und Wasser in die hochpor\u00f6se Faserstruktur ein und transportiert es direkt zu den Wurzeln.<\/p>\n<p><strong>Material<\/strong>:\u00a0<strong>Bio1<\/strong>: 100 % biologisch abbaubare Zellulosefasern |\u00a0<strong>Bio5<\/strong>: 70% PLA (Polylactide) + 30% Zellulosefasern | <strong>PP<\/strong>: 100% Polypropylen.<\/p>\n<p><strong>VORTEILE<\/strong>:<\/p>\n<ul>\n<li>Bringt Luft und Wasser direkt zu den Wurzeln<\/li>\n<li>Wurzeln k\u00f6nnen durch Netz\u00f6ffnungen hindurchwachsen<\/li>\n<li>Verl\u00e4ngerte Gie\u00dfintervalle<\/li>\n<li>Simpler Einbau<\/li>\n<li>Kosteng\u00fcnstig<\/li>\n<li>Optimale und effektive Versorgung der Pflanzen<\/li>\n<\/ul>\n<p><strong>LITE-SOIL Gewinner der Innovationsmedaille auf der GaLaBau 2024 f\u00fcr das LITE-NET BAUM.<\/strong><\/p>\n","protected":false},"featured_media":1380,"comment_status":"closed","ping_status":"closed","template":"","meta":[],"product_brand":[],"product_cat":[101,112,210],"product_tag":[106,107,108,109,116,128,129,130],"class_list":{"0":"post-1379","1":"product","2":"type-product","3":"status-publish","4":"has-post-thumbnail","6":"product_cat-trees","7":"product_cat-raised-planting-beds-troughs","8":"product_cat-lite-net_pro","9":"product_tag-100-zellulosefasern","10":"product_tag-aus-holz","11":"product_tag-biologisch-abbaubar","12":"product_tag-nachhaltig","13":"product_tag-sustainable","14":"product_tag-100-cellulose-fibers","15":"product_tag-biodegradable","16":"product_tag-wooden","18":"first","19":"outofstock","20":"taxable","21":"shipping-taxable","22":"product-type-simple"},"_links":{"self":[{"href":"https:\/\/lite-soil.com\/de\/wp-json\/wp\/v2\/product\/1379","targetHints":{"allow":["GET"]}}],"collection":[{"href":"https:\/\/lite-soil.com\/de\/wp-json\/wp\/v2\/product"}],"about":[{"href":"https:\/\/lite-soil.com\/de\/wp-json\/wp\/v2\/types\/product"}],"replies":[{"embeddable":true,"href":"https:\/\/lite-soil.com\/de\/wp-json\/wp\/v2\/comments?post=1379"}],"wp:featuredmedia":[{"embeddable":true,"href":"https:\/\/lite-soil.com\/de\/wp-json\/wp\/v2\/media\/1380"}],"wp:attachment":[{"href":"https:\/\/lite-soil.com\/de\/wp-json\/wp\/v2\/media?parent=1379"}],"wp:term":[{"taxonomy":"product_brand","embeddable":true,"href":"https:\/\/lite-soil.com\/de\/wp-json\/wp\/v2\/product_brand?post=1379"},{"taxonomy":"product_cat","embeddable":true,"href":"https:\/\/lite-soil.com\/de\/wp-json\/wp\/v2\/product_cat?post=1379"},{"taxonomy":"product_tag","embeddable":true,"href":"https:\/\/lite-soil.com\/de\/wp-json\/wp\/v2\/product_tag?post=1379"}],"curies":[{"name":"wp","href":"https:\/\/api.w.org\/{rel}","templated":true}]}}