{"id":1388,"date":"2025-06-22T19:50:00","date_gmt":"2025-06-22T19:50:00","guid":{"rendered":"https:\/\/lite-soil.com\/?post_type=product&#038;p=1388"},"modified":"2025-09-09T10:16:08","modified_gmt":"2025-09-09T10:16:08","slug":"lite-net-slope","status":"publish","type":"product","link":"https:\/\/lite-soil.com\/de\/product\/lite-net-slope\/","title":{"rendered":"LITE-NET B\u00f6schung <br> <br>"},"content":{"rendered":"<p>Laut Untersuchungen der BOKU kann ein LITE-<strong>NET<\/strong> im Vergleich zu Kokosnetzen langfristig die 6-fache Wassermenge speichern. Dies f\u00fchrt zu einer 50 % h\u00f6heren Begr\u00fcnungswirkung. Zus\u00e4tzlich wird Erosion reduziert. Durch die flexible Netzform legt sich das LITE-<strong>NET<\/strong> sehr gut an die Oberfl\u00e4che an, weshalb es nur wenig befestigt werden muss und sturmsicher ist.<\/p>\n<p><img loading=\"lazy\" decoding=\"async\" class=\"alignnone size-medium wp-image-3304\" src=\"https:\/\/lite-soil.com\/wp-content\/uploads\/2025\/08\/slope-300x300.webp\" alt=\"\" width=\"300\" height=\"300\" srcset=\"https:\/\/lite-soil.com\/wp-content\/uploads\/2025\/08\/slope-300x300.webp 300w, https:\/\/lite-soil.com\/wp-content\/uploads\/2025\/08\/slope-1024x1024.webp 1024w, https:\/\/lite-soil.com\/wp-content\/uploads\/2025\/08\/slope-150x150.webp 150w, https:\/\/lite-soil.com\/wp-content\/uploads\/2025\/08\/slope-768x768.webp 768w, https:\/\/lite-soil.com\/wp-content\/uploads\/2025\/08\/slope-600x600.webp 600w, https:\/\/lite-soil.com\/wp-content\/uploads\/2025\/08\/slope-100x100.webp 100w, https:\/\/lite-soil.com\/wp-content\/uploads\/2025\/08\/slope.webp 1080w\" sizes=\"auto, (max-width: 300px) 100vw, 300px\" \/><img loading=\"lazy\" decoding=\"async\" class=\"alignnone wp-image-3302\" src=\"https:\/\/lite-soil.com\/wp-content\/uploads\/2025\/08\/Kokosmatte-vs-LITE-NET-DE-300x211.webp\" alt=\"\" width=\"374\" height=\"263\" srcset=\"https:\/\/lite-soil.com\/wp-content\/uploads\/2025\/08\/Kokosmatte-vs-LITE-NET-DE-300x211.webp 300w, https:\/\/lite-soil.com\/wp-content\/uploads\/2025\/08\/Kokosmatte-vs-LITE-NET-DE-600x422.webp 600w, https:\/\/lite-soil.com\/wp-content\/uploads\/2025\/08\/Kokosmatte-vs-LITE-NET-DE.webp 760w\" sizes=\"auto, (max-width: 374px) 100vw, 374px\" \/><\/p>\n<p>Die gro\u00dffl\u00e4chigen B\u00f6schungsnetze haben eine \u00d6ffnungsweite von ca. 9 cm (C14) und eine Dicke von ca. 6 mm, Bio1 gibt es zus\u00e4tzlich auch in 4 mm.<\/p>\n<p>&nbsp;<\/p>\n<p><strong>EINBAUANLEITUNG<\/strong><\/p>\n<p><a href=\"https:\/\/lite-soil.com\/de\/professionals_slopes\/\">B\u00d6SCHUNGEN<\/a>: Legen Sie das auseinandergezogene LITE-<strong>NET<\/strong> auf und geben Sie wurzeltief (bei Rasen ca. 10 cm) Erde dar\u00fcber. Idealerweise vermischt mit <a href=\"https:\/\/lite-soil.com\/de\/professionals_products\/#lite_strips_B2B_products\">LITE-<strong>STRIPS<\/strong><\/a>. F\u00fcr Startbegr\u00fcnungen werden die 100 % biologisch abbaubaren LITE-<strong>NET <\/strong>Varianten <strong>Bio1<\/strong> oder <strong>Bio5<\/strong> einfach auf der B\u00f6schungsoberfl\u00e4che ausgelegt, befestigt und am besten mittels Spritzbegr\u00fcnung \u00fcberdeckt.<\/p>\n<p>Das Wasserspeicher f\u00fcr B\u00f6schung LITE-<strong>NET<\/strong> eignen sich hervorragend zur B\u00f6schungsbegr\u00fcnung und als Erosionsschutz. F\u00fcr die Anwachsphase werden sie oberirdisch verlegt, f\u00fcr dauerhaften Einsatz unterirdisch.<\/p>\n<p><strong>100 % BIOLOGISCH ABBAUBAR<\/strong><\/p>\n<p>Die extrem flexiblen Vliesnetze passen sich perfekt dem Untergrund an, bilden dadurch ein stabiles hangparalleles Mikrorelief aus und reduzieren somit Erosion. Aufgrund der guten Verzahnung muss das LITE-<strong>NET <\/strong>nur wenig befestigt werden. Au\u00dferdem ist die Netzform im Gegensatz zu vollfl\u00e4chigen Matten sturmsicher. Bei steileren B\u00f6schungen k\u00f6nnen die Wasserspeichernetze problemlos mit \u00fcblichen Bodenhaken gesichert werden.<br \/>\nAuch aufgrund des M\u00e4andereffektes erh\u00f6ht sich die Wasserspeicherkapazit\u00e4t zus\u00e4tzlich gegen\u00fcber vollfl\u00e4chigen Matten, da Wasser nicht in Falllinie ablaufen kann. Pflanzenwachstum wird durch direkten Lichteinfall gef\u00f6rdert und zus\u00e4tzliche Pflanzen k\u00f6nnen einfach in den Netz-Zwischenr\u00e4umen eingesetzt werden.<\/p>\n<p>&nbsp;<\/p>\n<p><strong>Bestellgr\u00f6\u00dfen<\/strong><\/p>\n<p>LITE-<strong>NET<\/strong> B\u00f6schung (Rolle C14 = Maschen \u2300 9 cm)<\/p>\n<ul>\n<li>350: 3,5 x 14,3 m <strong>\u2192\u00a0<\/strong>50 m\u00b2<\/li>\n<li>520: 5,2 x 14,3 m <strong>\u2192\u00a0<\/strong>75 m\u00b2<\/li>\n<\/ul>\n<p>&nbsp;<\/p>\n<p>F\u00fcr private Bestellungen besuchen Sie bitte unseren <a href=\"https:\/\/lite-soil.com\/de\/shop-2\/\">Online Shop<\/a>.<\/p>\n","protected":false},"excerpt":{"rendered":"<p><strong>Wasserspeicher f\u00fcr B\u00f6schung<\/strong><\/p>\n<p>Bei B\u00f6schungen wird das 100 % biologisch abbaubare LITE-<strong>NET Bio1<\/strong> (ca. 1-2 Jahre) oder <strong>Bio5<\/strong> (ca. 5-10 Jahre) direkt auf der Oberfl\u00e4che ausgelegt und idealerweise spritzbegr\u00fcnt. Es funktioniert als gro\u00dffl\u00e4chiger Wasserspeicher, wobei durch den M\u00e4andereffekt im Gegensatz zu vollfl\u00e4chigen Matten das Wasser auch bei steileren B\u00f6schungen im Netz gespeichert wird und somit den Pflanzen bei Bedarf jederzeit zur Verf\u00fcgung steht.<\/p>\n<p><strong>Material<\/strong>: <strong>Bio1<\/strong>: 100 % biologisch abbaubare Zellulosefasern | <strong>Bio5<\/strong>: 70% PLA (Polylactide) + 30% Zellulosefasern.<\/p>\n<p><strong>VORTEILE<\/strong>:<\/p>\n<ul>\n<li>Speichert Wasser direkt bei den Pflanzen<\/li>\n<li>Wurzeln k\u00f6nnen durch Netz\u00f6ffnungen hindurchwachsen<\/li>\n<li>Erosionsreduktion<\/li>\n<li>Verl\u00e4ngerte Gie\u00dfintervalle<\/li>\n<li>Kann ganz einfach zugeschnitten werden<\/li>\n<li>Simpler Einbau<\/li>\n<li>Optimale Versorgung der Pflanzen<\/li>\n<\/ul>\n","protected":false},"featured_media":1390,"comment_status":"closed","ping_status":"closed","template":"","meta":[],"product_brand":[],"product_cat":[21,210],"product_tag":[],"class_list":{"0":"post-1388","1":"product","2":"type-product","3":"status-publish","4":"has-post-thumbnail","6":"product_cat-uncategorized","7":"product_cat-lite-net_pro","9":"first","10":"outofstock","11":"taxable","12":"shipping-taxable","13":"product-type-simple"},"_links":{"self":[{"href":"https:\/\/lite-soil.com\/de\/wp-json\/wp\/v2\/product\/1388","targetHints":{"allow":["GET"]}}],"collection":[{"href":"https:\/\/lite-soil.com\/de\/wp-json\/wp\/v2\/product"}],"about":[{"href":"https:\/\/lite-soil.com\/de\/wp-json\/wp\/v2\/types\/product"}],"replies":[{"embeddable":true,"href":"https:\/\/lite-soil.com\/de\/wp-json\/wp\/v2\/comments?post=1388"}],"wp:featuredmedia":[{"embeddable":true,"href":"https:\/\/lite-soil.com\/de\/wp-json\/wp\/v2\/media\/1390"}],"wp:attachment":[{"href":"https:\/\/lite-soil.com\/de\/wp-json\/wp\/v2\/media?parent=1388"}],"wp:term":[{"taxonomy":"product_brand","embeddable":true,"href":"https:\/\/lite-soil.com\/de\/wp-json\/wp\/v2\/product_brand?post=1388"},{"taxonomy":"product_cat","embeddable":true,"href":"https:\/\/lite-soil.com\/de\/wp-json\/wp\/v2\/product_cat?post=1388"},{"taxonomy":"product_tag","embeddable":true,"href":"https:\/\/lite-soil.com\/de\/wp-json\/wp\/v2\/product_tag?post=1388"}],"curies":[{"name":"wp","href":"https:\/\/api.w.org\/{rel}","templated":true}]}}