{"id":3968,"date":"2025-08-22T08:01:23","date_gmt":"2025-08-22T08:01:23","guid":{"rendered":"https:\/\/lite-soil.com\/de\/?post_type=product&#038;p=3968"},"modified":"2026-01-22T11:17:22","modified_gmt":"2026-01-22T11:17:22","slug":"watering-bag-lite-net","status":"publish","type":"product","link":"https:\/\/lite-soil.com\/de\/product\/watering-bag-lite-net\/","title":{"rendered":"Bew\u00e4sserungssack <br> + LITE-NET Bio5"},"content":{"rendered":"<p>Das Verteilernetz (LITE-NET BAUM) saugt das aus dem Bew\u00e4sserungssack kommende Wasser an der Oberfl\u00e4che auf, leitet es direkt zu den Wurzeln und speichert es dort. Dauern\u00e4sse und somit die Bildung von Schimmel unter dem Wassersack wird reduziert.<\/p>\n<p>Das Wasser wird sehr effektiv genutzt, da es an der Oberfl\u00e4che weniger verdunstet und gro\u00dffl\u00e4chig im Vliesnetz zu den Wurzeln flie\u00dft, statt an ihnen vorbei. Zus\u00e4tzlich bringt das Verteilernetz Regenwasser, auch von unergiebigen Schauern, zu den tieferen Wurzeln. Wenn die Wurzeln das Wasser aus dem Vliesnetz holen, wird von der Oberfl\u00e4che auch noch Luft zu den Wurzeln gesaugt.<\/p>\n<p>LITE-NET Baum ist ein volumin\u00f6ses Wasserspeichervlies in Netzform, das einfach um den Wurzelballen gewickelt wird. Es ist als Anwachshilfe konzipiert, h\u00e4lt 5-10 Jahre und ist zu 100 % biologisch abbaubar. Wurzeln k\u00f6nnen problemlos durch die Netz\u00f6ffnungen hindurch wachsen.<\/p>\n<p>Bei Kombi 2 wird direkt unter dem Wurzelballen zus\u00e4tzlich ein 2. Verteilernetz horizontal eingelegt. Damit wird Wasser in der Tiefe kapillar in die Breite verteilt und gespeichert. Dies f\u00f6rdert das Tiefenwachstum der Baumwurzeln und erh\u00f6ht die Stabilit\u00e4t.<\/p>\n<p><strong>Baumnetz 100% BIOLOGISCH ABBAUBAR! <\/strong><\/p>\n<p><strong>Anwendung <\/strong><\/p>\n<p><a href=\"https:\/\/lite-soil.com\/de\/trees-shrubs-bushes\/\">BAUM <\/a><\/p>\n<ol>\n<li>Einbauanleitung:<\/li>\n<li>Wurzelballen auf Netz legen. Netz um Ballen wickeln.<\/li>\n<li>Baum in Grube setzen.<\/li>\n<li>Grube f\u00fcllen, Netz oben \u00f6ffnen und \u00fcberdecken.<\/li>\n<li>Bew\u00e4sserungssack montieren.<\/li>\n<\/ol>\n<p>&nbsp;<\/p>\n<p><strong>Technische Daten: <\/strong><\/p>\n<p><strong>BEW\u00c4SSERUNGSSACK<\/strong>: 75L Inhalt, 400 g\/m\u00b2 wetterfestes PVC mit Netzgewebe. Zwei L\u00f6cher am Boden f\u00fcr Wasserablauf. Mit Rei\u00dfverschluss und Halterungen.<\/p>\n<p><strong>LITE-NET Baum<\/strong>: Fertig konfektioniertes Drainagenetz (ca. 1,5 x 0,8 m) zur gro\u00dffl\u00e4chigen unterirdischen Wasser- und Luftversorgung von Wurzelballen, geschnitten aus 100 % biologisch abbaubarem\/kompostierbaren PLA-Nadelvlies (ca. 70% PLA + 30 % Zellulose, ca. 500 g\/m\u00b2, Dicke ca. 6 mm, Porenanteil = Wasserspeicher ca. 90%, Abbauzeit ca. 5-10 Jahre).<\/p>\n<p><strong>Vorteile:<\/strong><\/p>\n<ul>\n<li>Das Baumnetz transportiert Wasser aus dem Bew\u00e4sserungssack in die Wurzelzone<\/li>\n<li>Reduziert N\u00e4sse und Schimmel unter dem Bew\u00e4sserungssack<\/li>\n<li>Weniger Verdunstung und l\u00e4ngere Bew\u00e4sserungsintervalle<\/li>\n<li>Bringt Regenwasser, auch von unergiebigen Schauern, zu den tieferen Wurzeln<\/li>\n<li>Baumwurzeln wachsen mehr in der Tiefe, weniger an der Oberfl\u00e4che<\/li>\n<li>Reduzierung von Wartungskosten und Wasserverbrauch<\/li>\n<li>Kosteng\u00fcnstig und einfach zu installieren<\/li>\n<\/ul>\n<p><strong>Gr\u00f6\u00dfe <\/strong><\/p>\n<p>F\u00fcr Wurzelballen bis zu \u00f8 60\/65 cm.<\/p>\n<p>F\u00fcr gro\u00dfe Projekte, bitte kontaktieren Sie uns\u00a0<a href=\"https:\/\/lite-soil.com\/de\/about\/#contact_us\">hier<\/a>.<\/p>\n","protected":false},"excerpt":{"rendered":"<p>Versorgt B\u00e4ume auch in Trockenzeiten effektiv mit Wasser<\/p>\n<p><strong>LITE-NET BAUM Bio5 L + BEW\u00c4SSERUNGSSACK<\/strong><\/p>\n<p>Die neuartige Kombi optimiert die Wasserversorgung Ihres Baumes.<\/p>\n<p><strong>Baumnetz 100% BIOLOGISCH ABBAUBAR!<\/strong><\/p>\n<p>Bitte w\u00e4hlen Sie das gew\u00fcnschte Option:<br \/>\n<strong>Optionen<\/strong>:<br \/>\n<strong>Kombi 1<\/strong>: Bew\u00e4sserungssack mit 1 x LITE-NET Baum |<br \/>\n<strong>Kombi 2<\/strong>: Bew\u00e4sserungssack mit 2 x LITE-NET Baum<\/p>\n<p><strong>Material<\/strong>: LITE-NET Baum: 70% PLA + 30 % Zellulose<\/p>\n","protected":false},"featured_media":4663,"comment_status":"closed","ping_status":"closed","template":"","meta":[],"product_brand":[],"product_cat":[88],"product_tag":[82],"class_list":{"0":"post-3968","1":"product","2":"type-product","3":"status-publish","4":"has-post-thumbnail","6":"product_cat-lite-net","7":"product_tag-trees","9":"first","10":"instock","11":"taxable","12":"shipping-taxable","13":"purchasable","14":"product-type-variable"},"_links":{"self":[{"href":"https:\/\/lite-soil.com\/de\/wp-json\/wp\/v2\/product\/3968","targetHints":{"allow":["GET"]}}],"collection":[{"href":"https:\/\/lite-soil.com\/de\/wp-json\/wp\/v2\/product"}],"about":[{"href":"https:\/\/lite-soil.com\/de\/wp-json\/wp\/v2\/types\/product"}],"replies":[{"embeddable":true,"href":"https:\/\/lite-soil.com\/de\/wp-json\/wp\/v2\/comments?post=3968"}],"wp:featuredmedia":[{"embeddable":true,"href":"https:\/\/lite-soil.com\/de\/wp-json\/wp\/v2\/media\/4663"}],"wp:attachment":[{"href":"https:\/\/lite-soil.com\/de\/wp-json\/wp\/v2\/media?parent=3968"}],"wp:term":[{"taxonomy":"product_brand","embeddable":true,"href":"https:\/\/lite-soil.com\/de\/wp-json\/wp\/v2\/product_brand?post=3968"},{"taxonomy":"product_cat","embeddable":true,"href":"https:\/\/lite-soil.com\/de\/wp-json\/wp\/v2\/product_cat?post=3968"},{"taxonomy":"product_tag","embeddable":true,"href":"https:\/\/lite-soil.com\/de\/wp-json\/wp\/v2\/product_tag?post=3968"}],"curies":[{"name":"wp","href":"https:\/\/api.w.org\/{rel}","templated":true}]}}