{"id":533,"date":"2025-05-25T17:15:18","date_gmt":"2025-05-25T17:15:18","guid":{"rendered":"https:\/\/lite-soil.com\/?post_type=product&#038;p=533"},"modified":"2025-11-13T13:24:08","modified_gmt":"2025-11-13T13:24:08","slug":"holiday-bag","status":"publish","type":"product","link":"https:\/\/lite-soil.com\/de\/product\/holiday-bag\/","title":{"rendered":"HOLIDAY-BAG <br>"},"content":{"rendered":"<p><strong>HOLIDAY-BAG\u00a0Wasserspeicher enth\u00e4lt:<\/strong><\/p>\n<ol>\n<li>Wasserspeicher f\u00fcr Pflanzen im Urlaub: LITE-STRIPS sind zu 100 % nachhaltige, wiederverwendbare Wasserspeichervliese in Streifenform zum Einmischen in die Erde. Dadurch befinden sich die Wasserspeicher direkt in Wurzeln\u00e4he und nicht z. B. am Boden des Blumentopfes. Pflanzen k\u00f6nnen somit viel leichter und effektiver auf das Wasser im Bew\u00e4sserungsvlies zugreifen. 10 l LITE-STRIPS speichern bis zu 9 l Wasser.<\/li>\n<li>Die\u00a0LITE-POT\u00a0Vlieseinlage (60 x 12,5 cm) speichert dar\u00fcberhinaus wie ein Schwamm \u00fcbersch\u00fcssiges Wasser und gibt es je nach Bedarf an die Pflanzen ab. Das recycelte Vlies aus Recycling kann mehrfach verwendet werden und speichert ca. 12 l\/m2 Wasser.<\/li>\n<\/ol>\n<p><strong>HOLIDAY-BAG ist 100 % NACHHALTIG, RECYCELT, DAUERHAFT UND WIEDERVERWENDBAR!<\/strong><\/p>\n<p><strong>Einbauanleitung<\/strong><\/p>\n<p>HOLIDAY-BAG Wasserspeicher f\u00fcr Pflanzen im Urlaub ist sehr einfach zu verwenden! Legen Sie das LITE-POT\u00a0Wasserspeichervlies auf den Boden des Balkonkastens auf, bei Bedarf einfach zuschneiden. Dar\u00fcber geben Sie eine Mischung Erde mit ca. 5% (vol.) der LITE-STRIPS. Der Sack reicht f\u00fcr 25 l Erde.<\/p>\n<p><strong>Vorteile<\/strong><\/p>\n<ul>\n<li>2 &#8211; in &#8211; 1\u00a0 Wasserspeicher<\/li>\n<li>Ideal f\u00fcr l\u00e4ngere Abwesenheiten wie Urlaub, Dienstreisen<\/li>\n<li>Versorgt Ihre Pflanzen f\u00fcr mehrere Tage mit Wasser<\/li>\n<li>Speichert Wasser direkt bei den Wurzeln<\/li>\n<li>Aufgelockerte und besser durchl\u00fcftete Erde<\/li>\n<\/ul>\n<p><strong>Anwendung<\/strong><\/p>\n<p><a href=\"https:\/\/lite-soil.com\/de\/pots-planters-balcony-boxes\/\">BALKONK\u00c4STEN<\/a><\/p>\n<p><strong>Material<\/strong><\/p>\n<ul>\n<li>LITE-POT: 100 % recyceltes Polyester<\/li>\n<li>LITE-STRIPS: Vliesstreifen aus 100 % Polypropylen. Wird in \u00d6sterreich hergestellt.<\/li>\n<\/ul>\n<p><strong>Menge<\/strong><\/p>\n<ul>\n<li>2 x LITE-POT\u00a0M\u00a0 je 60 cm x 12,5 cm 1,25 l<\/li>\n<li>LITE-STRIPS reicht f\u00fcr bis zu 25 l Erde<\/li>\n<\/ul>\n<div class=\"fluid-width-video-wrapper\"><iframe title=\"\ud83e\udeb4WASSERSPEICHER f\u00fcr PFLANZEN im URLAUB\ud83e\uddf3 HOLIDAY-BAG #wassersparen\" src=\"https:\/\/www.youtube.com\/embed\/Vfq--RLSXPg?feature=oembed\" name=\"fitvid0\" allowfullscreen=\"allowfullscreen\" data-mce-fragment=\"1\"><\/iframe><\/div>\n<p>F\u00fcr gro\u00dfe Projekte, bitte kontaktieren Sie uns\u00a0<a href=\"https:\/\/lite-soil.com\/de\/about\/#contact_us\">hier<\/a>.<\/p>\n","protected":false},"excerpt":{"rendered":"<p>Der Wasserspeicher f\u00fcr Balkonk\u00e4sten bei l\u00e4ngerer Abwesenheit wie Urlaub, Gesch\u00e4ftsreisen usw.<\/p>\n<p>LITE-POT wird am Boden platziert und LITE-STRIPS einfach in die Erde eingemischt. Dadurch befinden sich viele Wasserspeicher direkt in der N\u00e4he der Wurzeln. Ihre Pflanzen k\u00f6nnen bei Bedarf leichter und effizienter auf das Wasser zugreifen.<\/p>\n<p><strong>100\u202f% NACHHALTIG, RECYCELT, LANGLEBIG UND WIEDERVERWENDBAR!<\/strong><\/p>\n<p>Hergestellt in \u00d6sterreich.<\/p>\n","protected":false},"featured_media":221,"comment_status":"closed","ping_status":"closed","template":"","meta":[],"product_brand":[],"product_cat":[99],"product_tag":[26,68],"class_list":{"0":"post-533","1":"product","2":"type-product","3":"status-publish","4":"has-post-thumbnail","6":"product_cat-lite-pot_holiday-bag","7":"product_tag-urban-gardening","8":"product_tag-balcony-boxes","10":"first","11":"instock","12":"taxable","13":"shipping-taxable","14":"purchasable","15":"product-type-simple"},"_links":{"self":[{"href":"https:\/\/lite-soil.com\/de\/wp-json\/wp\/v2\/product\/533","targetHints":{"allow":["GET"]}}],"collection":[{"href":"https:\/\/lite-soil.com\/de\/wp-json\/wp\/v2\/product"}],"about":[{"href":"https:\/\/lite-soil.com\/de\/wp-json\/wp\/v2\/types\/product"}],"replies":[{"embeddable":true,"href":"https:\/\/lite-soil.com\/de\/wp-json\/wp\/v2\/comments?post=533"}],"wp:featuredmedia":[{"embeddable":true,"href":"https:\/\/lite-soil.com\/de\/wp-json\/wp\/v2\/media\/221"}],"wp:attachment":[{"href":"https:\/\/lite-soil.com\/de\/wp-json\/wp\/v2\/media?parent=533"}],"wp:term":[{"taxonomy":"product_brand","embeddable":true,"href":"https:\/\/lite-soil.com\/de\/wp-json\/wp\/v2\/product_brand?post=533"},{"taxonomy":"product_cat","embeddable":true,"href":"https:\/\/lite-soil.com\/de\/wp-json\/wp\/v2\/product_cat?post=533"},{"taxonomy":"product_tag","embeddable":true,"href":"https:\/\/lite-soil.com\/de\/wp-json\/wp\/v2\/product_tag?post=533"}],"curies":[{"name":"wp","href":"https:\/\/api.w.org\/{rel}","templated":true}]}}