{"id":535,"date":"2025-05-25T17:15:19","date_gmt":"2025-05-25T17:15:19","guid":{"rendered":"https:\/\/lite-soil.com\/?post_type=product&#038;p=535"},"modified":"2025-08-21T09:53:44","modified_gmt":"2025-08-21T09:53:44","slug":"sustainable-gift-set","status":"publish","type":"product","link":"https:\/\/lite-soil.com\/de\/product\/sustainable-gift-set\/","title":{"rendered":"Sustainable gift set"},"content":{"rendered":"<p><strong>Das nachhaltige Geschenkset enth\u00e4lt einen Wasserspeicher f\u00fcr Pflanzen + einen Fair-Trade-Topf<\/strong><\/p>\n<p><strong>LITE-STRIPS Bio1 Wasserspeicher f\u00fcr Pflanzen<\/strong>: Diese in \u00d6sterreich hergestellten Wasserspeicher-Vliese sind zu 100 % nachhaltig, biologisch abbaubar und in Streifenform zum Einmischen in die Erde erh\u00e4ltlich. Dank des einzigartigen nachhaltigen Materials helfen sie Ihren Zimmerpflanzen, selbst die schlimmsten Trockenperioden zu \u00fcberstehen \u2013 oder wenn Sie einfach vergessen haben, Ihre Pflanzen zu gie\u00dfen! Aber Sie k\u00f6nnen Ihre Pflanzen auch nicht \u00fcbergie\u00dfen! Ideal, um Pflanzen w\u00e4hrend ihrer Wachstumsphase mit ausreichend Wasser und Luft zu versorgen!<\/p>\n<p><strong>Stylischer nachhaltiger Blumentopf Oohh Florence<\/strong>: Dieser stylische \u00dcbertopf aus Recyclingpapier wird unter fairen und nachhaltigen Bedingungen in Sri Lanka hergestellt. Der Fokus liegt dabei besonders auf der Besch\u00e4ftigung von Frauen, die so die M\u00f6glichkeit haben, ein unabh\u00e4ngiges Einkommen zu erzielen. Dank der speziellen Gummibeschichtung ist dieser \u00dcbertopf au\u00dferdem wasserabweisend und eignet sich perfekt f\u00fcr den Innenbereich.<\/p>\n<p><img loading=\"lazy\" decoding=\"async\" class=\"wp-image-16292 aligncenter lazy loaded\" src=\"https:\/\/www.lite-soil-shop.com\/wp-content\/uploads\/2020\/11\/IMG_1560-1024x768.jpg\" alt=\"\" width=\"293\" height=\"219\" data-src=\"https:\/\/www.lite-soil-shop.com\/wp-content\/uploads\/2020\/11\/IMG_1560-1024x768.jpg\" data-was-processed=\"true\" \/><\/p>\n<p>10 l LITE-STRIPS speichern bis zu 10 l Wasser. Nach ca. 1 Saison bis 2 Jahren sind die LITE-STRIPS Bio1 organischen Wasserspeicher f\u00fcr Pflanzen vollst\u00e4ndig biologisch abbaubar.<\/p>\n<p><strong>Installationsanleitung<\/strong><\/p>\n<p><a href=\"https:\/\/lite-soil.com\/de\/raised-planting-beds-garden-beds-vegetable-beds\/\">HOCHBEETE<\/a>\u00a0&#038;\u00a0<a href=\"https:\/\/lite-soil.com\/de\/pots-planters-balcony-boxes\/\">PFLANZENTR\u00d6GE<\/a>: Mischen Sie etwa 5\u201310 % des Volumens in die Erde. Der 2,5-l-Beutel reicht f\u00fcr bis zu 50 l Erde. LITE-STRIPS helfen Pflanzen, l\u00e4ngere Trockenperioden zu \u00fcberstehen.<\/p>\n<p>Vorteile<\/p>\n<ul>\n<li>Nur halb so oft gie\u00dfen<\/li>\n<li>Speichert Wasser direkt an den Wurzeln<\/li>\n<li>Besseres Wachstum, nachhaltiges Wachstum<\/li>\n<li>Aufgelockerte und besser bel\u00fcftete Erde<\/li>\n<li>Auch ideal f\u00fcr torffreie Erde!<\/li>\n<\/ul>\n<p><strong>Material<\/strong><\/p>\n<ul>\n<li>LITE-STRIPS Bio1 \u2013 Die biologischen Wasserreservoirs sind Zellulosestreifen aus 100 % Zellulosefasern, hergestellt in \u00d6sterreich.<\/li>\n<li>OOHH \u00dcbertopf: recycelte Materialien \u2013 Fair Trade \/\/ Papier mit Latexschichten (Gummibaum)<\/li>\n<\/ul>\n<p><strong>Gr\u00f6\u00dfe<\/strong><\/p>\n<ul>\n<li>LITE-STRIPS Bio1 \u2013 Der biologische Wasserspeicher: 2,5 l, 120 g \u2013 ausreichend f\u00fcr bis zu 50 l Erde.<\/li>\n<li>OOHH Blumentopf: ca. \u00d817 x H17 cm.<\/li>\n<\/ul>\n<p>F\u00fcr gro\u00dfe Projekte kontaktieren Sie uns bitte <a href=\"https:\/\/lite-soil.com\/de\/about\/#contact_us\">hier<\/a>.<\/p>\n","protected":false},"excerpt":{"rendered":"<p>Nachhaltiges Geschenkset: biologisch abbaubarer Wasserspeicher + Fair-Trade-Blumentopf!<\/p>\n<p>Die LITE-STRIPS Bio1, die in der N\u00e4he der Wurzeln eingebracht werden, sind Vliesstreifen, die in den Boden eingemischt werden, um Wasser und Zeit beim Gie\u00dfen zu sparen.<\/p>\n<p><strong>Volumen<\/strong>: 2,5 l<br data-start=\"231\" data-end=\"234\" \/><strong>Material<\/strong>: Ca. 70 x 12 x 6 mm gro\u00dfe Streifen aus 100 % biologisch abbaubaren Zellulosefasern.<\/p>\n","protected":false},"featured_media":227,"comment_status":"closed","ping_status":"closed","template":"","meta":[],"product_brand":[],"product_cat":[98],"product_tag":[],"class_list":{"0":"post-535","1":"product","2":"type-product","3":"status-publish","4":"has-post-thumbnail","6":"product_cat-lite-strips","8":"first","9":"instock","10":"sale","11":"taxable","12":"shipping-taxable","13":"purchasable","14":"product-type-simple"},"_links":{"self":[{"href":"https:\/\/lite-soil.com\/de\/wp-json\/wp\/v2\/product\/535","targetHints":{"allow":["GET"]}}],"collection":[{"href":"https:\/\/lite-soil.com\/de\/wp-json\/wp\/v2\/product"}],"about":[{"href":"https:\/\/lite-soil.com\/de\/wp-json\/wp\/v2\/types\/product"}],"replies":[{"embeddable":true,"href":"https:\/\/lite-soil.com\/de\/wp-json\/wp\/v2\/comments?post=535"}],"wp:featuredmedia":[{"embeddable":true,"href":"https:\/\/lite-soil.com\/de\/wp-json\/wp\/v2\/media\/227"}],"wp:attachment":[{"href":"https:\/\/lite-soil.com\/de\/wp-json\/wp\/v2\/media?parent=535"}],"wp:term":[{"taxonomy":"product_brand","embeddable":true,"href":"https:\/\/lite-soil.com\/de\/wp-json\/wp\/v2\/product_brand?post=535"},{"taxonomy":"product_cat","embeddable":true,"href":"https:\/\/lite-soil.com\/de\/wp-json\/wp\/v2\/product_cat?post=535"},{"taxonomy":"product_tag","embeddable":true,"href":"https:\/\/lite-soil.com\/de\/wp-json\/wp\/v2\/product_tag?post=535"}],"curies":[{"name":"wp","href":"https:\/\/api.w.org\/{rel}","templated":true}]}}