{"id":536,"date":"2025-05-25T17:15:19","date_gmt":"2025-05-25T17:15:19","guid":{"rendered":"https:\/\/lite-soil.com\/?post_type=product&#038;p=536"},"modified":"2025-12-22T08:51:32","modified_gmt":"2025-12-22T08:51:32","slug":"bluelite-net","status":"publish","type":"product","link":"https:\/\/lite-soil.com\/de\/product\/bluelite-net\/","title":{"rendered":"BLUELITE-NET"},"content":{"rendered":"<p>Das\u00a0BLUELITE-NET System ist eine optimale L\u00f6sung zur wassersparenden Unterflurbew\u00e4sserung.<\/p>\n<p>Es besteht aus 2 Elementen: Einem Vliesnetz (LITE-NET) und einem direkt darauf verlegten Tr\u00f6pfenbew\u00e4sserungsschlauch mit einer Vliesummantelung (BLUELITE-TUBE). Das Wasser aus dem flexiblen\u00a0Schlauch wird \u00fcber die extrem robuste Vliesummantelung gleichm\u00e4\u00dfig\u00a0in das darunter liegende LITE-NET\u00a0abgegeben und dort gro\u00dffl\u00e4chig im\u00a0Wurzelbereich der Pflanzen kapillar verteilt.\u00a0Wurzeln k\u00f6nnen problemlos durch die Netz\u00f6ffnungen hindurchwachsen!Das Wasserspeichervlies LITE-NET sowie die Vliesummantelung bestehen aus 100 % Polypropylen, hergestellt in \u00d6sterreich.<\/p>\n<p><strong>Anwendung<\/strong><\/p>\n<p>Rasenfl\u00e4chen, Hangbegr\u00fcnung, Sportpl\u00e4tze, Fu\u00dfballpl\u00e4tze, H\u00e4nge, B\u00e4ume, Str\u00e4ucher, Hochbeete, Beete, Gem\u00fcsebeete, Urban Gardening<\/p>\n<div class=\"fluid-width-video-wrapper\"><iframe title=\"Unterirdische Bew\u00e4sserung mit BLUELITE-NET im Privatgarten\" src=\"https:\/\/www.youtube.com\/embed\/5dg0wxwpa8s?feature=oembed\" name=\"fitvid0\" allowfullscreen=\"allowfullscreen\" data-mce-fragment=\"1\"><\/iframe><\/div>\n<p>&nbsp;<\/p>\n<h3>Einbauanleitung<\/h3>\n<ol>\n<li>Untergrund auflockern, bei Erneuerung bestehende Grasnarbe abtragen.<\/li>\n<li>LITE-NET\u00a0auflegen und auf eine Breite von ca. 1,3 bis 1,8 m (28 m\u00b2) \/ ca. 2,8 bis 3,5 m (55 m\u00b2) auseinanderziehen.<\/li>\n<li>Direkt darauf BLUELITE-TUBE\u00a0verlegen. Abstand ca. 50-60 cm bei wasserdurchl\u00e4ssigen B\u00f6den (z.B. Sand), sonst ca. 60-70 cm. Eventuell mit Erdn\u00e4gel oder etwas Erde fixieren.<\/li>\n<li>Wurzeltief (ca. 8-15 cm bei Rasen) Erde oder Substrat dar\u00fcber, verdichten und eins\u00e4en oder Rollrasen auflegen.<\/li>\n<li>Anschlie\u00dfen, gie\u00dfen \u2013 fertig.<\/li>\n<\/ol>\n<p><em>GRUNDS\u00c4TZLICH EMPFEHLEN WIR DEN EINBAU DURCH EINEN PROFI!<\/em><\/p>\n<h3>Vorteile<\/h3>\n<ul>\n<li>Bis zu 70% Wassereinsparung gegen\u00fcber Spritzbew\u00e4sserung<\/li>\n<li>Versorgt Wurzeln punktgenau und gleichm\u00e4\u00dfig<\/li>\n<li>Fl\u00e4che w\u00e4hrend der Bew\u00e4sserung benutzbar<\/li>\n<li>Schutz gegen Wurzeleinwuchs, Feinteile &#038; Vandalismus<\/li>\n<li>Keine Verdunstung, Verfilzung, Staun\u00e4sse<\/li>\n<li>Simpler Einbau, geringe Wartung<\/li>\n<\/ul>\n<h3>Technische Daten\/Gr\u00f6\u00dfe:<\/h3>\n<p><strong>BLUELITE-NET 28 m\u00b2 :<\/strong><\/p>\n<ul>\n<li>Flexibles, 16,1 mm Tropfrohr mit Vliesummantelung (BLUELITE-TUBE) f\u00fcr 17 mm Steckanschl\u00fcsse, Wandst\u00e4rke 1,2 mm, druckkompensierte Tropfer im Abstand 33 cm mit je 2,3 l\/h Durchflussmenge bei 0,59 bis 4,14 bar. Erforderliche Filtration 125 Mikron. Es wird empfohlen, ein \u00bd\u201c Be- und Entl\u00fcftungsventil zu verwenden. L\u00e4nge 50 m.<\/li>\n<li>5 mm dickes Wasserspeicher- und Verteilernetz (LITE-NET) mit 85-90% Porenanteil. Maximale Fl\u00e4che 28 m\u00b2 bei 1,7 x 16 m.<\/li>\n<\/ul>\n<p><strong>BLUELITE-NET 55 m\u00b2 :<\/strong><\/p>\n<ul>\n<li>Flexibles, 16,1 mm Tropfrohr f\u00fcr 17 mm Steckanschl\u00fcsse, Wandst\u00e4rke 1,2 mm, druckkompensierte Tropfer im Abstand 33 cm mit je 2,3 l\/h Durchflu\u00dfmenge bei 0,59 bis 4,14 bar. Erforderliche Filtration 125 Mikron. Es wird empfohlen, ein \u00bd\u201c Be- und Entl\u00fcftungsventil zu verwenden. L\u00e4nge 100 m.<\/li>\n<li>5 mm dickes Wasserspeicher- und Verteilernetz mit 85-90% Porenanteil. Maximale Fl\u00e4che 55 m\u00b2 bei 3,5 x 16 m.<\/li>\n<\/ul>\n<p><strong><a class=\"big-button bigblue\" href=\"https:\/\/lite-soil.com\/wp-content\/uploads\/2025\/08\/QA-BLUELITE-NET-DE.webp\" target=\"_blank\" rel=\"noopener\">Q &#038; A zum BLUELITE-NET<\/a><\/strong><\/p>\n<p>F\u00fcr gro\u00dfe Projekte, bitte kontaktieren Sie uns\u00a0<a href=\"https:\/\/lite-soil.com\/de\/about\/#contact_us\">hier<\/a>.<\/p>\n","protected":false},"excerpt":{"rendered":"<p>Moderne Untergrundbew\u00e4sserung f\u00fcr verbessertes Pflanzenwachstum<\/p>\n<p>Das Wasser aus dem flexiblen\u00a0Schlauch wird \u00fcber die extrem robuste Vliesummantelung gleichm\u00e4\u00dfig\u00a0in das darunter liegende LITE-NET\u00a0abgegeben und dort gro\u00dffl\u00e4chig im\u00a0Wurzelbereich der Pflanzen kapillar verteilt.<\/p>\n<p><strong data-start=\"43\" data-end=\"54\">Gr\u00f6\u00dfen:<\/strong> 28 m\u00b2 | 55 m\u00b2<br data-start=\"68\" data-end=\"71\" \/><strong data-start=\"71\" data-end=\"84\" data-is-only-node=\"\">Material:<\/strong> 100\u202f% Polypropylen<br data-start=\"103\" data-end=\"106\" \/>Hergestellt in \u00d6sterreich.<\/p>\n<p>&nbsp;<\/p>\n","protected":false},"featured_media":230,"comment_status":"closed","ping_status":"closed","template":"","meta":[],"product_brand":[],"product_cat":[73],"product_tag":[26,74,75,76,77,78,79,80,81,82,83],"class_list":{"0":"post-536","1":"product","2":"type-product","3":"status-publish","4":"has-post-thumbnail","6":"product_cat-bluelite-net","7":"product_tag-urban-gardening","8":"product_tag-athletic-fields","9":"product_tag-bushes-shrubs","10":"product_tag-lawns","11":"product_tag-planting-beds","12":"product_tag-raised-planting-beds","13":"product_tag-roof-greening","14":"product_tag-slope-vegetation","15":"product_tag-soccer-fields","16":"product_tag-trees","17":"product_tag-vegetable-beds","19":"first","20":"instock","21":"taxable","22":"shipping-taxable","23":"purchasable","24":"product-type-variable"},"_links":{"self":[{"href":"https:\/\/lite-soil.com\/de\/wp-json\/wp\/v2\/product\/536","targetHints":{"allow":["GET"]}}],"collection":[{"href":"https:\/\/lite-soil.com\/de\/wp-json\/wp\/v2\/product"}],"about":[{"href":"https:\/\/lite-soil.com\/de\/wp-json\/wp\/v2\/types\/product"}],"replies":[{"embeddable":true,"href":"https:\/\/lite-soil.com\/de\/wp-json\/wp\/v2\/comments?post=536"}],"wp:featuredmedia":[{"embeddable":true,"href":"https:\/\/lite-soil.com\/de\/wp-json\/wp\/v2\/media\/230"}],"wp:attachment":[{"href":"https:\/\/lite-soil.com\/de\/wp-json\/wp\/v2\/media?parent=536"}],"wp:term":[{"taxonomy":"product_brand","embeddable":true,"href":"https:\/\/lite-soil.com\/de\/wp-json\/wp\/v2\/product_brand?post=536"},{"taxonomy":"product_cat","embeddable":true,"href":"https:\/\/lite-soil.com\/de\/wp-json\/wp\/v2\/product_cat?post=536"},{"taxonomy":"product_tag","embeddable":true,"href":"https:\/\/lite-soil.com\/de\/wp-json\/wp\/v2\/product_tag?post=536"}],"curies":[{"name":"wp","href":"https:\/\/api.w.org\/{rel}","templated":true}]}}