{"id":537,"date":"2025-05-25T17:15:19","date_gmt":"2025-05-25T17:15:19","guid":{"rendered":"https:\/\/lite-soil.com\/?post_type=product&#038;p=537"},"modified":"2025-11-13T11:54:58","modified_gmt":"2025-11-13T11:54:58","slug":"lite-strips-bio1","status":"publish","type":"product","link":"https:\/\/lite-soil.com\/de\/product\/lite-strips-bio1\/","title":{"rendered":"LITE-STRIPS  <br> Bio1"},"content":{"rendered":"<h3>Wasserspeicher f\u00fcr Pflanzen<\/h3>\n<p>LITE-STRIPS Bio1 werden einfach in die Erde eingearbeitet. Das bedeutet, dass sich viele Wasserspeicher direkt in der N\u00e4he der Wurzeln befinden. Ihre Pflanzen k\u00f6nnen bei Bedarf leichter und effektiver auf das Wasser zugreifen. Die 7 cm langen LITE-STRIPS Bio1 k\u00f6nnen nicht \u00fcberbew\u00e4ssert werden, sparen Wasser und machen den Boden durchl\u00e4ssiger. Hergestellt in \u00d6sterreich.<\/p>\n<p><strong>100 % BIOLOGISCH ABBAUBAR\/KOMPOSTIERBAR<\/strong><\/p>\n<p>Nach ca. 1 Saison bis 2 Jahren sind die organischen Wasserspeicher f\u00fcr Pflanzen LITE-STRIPS Bio1 vollst\u00e4ndig biologisch abgebaut.<\/p>\n<p>LITE-SOIL hat f\u00fcr LITE-STRIPS Bio1 2,5 l das G\u00fctesiegel \u201eNatur im Garten\u201c erhalten!<\/p>\n<p>Das G\u00fctesiegel \u201eNatur im Garten\u201d ist eine Orientierungshilfe f\u00fcr umweltbewusste Menschen, die \u00f6kologisch unbedenkliche Gartenprodukte verwenden m\u00f6chten. Alle Gartenprodukte erf\u00fcllen die drei Kernkriterien von \u201eNatur im Garten\u201c: keine synthetisch-chemischen Pflanzenschutzmittel, keine synthetisch-chemischen D\u00fcngemittel und kein Torf.<\/p>\n<p>&nbsp;<\/p>\n<h3>Produkt<\/h3>\n<h3>Lite-Strips Bio1<\/h3>\n<p>100 % biologisch abbaubar Zellulosefasern<br \/>\nH\u00e4lt ca. 1 Saison &#8211; 2 Jahre<br \/>\nF\u00fcr die Anwachsphase bzw. einj\u00e4hrigePflanzen<\/p>\n<p>&nbsp;<\/p>\n<h3>Einheit &#8211; Preis &#8211; Bis zu<\/h3>\n<ul>\n<li><strong>2,5 l <\/strong>(120 g)<strong> &#8211; \u20ac\u00a0<\/strong><strong>16,50<\/strong> (\u20ac 6,6\/l) <strong>&#8211; 50 l Erde <\/strong>(5 m\u00b2 Rasen)<\/li>\n<li><strong>10 l <\/strong>(480 g)<strong> &#8211; \u20ac\u00a0<\/strong><strong>42,00 <\/strong>(\u20ac 4,2\/l)<strong> &#8211; 200 l Erde <\/strong>(20 m\u00b2 Rasen)<\/li>\n<li><strong>25 l <\/strong>(1200 g)<strong> &#8211; \u20ac\u00a0<\/strong><strong>79,80 <\/strong>(\u20ac 3,19\/l) <strong>\u00a0&#8211; 500 l Erde <\/strong>(50 m\u00b2 Rasen)<\/li>\n<\/ul>\n<h4>Einbauanleitung<\/h4>\n<p><a href=\"https:\/\/lite-soil.com\/de\/trees-shrubs-bushes\/\">B\u00c4UME, STR\u00c4UCHER &#038; BUSCHE<\/a>: Mischen Sie ca. 10-20 l pro Baum in den Boden in der N\u00e4he des Wurzelballens.<\/p>\n<p><a href=\"https:\/\/lite-soil.com\/de\/raised-planting-beds-garden-beds-vegetable-beds\/\">HOCHBEETE<\/a>\u00a0&#038;\u00a0<a href=\"https:\/\/lite-soil.com\/de\/pots-planters-balcony-boxes\/\">PFLANZENTR\u00d6GE<\/a>: Mischen Sie ca. 5\u201310 % des Volumens in die Erde ein. Sie m\u00fcssen weniger oft gie\u00dfen, die Pflanzen werden auch in Trockenperioden oder w\u00e4hrend Ihres Urlaubs mit Wasser versorgt.<\/p>\n<p><a href=\"https:\/\/lite-soil.com\/de\/lawn-rolled-turf\/\">RASENFL\u00c4CHEN, SPORTPL\u00c4TZE, FUSSBALLPL\u00c4TZE<\/a> &#038; <a href=\"https:\/\/lite-soil.com\/de\/slopes-vegetation-permanent-greening\/\">B\u00d6SCHUNGEN<\/a>: Mischen Sie ca. 0,5\u20131 l LITE-STRIPS Bio1 pro m\u00b2 in den Boden bis zur Wurzeltiefe ein, z. B. mit einer Harke.<\/p>\n<p><a href=\"https:\/\/lite-soil.com\/de\/roof-greening\/\">DACHBEGR\u00dcNUNG<\/a>: Mischen Sie ca. 1 l LITE-STRIPS Bio1 pro m\u00b2 in das Substrat ein, je nach Aufbaudicke.<\/p>\n<p><strong>Vorteile<\/strong><\/p>\n<ul>\n<li>Nur halb so oft gie\u00dfen<\/li>\n<li>F\u00fcr drinnen und drau\u00dfen<\/li>\n<li>Speichert Wasser direkt an den Wurzeln<\/li>\n<li>Besseres Wachstum, nachhaltiges Wachstum<\/li>\n<li>Lockere und besser bel\u00fcftete Erde<\/li>\n<li>Auch ideal f\u00fcr torffreie Erde!<\/li>\n<\/ul>\n<p>&nbsp;<\/p>\n<div class=\"et_pb_tab_content\">\n<p>1 Kilo LITE-STRIPS Bio1 speichern bis zu 10 Liter Wasser!<\/p>\n<p><iframe loading=\"lazy\" title=\"\ud83d\udca7die DEFINITIVE METHODE WASSER SPAREN f\u00fcr Pflanzen LITE-STRIPS #wassersparen\" width=\"500\" height=\"281\" src=\"https:\/\/www.youtube.com\/embed\/sI186PhiNO4?feature=oembed\" frameborder=\"0\" allow=\"accelerometer; autoplay; clipboard-write; encrypted-media; gyroscope; picture-in-picture; web-share\" referrerpolicy=\"strict-origin-when-cross-origin\" allowfullscreen><\/iframe><\/p>\n<p><span style=\"font-size: 13.5pt; font-family: 'Open Sans',sans-serif; color: black;\">F\u00fcr gro\u00dfe Projekte, bitte kontaktieren Sie uns\u00a0<a href=\"https:\/\/lite-soil.com\/de\/about\/#contact_us\">hier<\/a><strong><span style=\"font-family: 'Open Sans',sans-serif;\">.<\/span><\/strong><\/span><\/p>\n<\/div>\n","protected":false},"excerpt":{"rendered":"<p>Biologisch abbaubarer Wasserspeicher f\u00fcr Pflanzen.<\/p>\n<p>Die LITE-STRIPS Bio1 werden in der N\u00e4he der Wurzeln eingesetzt und bestehen aus nicht gewebten Zellulosestreifen, die in die Erde gemischt werden, um Wasser und Zeit zu sparen.<\/p>\n<p>Optimal f\u00fcr Topfpflanzen, Balkonpflanzen, Hochbeete, Rasenfl\u00e4chen und vieles mehr.<\/p>\n<p>Bitte w\u00e4hlen Sie das gew\u00fcnschte Volumen:<\/p>\n<p><strong>Volumen<\/strong>: 2,5 l | 10 l | 25 l<\/p>\n<p><strong>Material<\/strong>: 100 % biologisch abbaubare Zellulosefasern<\/p>\n<p>LITE-SOIL hat f\u00fcr LITE-STRIPS Bio1 2,5 l das G\u00fctesiegel \u201eNatur im Garten\u201c erhalten!<\/p>\n","protected":false},"featured_media":244,"comment_status":"closed","ping_status":"closed","template":"","meta":[],"product_brand":[],"product_cat":[98],"product_tag":[78,86,85,84,83,82,81,80,79,77,76,75,74,68,26],"class_list":{"0":"post-537","1":"product","2":"type-product","3":"status-publish","4":"has-post-thumbnail","6":"product_cat-lite-strips","7":"product_tag-raised-planting-beds","8":"product_tag-planters","9":"product_tag-flower-pots","10":"product_tag-flower-boxes","11":"product_tag-vegetable-beds","12":"product_tag-trees","13":"product_tag-soccer-fields","14":"product_tag-slope-vegetation","15":"product_tag-roof-greening","16":"product_tag-planting-beds","17":"product_tag-lawns","18":"product_tag-bushes-shrubs","19":"product_tag-athletic-fields","20":"product_tag-balcony-boxes","21":"product_tag-urban-gardening","23":"first","24":"instock","25":"taxable","26":"shipping-taxable","27":"purchasable","28":"product-type-variable"},"_links":{"self":[{"href":"https:\/\/lite-soil.com\/de\/wp-json\/wp\/v2\/product\/537","targetHints":{"allow":["GET"]}}],"collection":[{"href":"https:\/\/lite-soil.com\/de\/wp-json\/wp\/v2\/product"}],"about":[{"href":"https:\/\/lite-soil.com\/de\/wp-json\/wp\/v2\/types\/product"}],"replies":[{"embeddable":true,"href":"https:\/\/lite-soil.com\/de\/wp-json\/wp\/v2\/comments?post=537"}],"wp:featuredmedia":[{"embeddable":true,"href":"https:\/\/lite-soil.com\/de\/wp-json\/wp\/v2\/media\/244"}],"wp:attachment":[{"href":"https:\/\/lite-soil.com\/de\/wp-json\/wp\/v2\/media?parent=537"}],"wp:term":[{"taxonomy":"product_brand","embeddable":true,"href":"https:\/\/lite-soil.com\/de\/wp-json\/wp\/v2\/product_brand?post=537"},{"taxonomy":"product_cat","embeddable":true,"href":"https:\/\/lite-soil.com\/de\/wp-json\/wp\/v2\/product_cat?post=537"},{"taxonomy":"product_tag","embeddable":true,"href":"https:\/\/lite-soil.com\/de\/wp-json\/wp\/v2\/product_tag?post=537"}],"curies":[{"name":"wp","href":"https:\/\/api.w.org\/{rel}","templated":true}]}}