{"id":547,"date":"2025-05-25T17:15:20","date_gmt":"2025-05-25T17:15:20","guid":{"rendered":"https:\/\/lite-soil.com\/?post_type=product&#038;p=547"},"modified":"2025-12-16T10:40:22","modified_gmt":"2025-12-16T10:40:22","slug":"lite-net-bio1","status":"publish","type":"product","link":"https:\/\/lite-soil.com\/de\/product\/lite-net-bio1\/","title":{"rendered":"LITE-NET <br> Bio1<br>"},"content":{"rendered":"<p>Die LITE-NET Bio1 Wasser-Netzrolle dient zur Speicherung und Verteilung von Wasser und Luft \u00fcber gro\u00dfe Fl\u00e4chen und ist zu 100 % biologisch abbaubar. Das LITE-NET besteht zu bis zu 90 % aus offenen Luftporen, in denen bis zu 44 l Wasser gespeichert und wie in einem Netz von Adern genau dorthin geleitet werden, wo die Pflanzen es am meisten ben\u00f6tigen: zu den Wurzeln.<\/p>\n<p>Das ca. 6 mm dicke LITE-NET wird einfach auf das 4- bis 5-fache seiner Breite auseinandergezogen und bis zu den Wurzeln mit Erde bedeckt.<\/p>\n<p>LITE-SOIL hat f\u00fcr LITE-NET Bio1 0,8 m\u00b2 das G\u00fctesiegel \u201eNatur im Garten\u201c erhalten!<\/p>\n<p>Das G\u00fctesiegel \u201eNatur im Garten\u201d ist eine Orientierungshilfe f\u00fcr umweltbewusste Menschen, die \u00f6kologisch unbedenkliche Gartenprodukte verwenden m\u00f6chten. Alle Gartenprodukte erf\u00fcllen die drei Kernkriterien von \u201eNatur im Garten\u201c: keine synthetisch-chemischen Pflanzenschutzmittel, keine synthetisch-chemischen D\u00fcngemittel und kein Torf.<\/p>\n<p><strong>100 % BIOLOGISCH ABBAUBAR<\/strong> Nach ca. 1 Saison bis 2 Jahren ist das LITE-NET vollst\u00e4ndig biologisch abgebaut. 100 % aus Zellulosefasern und wird in \u00d6sterreich hergestellt.<\/p>\n<p>&nbsp;<\/p>\n<h3>Produkt<\/h3>\n<h3>Lite-Net Bio1<\/h3>\n<p>100 % Zellulosefasern<br \/>\n100 % biologisch abbaubar<br \/>\nH\u00e4lt ca. 1 Saison &#8211; 2 Jahre<br \/>\nF\u00fcr die Anwachsphase bzw. einj\u00e4hrige Pflanzen<\/p>\n<h3>Gr\u00f6\u00dfe<strong> \u2013 Preis<\/strong><\/h3>\n<ul>\n<li><strong>0,8 m\u00b2<\/strong> (1,1 x 0,7 m) &#8211; <strong>\u20ac\u00a0<\/strong><strong>15,50 <\/strong>(\u20ac 19,38\/m\u00b2)<\/li>\n<li><strong>2,1 m\u00b2<\/strong> (1,3 x 1,6 m) &#8211; <strong>\u20ac\u00a0<\/strong><strong>25,90<\/strong> (\u20ac 12,33\/m\u00b2)<\/li>\n<li><strong>10,4 m\u00b2<\/strong> (1,3 x 8 m) &#8211; <strong>\u20ac\u00a0<\/strong><strong>79,50<\/strong> (\u20ac 7,64\/m\u00b2)<\/li>\n<li><strong>28 m\u00b2 <\/strong>(1,75 x 16 m) &#8211;<strong>\u20ac\u00a0<\/strong><strong>175,00 <\/strong>(\u20ac 6,25\/m\u00b2)<\/li>\n<\/ul>\n<h3>Einbauanleitung<\/h3>\n<p><a href=\"https:\/\/lite-soil.com\/de\/slopes-vegetation-permanent-greening\/\">B\u00d6SCHUNGEN\/ANWACHSEN<\/a>: Bei H\u00e4ngen wird LITE-NET Bio1 als Wachstumshilfe auf der Oberfl\u00e4che verlegt.<\/p>\n<p><a href=\"https:\/\/lite-soil.com\/de\/trees-shrubs-bushes\/\">B\u00c4UME, STR\u00c4UCHER UND B\u00dcSCHE<\/a>: Wickeln Sie ein entsprechend zugeschnittenes St\u00fcck LITE-NET um den Wurzelballen, um Wasser und Luft von der Oberfl\u00e4che direkt zu den Wurzeln zu leiten. Als zus\u00e4tzlichen Wasserspeicher legen Sie ein weiteres LITE-NET horizontal in das Baumloch. Dadurch wird sichergestellt, dass der tiefe Wurzelraum optimal versorgt wird.<\/p>\n<p><a href=\"https:\/\/lite-soil.com\/de\/raised-planting-beds-garden-beds-vegetable-beds\/\">HOCHBEETE,\u00a0 BEETE, GEM\u00dcSEBEETE<\/a>,\u00a0<a href=\"https:\/\/lite-soil.com\/de\/lawn-rolled-turf\/\">RASEN &#038; SPORTPL\u00c4TZE<\/a>: Legen Sie das auseinandergezogene LITE-NET aus und bedecken Sie es mit Erde bis zur Wurzeltiefe (ca. 10 cm bei Rasenfl\u00e4chen). Mit Erde bedecken (idealerweise mit LITE-STRIPS gemischt), fertig.<\/p>\n<p><strong>Vorteile<\/strong><\/p>\n<ul>\n<li style=\"list-style-type: none;\">\n<ul>\n<li>Nur halb so oft gie\u00dfen<\/li>\n<li>Verteilt Wasser und Luft genau dort, wo die Pflanzen es brauchen: direkt an den Wurzeln<\/li>\n<li>L\u00e4sst sich leicht zuschneiden<\/li>\n<li>Ideal f\u00fcr torffreie B\u00f6den<\/li>\n<li>Das extrem flexible Netz passt sich perfekt an den Boden an, f\u00f6rdert das Pflanzenwachstum und reduziert potenzielle Erosion.<\/li>\n<\/ul>\n<\/li>\n<\/ul>\n<p>&nbsp;<\/p>\n<p><iframe loading=\"lazy\" title=\"\ud83c\udf31SO SPAREN SIE WASSER bei der BEW\u00c4SSERUNG von RASEN und B\u00c4UMEN mit LITE-NET #Wassersparen\" width=\"500\" height=\"281\" src=\"https:\/\/www.youtube.com\/embed\/DDeWFnZszTY?feature=oembed\" frameborder=\"0\" allow=\"accelerometer; autoplay; clipboard-write; encrypted-media; gyroscope; picture-in-picture; web-share\" referrerpolicy=\"strict-origin-when-cross-origin\" allowfullscreen><\/iframe><\/p>\n<p>F\u00fcr gro\u00dfe Projekte, bitte kontaktieren Sie uns\u00a0<a href=\"https:\/\/lite-soil.com\/de\/about\/#contact_us\">hier<\/a>.<\/p>\n","protected":false},"excerpt":{"rendered":"<p>Wasserspeicher f\u00fcr Pflanzen in Netform<\/p>\n<p>Das LITE-NET Bio1-Wasserspeichernetz versorgt Pflanzen wie eine Wasserader \u00fcber eine gro\u00dfe Fl\u00e4che.<\/p>\n<p><strong>Gr\u00f6\u00dfe<\/strong>: 0,8 m\u00b2 | 2,1 m\u00b2 | 10,4 m\u00b2 | 28 m\u00b2<br \/>\n<strong>Material<\/strong>: 100% aus Zellulosefasern. Nach 1\u20132 Jahren biologisch abbaubar.<br \/>\nIn \u00d6sterreich hergestellt.<span style=\"font-size: 13.5pt; font-family: 'Open Sans',sans-serif; color: black;\"><br \/>\n<\/span><\/p>\n<p>LITE-SOIL hat f\u00fcr LITE-NET Bio1 0,8 m\u00b2 das G\u00fctesiegel \u201eNatur im Garten\u201c erhalten!<\/p>\n","protected":false},"featured_media":261,"comment_status":"closed","ping_status":"closed","template":"","meta":[],"product_brand":[],"product_cat":[88],"product_tag":[26,74,75,76,77,78,81,82,83,89],"class_list":{"0":"post-547","1":"product","2":"type-product","3":"status-publish","4":"has-post-thumbnail","6":"product_cat-lite-net","7":"product_tag-urban-gardening","8":"product_tag-athletic-fields","9":"product_tag-bushes-shrubs","10":"product_tag-lawns","11":"product_tag-planting-beds","12":"product_tag-raised-planting-beds","13":"product_tag-soccer-fields","14":"product_tag-trees","15":"product_tag-vegetable-beds","16":"product_tag-slopes-vegetation","18":"first","19":"instock","20":"taxable","21":"shipping-taxable","22":"purchasable","23":"product-type-variable"},"_links":{"self":[{"href":"https:\/\/lite-soil.com\/de\/wp-json\/wp\/v2\/product\/547","targetHints":{"allow":["GET"]}}],"collection":[{"href":"https:\/\/lite-soil.com\/de\/wp-json\/wp\/v2\/product"}],"about":[{"href":"https:\/\/lite-soil.com\/de\/wp-json\/wp\/v2\/types\/product"}],"replies":[{"embeddable":true,"href":"https:\/\/lite-soil.com\/de\/wp-json\/wp\/v2\/comments?post=547"}],"wp:featuredmedia":[{"embeddable":true,"href":"https:\/\/lite-soil.com\/de\/wp-json\/wp\/v2\/media\/261"}],"wp:attachment":[{"href":"https:\/\/lite-soil.com\/de\/wp-json\/wp\/v2\/media?parent=547"}],"wp:term":[{"taxonomy":"product_brand","embeddable":true,"href":"https:\/\/lite-soil.com\/de\/wp-json\/wp\/v2\/product_brand?post=547"},{"taxonomy":"product_cat","embeddable":true,"href":"https:\/\/lite-soil.com\/de\/wp-json\/wp\/v2\/product_cat?post=547"},{"taxonomy":"product_tag","embeddable":true,"href":"https:\/\/lite-soil.com\/de\/wp-json\/wp\/v2\/product_tag?post=547"}],"curies":[{"name":"wp","href":"https:\/\/api.w.org\/{rel}","templated":true}]}}