{"id":556,"date":"2025-05-25T17:15:21","date_gmt":"2025-05-25T17:15:21","guid":{"rendered":"https:\/\/lite-soil.com\/?post_type=product&#038;p=556"},"modified":"2025-12-16T10:42:18","modified_gmt":"2025-12-16T10:42:18","slug":"lite-net-pp","status":"publish","type":"product","link":"https:\/\/lite-soil.com\/de\/product\/lite-net-pp\/","title":{"rendered":"LITE-NET <br> PP"},"content":{"rendered":"<p>Wasserspeichernetz f\u00fcr Pflanzen \u2013 Die LITE-NET PP-Wassernetzrolle dient zur Speicherung und Verteilung von Wasser und Luft und ist zu 100 % nachhaltig und wiederverwendbar.<\/p>\n<p>Das LITE-NET besteht zu bis zu 90 % aus offenen Luftporen, in denen bis zu 44 Liter Wasser gespeichert und wie in einem Netz von Adern genau dorthin geleitet werden, wo die Pflanzen es am meisten brauchen: zu den Wurzeln.<\/p>\n<p>Das ca. 6 mm dicke LITE-NET wird einfach auf das 4- bis 5-fache seiner Breite auseinandergezogen und bis zu den Wurzeln mit Erde bedeckt.<\/p>\n<p>Die <strong>100 % NACHHALTIGE, LANGLEBIGE UND WIEDERVERWENDBARE<\/strong> Wassernetzrolle LITE-NET versorgt Pflanzen gro\u00dffl\u00e4chig wie eine Wasserader! 100 % Polypropylen (PP), das in \u00d6sterreich hergestellt wird.<\/p>\n<p>&nbsp;<\/p>\n<h3>Produkt<\/h3>\n<h3>Lite-Net PP<\/h3>\n<p>100 % Polypropylen<br \/>\nDauerhaft und nachhaltig<br \/>\nF\u00fcr mehrj\u00e4hrige Pflanzen, unterirdische Bew\u00e4sserung<br \/>\n&#038; vielfach verwendbar<\/p>\n<p><strong>Gr\u00f6\u00dfe \u2013 Preis<\/strong><\/p>\n<ul>\n<li><strong>2,1 m\u00b2<\/strong> (1,3 x 1,6 m) &#8211; <strong>\u20ac\u00a0<\/strong><strong>25,90<\/strong> (\u20ac 12,33\/m\u00b2)<\/li>\n<li><strong>10,4 m\u00b2<\/strong> (1,3 x 8 m) &#8211; <strong>\u20ac\u00a0<\/strong><strong>79,50<\/strong> (\u20ac 7,64\/m\u00b2)<\/li>\n<li><strong>28 m\u00b2 <\/strong>(1,75 x 16 m) &#8211; <strong>\u20ac\u00a0<\/strong><strong>175,00 <\/strong>(\u20ac 6,25\/m\u00b2)<\/li>\n<\/ul>\n<h3><\/h3>\n<h3>Einbauanleitung<\/h3>\n<p><a href=\"https:\/\/lite-soil.com\/de\/slopes-vegetation-permanent-greening\/\">B\u00d6SCHUNGEN\/ANWACHSEN<\/a>: Bei H\u00e4ngen wird LITE-NET als Wachstumshilfe auf der Oberfl\u00e4che verlegt.<\/p>\n<p><a href=\"https:\/\/lite-soil.com\/de\/trees-shrubs-bushes\/\">B\u00c4UME, STR\u00c4UCHER UND B\u00dcSCHE<\/a>: Wickeln Sie ein entsprechend zugeschnittenes St\u00fcck LITE-NET um den Wurzelballen, um Wasser und Luft von der Oberfl\u00e4che direkt zu den Wurzeln zu leiten. Als zus\u00e4tzlichen Wasserspeicher legen Sie ein weiteres LITE-NET horizontal in das Baumloch. Dadurch wird sichergestellt, dass der tiefe Wurzelraum optimal versorgt wird.<\/p>\n<p><a href=\"https:\/\/lite-soil.com\/de\/raised-planting-beds-garden-beds-vegetable-beds\/\">HOCHBEETE,\u00a0 BEETE, GEM\u00dcSEBEETE<\/a>,\u00a0<a href=\"https:\/\/lite-soil.com\/de\/lawn-rolled-turf\/\">RASEN &#038; SPORTPL\u00c4TZE<\/a>: Legen Sie das auseinandergezogene LITE-NET aus und bedecken Sie es mit Erde bis zur Wurzeltiefe (ca. 10 cm bei Rasenfl\u00e4chen). Mit Erde bedecken (idealerweise mit LITE-STRIPS gemischt), fertig.<\/p>\n<p><strong>Vorteile<\/strong><\/p>\n<ul>\n<li>Nur halb so oft gie\u00dfen<\/li>\n<li>Verteilt Wasser und Luft genau dort, wo die Pflanzen es brauchen: direkt an den Wurzeln<\/li>\n<li>Wurzeln k\u00f6nnen durch das Netz wachsen<\/li>\n<li>L\u00e4sst sich leicht zuschneiden<\/li>\n<li>Einfache Installation<\/li>\n<li>Ideal f\u00fcr torffreie B\u00f6den<\/li>\n<li>Das extrem flexible Netz passt sich perfekt an den Boden an, f\u00f6rdert das Pflanzenwachstum und reduziert potenzielle Erosion.<\/li>\n<\/ul>\n<p><iframe loading=\"lazy\" title=\"\ud83c\udf31SO SPAREN SIE WASSER bei der BEW\u00c4SSERUNG von RASEN und B\u00c4UMEN mit LITE-NET #Wassersparen\" width=\"500\" height=\"281\" src=\"https:\/\/www.youtube.com\/embed\/DDeWFnZszTY?feature=oembed\" frameborder=\"0\" allow=\"accelerometer; autoplay; clipboard-write; encrypted-media; gyroscope; picture-in-picture; web-share\" referrerpolicy=\"strict-origin-when-cross-origin\" allowfullscreen><\/iframe><\/p>\n<p>F\u00fcr gro\u00dfe Projekte, bitte kontaktieren Sie uns\u00a0<a href=\"https:\/\/lite-soil.com\/de\/about\/#contact_us\">hier<\/a>.<\/p>\n","protected":false},"excerpt":{"rendered":"<p>Wasserspeicher f\u00fcr Pflanzen in Netform<\/p>\n<p>Das LITE-NET PP &#8211; Wasserspeichernetz versorgt Pflanzen wie eine Wasserader \u00fcber eine gro\u00dfe Fl\u00e4che.<\/p>\n<p><strong>Gr\u00f6\u00dfe<\/strong>: 2,1 m\u00b2 | 10,4 m\u00b2 | 28 m\u00b2<br \/>\n<strong>Material<\/strong>: 100 % Polypropylen (PP). Dauerhaft und nachhaltig<br \/>\nIn \u00d6sterreich hergestellt.<\/p>\n","protected":false},"featured_media":278,"comment_status":"closed","ping_status":"closed","template":"","meta":[],"product_brand":[],"product_cat":[88],"product_tag":[26,74,75,76,77,78,79,80,81,82,83],"class_list":{"0":"post-556","1":"product","2":"type-product","3":"status-publish","4":"has-post-thumbnail","6":"product_cat-lite-net","7":"product_tag-urban-gardening","8":"product_tag-athletic-fields","9":"product_tag-bushes-shrubs","10":"product_tag-lawns","11":"product_tag-planting-beds","12":"product_tag-raised-planting-beds","13":"product_tag-roof-greening","14":"product_tag-slope-vegetation","15":"product_tag-soccer-fields","16":"product_tag-trees","17":"product_tag-vegetable-beds","19":"first","20":"instock","21":"taxable","22":"shipping-taxable","23":"purchasable","24":"product-type-variable"},"_links":{"self":[{"href":"https:\/\/lite-soil.com\/de\/wp-json\/wp\/v2\/product\/556","targetHints":{"allow":["GET"]}}],"collection":[{"href":"https:\/\/lite-soil.com\/de\/wp-json\/wp\/v2\/product"}],"about":[{"href":"https:\/\/lite-soil.com\/de\/wp-json\/wp\/v2\/types\/product"}],"replies":[{"embeddable":true,"href":"https:\/\/lite-soil.com\/de\/wp-json\/wp\/v2\/comments?post=556"}],"wp:featuredmedia":[{"embeddable":true,"href":"https:\/\/lite-soil.com\/de\/wp-json\/wp\/v2\/media\/278"}],"wp:attachment":[{"href":"https:\/\/lite-soil.com\/de\/wp-json\/wp\/v2\/media?parent=556"}],"wp:term":[{"taxonomy":"product_brand","embeddable":true,"href":"https:\/\/lite-soil.com\/de\/wp-json\/wp\/v2\/product_brand?post=556"},{"taxonomy":"product_cat","embeddable":true,"href":"https:\/\/lite-soil.com\/de\/wp-json\/wp\/v2\/product_cat?post=556"},{"taxonomy":"product_tag","embeddable":true,"href":"https:\/\/lite-soil.com\/de\/wp-json\/wp\/v2\/product_tag?post=556"}],"curies":[{"name":"wp","href":"https:\/\/api.w.org\/{rel}","templated":true}]}}