{"id":560,"date":"2025-05-25T17:15:29","date_gmt":"2025-05-25T17:15:29","guid":{"rendered":"https:\/\/lite-soil.com\/?post_type=product&#038;p=560"},"modified":"2025-11-13T13:26:04","modified_gmt":"2025-11-13T13:26:04","slug":"lite-pot-xl","status":"publish","type":"product","link":"https:\/\/lite-soil.com\/de\/product\/lite-pot-xl\/","title":{"rendered":"LITE-POT XL: <br> 85 x 200 cm"},"content":{"rendered":"<p>LITE-POT XL Wasserspeichervlies: Wasserspeicher- und Drainagevlies f\u00fcr gro\u00dfe T\u00f6pfe und Pflanzentr\u00f6ge zum selber Zuschneiden! Einerseits speichert die 13 mm dicke.\u00a0 LITE-POT XL\u00a0Vlieseinlage wie ein Schwamm \u00fcbersch\u00fcssiges Wasser und zus\u00e4tzlich drainiert es \u00fcbersch\u00fcssiges Wasser durch die Ausfluss &#8211; L\u00f6cher am Boden des Topfes ab. Dadurch k\u00f6nnen die Pflanzen auch nicht \u00fcbergossen werden. Durch die L\u00f6cher in Kombination mit der Vlieseinlage am Boden k\u00f6nnen die Wurzeln auch von unten fl\u00e4chig bel\u00fcftet werden.<\/p>\n<p>Die LITE-POT XL\u00a0Vlieseinlage speichert das Wasser und gibt es bei Bedarf sp\u00e4ter wieder an die Pflanze ab.\u00a0LITE-POT XLerspart das t\u00e4gliche Gie\u00dfen und vereinfacht die Pflege Ihrer Pflanzen. Das recycelte Wasserspeichervlies kann mehrfach verwendet werden und speichert ca. 12 l\/m<sup>2<\/sup> Wasser. aus 100 % recyceltes Polyester und wird in \u00d6sterreich hergestellt.<\/p>\n<p>Au\u00dferdem wird ein Aufplatzen im Winter durch Wasseransammlungen verhindert. Durch die Filterfunktion wird die Erde zur\u00fcckgehalten und reduziert so eine Verschmutzung des umliegenden Bodens bzw. Terrasse\/Balkon.<\/p>\n<p><strong>100% NACHHALTIG, RECYCELT, DAUERHAFT UND WIEDERVERWENDBAR<\/strong><\/p>\n<p><strong>Anwendung<\/strong><\/p>\n<p><a href=\"https:\/\/lite-soil.com\/de\/pots-planters-balcony-boxes\/\">BALKONK\u00c4STEN, T\u00d6PFE &#038; PFLANZENTR\u00d6GE<\/a><\/p>\n<p><strong>Einbauanleitung<\/strong><\/p>\n<p>LITE-POT XL\u00a0ist sehr einfach zu verwenden! Legen Sie LITE-POT XL\u00a0auf den Boden des\u00a0Pflanztrogs, idealerweise mit der etwas dichteren Seite obenauf. Bei Bedarf einfach zuschneiden, die Vlieseinlage kann auch seitlich etwas hochgezogen werden. Dar\u00fcber geben Sie Erde, bepflanzen, ausreichend bew\u00e4ssern, fertig! Ideal mit unserer\u00a0LITE-STRIPS\u00a0kombinierbar.<\/p>\n<p><strong>Vorteile<\/strong><\/p>\n<ul>\n<li>Versorgt Ihre Pflanzen f\u00fcr mehrere Tage mit Wasser<\/li>\n<li>Wiederverwendbar<\/li>\n<li>Kann ganz einfach zugeschnitten werden<\/li>\n<li>Ideal f\u00fcr l\u00e4ngere Abwesenheiten wie Urlaub, Dienstreisen<\/li>\n<li>Pflanzen k\u00f6nnen nicht \u00fcbergossen werden<\/li>\n<li>Verschmutzung durch Erde wird reduziert<\/li>\n<li>Fl\u00e4chige Bel\u00fcftung der Wurzeln von unten<\/li>\n<\/ul>\n<p><strong>Anzahl &#038; Gr\u00f6\u00dfe<\/strong><\/p>\n<p>1 Stk. 85 x 200 cm<\/p>\n<div class=\"fluid-width-video-wrapper\"><iframe title=\"VLIESEINLAGE F\u00dcR BALKONKISTEN UND T\u00d6PFE\ud83e\udeb4 LITE-POT #wassersparen\" src=\"https:\/\/www.youtube.com\/embed\/fL_B6kHe_HI?feature=oembed\" name=\"fitvid0\" allowfullscreen=\"allowfullscreen\" data-mce-fragment=\"1\"><\/iframe><\/div>\n<p>F\u00fcr gro\u00dfe Projekte, bitte kontaktieren Sie uns\u00a0<a href=\"https:\/\/lite-soil.com\/de\/about\/#contact_us\">hier<\/a>.<\/p>\n","protected":false},"excerpt":{"rendered":"<div class=\"et_pb_module et_pb_wc_description et_pb_wc_description_0_tb_body et_pb_bg_layout_light et_pb_text_align_left\">\n<div class=\"et_pb_module_inner\">\n<p>Wasserspeicher- und Drainagevlies f\u00fcr gro\u00dfe T\u00f6pfe und Pflanzentr\u00f6ge zum selber zuschneiden<\/p>\n<p>Einerseits speichert die 13 mm dicke\u00a0 LITE-POT XL\u00a0Vlieseinlage wie ein Schwamm \u00fcbersch\u00fcssiges Wasser und zus\u00e4tzlich drainiert es \u00fcbersch\u00fcssiges Wasser durch die Ausfluss\u00a0\u2013 L\u00f6cher am Boden des Topfes ab.<\/p>\n<\/div>\n<\/div>\n<div class=\"et_pb_module et_pb_wc_price et_pb_wc_price_0_tb_body et_pb_text_align_right\">\n<div class=\"et_pb_module_inner\"><strong>100% NACHHALTIG, RECYCELT, DAUERHAFT UND WIEDERVERWENDBAR<\/strong><\/div>\n<\/div>\n<div><\/div>\n<div>Hergestellt in \u00d6sterreich<\/div>\n","protected":false},"featured_media":283,"comment_status":"closed","ping_status":"closed","template":"","meta":[],"product_brand":[],"product_cat":[99],"product_tag":[26,68],"class_list":{"0":"post-560","1":"product","2":"type-product","3":"status-publish","4":"has-post-thumbnail","6":"product_cat-lite-pot_holiday-bag","7":"product_tag-urban-gardening","8":"product_tag-balcony-boxes","10":"first","11":"instock","12":"taxable","13":"shipping-taxable","14":"purchasable","15":"product-type-simple"},"_links":{"self":[{"href":"https:\/\/lite-soil.com\/de\/wp-json\/wp\/v2\/product\/560","targetHints":{"allow":["GET"]}}],"collection":[{"href":"https:\/\/lite-soil.com\/de\/wp-json\/wp\/v2\/product"}],"about":[{"href":"https:\/\/lite-soil.com\/de\/wp-json\/wp\/v2\/types\/product"}],"replies":[{"embeddable":true,"href":"https:\/\/lite-soil.com\/de\/wp-json\/wp\/v2\/comments?post=560"}],"wp:featuredmedia":[{"embeddable":true,"href":"https:\/\/lite-soil.com\/de\/wp-json\/wp\/v2\/media\/283"}],"wp:attachment":[{"href":"https:\/\/lite-soil.com\/de\/wp-json\/wp\/v2\/media?parent=560"}],"wp:term":[{"taxonomy":"product_brand","embeddable":true,"href":"https:\/\/lite-soil.com\/de\/wp-json\/wp\/v2\/product_brand?post=560"},{"taxonomy":"product_cat","embeddable":true,"href":"https:\/\/lite-soil.com\/de\/wp-json\/wp\/v2\/product_cat?post=560"},{"taxonomy":"product_tag","embeddable":true,"href":"https:\/\/lite-soil.com\/de\/wp-json\/wp\/v2\/product_tag?post=560"}],"curies":[{"name":"wp","href":"https:\/\/api.w.org\/{rel}","templated":true}]}}