{"id":938,"date":"2025-06-16T21:18:25","date_gmt":"2025-06-16T21:18:25","guid":{"rendered":"https:\/\/lite-soil.com\/?post_type=product&#038;p=938"},"modified":"2025-11-13T12:01:06","modified_gmt":"2025-11-13T12:01:06","slug":"lite-strips-bio5","status":"publish","type":"product","link":"https:\/\/lite-soil.com\/de\/product\/lite-strips-bio5\/","title":{"rendered":"LITE-STRIPS <br> Bio5"},"content":{"rendered":"<h2>Wasserspeicher f\u00fcr Pflanzen<\/h2>\n<p>LITE-STRIPS Abbaubare Wasserspeicher werden einfach in die Erde eingemischt. \u00a0Dadurch befinden sich viele Wasserspeicher direkt in Wurzeln\u00e4he. Ihre Pflanzen k\u00f6nnen bei Bedarf einfacher und effektiver auf das Wasser zugreifen. Die 7 cm langen LITE-STRIPS Bio5 k\u00f6nnen nicht \u00fcbergossen werden, sparen Wasser und machen die Erde durchl\u00e4ssiger. Hergestellt in \u00d6sterreich.<\/p>\n<p><strong>100% BIOLOGISCH KOMPOSTIERBAR<\/strong><\/p>\n<p>Die biologischen Wasserspeicher Streifen Bio5 sind nach ca. 5-10 Jahren vollst\u00e4ndig biologisch abgebaut bzw. kompostiert.<\/p>\n<h3><\/h3>\n<h3>Product<\/h3>\n<h3>Lite-Strips Bio5<\/h3>\n<p>70 % PLA + 30 % Zellulose<br \/>\n100 % biol. abbaubar\/kompostierbar<br \/>\nH\u00e4lt ca. 5 &#8211; 10\u00a0 Jahre<br \/>\nF\u00fcr mehrj\u00e4hrige Pflanzen &#038; mehrfach verwendbar<\/p>\n<p><strong>Einheit &#8211; Preis &#8211; Bis zu<\/strong><\/p>\n<ul>\n<li><strong>2,5 l<\/strong> (120 g ) &#8211; <strong>\u20ac\u00a0<\/strong><strong>16,50<\/strong> (\u20ac 6,6\/l) &#8211; <strong>50 l Erde<\/strong> (5 m\u00b2 Rasen)<\/li>\n<li><strong>10 l<\/strong> (480 g ) &#8211; <strong>\u20ac\u00a0<\/strong><strong>42,00 <\/strong>(\u20ac 4,2\/l) &#8211; <strong>200 l Erde<\/strong> (20 m\u00b2 Rasen)<\/li>\n<li><strong>25 l<\/strong> (1200 g ) &#8211; <strong>\u20ac\u00a0<\/strong><strong>79,80 <\/strong>(\u20ac 3,19\/l) &#8211; <strong>500 l Erde<\/strong> (50 m\u00b2 Rasen)<\/li>\n<\/ul>\n<h3><\/h3>\n<h3>Einbauanleitung<\/h3>\n<p><a href=\"https:\/\/lite-soil.com\/de\/trees-shrubs-bushes\/\">B\u00c4UME, B\u00dcSCHE &#038; STR\u00c4UCHER<\/a>: Mischen Sie ca. 10-20 l pro Grube in der N\u00e4he des Wurzelballens in die Erde ein.<\/p>\n<p><a href=\"https:\/\/lite-soil.com\/de\/raised-planting-beds-garden-beds-vegetable-beds\/\">HOCHBEETE<\/a> &#038; <a href=\"https:\/\/lite-soil.com\/de\/pots-planters-balcony-boxes\/\">PFLANZENTR\u00d6GE<\/a>:\u00a0Mischen Sie ca. 5-10 % des Volumens in die Erde ein. LITE-STRIPS Bio5\u00a0helfen Pflanzen \u00fcber l\u00e4ngere Trockenperioden hinweg.<\/p>\n<p><a href=\"https:\/\/lite-soil.com\/de\/lawn-rolled-turf\/\">RASEN,\u00a0SPORTPL\u00c4TZE, FU\u00dfBALLPL\u00c4TZE<\/a> &#038;\u00a0<a href=\"https:\/\/lite-soil.com\/de\/slopes-vegetation-permanent-greening\/\">B\u00d6SCHUNGEN<\/a><strong>:<\/strong>\u00a0Mischen Sie pro m\u00b2 ca. 1 l LITE-STRIPS Bio5bis auf Wurzeltiefe in die Erdschicht ein, z. B. mit einer Harke.<\/p>\n<p><a href=\"https:\/\/lite-soil.com\/de\/roof-greening\/\">DACHBEGR\u00dcNUNG<\/a>: Mischen Sie je nach Aufbaudicke pro m\u00b2 ca. 1-2 l LITE-STRIPS\u00a0in das Substrat.<\/p>\n<h3>Vorteile<\/h3>\n<ul>\n<li>Nur noch halb so oft Gie\u00dfen<\/li>\n<li>F\u00fcr den Innen- und Au\u00dfenbereich<\/li>\n<li>Speichert Wasser direkt bei den Wurzeln<\/li>\n<li>Besseres Anwachsen, nachhaltiges Wachstum<\/li>\n<li>Aufgelockerte und besser durchl\u00fcftete Erde<\/li>\n<li>Ideal auch f\u00fcr torffreie Erde!<\/li>\n<\/ul>\n<div class=\"et_pb_tab_content\">1 Kilo LITE-STRIPS speichert bis zu 10 Liter Wasser!<\/div>\n<div><\/div>\n<div class=\"et_pb_tab_content\">\n<p><iframe loading=\"lazy\" title=\"\ud83d\udca7die DEFINITIVE METHODE WASSER SPAREN f\u00fcr Pflanzen LITE-STRIPS #wassersparen\" width=\"500\" height=\"281\" src=\"https:\/\/www.youtube.com\/embed\/sI186PhiNO4?feature=oembed\" frameborder=\"0\" allow=\"accelerometer; autoplay; clipboard-write; encrypted-media; gyroscope; picture-in-picture; web-share\" referrerpolicy=\"strict-origin-when-cross-origin\" allowfullscreen><\/iframe><\/p>\n<p>F\u00fcr gro\u00dfe Projekte, bitte kontaktieren Sie uns\u00a0<a href=\"https:\/\/lite-soil.com\/de\/about\/#contact_us\">hier<\/a><strong>.<\/strong><\/p>\n<\/div>\n","protected":false},"excerpt":{"rendered":"<p>Biologisch abbaubare Wasserspeicher f\u00fcr Pflanzen.<\/p>\n<p>Die in Wurzeln\u00e4he eingebrachten LITE-STRIPS Bio5 sind Vliesstreifen, die in die Erde eingemischt werden, um Wasser und Zeit f\u00fcr das Gie\u00dfen zu sparen.<br \/>\nOptimal f\u00fcr Topfpflanzen, Balkonpflanzen, Hochbeete, Rasen, und viel mehr.<\/p>\n<p>Bitte w\u00e4hlen Sie das gew\u00fcnschte Volumen:<br \/>\n<strong>Volumen<\/strong>: 2,5l | 10l\u00a0 | 25l<br \/>\n<strong>Material<\/strong>: Ca. 70 x 12 x 6 mm Streifen aus 70% PLA (Polylactide) + 30% Zellulosefasern. Hergestellt in \u00d6sterreich.<\/p>\n","protected":false},"featured_media":1508,"comment_status":"closed","ping_status":"closed","template":"","meta":[],"product_brand":[],"product_cat":[98],"product_tag":[79,86,85,84,83,82,81,80,78,77,76,75,74,68,26],"class_list":{"0":"post-938","1":"product","2":"type-product","3":"status-publish","4":"has-post-thumbnail","6":"product_cat-lite-strips","7":"product_tag-roof-greening","8":"product_tag-planters","9":"product_tag-flower-pots","10":"product_tag-flower-boxes","11":"product_tag-vegetable-beds","12":"product_tag-trees","13":"product_tag-soccer-fields","14":"product_tag-slope-vegetation","15":"product_tag-raised-planting-beds","16":"product_tag-planting-beds","17":"product_tag-lawns","18":"product_tag-bushes-shrubs","19":"product_tag-athletic-fields","20":"product_tag-balcony-boxes","21":"product_tag-urban-gardening","23":"first","24":"instock","25":"taxable","26":"shipping-taxable","27":"purchasable","28":"product-type-variable"},"_links":{"self":[{"href":"https:\/\/lite-soil.com\/de\/wp-json\/wp\/v2\/product\/938","targetHints":{"allow":["GET"]}}],"collection":[{"href":"https:\/\/lite-soil.com\/de\/wp-json\/wp\/v2\/product"}],"about":[{"href":"https:\/\/lite-soil.com\/de\/wp-json\/wp\/v2\/types\/product"}],"replies":[{"embeddable":true,"href":"https:\/\/lite-soil.com\/de\/wp-json\/wp\/v2\/comments?post=938"}],"wp:featuredmedia":[{"embeddable":true,"href":"https:\/\/lite-soil.com\/de\/wp-json\/wp\/v2\/media\/1508"}],"wp:attachment":[{"href":"https:\/\/lite-soil.com\/de\/wp-json\/wp\/v2\/media?parent=938"}],"wp:term":[{"taxonomy":"product_brand","embeddable":true,"href":"https:\/\/lite-soil.com\/de\/wp-json\/wp\/v2\/product_brand?post=938"},{"taxonomy":"product_cat","embeddable":true,"href":"https:\/\/lite-soil.com\/de\/wp-json\/wp\/v2\/product_cat?post=938"},{"taxonomy":"product_tag","embeddable":true,"href":"https:\/\/lite-soil.com\/de\/wp-json\/wp\/v2\/product_tag?post=938"}],"curies":[{"name":"wp","href":"https:\/\/api.w.org\/{rel}","templated":true}]}}