{"id":948,"date":"2025-06-16T21:21:21","date_gmt":"2025-06-16T21:21:21","guid":{"rendered":"https:\/\/lite-soil.com\/?post_type=product&#038;p=948"},"modified":"2025-11-13T12:06:24","modified_gmt":"2025-11-13T12:06:24","slug":"lite-strips-pp","status":"publish","type":"product","link":"https:\/\/lite-soil.com\/de\/product\/lite-strips-pp\/","title":{"rendered":"LITE-STRIPS  <br> PP"},"content":{"rendered":"<h3><span style=\"font-family: 'Open Sans',sans-serif; color: black;\">Wasserspeicher f\u00fcr Pflanzen<\/span><\/h3>\n<p>Da sich die LITE-STRIPS PP-Wasserspeicher direkt in der N\u00e4he der Wurzeln befinden, k\u00f6nnen Pflanzen bei Bedarf leichter und effektiver auf das Wasser zugreifen, wodurch die Bew\u00e4sserungsintervalle verl\u00e4ngert werden. Die l\u00e4nglichen Lite-Strips leiten Wasser von der Oberfl\u00e4che zu den Wurzeln, machen dichten Boden durchl\u00e4ssiger und fungieren als Substratverbesserer. Hergestellt in \u00d6sterreich.<\/p>\n<p><strong>Dauerhaft und nachhaltig<\/strong><\/p>\n<p>Die langlebige und nachhaltige Lite-Strip PP-Variante besteht zu 100 % aus Polypropylenfasern und ist f\u00fcr mehrj\u00e4hrige Pflanzen und die unterirdische Bew\u00e4sserung geeignet.<\/p>\n<p>&nbsp;<\/p>\n<h3>Produkt<\/h3>\n<h3>Lite-Strips PP<\/h3>\n<p>100 % Polypropylen<br \/>\nDauerhaft und nachhaltig<\/p>\n<p>F\u00fcr mehrj\u00e4hrige Pflanzen, unterirdische Bew\u00e4sserung<br \/>\n&#038; mehrfach verwendbar<\/p>\n<p><strong>Einheit \u2013 Preis \u2013 Bis zu<\/strong><\/p>\n<ul>\n<li><strong>2,5 l<\/strong> (120 g ) \u2013 <strong>\u20ac\u00a0<\/strong><strong>16,50<\/strong> (\u20ac 6,6\/l) \u2013 <strong>50 l Erde<\/strong> (5 m\u00b2 Rasen)<\/li>\n<li><strong>10 l<\/strong> (480 g ) \u2013 <strong>\u20ac\u00a0<\/strong><strong>42,00 <\/strong>(\u20ac 4,2\/l) \u2013 <strong>200 l Erde<\/strong> (20 m\u00b2 Rasen)<\/li>\n<li><strong>25 l<\/strong> (1200 g ) \u2013 <strong>\u20ac\u00a0<\/strong><strong>79,80 <\/strong>(\u20ac 3,19\/l)\u00a0 \u2013 <strong>500 l Erde<\/strong> (50 m\u00b2 Rasen)<\/li>\n<\/ul>\n<p>&nbsp;<\/p>\n<h3><span style=\"font-family: 'Open Sans',sans-serif; color: black;\">Einbauanleitung<\/span><\/h3>\n<p><a href=\"https:\/\/lite-soil.com\/de\/trees-shrubs-bushes\/\">B\u00c4UME, B\u00dcSCHE &#038; STR\u00c4UCHER<\/a>: Mischen Sie ca. 10\u201320 l pro Pflanzloch in die Erde in der N\u00e4he des Wurzelballens.<\/p>\n<p><a href=\"https:\/\/lite-soil.com\/de\/raised-planting-beds-garden-beds-vegetable-beds\/\">HOCHBEETE<\/a>\u00a0&#038;\u00a0<a href=\"https:\/\/lite-soil.com\/de\/pots-planters-balcony-boxes\/\">PFLANZENTR\u00d6GE<\/a>:\u00a0 Mischen Sie ca. 5\u201310 % des Volumens in die Erde. LITE-STRIPS PP helfen Pflanzen, l\u00e4ngere Trockenperioden zu \u00fcberstehen. Sie m\u00fcssen weniger oft gie\u00dfen, Pflanzen werden auch in Trockenperioden oder w\u00e4hrend des Urlaubs mit Wasser versorgt.<\/p>\n<p><a href=\"https:\/\/lite-soil.com\/de\/lawn-rolled-turf\/\">RASEN,\u00a0SPORTPL\u00c4TZE, FU\u00dfBALLPL\u00c4TZE<\/a>\u00a0&#038;\u00a0<a href=\"https:\/\/lite-soil.com\/de\/slopes-vegetation-permanent-greening\/\">B\u00d6SCHUNGEN<\/a><strong>:<\/strong>\u00a0 Mischen Sie ca. 0,5\u20131 l LITE-STRIPS PP pro m\u00b2 in die Bodenschicht bis zur Wurzeltiefe ein, z. B. mit einer Harke.<\/p>\n<p><a href=\"https:\/\/lite-soil.com\/de\/roof-greening\/\">DACHBEGR\u00dcNUNG<\/a>: Mischen Sie ca. 1 l LITE-STRIPS PP pro m\u00b2 in das Substrat ein.<\/p>\n<h3><span style=\"font-family: 'Open Sans',sans-serif; color: black;\">Vorteile<\/span><\/h3>\n<ul>\n<li>Nur noch halb so oft Gie\u00dfen<\/li>\n<li>F\u00fcr den Innen- und Au\u00dfenbereich<\/li>\n<li>Speichert Wasser direkt bei den Wurzeln<\/li>\n<li>Besseres Anwachsen, nachhaltiges Wachstum<\/li>\n<li>Aufgelockerte und besser durchl\u00fcftete Erde<\/li>\n<li>Ideal auch f\u00fcr torffreie Erde!<\/li>\n<\/ul>\n<p>1 Kilo LITE-STRIPS speichert bis zu 10 Liter Wasser!<\/p>\n<p>&nbsp;<\/p>\n<div class=\"fluid-width-video-wrapper\"><iframe title=\"\ud83e\udd29\ud83d\udca7die DEFINITIVE METHODE WASSER SPAREN f\u00fcr Pflanzen LITE-STRIPS #wassersparen\" src=\"https:\/\/www.youtube.com\/embed\/sI186PhiNO4?feature=oembed\" name=\"fitvid0\" allowfullscreen=\"allowfullscreen\" data-mce-fragment=\"1\"><\/iframe><\/div>\n<p>&nbsp;<\/p>\n<p>Bei gro\u00dfen Projekten wenden Sie sich bitte an uns <a href=\"https:\/\/lite-soil.com\/de\/about\/#contact_us\">hier<\/a>.<\/p>\n","protected":false},"excerpt":{"rendered":"<p>Dauerhaft und nachhaltig Wasserspeicher f\u00fcr Pflanzen.<\/p>\n<p>Die in Wurzeln\u00e4he eingebrachten LITE-STRIPS PP sind Vliesstreifen, die in die Erde eingemischt werden, um Wasser und Zeit f\u00fcr das Gie\u00dfen zu sparen.<br \/>\nOptimal f\u00fcr Topfpflanzen, Balkonpflanzen, Hochbeete, Rasen, und viel mehr.<\/p>\n<p>Bitte w\u00e4hlen Sie das gew\u00fcnschte Volumen:<br \/>\n<strong>Volumen<\/strong>: 2,5l | 10l\u00a0 | 25l<br \/>\n<strong>Material<\/strong>: Ca. 70 x 12 x 6 mm Streifen aus 100% Polypropylen. Hergestellt in \u00d6sterreich.<\/p>\n","protected":false},"featured_media":1513,"comment_status":"closed","ping_status":"closed","template":"","meta":[],"product_brand":[],"product_cat":[98],"product_tag":[79,86,85,84,83,82,81,80,78,77,76,75,74,68,26],"class_list":{"0":"post-948","1":"product","2":"type-product","3":"status-publish","4":"has-post-thumbnail","6":"product_cat-lite-strips","7":"product_tag-roof-greening","8":"product_tag-planters","9":"product_tag-flower-pots","10":"product_tag-flower-boxes","11":"product_tag-vegetable-beds","12":"product_tag-trees","13":"product_tag-soccer-fields","14":"product_tag-slope-vegetation","15":"product_tag-raised-planting-beds","16":"product_tag-planting-beds","17":"product_tag-lawns","18":"product_tag-bushes-shrubs","19":"product_tag-athletic-fields","20":"product_tag-balcony-boxes","21":"product_tag-urban-gardening","23":"first","24":"instock","25":"taxable","26":"shipping-taxable","27":"purchasable","28":"product-type-variable"},"_links":{"self":[{"href":"https:\/\/lite-soil.com\/de\/wp-json\/wp\/v2\/product\/948","targetHints":{"allow":["GET"]}}],"collection":[{"href":"https:\/\/lite-soil.com\/de\/wp-json\/wp\/v2\/product"}],"about":[{"href":"https:\/\/lite-soil.com\/de\/wp-json\/wp\/v2\/types\/product"}],"replies":[{"embeddable":true,"href":"https:\/\/lite-soil.com\/de\/wp-json\/wp\/v2\/comments?post=948"}],"wp:featuredmedia":[{"embeddable":true,"href":"https:\/\/lite-soil.com\/de\/wp-json\/wp\/v2\/media\/1513"}],"wp:attachment":[{"href":"https:\/\/lite-soil.com\/de\/wp-json\/wp\/v2\/media?parent=948"}],"wp:term":[{"taxonomy":"product_brand","embeddable":true,"href":"https:\/\/lite-soil.com\/de\/wp-json\/wp\/v2\/product_brand?post=948"},{"taxonomy":"product_cat","embeddable":true,"href":"https:\/\/lite-soil.com\/de\/wp-json\/wp\/v2\/product_cat?post=948"},{"taxonomy":"product_tag","embeddable":true,"href":"https:\/\/lite-soil.com\/de\/wp-json\/wp\/v2\/product_tag?post=948"}],"curies":[{"name":"wp","href":"https:\/\/api.w.org\/{rel}","templated":true}]}}