{"id":1357,"date":"2025-06-22T21:47:58","date_gmt":"2025-06-22T21:47:58","guid":{"rendered":"https:\/\/lite-soil.com\/?post_type=product&#038;p=1357"},"modified":"2025-09-09T10:27:02","modified_gmt":"2025-09-09T10:27:02","slug":"lite-strips-bio1-cellulose","status":"publish","type":"product","link":"https:\/\/lite-soil.com\/es\/product\/lite-strips-bio1-cellulose\/","title":{"rendered":"LITE-STRIPS <br> Bio1 Celulosa"},"content":{"rendered":"<div>\n<p>Dado que el almacenamiento de agua para las plantas se encuentra directamente cerca de las ra\u00edces, \u00e9stas pueden acceder al agua con mayor facilidad y eficacia cuando lo necesitan, lo que ampl\u00eda los intervalos de riego. Las LITE-<strong>STRIPS<\/strong> alargadas absorben el agua desde la superficie hasta las ra\u00edces, hacen m\u00e1s permeable el suelo denso y funcionan como mejorador del sustrato.<\/p>\n<p><strong>100% BIODEGRADABLE<\/strong><\/p>\n<p>Las LITE-<strong>STRIPS Bio1<\/strong> est\u00e1n fabricadas con fibras de celulosa y son 100% biodegradables al cabo de aprox. 1-2 a\u00f1os. Est\u00e1n pensadas como soporte en la fase de vegetaci\u00f3n o para plantas de 1 a\u00f1o.<\/p>\n<p><strong>LITE-SOIL ha recibido el sello de calidad \u00abNatur im Garten\u00bb de Nature in the Garden para LITE-STRIPS Bio1 2,5L.<\/strong><\/p>\n<p>El sello de calidad \u00abNatur im Garten\u00bb es una ayuda de orientaci\u00f3n para las personas concienciadas con el medio ambiente que desean utilizar productos de jardiner\u00eda ecol\u00f3gicamente seguros. Todos los productos de jardiner\u00eda cumplen los tres criterios b\u00e1sicos de \u00abNatur im Garten\u00bb: sin pesticidas qu\u00edmicos de s\u00edntesis, sin fertilizantes qu\u00edmicos de s\u00edntesis y sin turba.<\/p>\n<p><strong>\u00c1mbitos de aplicaci\u00f3n e instrucciones de instalaci\u00f3n<\/strong><\/p>\n<p><a href=\"https:\/\/lite-soil.com\/es\/professionals_trees\/\">\u00c1RBOLES Y ARBUSTOS<\/a>: Mezclar aproximadamente 10-20 l por \u00e1rbol en el suelo. LITE-<strong>STRIPS<\/strong> se puede combinar muy bien con <a href=\"https:\/\/lite-soil.com\/es\/professionals_products\/#lite_net_B2B_products\">LITE-<strong>NET<\/strong><\/a>.<\/p>\n<p><a href=\"https:\/\/lite-soil.com\/es\/professionals_raisedpantingbeds\/\">HUERTOS ELEVADOS\u00a0Y\u00a0MACETAS<\/a>: Para las jardineras, mezcle aprox. el 5-10% del volumen en la tierra, para las jardineras elevadas aprox. 5-10l\/m\u00b2. No hay que regar con frecuencia, las plantas reciben agua incluso en periodos secos o de vacaciones.<\/p>\n<p><a href=\"https:\/\/lite-soil.com\/es\/professionals_lawns_athleticfields\/\">C\u00c9SPED, CAMPOS DEPORTIVOS<\/a>\u00a0Y\u00a0<a href=\"https:\/\/lite-soil.com\/es\/professionals_slopes\/\">TALUDES<\/a>: Mezclar aprox. 0,5-1,0 l de LITE-<strong>STRIPS<\/strong> por m\u00b2 en el suelo en profundidad, por ejemplo, con un rastrillo.<\/p>\n<p><a href=\"https:\/\/lite-soil.com\/es\/roof-greening\/\">CUBIERTAS AJARDINADAS<\/a>: Mezcla aprox. 1-2 l de LITE-<strong>STRIPS<\/strong> por m\u00b2 en el sustrato, dependiendo del grosor de la estructura.<\/p>\n<p><a href=\"https:\/\/lite-soil.com\/es\/professionals_lawnturf\/\">C\u00c9SPED ENROLLADO<\/a>: Mezcle aproximadamente 0,5 l por m\u00b2 de LITE-<strong>STRIPS<\/strong> en los 10 cm superiores del suelo.<\/p>\n<p><strong>1 kilo de LITE-STRIPS Bio1 almacena hasta 10 litros de agua.<\/strong><\/p>\n<p>&nbsp;<\/p>\n<p><iframe loading=\"lazy\" title=\"\ud83d\udca7el M\u00c9TODO DEFINITIVO de AHORRO DE AGUA para las plantas LITE-STRIPS #ahorrodeagua\" width=\"500\" height=\"281\" src=\"https:\/\/www.youtube.com\/embed\/dMY36vKyIk0?feature=oembed\" frameborder=\"0\" allow=\"accelerometer; autoplay; clipboard-write; encrypted-media; gyroscope; picture-in-picture; web-share\" referrerpolicy=\"strict-origin-when-cross-origin\" allowfullscreen><\/iframe><\/p>\n<h4><\/h4>\n<h4>Tama\u00f1os para pedidos<\/h4>\n<\/div>\n<ul>\n<li>Box 60 l \u2192 1,2 m\u00b3 (120 m\u00b2 c\u00e9sped)<\/li>\n<li>Box 250 l \u2192 5 m\u00b3 (500 m\u00b2 c\u00e9sped)<\/li>\n<li>Box 5 X 50 l <strong>\u2192\u00a0<\/strong>5 m\u00b3 (500 m\u00b2 c\u00e9sped)<\/li>\n<li>BIG BAG 1 m\u00b3 = 1000 l \u2192 20 m\u00b3 (2000 m\u00b2 c\u00e9sped)<\/li>\n<\/ul>\n<p>&nbsp;<\/p>\n<p>Para pedidos privados, visite nuestra <a href=\"https:\/\/lite-soil.com\/es\/shop-2\/\">tienda online<\/a>.<\/p>\n","protected":false},"excerpt":{"rendered":"<div class=\"et_pb_module et_pb_wc_title et_pb_wc_title_0_tb_body et_pb_bg_layout_light\">\n<div class=\"et_pb_module_inner\"><\/div>\n<\/div>\n<div class=\"et_pb_module et_pb_wc_description et_pb_wc_description_0_tb_body et_pb_bg_layout_light et_pb_text_align_left\">\n<div class=\"et_pb_module_inner\">\n<h4>El almacenamiento de agua para las plantas cerca de las ra\u00edces<\/h4>\n<p>LITE-<strong>STRIPS<\/strong> <strong>Bio1<\/strong> son tiras de tela no tejida 100 % biodegradables de 7 cm de longitud que simplemente se mezclan con el sustrato. Hasta el 90% del volumen del tejido sin tejer puede llenarse de agua y ayudar as\u00ed a las plantas durante largos periodos de sequ\u00eda. 1 kg de LITE-<strong>STRIPS Bio1<\/strong> almacena hasta 10 l de agua disponible para las plantas.<\/p>\n<p>LITE-SOIL ha recibido el sello de aprobaci\u00f3n \u00abNatur im Garten\u00bb de Nature in the Garden para LITE-STRIPS Bio1 2,5L.<\/p>\n<p><strong>Material<\/strong>: 100% fibras de celulosa biodegradables<\/p>\n<p><strong>VENTAJAS<\/strong>:<\/p>\n<ul>\n<li>Riega s\u00f3lo la mitad de veces<\/li>\n<li>Almacena el agua directamente en las ra\u00edces<\/li>\n<li>Mejora del sustrato<\/li>\n<li>Revegetaci\u00f3n sostenible<\/li>\n<li>Instalaci\u00f3n sencilla y f\u00e1cil<\/li>\n<li>Suelo m\u00e1s suelto y mejor aireado<\/li>\n<li>Sustituto ideal de la turba<\/li>\n<li>Peso reducido<\/li>\n<li>Suministro \u00f3ptimo de agua y aire a las plantas<\/li>\n<\/ul>\n<\/div>\n<\/div>\n","protected":false},"featured_media":1482,"comment_status":"closed","ping_status":"closed","template":"","meta":[],"product_brand":[],"product_cat":[97,208,221],"product_tag":[],"class_list":{"0":"post-1357","1":"product","2":"type-product","3":"status-publish","4":"has-post-thumbnail","6":"product_cat-lite-strips_pro","7":"product_cat-pro_lite-strips","8":"product_cat-professional","10":"first","11":"outofstock","12":"taxable","13":"shipping-taxable","14":"product-type-simple"},"_links":{"self":[{"href":"https:\/\/lite-soil.com\/es\/wp-json\/wp\/v2\/product\/1357","targetHints":{"allow":["GET"]}}],"collection":[{"href":"https:\/\/lite-soil.com\/es\/wp-json\/wp\/v2\/product"}],"about":[{"href":"https:\/\/lite-soil.com\/es\/wp-json\/wp\/v2\/types\/product"}],"replies":[{"embeddable":true,"href":"https:\/\/lite-soil.com\/es\/wp-json\/wp\/v2\/comments?post=1357"}],"wp:featuredmedia":[{"embeddable":true,"href":"https:\/\/lite-soil.com\/es\/wp-json\/wp\/v2\/media\/1482"}],"wp:attachment":[{"href":"https:\/\/lite-soil.com\/es\/wp-json\/wp\/v2\/media?parent=1357"}],"wp:term":[{"taxonomy":"product_brand","embeddable":true,"href":"https:\/\/lite-soil.com\/es\/wp-json\/wp\/v2\/product_brand?post=1357"},{"taxonomy":"product_cat","embeddable":true,"href":"https:\/\/lite-soil.com\/es\/wp-json\/wp\/v2\/product_cat?post=1357"},{"taxonomy":"product_tag","embeddable":true,"href":"https:\/\/lite-soil.com\/es\/wp-json\/wp\/v2\/product_tag?post=1357"}],"curies":[{"name":"wp","href":"https:\/\/api.w.org\/{rel}","templated":true}]}}