{"id":1359,"date":"2025-06-22T19:23:10","date_gmt":"2025-06-22T19:23:10","guid":{"rendered":"https:\/\/lite-soil.com\/?post_type=product&#038;p=1359"},"modified":"2025-09-09T10:32:13","modified_gmt":"2025-09-09T10:32:13","slug":"lite-strips-bio5-pla","status":"publish","type":"product","link":"https:\/\/lite-soil.com\/es\/product\/lite-strips-bio5-pla\/","title":{"rendered":"LITE-STRIPS <br> Bio5 PLA"},"content":{"rendered":"<p>Dado que el almacenamiento de agua para las plantas se encuentra directamente cerca de las ra\u00edces, \u00e9stas pueden acceder al agua con mayor facilidad y eficacia cuando lo necesitan, ampliando los intervalos de riego. Las Lite-Strips alargadas arrastran el agua desde la superficie hasta las ra\u00edces, hacen que el suelo denso sea m\u00e1s permeable y funcionan como enmienda del sustrato.<\/p>\n<p><strong>100% BIODEGRADABLE<\/strong><\/p>\n<p>Los LITE-<strong>STRIPS Bio5<\/strong> se componen de un 30% de celulosa + un 70% de PLA y se biodegradan\/compostean al 100% despu\u00e9s de unos 5-10 a\u00f1os. Se utilizan en una amplia gama de aplicaciones.<\/p>\n<p><strong>\u00c1reas de aplicaci\u00f3n e instrucciones de instalaci\u00f3n<\/strong><\/p>\n<p><a href=\"https:\/\/lite-soil.com\/es\/professionals_trees\/\">\u00c1RBOLES Y ARBUSTOS<\/a>: Mezclar aproximadamente 10-20 l por \u00e1rbol en el suelo. LITE-<strong>STRIPS<\/strong> se puede combinar muy bien con <a href=\"https:\/\/lite-soil.com\/es\/professionals_products\/#lite_net_B2B_products\">LITE-<strong>NET<\/strong><\/a>.<\/p>\n<p><a href=\"https:\/\/lite-soil.com\/es\/professionals_raisedpantingbeds\/\">HUERTOS ELEVADOS\u00a0Y\u00a0MACETAS<\/a>: Para las jardineras, mezcle aprox. el 5-10% del volumen en la tierra, para las jardineras elevadas aprox. 5-10l\/m\u00b2. No hay que regar con frecuencia, las plantas reciben agua incluso en periodos secos o de vacaciones.<\/p>\n<p><a href=\"https:\/\/lite-soil.com\/es\/professionals_lawns_athleticfields\/\">C\u00c9SPED, CAMPOS DEPORTIVOS<\/a>\u00a0Y\u00a0<a href=\"https:\/\/lite-soil.com\/es\/professionals_slopes\/\">TALUDES<\/a> Mezclar aprox. 0,5-1,0 l de LITE-<strong>STRIPS<\/strong> por m\u00b2 en el suelo en profundidad, por ejemplo, con un rastrillo.<\/p>\n<p><a href=\"https:\/\/lite-soil.com\/es\/professionals_greenroofs\/\">CUBIERTAS AJARDINADAS<\/a>: Mezclar aproximadamente 1,0 l de LITE-<strong>STRIPS<\/strong> por m\u00b2 en el sustrato.<\/p>\n<p><strong><span style=\"font-size: 13.5pt; font-family: 'Open Sans',sans-serif; color: black;\">1 kilo de LITE-STRIPS Bio1 almacena hasta 10 litros de agua.<\/span><\/strong><\/p>\n<p><iframe loading=\"lazy\" title=\"\ud83d\udca7el M\u00c9TODO DEFINITIVO de AHORRO DE AGUA para las plantas LITE-STRIPS #ahorrodeagua\" width=\"500\" height=\"281\" src=\"https:\/\/www.youtube.com\/embed\/dMY36vKyIk0?feature=oembed\" frameborder=\"0\" allow=\"accelerometer; autoplay; clipboard-write; encrypted-media; gyroscope; picture-in-picture; web-share\" referrerpolicy=\"strict-origin-when-cross-origin\" allowfullscreen><\/iframe><\/p>\n<p>&nbsp;<\/p>\n<div>\n<h4>Tama\u00f1os para pedidos<\/h4>\n<\/div>\n<ul>\n<li>Box 60 l \u2192 1,2 m\u00b3 (120 m\u00b2 c\u00e9sped)<\/li>\n<li>Box 250 l \u2192 5 m\u00b3 (500 m\u00b2 c\u00e9sped)<\/li>\n<li>Box 5 X 50 l <strong>\u2192\u00a0<\/strong>5 m\u00b3 (500 m\u00b2 c\u00e9sped)<\/li>\n<li>BIG BAG 1 m\u00b3 = 1000 l \u2192 20 m\u00b3 (2000 m\u00b2 c\u00e9sped)<\/li>\n<\/ul>\n<p>&nbsp;<\/p>\n<p>Para pedidos privados, visite nuestra <a href=\"https:\/\/lite-soil.com\/es\/shop-2\/\">tienda en l\u00ednea<\/a>.<\/p>\n","protected":false},"excerpt":{"rendered":"<p><strong>El dep\u00f3sito de agua cerca de la ra\u00edz para las plantas<\/strong><\/p>\n<p>LITE-<strong>STRIPS Bio5<\/strong> son tiras de vell\u00f3n 100 % biodegradables\/compostables de 7 cm de longitud que simplemente se mezclan con el sustrato. Hasta el 90 % del volumen del vell\u00f3n puede llenarse de agua, lo que ayuda a las plantas a sobrevivir m\u00e1s tiempo secas. 1 kg de LITE-<strong>STRIPS Bio5<\/strong> almacena hasta 10 litros de agua disponible para las plantas.<\/p>\n<p><strong>Material<\/strong>: de 70% de PLA (polilactida) + 30% de fibras de celulosa.<\/p>\n<p><strong>VENTAJAS<\/strong>:<\/p>\n<ul>\n<li>Riego con la mitad de frecuencia<\/li>\n<li>Almacena el agua directamente en las ra\u00edces<\/li>\n<li>Mejora del sustrato<\/li>\n<li>Revegetaci\u00f3n sostenible<\/li>\n<li>Instalaci\u00f3n f\u00e1cil y sencilla<\/li>\n<li>Suelo m\u00e1s suelto y mejor aireado<\/li>\n<li>Sustituto ideal de la turba<\/li>\n<li>Peso reducido<\/li>\n<li>Suministro \u00f3ptimo de agua y aire a las plantas<\/li>\n<\/ul>\n","protected":false},"featured_media":1250,"comment_status":"closed","ping_status":"closed","template":"","meta":[],"product_brand":[],"product_cat":[208,113,112,111,110,105,103,102,101,97],"product_tag":[116,115,114],"class_list":{"0":"post-1359","1":"product","2":"type-product","3":"status-publish","4":"has-post-thumbnail","6":"product_cat-pro_lite-strips","7":"product_cat-agriculture","8":"product_cat-raised-planting-beds-troughs","9":"product_cat-drainage","10":"product_cat-aerification","11":"product_cat-athletic-fields","12":"product_cat-lawn","13":"product_cat-slopes","14":"product_cat-trees","15":"product_cat-lite-strips_pro","16":"product_tag-sustainable","17":"product_tag-biologically-compostable","18":"product_tag-70-pla-polyactide-30-zellulosefasern","20":"first","21":"outofstock","22":"virtual","23":"taxable","24":"product-type-simple"},"_links":{"self":[{"href":"https:\/\/lite-soil.com\/es\/wp-json\/wp\/v2\/product\/1359","targetHints":{"allow":["GET"]}}],"collection":[{"href":"https:\/\/lite-soil.com\/es\/wp-json\/wp\/v2\/product"}],"about":[{"href":"https:\/\/lite-soil.com\/es\/wp-json\/wp\/v2\/types\/product"}],"replies":[{"embeddable":true,"href":"https:\/\/lite-soil.com\/es\/wp-json\/wp\/v2\/comments?post=1359"}],"wp:featuredmedia":[{"embeddable":true,"href":"https:\/\/lite-soil.com\/es\/wp-json\/wp\/v2\/media\/1250"}],"wp:attachment":[{"href":"https:\/\/lite-soil.com\/es\/wp-json\/wp\/v2\/media?parent=1359"}],"wp:term":[{"taxonomy":"product_brand","embeddable":true,"href":"https:\/\/lite-soil.com\/es\/wp-json\/wp\/v2\/product_brand?post=1359"},{"taxonomy":"product_cat","embeddable":true,"href":"https:\/\/lite-soil.com\/es\/wp-json\/wp\/v2\/product_cat?post=1359"},{"taxonomy":"product_tag","embeddable":true,"href":"https:\/\/lite-soil.com\/es\/wp-json\/wp\/v2\/product_tag?post=1359"}],"curies":[{"name":"wp","href":"https:\/\/api.w.org\/{rel}","templated":true}]}}