{"id":1361,"date":"2025-06-22T19:23:10","date_gmt":"2025-06-22T19:23:10","guid":{"rendered":"https:\/\/lite-soil.com\/?post_type=product&#038;p=1361"},"modified":"2025-08-26T09:30:46","modified_gmt":"2025-08-26T09:30:46","slug":"lite-strips-pp-2","status":"publish","type":"product","link":"https:\/\/lite-soil.com\/es\/product\/lite-strips-pp-2\/","title":{"rendered":"LITE-STRIPS <br> PP"},"content":{"rendered":"<p>Dado que el almacenamiento de agua para las plantas se encuentra directamente cerca de las ra\u00edces, \u00e9stas pueden acceder al agua con mayor facilidad y eficacia cuando lo necesitan, ampliando los intervalos de riego. Los LITE-<strong>STRIPS<\/strong> alargados succionan el agua de la superficie a las ra\u00edces, hacen que el suelo denso sea m\u00e1s permeable y funcionan como potenciadores del sustrato.<\/p>\n<p><strong>100% SOSTENIBLE, REUTILIZABLE Y DURADERO<\/strong><\/p>\n<p>Las LITE-<strong>STRIPS PP<\/strong> est\u00e1n fabricadas con polipropileno 100% sostenible, reutilizable y duradero. Se utilizan en una amplia gama de aplicaciones.<\/p>\n<p><strong>\u00c1reas de aplicaci\u00f3n e instrucciones de instalaci\u00f3n<\/strong><\/p>\n<p><a href=\"https:\/\/lite-soil.com\/es\/professionals_trees\/\">\u00c1RBOLES Y ARBUSTOS<\/a>: Mezclar aproximadamente 10-20 l por \u00e1rbol en el suelo. LITE-<strong>STRIPS<\/strong> se puede combinar muy bien con <a href=\"https:\/\/lite-soil.com\/es\/professionals_products\/#lite_net_B2B_products\">LITE-<strong>NET<\/strong><\/a>.<\/p>\n<p><a href=\"https:\/\/lite-soil.com\/es\/professionals_raisedpantingbeds\/\">HUERTOS ELEVADOS\u00a0Y\u00a0MACETAS<\/a>: Para las jardineras, mezcle aprox. el 5-10% del volumen en la tierra, para las jardineras elevadas aprox. 5-10l\/m\u00b2. No hay que regar con frecuencia, las plantas reciben agua incluso en periodos secos o de vacaciones.<\/p>\n<p><a href=\"https:\/\/lite-soil.com\/es\/professionals_lawns_athleticfields\/\">C\u00c9SPED, CAMPOS DEPORTIVOS<\/a>\u00a0Y\u00a0<a href=\"https:\/\/lite-soil.com\/es\/professionals_slopes\/\">TALUDES<\/a>\u00a0 Mezclar aprox. 0,5-1,0 l de LITE-<strong>STRIPS<\/strong> por m\u00b2 en el suelo en profundidad, por ejemplo, con un rastrillo.<\/p>\n<p><a href=\"https:\/\/lite-soil.com\/es\/professionals_greenroofs\/\">CUBIERTAS AJARDINADAS<\/a>: Mezclar aproximadamente 1,0 l de LITE-<strong>STRIPS<\/strong> por m\u00b2 en el sustrato.<\/p>\n<p><strong>1 kilo de LITE-STRIPS Bio1 almacena hasta 10 litros de agua.<\/strong><\/p>\n<p><iframe loading=\"lazy\" title=\"\ud83d\udca7el M\u00c9TODO DEFINITIVO de AHORRO DE AGUA para las plantas LITE-STRIPS #ahorrodeagua\" width=\"500\" height=\"281\" src=\"https:\/\/www.youtube.com\/embed\/dMY36vKyIk0?feature=oembed\" frameborder=\"0\" allow=\"accelerometer; autoplay; clipboard-write; encrypted-media; gyroscope; picture-in-picture; web-share\" referrerpolicy=\"strict-origin-when-cross-origin\" allowfullscreen><\/iframe><\/p>\n<p>&nbsp;<\/p>\n<div>\n<h4>Tama\u00f1os para pedidos<\/h4>\n<\/div>\n<ul>\n<li>Box 60 l \u2192 1,2 m\u00b3 (120 m\u00b2 c\u00e9sped)<\/li>\n<li>Box 250 l \u2192 5 m\u00b3 (500 m\u00b2 c\u00e9sped)<\/li>\n<li>Box 5 X 50 l <strong>\u2192\u00a0<\/strong>5 m\u00b3 (500 m\u00b2 c\u00e9sped)<\/li>\n<li>BIG BAG 1 m\u00b3 = 1000 l \u2192 20 m\u00b3 (2000 m\u00b2 c\u00e9sped)<\/li>\n<\/ul>\n<p>&nbsp;<\/p>\n<p>Para pedidos privados, visite nuestra <a href=\"https:\/\/lite-soil.com\/es\/shop-2\/\">tienda en l\u00ednea<\/a>.<\/p>\n","protected":false},"excerpt":{"rendered":"<p><strong>Los dep\u00f3sitos de agua para las plantas cerca de las ra\u00edces<\/strong><\/p>\n<p>LITE-<strong>STRIPS PP<\/strong> son tiras de vell\u00f3n 100% sostenibles y reutilizables de 7 cm de longitud que simplemente se mezclan con el sustrato. Hasta el 90 % del volumen del vell\u00f3n puede llenarse de agua y ayudar as\u00ed a las plantas a superar per\u00edodos de sequ\u00eda m\u00e1s largos. 1 kg de LITE-<strong>STRIPS PP<\/strong> almacena hasta 10 l de agua disponible para las plantas.<\/p>\n<p><strong>Material<\/strong>: 100% polipropileno<\/p>\n<p><strong>Ventajas:<\/strong><\/p>\n<ul>\n<li>Regar s\u00f3lo la mitad de veces<\/li>\n<li>Almacena el agua directamente en las ra\u00edces<\/li>\n<li>Mejora del sustrato<\/li>\n<li>Ecolog\u00eda sostenible<\/li>\n<li>Instalaci\u00f3n sencilla y f\u00e1cil<\/li>\n<li>Suelo m\u00e1s suelto y mejor aireado<\/li>\n<li>Sustituto ideal de la turba<\/li>\n<li>Bajo peso<\/li>\n<li>Suministro \u00f3ptimo de agua y aire a las plantas<\/li>\n<\/ul>\n","protected":false},"featured_media":1258,"comment_status":"closed","ping_status":"closed","template":"","meta":[],"product_brand":[],"product_cat":[208,118,117,113,112,111,105,103,102,101,97],"product_tag":[119,109],"class_list":{"0":"post-1361","1":"product","2":"type-product","3":"status-publish","4":"has-post-thumbnail","6":"product_cat-pro_lite-strips","7":"product_cat-filter-basin","8":"product_cat-roof-greening","9":"product_cat-agriculture","10":"product_cat-raised-planting-beds-troughs","11":"product_cat-drainage","12":"product_cat-athletic-fields","13":"product_cat-lawn","14":"product_cat-slopes","15":"product_cat-trees","16":"product_cat-lite-strips_pro","17":"product_tag-dauerhaft","18":"product_tag-nachhaltig","20":"first","21":"outofstock","22":"virtual","23":"taxable","24":"product-type-simple"},"_links":{"self":[{"href":"https:\/\/lite-soil.com\/es\/wp-json\/wp\/v2\/product\/1361","targetHints":{"allow":["GET"]}}],"collection":[{"href":"https:\/\/lite-soil.com\/es\/wp-json\/wp\/v2\/product"}],"about":[{"href":"https:\/\/lite-soil.com\/es\/wp-json\/wp\/v2\/types\/product"}],"replies":[{"embeddable":true,"href":"https:\/\/lite-soil.com\/es\/wp-json\/wp\/v2\/comments?post=1361"}],"wp:featuredmedia":[{"embeddable":true,"href":"https:\/\/lite-soil.com\/es\/wp-json\/wp\/v2\/media\/1258"}],"wp:attachment":[{"href":"https:\/\/lite-soil.com\/es\/wp-json\/wp\/v2\/media?parent=1361"}],"wp:term":[{"taxonomy":"product_brand","embeddable":true,"href":"https:\/\/lite-soil.com\/es\/wp-json\/wp\/v2\/product_brand?post=1361"},{"taxonomy":"product_cat","embeddable":true,"href":"https:\/\/lite-soil.com\/es\/wp-json\/wp\/v2\/product_cat?post=1361"},{"taxonomy":"product_tag","embeddable":true,"href":"https:\/\/lite-soil.com\/es\/wp-json\/wp\/v2\/product_tag?post=1361"}],"curies":[{"name":"wp","href":"https:\/\/api.w.org\/{rel}","templated":true}]}}