{"id":1364,"date":"2025-06-22T19:23:10","date_gmt":"2025-06-22T19:23:10","guid":{"rendered":"https:\/\/lite-soil.com\/?post_type=product&#038;p=1364"},"modified":"2025-12-16T10:52:00","modified_gmt":"2025-12-16T10:52:00","slug":"lite-net-standard-pp","status":"publish","type":"product","link":"https:\/\/lite-soil.com\/es\/product\/lite-net-standard-pp\/","title":{"rendered":"LITE-NET Standard PP"},"content":{"rendered":"<p>A demanda, toda el agua est\u00e1 a disposici\u00f3n de las ra\u00edces, ya que la estructura de red abierta permite que las ra\u00edces crezcan a trav\u00e9s de ella sin problemas y se acoplen al vell\u00f3n por todas partes. Esto tambi\u00e9n permite una instalaci\u00f3n tridimensional muy flexible. La variante b\u00e1sica de 5 mm de espesor almacena hasta 7 l de agua por m\u00b2.<\/p>\n<p><strong>100% DURABLE, SOSTENIBLE &#038; REUTILIZABLE<\/strong><\/p>\n<p>Hecho de 100 % polipropileno. Las variantes permanentes de los dep\u00f3sitos de agua para plantas se utilizan, por ejemplo, como componentes de distribuci\u00f3n para el riego subterr\u00e1neo, as\u00ed como para campos de deporte, tejados verdes, incrustaciones de alcorques, vi\u00f1edos, c\u00e9spedes, taludes verdes y cuencas filtrantes.<\/p>\n<p><strong>Aplicaciones<\/strong><\/p>\n<p><a href=\"https:\/\/lite-soil.com\/es\/professionals_trees\/\">\u00c1RBOLES<\/a>: Envuelva el cepell\u00f3n con un trozo de LITE-<strong>NET<\/strong> convenientemente cortado para dirigir el agua y el aire de la superficie directamente a las ra\u00edces. Como dep\u00f3sito adicional de agua para las plantas, coloque otro LITE-<strong>NET<\/strong> horizontalmente en el alcorque. Esto asegura que el espacio profundo de las ra\u00edces est\u00e9 \u00f3ptimamente abastecido.<\/p>\n<p><a href=\"https:\/\/lite-soil.com\/es\/professionals_lawns_athleticfields\/\">C\u00c9SPED, CAMPOS DEPORTIVOS<\/a>\u00a0Y\u00a0<a href=\"https:\/\/lite-soil.com\/es\/professionals_slopes\/\">TALUDES<\/a>: Coloque el LITE-<strong>NET<\/strong> separado y a\u00f1ada tierra sobre \u00e9l hasta la profundidad de las ra\u00edces (aprox. 10 cm para c\u00e9sped). Lo ideal es mezclarlo con <a href=\"https:\/\/lite-soil.com\/es\/professionals_products\/#lite_strips_B2B_products\">LITE-<strong>STRIPS<\/strong><\/a>.<\/p>\n<p>&nbsp;<\/p>\n<p><iframe loading=\"lazy\" title=\"\ud83c\udf31C\u00d3MO AHORRAR AGUA en el RIEGO de C\u00c9SPED y \u00c1RBOLES con LITE-NET #ahorrodeagua\" width=\"500\" height=\"281\" src=\"https:\/\/www.youtube.com\/embed\/H2RKJg06Qgg?feature=oembed\" frameborder=\"0\" allow=\"accelerometer; autoplay; clipboard-write; encrypted-media; gyroscope; picture-in-picture; web-share\" referrerpolicy=\"strict-origin-when-cross-origin\" allowfullscreen><\/iframe><\/p>\n<p><strong>Tama\u00f1os para pedidos<\/strong><\/p>\n<p>LITE-<strong>NET<\/strong> PP Standard (Rollo C20 = malla \u2300 13 cm)<\/p>\n<ul>\n<li>175: 1,75 x 16,3 m\u00a0<strong>\u2192<\/strong>\u00a028 m\u00b2<\/li>\n<li>175: 1,75 x 16,3 m\u00a0<strong>\u2192<\/strong><strong>\u00a0<\/strong>3 uds. \u00e1 28 m\u00b2<\/li>\n<li>350: 3,5 x 16,3 m\u00a0<strong>\u2192<\/strong><strong>\u00a0<\/strong>57 m\u00b2<\/li>\n<li>520: 5,2 x 16,3 m\u00a0<strong>\u2192<\/strong><strong>\u00a0<\/strong>85 m\u00b2<\/li>\n<\/ul>\n<p>Para pedidos privados, visite nuestra <a href=\"https:\/\/lite-soil.com\/es\/shop-2\/\">tienda en l\u00ednea<\/a>.<\/p>\n","protected":false},"excerpt":{"rendered":"<p><strong>La red de distribuci\u00f3n de agua<\/strong><\/p>\n<p>Red de drenaje duradera hecha de vell\u00f3n grueso.<\/p>\n<p>Al igual que las venas de agua en red, funciona la red LITE-<strong>NET<\/strong>, que se instala de ra\u00edz en el suelo. Distribuye el aire y el agua en una gran superficie a nivel de las ra\u00edces y sirve de dep\u00f3sito de agua para las plantas.<\/p>\n<p><strong>Material<\/strong>: 100% polipropileno<\/p>\n<p><strong>Ventajas:<\/strong><\/p>\n<ul>\n<li>Almacena el agua directamente en las ra\u00edces<\/li>\n<li>Las ra\u00edces pueden crecer a trav\u00e9s de las aberturas de la malla<\/li>\n<li>Intervalos de riego prolongados<\/li>\n<li>Se puede cortar f\u00e1cilmente a medida<\/li>\n<li>Instalaci\u00f3n sencilla<\/li>\n<li>Bajo peso<\/li>\n<li>Suministro \u00f3ptimo de las plantas<\/li>\n<\/ul>\n","protected":false},"featured_media":1274,"comment_status":"closed","ping_status":"closed","template":"","meta":[],"product_brand":[],"product_cat":[210,122,120,118,117,113,112,105,103,102,101],"product_tag":[123],"class_list":{"0":"post-1364","1":"product","2":"type-product","3":"status-publish","4":"has-post-thumbnail","6":"product_cat-lite-net_pro","7":"product_cat-pp","8":"product_cat-surface-drainage","9":"product_cat-filter-basin","10":"product_cat-roof-greening","11":"product_cat-agriculture","12":"product_cat-raised-planting-beds-troughs","13":"product_cat-athletic-fields","14":"product_cat-lawn","15":"product_cat-slopes","16":"product_cat-trees","17":"product_tag-durable","19":"first","20":"outofstock","21":"virtual","22":"taxable","23":"product-type-simple"},"_links":{"self":[{"href":"https:\/\/lite-soil.com\/es\/wp-json\/wp\/v2\/product\/1364","targetHints":{"allow":["GET"]}}],"collection":[{"href":"https:\/\/lite-soil.com\/es\/wp-json\/wp\/v2\/product"}],"about":[{"href":"https:\/\/lite-soil.com\/es\/wp-json\/wp\/v2\/types\/product"}],"replies":[{"embeddable":true,"href":"https:\/\/lite-soil.com\/es\/wp-json\/wp\/v2\/comments?post=1364"}],"wp:featuredmedia":[{"embeddable":true,"href":"https:\/\/lite-soil.com\/es\/wp-json\/wp\/v2\/media\/1274"}],"wp:attachment":[{"href":"https:\/\/lite-soil.com\/es\/wp-json\/wp\/v2\/media?parent=1364"}],"wp:term":[{"taxonomy":"product_brand","embeddable":true,"href":"https:\/\/lite-soil.com\/es\/wp-json\/wp\/v2\/product_brand?post=1364"},{"taxonomy":"product_cat","embeddable":true,"href":"https:\/\/lite-soil.com\/es\/wp-json\/wp\/v2\/product_cat?post=1364"},{"taxonomy":"product_tag","embeddable":true,"href":"https:\/\/lite-soil.com\/es\/wp-json\/wp\/v2\/product_tag?post=1364"}],"curies":[{"name":"wp","href":"https:\/\/api.w.org\/{rel}","templated":true}]}}