{"id":1365,"date":"2025-06-22T19:23:11","date_gmt":"2025-06-22T19:23:11","guid":{"rendered":"https:\/\/lite-soil.com\/?post_type=product&#038;p=1365"},"modified":"2025-08-26T07:12:15","modified_gmt":"2025-08-26T07:12:15","slug":"lite-cubes","status":"publish","type":"product","link":"https:\/\/lite-soil.com\/es\/product\/lite-cubes\/","title":{"rendered":"LITE-CUBES"},"content":{"rendered":"<p>Por su forma en peque\u00f1os cubos, LITE-<strong>CUBES <\/strong>est\u00e1n dise\u00f1ados para ser utilizados como aditivo para el sustrato. Para la revegetaci\u00f3n de cualquier tipo, por ejemplo, para cubiertas ajardinadas en <strong>PP <\/strong>y para macetas en <strong>Bio 1.<\/strong><b><i><\/i><\/b><\/p>\n<p>LITE-<strong>CUBES Bio1<\/strong> de celulosa para aplicaciones a corto plazo, como la mezcla en el sustrato para peque\u00f1as macetas de cultivo o como cubos de almacenamiento para la siembra por aspersi\u00f3n en pendientes.<\/p>\n<p>LITE-<strong>CUBES Bio5<\/strong> de PLA, por ejemplo, para la aireaci\u00f3n a largo plazo de campos de golf. Se barren en los agujeros o ranuras de aireaci\u00f3n junto con la arena.<\/p>\n<p>LITE-<strong>CUBES PP<\/strong> para aplicaciones permanentes, por ejemplo, como mezcla en el sustrato bombeado hidr\u00e1ulicamente para techos verdes. Almacena 8 veces m\u00e1s agua por kg que la arcilla expandida, lo que aligera la capa de vegetaci\u00f3n.<\/p>\n<p><strong>\u00c1reas de aplicaci\u00f3n<\/strong><\/p>\n<p><a href=\"https:\/\/lite-soil.com\/es\/professionals_trees\/\">\u00c1RBOLES Y ARBUSTOS<\/a>, <a href=\"https:\/\/lite-soil.com\/es\/professionals_raisedpantingbeds\/\">HUERTOS ELEVADOS Y MACETAS<\/a>, <a href=\"https:\/\/lite-soil.com\/es\/professionals_lawns_athleticfields\/\">C\u00c9SPED, CAMPOS DEPORTIVOS<\/a>, <a href=\"https:\/\/lite-soil.com\/es\/professionals_slopes\/\">TALUDES<\/a>, <a href=\"https:\/\/lite-soil.com\/es\/professionals_greenroofs\/\">CUBIERTAS AJARDINADAS<\/a>, <a href=\"https:\/\/lite-soil.com\/es\/professionals_growingpots\/\">MACETAS DE CULTIVO<\/a> &#038; <a href=\"https:\/\/lite-soil.com\/es\/professionals_spraygreening\/\">RIEGO POR ASPERSI\u00d3N<\/a>.<\/p>\n<p>Tama\u00f1o LITE-<strong>CUBE<\/strong>: 12 x 12 x 6 mm<\/p>\n<p><strong>Tama\u00f1os para pedidos<\/strong>:<\/p>\n<ul>\n<li>BOX 250 l<\/li>\n<li>BIG BAG 1 m\u00b3<\/li>\n<\/ul>\n","protected":false},"excerpt":{"rendered":"<p><strong>Cubos de fieltro para aplicaciones especiales<\/strong><\/p>\n<p>Los LITE-<strong>CUBES<\/strong> son peque\u00f1os cubos de fieltro o vell\u00f3n (aprox. 12 x 12 x 6 mm) con una capacidad de almacenamiento de agua muy elevada para diversas aplicaciones especiales.<\/p>\n<p><strong>Material<\/strong>:\u00a0<strong>Bio1<\/strong>: fibras de celulosa 100% biodegradables \u00a0|\u00a0<strong>Bio5<\/strong>: 70% de PLA (polilactida) + 30% de fibras de celulosa. | <strong>PP<\/strong>: 100% polipropileno.<\/p>\n<p><strong>Ventajas:<\/strong><\/p>\n<ul>\n<li>Regar s\u00f3lo la mitad de veces<\/li>\n<li>Almacena el agua directamente en las ra\u00edces<\/li>\n<li>Mejora del sustrato<\/li>\n<li>Ecolog\u00eda sostenible<\/li>\n<li>Instalaci\u00f3n sencilla y f\u00e1cil<\/li>\n<li>Suelo m\u00e1s suelto y mejor aireado<\/li>\n<li>Sustituto ideal de la turba<\/li>\n<li>Bajo peso<\/li>\n<li>Suministro \u00f3ptimo de agua y aire a las plantas<\/li>\n<\/ul>\n","protected":false},"featured_media":1297,"comment_status":"closed","ping_status":"closed","template":"","meta":[],"product_brand":[],"product_cat":[212,125,124,113,110,102],"product_tag":[121,119,109,108,107,106],"class_list":{"0":"post-1365","1":"product","2":"type-product","3":"status-publish","4":"has-post-thumbnail","6":"product_cat-lite-cubes","7":"product_cat-spray-greening","8":"product_cat-grow-pots","9":"product_cat-agriculture","10":"product_cat-aerification","11":"product_cat-slopes","12":"product_tag-biologisch-kompostierbar","13":"product_tag-dauerhaft","14":"product_tag-nachhaltig","15":"product_tag-biologisch-abbaubar","16":"product_tag-aus-holz","17":"product_tag-100-zellulosefasern","19":"first","20":"outofstock","21":"taxable","22":"shipping-taxable","23":"product-type-simple"},"_links":{"self":[{"href":"https:\/\/lite-soil.com\/es\/wp-json\/wp\/v2\/product\/1365","targetHints":{"allow":["GET"]}}],"collection":[{"href":"https:\/\/lite-soil.com\/es\/wp-json\/wp\/v2\/product"}],"about":[{"href":"https:\/\/lite-soil.com\/es\/wp-json\/wp\/v2\/types\/product"}],"replies":[{"embeddable":true,"href":"https:\/\/lite-soil.com\/es\/wp-json\/wp\/v2\/comments?post=1365"}],"wp:featuredmedia":[{"embeddable":true,"href":"https:\/\/lite-soil.com\/es\/wp-json\/wp\/v2\/media\/1297"}],"wp:attachment":[{"href":"https:\/\/lite-soil.com\/es\/wp-json\/wp\/v2\/media?parent=1365"}],"wp:term":[{"taxonomy":"product_brand","embeddable":true,"href":"https:\/\/lite-soil.com\/es\/wp-json\/wp\/v2\/product_brand?post=1365"},{"taxonomy":"product_cat","embeddable":true,"href":"https:\/\/lite-soil.com\/es\/wp-json\/wp\/v2\/product_cat?post=1365"},{"taxonomy":"product_tag","embeddable":true,"href":"https:\/\/lite-soil.com\/es\/wp-json\/wp\/v2\/product_tag?post=1365"}],"curies":[{"name":"wp","href":"https:\/\/api.w.org\/{rel}","templated":true}]}}