{"id":1366,"date":"2025-06-22T19:23:11","date_gmt":"2025-06-22T19:23:11","guid":{"rendered":"https:\/\/lite-soil.com\/?post_type=product&#038;p=1366"},"modified":"2025-08-20T10:52:05","modified_gmt":"2025-08-20T10:52:05","slug":"salfix-mat","status":"publish","type":"product","link":"https:\/\/lite-soil.com\/es\/product\/salfix-mat\/","title":{"rendered":"SALFIX-MAT"},"content":{"rendered":"<p><strong>Estera antisal SALFIX-MAT protege los \u00e1rboles contra la sal de la carretera en invierno<\/strong><\/p>\n<p>La sal, que se esparce en invierno contra el hielo negro, llega a las ra\u00edces de \u00e1rboles y plantas a trav\u00e9s del agua de deshielo y provoca el llamado &#8220;estr\u00e9s salino&#8221;. Los \u00e1rboles florecen m\u00e1s tarde, adquieren hojas marrones antes o mueren por completo. Hay que replantarlo, lo que conlleva unos costes elevados.<\/p>\n<p>La nueva <strong>SAL<\/strong>FIX-<strong>MAT<\/strong>, una estera filtrante permeable al agua, retiene la sal de la carretera de forma duradera y evita as\u00ed da\u00f1os a los \u00e1rboles y la compactaci\u00f3n del suelo. Los \u00e1rboles sobreviven el invierno de forma sostenible, evitando nuevas y costosas plantaciones. Simplemente coloque una estera a la izquierda y a la derecha del tronco en el disco del \u00e1rbol, creando un \u00e1rea de filtrado de 2,0 x 2,0 o 3,0 x 3,0 m.<\/p>\n<p><strong>SAL<\/strong>FIX-<strong>MAT<\/strong> de 3 capas se compone de una mezcla de intercambio i\u00f3nico empaquetada entre 2 resistentes fibras filtrantes. La sal se separa del agua y se une qu\u00edmicamente al tejido acu\u00e1tico.<br \/>\nSi entra agua contaminada con sal por un lado, el borde tambi\u00e9n se puede doblar hacia all\u00ed unos 20-30 cm, de modo que en el borde cargado se formen dos capas con mayor capacidad de amortiguaci\u00f3n. La alfombra funcionar\u00e1 durante muchos a\u00f1os dependiendo de la cantidad de sal que se filtre.<\/p>\n<p><strong>Aplicaciones<\/strong><\/p>\n<p><a href=\"https:\/\/lite-soil.com\/es\/professionals_treesroadsaltprotection\/\">\u00c1RBOLES<\/a><\/p>\n<p>Un disco de \u00e1rbol cubierto con 4 m\u00b2 de esteras filtrantes de sal puede, adem\u00e1s de la sal filtrada mec\u00e1nicamente, ligar qu\u00edmicamente hasta aproximadamente 1 kg de sal, dependiendo de las condiciones.<\/p>\n<p>Aproximadamente 0,9 kg de esta sal se fija de forma permanente y otros aproximadamente 0,2 kg de sal se pueden volver a dosificar finamente con agua pura y lavar, por lo que no supone ning\u00fan problema para las plantas, lo que a su vez crea una capacidad de absorci\u00f3n para la pr\u00f3xima temporada de invierno y, por lo tanto, la estera tambi\u00e9n tiene una efecto duradero. La estera sirve como filtro y capa protectora y est\u00e1 estabilizada contra los rayos UV; sin embargo, para un uso prolongado se debe cubrir con una capa permeable al agua, por ejemplo, grava o rejilla.<\/p>\n<p>Ventajas del <strong>SAL<\/strong>FIX-<strong>MAT<\/strong>:<\/p>\n<ul>\n<li>Reducci\u00f3n del da\u00f1o a los \u00e1rboles y la compactaci\u00f3n del suelo<\/li>\n<li>F\u00e1cil de usar<\/li>\n<li>Ahorro de costes al evitar nuevas plantaciones<\/li>\n<\/ul>\n<p><strong>Tama\u00f1os para pedidos<\/strong><\/p>\n<ul>\n<li>2 uds. \u00e1 2 x 1 m<\/li>\n<\/ul>\n","protected":false},"excerpt":{"rendered":"<p><strong>La estera filtrante para la protecci\u00f3n contra la sal<\/strong><\/p>\n<p>La nueva estera filtrante <strong>SAL<\/strong>FIX-<strong>MAT<\/strong> permeable al agua, retiene la sal de forma duradera y evita da\u00f1ar a los \u00e1rboles y la compactaci\u00f3n del suelo. Los \u00e1rboles sobreviven el invierno de forma sostenible, evitando nuevas y costosas plantaciones.<\/p>\n<p><strong>Material<\/strong>: 100% polipropileno<\/p>\n<p><strong>Ventajas<\/strong>:<\/p>\n<ul>\n<li>Reducci\u00f3n de los da\u00f1os en los \u00e1rboles y de la compactaci\u00f3n del suelo<\/li>\n<li>F\u00e1cil de usar<\/li>\n<li>Funci\u00f3n de larga duraci\u00f3n<\/li>\n<li>Ahorro de costes al evitar nuevas plantaciones<\/li>\n<\/ul>\n","protected":false},"featured_media":1311,"comment_status":"closed","ping_status":"closed","template":"","meta":[],"product_brand":[],"product_cat":[101,131,132],"product_tag":[106,107,108,109],"class_list":{"0":"post-1366","1":"product","2":"type-product","3":"status-publish","4":"has-post-thumbnail","6":"product_cat-trees","7":"product_cat-trees-de-icing-salt-protection","8":"product_cat-salfix-mat","9":"product_tag-100-zellulosefasern","10":"product_tag-aus-holz","11":"product_tag-biologisch-abbaubar","12":"product_tag-nachhaltig","14":"first","15":"outofstock","16":"virtual","17":"taxable","18":"product-type-simple"},"_links":{"self":[{"href":"https:\/\/lite-soil.com\/es\/wp-json\/wp\/v2\/product\/1366","targetHints":{"allow":["GET"]}}],"collection":[{"href":"https:\/\/lite-soil.com\/es\/wp-json\/wp\/v2\/product"}],"about":[{"href":"https:\/\/lite-soil.com\/es\/wp-json\/wp\/v2\/types\/product"}],"replies":[{"embeddable":true,"href":"https:\/\/lite-soil.com\/es\/wp-json\/wp\/v2\/comments?post=1366"}],"wp:featuredmedia":[{"embeddable":true,"href":"https:\/\/lite-soil.com\/es\/wp-json\/wp\/v2\/media\/1311"}],"wp:attachment":[{"href":"https:\/\/lite-soil.com\/es\/wp-json\/wp\/v2\/media?parent=1366"}],"wp:term":[{"taxonomy":"product_brand","embeddable":true,"href":"https:\/\/lite-soil.com\/es\/wp-json\/wp\/v2\/product_brand?post=1366"},{"taxonomy":"product_cat","embeddable":true,"href":"https:\/\/lite-soil.com\/es\/wp-json\/wp\/v2\/product_cat?post=1366"},{"taxonomy":"product_tag","embeddable":true,"href":"https:\/\/lite-soil.com\/es\/wp-json\/wp\/v2\/product_tag?post=1366"}],"curies":[{"name":"wp","href":"https:\/\/api.w.org\/{rel}","templated":true}]}}