{"id":1367,"date":"2025-06-22T19:23:11","date_gmt":"2025-06-22T19:23:11","guid":{"rendered":"https:\/\/lite-soil.com\/?post_type=product&#038;p=1367"},"modified":"2026-04-13T13:00:39","modified_gmt":"2026-04-13T13:00:39","slug":"bluelite-net-pp","status":"publish","type":"product","link":"https:\/\/lite-soil.com\/es\/product\/bluelite-net-pp\/","title":{"rendered":"BLUELITE-NET PP"},"content":{"rendered":"<p>El agua del tubo flexible de riego por goteo se libera uniformemente a trav\u00e9s del robusto revestimiento de vell\u00f3n hacia la red de vell\u00f3n que se encuentra debajo, donde se distribuye capilarmente sobre una gran superficie en la zona de las ra\u00edces. En el proceso, el \u00e1rea de contacto agua\/tierra se multiplica por mil. El robusto revestimiento de vell\u00f3n protege las aberturas de las tuber\u00edas contra el crecimiento de las ra\u00edces y contra la obstrucci\u00f3n por los finos del suelo.<\/p>\n<p>El riego subterr\u00e1neo reduce la evaporaci\u00f3n, el encharcamiento y, por tanto, los costes de tratamiento de la superficie. Se puede regar en cualquier momento, incluso cuando se est\u00e1 jugando o cortando el c\u00e9sped. En comparaci\u00f3n con el riego por aspersi\u00f3n, se ahorra hasta un 70% de agua.<\/p>\n<p>Gracias a la forma abierta y flexible de la red de vell\u00f3n de 5 mm de espesor, las ra\u00edces pueden crecer f\u00e1cilmente a trav\u00e9s de las aberturas y acoplarse a \u00e9sta. Esto significa que el 100 % del agua capilar almacenada en la red est\u00e1 disponible para las plantas cuando la necesitan. Dado que el sistema puede colocarse a cualquier profundidad, las plantas tambi\u00e9n pueden recibir un suministro \u00f3ptimo en la fase de crecimiento o en los cultivos mixtos.<\/p>\n<p>Para los \u00e1rboles, por ejemplo, existe una manguera de riego por goteo ya preparada que incluye una protecci\u00f3n de vell\u00f3n con un di\u00e1metro de aproximadamente 50 cm (<strong>BLUE<\/strong>LITE-<strong>RING<\/strong>) y, para grandes superficies, la variante de manguera <strong>BLUE<\/strong>LITE-<strong>AGRI<\/strong>, menos flexible pero m\u00e1s econ\u00f3mica. Para el uso de mangueras propias, la cubierta de vell\u00f3n protectora (<strong>BLUE<\/strong>LITE-<strong>COVER<\/strong>) tambi\u00e9n se ofrece sin manguera.<\/p>\n<p>En superficies o plantas existentes, los tubos de riego con protecci\u00f3n de fieltro tambi\u00e9n se pueden instalar sin la red de fieltro.<\/p>\n<p><strong>Aplicaciones<\/strong><\/p>\n<p><a href=\"https:\/\/lite-soil.com\/es\/professionals_trees\/\">\u00c1RBOLES<\/a>, <a href=\"https:\/\/lite-soil.com\/es\/professionals_slopes\/\">TERRAPLENES<\/a>, <a href=\"https:\/\/lite-soil.com\/es\/professionals_greenroofs\/\">TEJADOS VERDES<\/a>, <a href=\"https:\/\/lite-soil.com\/es\/professionals_agriculture\/\">AGRICULTURA<\/a>, <a href=\"https:\/\/lite-soil.com\/es\/professionals_lawns_athleticfields\/\">CAMPOS DEPORTIVOS &#038; C\u00c9SPEDES<\/a>.<\/p>\n<p>&nbsp;<\/p>\n<table width=\"915\">\n<tbody>\n<tr>\n<td width=\"339\"><strong><em>BLUELITE-NET SYSTEM<\/em><\/strong><\/td>\n<td width=\"128\">\n<p style=\"text-align: center;\"><strong>Unidades<\/strong><\/p>\n<\/td>\n<td style=\"text-align: center;\" width=\"273\"><strong>Tama\u00f1o de las cajas (cm)<\/strong><\/td>\n<td width=\"148\">\n<p style=\"text-align: center;\"><strong>Peso kg\/caja<\/strong><\/p>\n<\/td>\n<\/tr>\n<tr>\n<td width=\"339\"><strong>&#8211; BLUELITE-NET system 55 m\u00b2<\/strong><\/p>\n<p>(Colocaci\u00f3n en forma serpentina)<\/td>\n<td width=\"128\">\n<p style=\"text-align: center;\">55 m\u00b2<\/p>\n<\/td>\n<td style=\"text-align: center;\" width=\"273\">60 x 60 x 82<\/td>\n<td width=\"148\">\n<p style=\"text-align: center;\">25<\/p>\n<\/td>\n<\/tr>\n<tr>\n<td width=\"339\"><strong>&#8211; BLUELITE-NET system 85 m\u00b2<\/strong><\/p>\n<p>(Colocaci\u00f3n en forma serpentina)<\/td>\n<td width=\"128\">\n<p style=\"text-align: center;\">85 m\u00b2<\/p>\n<\/td>\n<td style=\"text-align: center;\" width=\"273\">122 x 37 x 37<br \/>\n60 x 60 x 70<br \/>\n60 x 60 x 42<\/td>\n<td width=\"148\">\n<p style=\"text-align: center;\">16<br \/>\n14<br \/>\n8<\/p>\n<\/td>\n<\/tr>\n<tr>\n<td width=\"339\"><strong>&#8211; BLUELITE-NET system 1200 m\u00b2<\/strong><\/p>\n<p style=\"text-align: left;\">(Colocaci\u00f3n en forma lineal)<\/p>\n<\/td>\n<td style=\"text-align: center;\" width=\"128\">1200 m\u00b2<\/td>\n<td width=\"273\">\n<p style=\"text-align: center;\">4 Palets<\/p>\n<\/td>\n<td width=\"148\"><\/td>\n<\/tr>\n<\/tbody>\n<\/table>\n<p>&nbsp;<\/p>\n<table width=\"918\">\n<tbody>\n<tr>\n<td width=\"342\"><strong><em>BLUELITE-NET COMPONENTES<\/em><\/strong><\/td>\n<td width=\"189\">\n<p style=\"text-align: center;\"><strong>Unidades<\/strong><\/p>\n<\/td>\n<td width=\"367\"><\/td>\n<\/tr>\n<tr>\n<td width=\"342\"><strong>&#8211; BLUELITE\u2010TUBE<\/strong><\/td>\n<td width=\"189\">\n<p style=\"text-align: center;\">100 m (para 55m\u00b2)<\/p>\n<\/td>\n<td width=\"367\"><img loading=\"lazy\" decoding=\"async\" class=\"size-full wp-image-3945 aligncenter\" src=\"https:\/\/lite-soil.com\/wp-content\/uploads\/2025\/08\/BLUELITE-TUBE-Neu-300x55-1.webp\" alt=\"\" width=\"300\" height=\"55\" \/><\/td>\n<\/tr>\n<tr>\n<td width=\"342\"><strong>&#8211; BLUELITE\u2010COVER<\/strong><\/td>\n<td width=\"189\">\n<p style=\"text-align: center;\">16 uds. 25 m<\/p>\n<\/td>\n<td width=\"367\"><img loading=\"lazy\" decoding=\"async\" class=\"size-full wp-image-3943 aligncenter\" src=\"https:\/\/lite-soil.com\/wp-content\/uploads\/2025\/08\/BLUELITE-COVER-1-300x65-1.webp\" alt=\"\" width=\"300\" height=\"65\" \/><\/td>\n<\/tr>\n<tr>\n<td width=\"342\"><strong>&#8211; BLUELITE-RING <\/strong><\/p>\n<p>\u00c1rbol<\/td>\n<td width=\"189\">\n<p style=\"text-align: center;\">10 uds. \u00d8 50 cm<\/p>\n<\/td>\n<td width=\"367\"><img loading=\"lazy\" decoding=\"async\" class=\"wp-image-3944 aligncenter\" src=\"https:\/\/lite-soil.com\/wp-content\/uploads\/2025\/08\/bluelite-ring4-e1622620415275.webp\" alt=\"\" width=\"117\" height=\"130\" \/><\/td>\n<\/tr>\n<tr>\n<td width=\"342\"><strong>&#8211; LITE-NET <\/strong><\/p>\n<p>Standard roll PP C20<\/td>\n<td width=\"189\">\n<p style=\"text-align: center;\">28\/57\/85 m\u00b2<\/p>\n<\/td>\n<td width=\"367\"><img loading=\"lazy\" decoding=\"async\" class=\"wp-image-3946 aligncenter\" src=\"https:\/\/lite-soil.com\/wp-content\/uploads\/2025\/08\/Net-1-300x270-1.webp\" alt=\"\" width=\"125\" height=\"100\" \/><\/td>\n<\/tr>\n<\/tbody>\n<\/table>\n<p><strong>Datos t\u00e9cnicos:<\/strong><\/p>\n<ol>\n<li>Rivulis D5000 PCAS Manguera 16 mm (13,8 \/ 15,83 mm), negra, presi\u00f3n 0,5\u20133,5 bar, espesor de pared 40 mil (1,02 mm), caudal 1,5 l\/h, separaci\u00f3n de goteros 30 cm, longitud 100 m O<br \/>\nRainbird XFD Manguera 16 mm (13,6 \/ 16,1 mm), marr\u00f3n, presi\u00f3n 0,58\u20134,14 bar, caudal 2,3 l\/h, separaci\u00f3n de goteros 33 cm, longitud 100 m O<br \/>\nRainbird XFS Manguera 16 mm (13,6 \/ 16,1 mm), cobre, presi\u00f3n 0,58\u20134,14 bar, caudal 2,3 l\/h, separaci\u00f3n de goteros 33 cm, longitud 100 m<br \/>\nTama\u00f1os de entrega BLUELITE-NET SYSTEM distancia de gotero de 30 cm y longitud m\u00e1xima recomendada de 163 m.<\/li>\n<li>Red de almacenamiento y distribuci\u00f3n de agua de 5 mm de espesor. Superficie m\u00e1xima de 28-85 m\u00b2.<\/li>\n<\/ol>\n<p>&nbsp;<\/p>\n<p><iframe loading=\"lazy\" title=\"\ud83d\udca7instalaci\u00f3n RIEGO SUBTERR\u00c1NEO por goteo BLUELITE-NET #ahorrodeagua\" width=\"500\" height=\"281\" src=\"https:\/\/www.youtube.com\/embed\/X3LQn3NqXW0?feature=oembed\" frameborder=\"0\" allow=\"accelerometer; autoplay; clipboard-write; encrypted-media; gyroscope; picture-in-picture; web-share\" referrerpolicy=\"strict-origin-when-cross-origin\" allowfullscreen><\/iframe><\/p>\n<p>&nbsp;<\/p>\n<p><strong>Tama\u00f1os para pedidos<\/strong><\/p>\n<p><strong>BLUE<\/strong>LITE-<strong>NET<\/strong> <strong>COMPONENTES<\/strong><\/p>\n<ul>\n<li><strong>BLUE<\/strong>LITE-<strong>COVER <\/strong>\u2192 16 uds. \u00e1 25 m<\/li>\n<li><strong>BLUE<\/strong>LITE-<strong>TUBE <\/strong>\u2192 100 m<\/li>\n<li><strong>BLUE<\/strong>LITE-<strong>RING <\/strong>\u2192 10 uds. \u00e1 \u2300 50 cm<\/li>\n<\/ul>\n<p><strong>BLUE<\/strong>LITE-<strong>NET<\/strong> <strong>SYSTEM<\/strong>: LITE-<strong>NET<\/strong> Standard Rollo PP + <strong>BLUE<\/strong>LITE-<strong>TUBE<\/strong><\/p>\n<ul>\n<li><strong>BLUE<\/strong>LITE-<strong>NET<\/strong> SYSTEM \u2192 55 m\u00b2<\/li>\n<li><strong>BLUE<\/strong>LITE-<strong>NET<\/strong> SYSTEM \u2192 85 m\u00b2<\/li>\n<li><strong>BLUE<\/strong>LITE-<strong>NET<\/strong> SYSTEM \u2192 1200 m\u00b2<\/li>\n<\/ul>\n<p>&nbsp;<\/p>\n<p>Para pedidos privados, visite nuestra\u00a0<a href=\"https:\/\/lite-soil.com\/es\/shop-2\/\">tienda online<\/a>.<\/p>\n","protected":false},"excerpt":{"rendered":"<p>El eficaz sistema de riego subterr\u00e1neo<\/p>\n<p>El sistema patentado <strong>BLUE<\/strong>LITE-<strong>NET<\/strong> es una soluci\u00f3n completamente nueva y t\u00e9cnicamente mejorada para el ahorro de agua en el riego subterr\u00e1neo de, por ejemplo, \u00e1rboles o campos deportivos.<\/p>\n<p>La combinaci\u00f3n consta de 2 elementos: Una red de vell\u00f3n voluminosa (LITE-<strong>NET<\/strong>) y un tubo de irrigaci\u00f3n protegido por vell\u00f3n (<strong>BLUE<\/strong>LITE-<strong>TUBE<\/strong>) colocado directamente sobre ella. Encima se aplica el sustrato en profundidad.<\/p>\n<p><strong>Material<\/strong>: 100% polipropileno<\/p>\n<p><strong>Ventajas:<\/strong><\/p>\n<ul>\n<li>Hasta un 70% de ahorro de agua en comparaci\u00f3n con el riego por aspersi\u00f3n<\/li>\n<li>Suministra las ra\u00edces de forma precisa y uniforme<\/li>\n<li>Posibilidad de regar en cualquier momento, incluso si la zona est\u00e1 siendo utilizada<\/li>\n<li>Las ra\u00edces pueden crecer f\u00e1cilmente a trav\u00e9s de las aberturas de la red<\/li>\n<li>F\u00e1cil de instalar y cortar a medida, requiere menos mantenimiento<\/li>\n<li>No hay evaporaci\u00f3n, fieltro ni encharcamiento<\/li>\n<li>Tubo de goteo protegido contra el crecimiento de las ra\u00edces, las multas y el vandalismo<\/li>\n<\/ul>\n","protected":false},"featured_media":1314,"comment_status":"closed","ping_status":"closed","template":"","meta":[],"product_brand":[],"product_cat":[211,117,113,105,103,102,101],"product_tag":[133,119,109],"class_list":{"0":"post-1367","1":"product","2":"type-product","3":"status-publish","4":"has-post-thumbnail","6":"product_cat-bluelite-net_pro","7":"product_cat-roof-greening","8":"product_cat-agriculture","9":"product_cat-athletic-fields","10":"product_cat-lawn","11":"product_cat-slopes","12":"product_cat-trees","13":"product_tag-polypropylene","14":"product_tag-dauerhaft","15":"product_tag-nachhaltig","17":"first","18":"outofstock","19":"virtual","20":"taxable","21":"product-type-simple"},"_links":{"self":[{"href":"https:\/\/lite-soil.com\/es\/wp-json\/wp\/v2\/product\/1367","targetHints":{"allow":["GET"]}}],"collection":[{"href":"https:\/\/lite-soil.com\/es\/wp-json\/wp\/v2\/product"}],"about":[{"href":"https:\/\/lite-soil.com\/es\/wp-json\/wp\/v2\/types\/product"}],"replies":[{"embeddable":true,"href":"https:\/\/lite-soil.com\/es\/wp-json\/wp\/v2\/comments?post=1367"}],"wp:featuredmedia":[{"embeddable":true,"href":"https:\/\/lite-soil.com\/es\/wp-json\/wp\/v2\/media\/1314"}],"wp:attachment":[{"href":"https:\/\/lite-soil.com\/es\/wp-json\/wp\/v2\/media?parent=1367"}],"wp:term":[{"taxonomy":"product_brand","embeddable":true,"href":"https:\/\/lite-soil.com\/es\/wp-json\/wp\/v2\/product_brand?post=1367"},{"taxonomy":"product_cat","embeddable":true,"href":"https:\/\/lite-soil.com\/es\/wp-json\/wp\/v2\/product_cat?post=1367"},{"taxonomy":"product_tag","embeddable":true,"href":"https:\/\/lite-soil.com\/es\/wp-json\/wp\/v2\/product_tag?post=1367"}],"curies":[{"name":"wp","href":"https:\/\/api.w.org\/{rel}","templated":true}]}}