{"id":1369,"date":"2025-06-22T19:33:09","date_gmt":"2025-06-22T19:33:09","guid":{"rendered":"https:\/\/lite-soil.com\/?post_type=product&#038;p=1369"},"modified":"2026-04-13T12:03:59","modified_gmt":"2026-04-13T12:03:59","slug":"lite-rootprotect-bio1-cellulose","status":"publish","type":"product","link":"https:\/\/lite-soil.com\/es\/product\/lite-rootprotect-bio1-cellulose\/","title":{"rendered":"LITE-ROOTPROTECT Bio1 Celulosa"},"content":{"rendered":"<p>La mayor\u00eda de los da\u00f1os en los \u00e1rboles se producen en las obras de construcci\u00f3n. Aunque la protecci\u00f3n de los \u00e1rboles est\u00e1 prescrita por numerosas leyes y normas, los veh\u00edculos de construcci\u00f3n siguen arrancando y da\u00f1ando las ra\u00edces, lo que provoca enormes da\u00f1os.<\/p>\n<p>Con el innovador vendaje radicular LITE-<strong>ROOTPROTECT<\/strong>, las ra\u00edces expuestas de los \u00e1rboles no solo pueden protegerse del sol y los da\u00f1os, sino que tambi\u00e9n pueden mantenerse permanentemente h\u00famedas.<\/p>\n<p><strong>100% BIODEGRADABLE<\/strong><\/p>\n<p><img loading=\"lazy\" decoding=\"async\" class=\"alignnone wp-image-3694\" src=\"https:\/\/lite-soil.com\/wp-content\/uploads\/2025\/08\/LITE-ROOTPROTECT-GALABAU-neu-ES-212x300.webp\" alt=\"\" width=\"360\" height=\"509\" srcset=\"https:\/\/lite-soil.com\/wp-content\/uploads\/2025\/08\/LITE-ROOTPROTECT-GALABAU-neu-ES-212x300.webp 212w, https:\/\/lite-soil.com\/wp-content\/uploads\/2025\/08\/LITE-ROOTPROTECT-GALABAU-neu-ES-724x1024.webp 724w, https:\/\/lite-soil.com\/wp-content\/uploads\/2025\/08\/LITE-ROOTPROTECT-GALABAU-neu-ES-768x1086.webp 768w, https:\/\/lite-soil.com\/wp-content\/uploads\/2025\/08\/LITE-ROOTPROTECT-GALABAU-neu-ES-1086x1536.webp 1086w, https:\/\/lite-soil.com\/wp-content\/uploads\/2025\/08\/LITE-ROOTPROTECT-GALABAU-neu-ES-1448x2048.webp 1448w, https:\/\/lite-soil.com\/wp-content\/uploads\/2025\/08\/LITE-ROOTPROTECT-GALABAU-neu-ES-600x849.webp 600w, https:\/\/lite-soil.com\/wp-content\/uploads\/2025\/08\/LITE-ROOTPROTECT-GALABAU-neu-ES-scaled.webp 1810w\" sizes=\"auto, (max-width: 360px) 100vw, 360px\" \/><\/p>\n<p>LITE-<strong>ROOTPROTECT M\/L <\/strong>de 80\/120 cm de ancho puede utilizarse de forma \u00f3ptima envolviendo las ra\u00edces. \u00c9ste retiene el agua mejor que los fieltros convencionales de las obras o las esteras de yute. Junto con nuestro tubo de riego por goteo cubierto de fieltro se puede automatizar todo el proceso.<\/p>\n<p>Dado que LITE-<strong>ROOTPROTECT<\/strong>, de 4 mm de grosor, es 100% biodegradable, no hay que desmontarlo al final de la construcci\u00f3n, sino que simplemente se vierte encima la tierra de nuevo.<\/p>\n<p><strong>Aplicaciones<\/strong><\/p>\n<p><a href=\"https:\/\/lite-soil.com\/es\/professional_trees_protectiononconstructionsites\/\">\u00c1RBOLES<\/a>: Dependiendo del tama\u00f1o del \u00e1rea y del n\u00famero de ra\u00edces, las ra\u00edces expuestas se cubren horizontal o verticalmente con la Cortina para Ra\u00edces LITE-<strong>ROOTPROTECT<\/strong> M o L, o se envuelven con el Vendaje para Ra\u00edces LITE-<strong>ROOTPROTECT<\/strong>.<\/p>\n<p>Como no es necesario retirar la tela al final de la obra, simplemente se cubren con la tierra, el \u00e1rbol evita m\u00e1s da\u00f1os en las puntas de las ra\u00edces. Adem\u00e1s, la cubierta LITE-<strong>ROOTPROTECT<\/strong> permite el riego profundo y la aireaci\u00f3n durante 1 o 2 a\u00f1os.<\/p>\n<p>&nbsp;<\/p>\n<p><iframe loading=\"lazy\" title=\"\ud83c\udf33Protecci\u00f3n para ra\u00edces de \u00e1rboles 100% BIODEGRADABLE \u267b\ufe0f para zonas en construcci\u00f3n #ahorrodeagua\" width=\"500\" height=\"281\" src=\"https:\/\/www.youtube.com\/embed\/tcF3-_bbwPc?feature=oembed\" frameborder=\"0\" allow=\"accelerometer; autoplay; clipboard-write; encrypted-media; gyroscope; picture-in-picture; web-share\" referrerpolicy=\"strict-origin-when-cross-origin\" allowfullscreen><\/iframe><\/p>\n<p>&nbsp;<\/p>\n<p><strong>Tama\u00f1os para pedidos<\/strong><\/p>\n<ul>\n<li>Vendaje de ra\u00edz: 16\/8 uds. \u00e1 0,1 x 8 m<\/li>\n<li>Cortina de ra\u00edz M: 0,8 x 20 m<\/li>\n<li>Cortina de ra\u00edz M: 0,8 x 100 m<\/li>\n<li>Cortina de ra\u00edz L: 1,2 x 20 m<\/li>\n<\/ul>\n<p>&nbsp;<\/p>\n","protected":false},"excerpt":{"rendered":"<p>En las obras, la innovadora venda protectora de ra\u00edces no s\u00f3lo protege las <strong>ra\u00edces de los \u00e1rboles <\/strong>expuestas al sol y a los da\u00f1os, sino que las mantiene permanentemente h\u00famedas. Almacena el agua mucho mejor que los vellones de obra convencionales o las esteras de yute. Dado que LITE-<strong>ROOTPROTECT<\/strong> est\u00e1 hecho de fibras de celulosa y, por tanto, es 100 % biodegradable, simplemente se vierte al final de la obra.<\/p>\n<p><strong>Material<\/strong>: 100% \u00a0fibras de celulosa biodegradables<\/p>\n<p><strong>Ventajas<\/strong>:<\/p>\n<ul>\n<li>Protecci\u00f3n contra los rayos UV y los da\u00f1os mec\u00e1nicos<\/li>\n<li>Humidificaci\u00f3n permanente<\/li>\n<li>100 % biodegradable<\/li>\n<li>Simplemente se cubre con tierra al final de la obra<\/li>\n<\/ul>\n<p><strong>LITE-SOI ganador de la Medalla a la Innovaci\u00f3n GaLaBau 2022 con LITE-ROOTPROTECT.<\/strong><\/p>\n","protected":false},"featured_media":1373,"comment_status":"closed","ping_status":"closed","template":"","meta":[],"product_brand":[],"product_cat":[101,126,127],"product_tag":[116,128,129,130],"class_list":{"0":"post-1369","1":"product","2":"type-product","3":"status-publish","4":"has-post-thumbnail","6":"product_cat-trees","7":"product_cat-trees-construction-site-protection","8":"product_cat-lite-rootprotect","9":"product_tag-sustainable","10":"product_tag-100-cellulose-fibers","11":"product_tag-biodegradable","12":"product_tag-wooden","14":"first","15":"outofstock","16":"taxable","17":"shipping-taxable","18":"product-type-simple"},"_links":{"self":[{"href":"https:\/\/lite-soil.com\/es\/wp-json\/wp\/v2\/product\/1369","targetHints":{"allow":["GET"]}}],"collection":[{"href":"https:\/\/lite-soil.com\/es\/wp-json\/wp\/v2\/product"}],"about":[{"href":"https:\/\/lite-soil.com\/es\/wp-json\/wp\/v2\/types\/product"}],"replies":[{"embeddable":true,"href":"https:\/\/lite-soil.com\/es\/wp-json\/wp\/v2\/comments?post=1369"}],"wp:featuredmedia":[{"embeddable":true,"href":"https:\/\/lite-soil.com\/es\/wp-json\/wp\/v2\/media\/1373"}],"wp:attachment":[{"href":"https:\/\/lite-soil.com\/es\/wp-json\/wp\/v2\/media?parent=1369"}],"wp:term":[{"taxonomy":"product_brand","embeddable":true,"href":"https:\/\/lite-soil.com\/es\/wp-json\/wp\/v2\/product_brand?post=1369"},{"taxonomy":"product_cat","embeddable":true,"href":"https:\/\/lite-soil.com\/es\/wp-json\/wp\/v2\/product_cat?post=1369"},{"taxonomy":"product_tag","embeddable":true,"href":"https:\/\/lite-soil.com\/es\/wp-json\/wp\/v2\/product_tag?post=1369"}],"curies":[{"name":"wp","href":"https:\/\/api.w.org\/{rel}","templated":true}]}}