{"id":1379,"date":"2025-06-22T19:45:01","date_gmt":"2025-06-22T19:45:01","guid":{"rendered":"https:\/\/lite-soil.com\/?post_type=product&#038;p=1379"},"modified":"2025-12-16T11:52:00","modified_gmt":"2025-12-16T11:52:00","slug":"lite-net-tree","status":"publish","type":"product","link":"https:\/\/lite-soil.com\/es\/product\/lite-net-tree\/","title":{"rendered":"LITE-NET \u00c1rbol <br> <br>"},"content":{"rendered":"<p>El LITE-<strong>NET<\/strong> \u00c1rbol premontado est\u00e1 disponible en 2 tama\u00f1os y 3 materiales, duraderos, <strong>100% biodegradables<\/strong> o compostables con un grosor de aproximadamente 6 mm.<\/p>\n<p>Como <strong>redes de cultivo<\/strong>, se envuelven alrededor de los cepellones. Succionan el agua en su voluminosa estructura en la superficie y la conducen de forma eficiente y extensa a las ra\u00edces como si fueran venas. Cuando estos retiran el agua almacenada seg\u00fan las necesidades, el aire es aspirado desde la superficie. De este modo, sustituyen de forma sencilla y rentable los sistemas de tuber\u00edas habituales hasta ahora, sin que se produzcan pandeos ni atascos y sin efecto chimenea. Seg\u00fan estudios holandeses, el uso de redes de cultivo tambi\u00e9n aumenta la humedad del suelo en un 50% aproximadamente. Debido a la forma flexible de la red, las ra\u00edces pueden crecer a trav\u00e9s de ella sin problemas.<\/p>\n<p><img loading=\"lazy\" decoding=\"async\" class=\"alignnone wp-image-3267\" src=\"https:\/\/lite-soil.com\/wp-content\/uploads\/2025\/08\/es-300x211.webp\" alt=\"\" width=\"573\" height=\"403\" srcset=\"https:\/\/lite-soil.com\/wp-content\/uploads\/2025\/08\/es-300x211.webp 300w, https:\/\/lite-soil.com\/wp-content\/uploads\/2025\/08\/es-1024x721.webp 1024w, https:\/\/lite-soil.com\/wp-content\/uploads\/2025\/08\/es-768x541.webp 768w, https:\/\/lite-soil.com\/wp-content\/uploads\/2025\/08\/es-600x423.webp 600w, https:\/\/lite-soil.com\/wp-content\/uploads\/2025\/08\/es.webp 1252w\" sizes=\"auto, (max-width: 573px) 100vw, 573px\" \/><\/p>\n<p>Debido a su eficacia, las <strong>redes de cultivo <\/strong>son tambi\u00e9n el complemento ideal del sistema subterr\u00e1neo para las bolsas de riego y los bordes de riego. Reducen considerablemente el consumo de agua al transportarla directamente a las ra\u00edces del \u00e1rbol sin que se evapore. Los intervalos de riego se ampl\u00edan considerablemente.<\/p>\n<p><strong>Aplicaciones<\/strong><\/p>\n<p><a href=\"https:\/\/lite-soil.com\/es\/professionals_trees\/\">\u00c1RBOLES<\/a>: Envuelva el cepell\u00f3n con un trozo de LITE-<strong>NET<\/strong> convenientemente cortado para dirigir el agua y el aire de la superficie directamente a las ra\u00edces.<\/p>\n<p>La LITE-<strong>NET Tree<\/strong> <strong>L<\/strong>, muy flexible, de aproximadamente 1,5 x 0,8 m, se utiliza como <strong>red de cultivo <\/strong>para cepellones hasta m\u00e1x. 60\/65 cm de di\u00e1metro. La versi\u00f3n m\u00e1s grande de LITE-<strong>NET Tree XL<\/strong>, de aproximadamente 1,75 x 1,6 m, se utiliza para cepellones a partir de unos \u00d860 cm.<\/p>\n<p>La versi\u00f3n <strong>XL<\/strong> tambi\u00e9n puede utilizarse como <strong>red de distribuci\u00f3n <\/strong>horizontal directamente bajo el cepell\u00f3n. Conduce el aire y el agua capilarmente a lo ancho y sirve como almacenamiento adicional. Esto mejora el crecimiento de las ra\u00edces en profundidad y aumenta la estabilidad del \u00e1rbol. Por lo tanto, para las nuevas plantaciones recomendamos una combinaci\u00f3n de <strong>red de cultivo <\/strong>con <strong>red de distribuci\u00f3n<\/strong> para los \u00e1rboles.<\/p>\n<p><img loading=\"lazy\" decoding=\"async\" class=\"alignnone wp-image-3461\" src=\"https:\/\/lite-soil.com\/wp-content\/uploads\/2025\/08\/LITE-NET-Baum-Linz-2016-vs-2023-ES-300x100.webp\" alt=\"\" width=\"645\" height=\"215\" srcset=\"https:\/\/lite-soil.com\/wp-content\/uploads\/2025\/08\/LITE-NET-Baum-Linz-2016-vs-2023-ES-300x100.webp 300w, https:\/\/lite-soil.com\/wp-content\/uploads\/2025\/08\/LITE-NET-Baum-Linz-2016-vs-2023-ES-1024x341.webp 1024w, https:\/\/lite-soil.com\/wp-content\/uploads\/2025\/08\/LITE-NET-Baum-Linz-2016-vs-2023-ES-768x256.webp 768w, https:\/\/lite-soil.com\/wp-content\/uploads\/2025\/08\/LITE-NET-Baum-Linz-2016-vs-2023-ES-1536x512.webp 1536w, https:\/\/lite-soil.com\/wp-content\/uploads\/2025\/08\/LITE-NET-Baum-Linz-2016-vs-2023-ES-2048x683.webp 2048w, https:\/\/lite-soil.com\/wp-content\/uploads\/2025\/08\/LITE-NET-Baum-Linz-2016-vs-2023-ES-600x200.webp 600w\" sizes=\"auto, (max-width: 645px) 100vw, 645px\" \/> <img loading=\"lazy\" decoding=\"async\" class=\"alignnone wp-image-3462\" src=\"https:\/\/lite-soil.com\/wp-content\/uploads\/2025\/08\/LITE-NET-Baum-Linz-2016-vs-2023-ES-1-300x259.webp\" alt=\"\" width=\"431\" height=\"372\" srcset=\"https:\/\/lite-soil.com\/wp-content\/uploads\/2025\/08\/LITE-NET-Baum-Linz-2016-vs-2023-ES-1-300x259.webp 300w, https:\/\/lite-soil.com\/wp-content\/uploads\/2025\/08\/LITE-NET-Baum-Linz-2016-vs-2023-ES-1-1024x884.webp 1024w, https:\/\/lite-soil.com\/wp-content\/uploads\/2025\/08\/LITE-NET-Baum-Linz-2016-vs-2023-ES-1-768x663.webp 768w, https:\/\/lite-soil.com\/wp-content\/uploads\/2025\/08\/LITE-NET-Baum-Linz-2016-vs-2023-ES-1-1536x1326.webp 1536w, https:\/\/lite-soil.com\/wp-content\/uploads\/2025\/08\/LITE-NET-Baum-Linz-2016-vs-2023-ES-1-2048x1769.webp 2048w, https:\/\/lite-soil.com\/wp-content\/uploads\/2025\/08\/LITE-NET-Baum-Linz-2016-vs-2023-ES-1-600x518.webp 600w\" sizes=\"auto, (max-width: 431px) 100vw, 431px\" \/><\/p>\n<p>Por supuesto, el <strong>\u00e1rbol <\/strong>LITE-<strong>NET<\/strong> tambi\u00e9n puede utilizarse para otras aplicaciones, como lechos elevados, parterres de hortalizas o grandes comederos.<\/p>\n<p><iframe loading=\"lazy\" title=\"\ud83d\udca7instalaci\u00f3n RED de ALMACENAMIENTO de AGUA para \u00e1rboles #ahorrodeagua\" width=\"500\" height=\"281\" src=\"https:\/\/www.youtube.com\/embed\/lp4W-7KNBvM?feature=oembed\" frameborder=\"0\" allow=\"accelerometer; autoplay; clipboard-write; encrypted-media; gyroscope; picture-in-picture; web-share\" referrerpolicy=\"strict-origin-when-cross-origin\" allowfullscreen><\/iframe><\/p>\n<p>&nbsp;<\/p>\n<p><strong>Tama\u00f1os para pedidos<\/strong><\/p>\n<p>LITE-<strong>NET<\/strong> \u00c1RBOL <strong>Bio1<\/strong>:<\/p>\n<ul>\n<li>L: 1,5 x 0,8 m <strong>\u2192 <\/strong>90 uds. Box<\/li>\n<li>L: 1,5 x 0,8 m <strong>\u2192 <\/strong>18 (6&#215;3) uds. Box<\/li>\n<li>L: 1,5 x 0,8 m <strong>\u2192 <\/strong>20 uds. Box<\/li>\n<li>XL: 1,75 x 1,6 m <strong>\u2192 <\/strong>45 uds. Box<\/li>\n<\/ul>\n<p>LITE-<strong>NET<\/strong> \u00c1RBOL <strong>Bio5 <\/strong>&#038;<strong> PP<\/strong>:<\/p>\n<ul>\n<li>L: 1,5 x 0,8 m <strong>\u2192 <\/strong>90 uds. Box<\/li>\n<li>L: 1,5 x 0,8 m <strong>\u2192 <\/strong>18 (6&#215;3) uds. Box<\/li>\n<li>L: 1,5 x 0,8 m <strong>\u2192 <\/strong>20 uds. Box<\/li>\n<li>XL: 1,75 x 1,6 m <strong>\u2192 <\/strong>45 uds. Box<\/li>\n<li>XL: 1,75 x 1,6 m <strong>\u2192 <\/strong>8 uds. Box<\/li>\n<li>XL: 1,75 x 1,6 m <strong>\u2192 <\/strong>8 (4&#215;2) uds. Box<\/li>\n<\/ul>\n<p>Para pedidos privados, visite nuestra <a href=\"https:\/\/lite-soil.com\/es\/shop-2\/\">tienda en l\u00ednea<\/a>.<\/p>\n","protected":false},"excerpt":{"rendered":"<p><strong>Aire y agua para \u00e1rboles sanos<\/strong><\/p>\n<p>Red de distribuci\u00f3n de \u00e1rboles. Redes de drenaje 100% biodegradables y prefabricadas de vell\u00f3n grueso. Al igual que las venas de agua en red, el LITE-<strong>NET Tree<\/strong> funciona alrededor del cepell\u00f3n o en el alcorque. Aspira el aire y el agua en la estructura de fibra altamente porosa de la superficie y la transporta directamente a las ra\u00edces.<\/p>\n<p><strong>Material<\/strong>:\u00a0<strong>Bio1<\/strong>: fibras de celulosa 100% biodegradables \u00a0|\u00a0<strong>Bio5<\/strong>: 70% de PLA (polilactida) + 30% de fibras de celulosa | <strong>PP<\/strong>: 100% polipropileno.<\/p>\n<p><strong>Ventajas<\/strong>:<\/p>\n<ul>\n<li>Lleva el aire y el agua directamente a las ra\u00edces<\/li>\n<li>Las ra\u00edces pueden crecer a trav\u00e9s de las aberturas de la malla<\/li>\n<li>Intervalos de riego prolongados<\/li>\n<li>Instalaci\u00f3n sencilla<\/li>\n<li>Rentable<\/li>\n<li>Cuidado \u00f3ptimo y eficaz de las plantas<\/li>\n<\/ul>\n<p><strong>LITE-SOIL ganador de la medalla de Innovaci\u00f3n en GaLaBau 2024 por el LITE-NET TREE.<\/strong><\/p>\n","protected":false},"featured_media":1380,"comment_status":"closed","ping_status":"closed","template":"","meta":[],"product_brand":[],"product_cat":[101,112,210],"product_tag":[106,107,108,109,116,128,129,130],"class_list":{"0":"post-1379","1":"product","2":"type-product","3":"status-publish","4":"has-post-thumbnail","6":"product_cat-trees","7":"product_cat-raised-planting-beds-troughs","8":"product_cat-lite-net_pro","9":"product_tag-100-zellulosefasern","10":"product_tag-aus-holz","11":"product_tag-biologisch-abbaubar","12":"product_tag-nachhaltig","13":"product_tag-sustainable","14":"product_tag-100-cellulose-fibers","15":"product_tag-biodegradable","16":"product_tag-wooden","18":"first","19":"outofstock","20":"taxable","21":"shipping-taxable","22":"product-type-simple"},"_links":{"self":[{"href":"https:\/\/lite-soil.com\/es\/wp-json\/wp\/v2\/product\/1379","targetHints":{"allow":["GET"]}}],"collection":[{"href":"https:\/\/lite-soil.com\/es\/wp-json\/wp\/v2\/product"}],"about":[{"href":"https:\/\/lite-soil.com\/es\/wp-json\/wp\/v2\/types\/product"}],"replies":[{"embeddable":true,"href":"https:\/\/lite-soil.com\/es\/wp-json\/wp\/v2\/comments?post=1379"}],"wp:featuredmedia":[{"embeddable":true,"href":"https:\/\/lite-soil.com\/es\/wp-json\/wp\/v2\/media\/1380"}],"wp:attachment":[{"href":"https:\/\/lite-soil.com\/es\/wp-json\/wp\/v2\/media?parent=1379"}],"wp:term":[{"taxonomy":"product_brand","embeddable":true,"href":"https:\/\/lite-soil.com\/es\/wp-json\/wp\/v2\/product_brand?post=1379"},{"taxonomy":"product_cat","embeddable":true,"href":"https:\/\/lite-soil.com\/es\/wp-json\/wp\/v2\/product_cat?post=1379"},{"taxonomy":"product_tag","embeddable":true,"href":"https:\/\/lite-soil.com\/es\/wp-json\/wp\/v2\/product_tag?post=1379"}],"curies":[{"name":"wp","href":"https:\/\/api.w.org\/{rel}","templated":true}]}}