{"id":1388,"date":"2025-06-22T19:50:00","date_gmt":"2025-06-22T19:50:00","guid":{"rendered":"https:\/\/lite-soil.com\/?post_type=product&#038;p=1388"},"modified":"2025-09-09T10:16:08","modified_gmt":"2025-09-09T10:16:08","slug":"lite-net-slope","status":"publish","type":"product","link":"https:\/\/lite-soil.com\/es\/product\/lite-net-slope\/","title":{"rendered":"LITE-NET Talud <br> <br>"},"content":{"rendered":"<p>Seg\u00fan los estudios de BOKU, una LITE-<strong>NET<\/strong> puede almacenar 6 veces la cantidad de agua a largo plazo en comparaci\u00f3n con las redes de coco. Esto hace que el efecto de revegetaci\u00f3n sea un 50 % mayor. Adem\u00e1s, se reduce la erosi\u00f3n. Gracias a su forma de red flexible, la LITE<strong>-NET<\/strong> se adapta muy bien a la superficie, por lo que requiere poca fijaci\u00f3n y es a prueba de tormentas.<\/p>\n<p><img loading=\"lazy\" decoding=\"async\" class=\"alignnone size-medium wp-image-3304\" src=\"https:\/\/lite-soil.com\/wp-content\/uploads\/2025\/08\/slope-300x300.webp\" alt=\"\" width=\"300\" height=\"300\" srcset=\"https:\/\/lite-soil.com\/wp-content\/uploads\/2025\/08\/slope-300x300.webp 300w, https:\/\/lite-soil.com\/wp-content\/uploads\/2025\/08\/slope-1024x1024.webp 1024w, https:\/\/lite-soil.com\/wp-content\/uploads\/2025\/08\/slope-150x150.webp 150w, https:\/\/lite-soil.com\/wp-content\/uploads\/2025\/08\/slope-768x768.webp 768w, https:\/\/lite-soil.com\/wp-content\/uploads\/2025\/08\/slope-600x600.webp 600w, https:\/\/lite-soil.com\/wp-content\/uploads\/2025\/08\/slope-100x100.webp 100w, https:\/\/lite-soil.com\/wp-content\/uploads\/2025\/08\/slope.webp 1080w\" sizes=\"auto, (max-width: 300px) 100vw, 300px\" \/><img loading=\"lazy\" decoding=\"async\" class=\"alignnone wp-image-3309\" src=\"https:\/\/lite-soil.com\/wp-content\/uploads\/2025\/08\/Kokosmatte-vs-LITE-NET-ES-300x211.webp\" alt=\"\" width=\"358\" height=\"252\" srcset=\"https:\/\/lite-soil.com\/wp-content\/uploads\/2025\/08\/Kokosmatte-vs-LITE-NET-ES-300x211.webp 300w, https:\/\/lite-soil.com\/wp-content\/uploads\/2025\/08\/Kokosmatte-vs-LITE-NET-ES-768x541.webp 768w, https:\/\/lite-soil.com\/wp-content\/uploads\/2025\/08\/Kokosmatte-vs-LITE-NET-ES-600x423.webp 600w, https:\/\/lite-soil.com\/wp-content\/uploads\/2025\/08\/Kokosmatte-vs-LITE-NET-ES.webp 959w\" sizes=\"auto, (max-width: 358px) 100vw, 358px\" \/><\/p>\n<p>Las redes para terraplenes de gran tama\u00f1o tienen una anchura de apertura de aproximadamente 9 cm (C14) y un grosor de aproximadamente 6 mm, Bio1 tambi\u00e9n est\u00e1 disponible en 4 mm.<\/p>\n<p><strong>INSTRUCCIONES DE INSTALACI\u00d3N<\/strong><\/p>\n<p><a href=\"https:\/\/lite-soil.com\/es\/professionals_slopes\/\">TALUDES<\/a>: Coloque el LITE-<strong>NET<\/strong> separado y a\u00f1ada tierra sobre \u00e9l hasta la profundidad de las ra\u00edces (aprox. 10 cm para c\u00e9sped). Lo ideal es mezclarlo con <a href=\"https:\/\/lite-soil.com\/es\/professionals_products\/#lite_strips_B2B_products\">LITE-<strong>STRIPS<\/strong><\/a>. Para las plantaciones iniciales, las variantes de LITE<strong>-NET<\/strong> 100 % biodegradables <strong>Bio1<\/strong> o <strong>Bio5<\/strong> se colocan simplemente en la superficie del talud, se fijan y, en el mejor de los casos, se cubren con una plantaci\u00f3n por aspersi\u00f3n.<\/p>\n<p>El dep\u00f3sito de agua para terraplenes LITE-<strong>NET<\/strong> es ideal para el revegetaci\u00f3n de terraplenes y como protecci\u00f3n contra la erosi\u00f3n. Para la fase de crecimiento se colocan por encima del suelo, para el uso permanente se colocan bajo tierra.<\/p>\n<p><strong>100% BIODEGRADABLE<\/strong><\/p>\n<p>Las redes de vell\u00f3n, extremadamente flexibles, se adaptan perfectamente al subsuelo, formando un microrrelieve estable paralelo a la pendiente y reduciendo as\u00ed la erosi\u00f3n. Gracias al buen enclavamiento, el LITE-<strong>NET<\/strong> s\u00f3lo necesita sujetarse un poco. Adem\u00e1s, la forma de la red es a prueba de tormentas, a diferencia de las alfombras de superficie completa. En las pendientes m\u00e1s pronunciadas, las redes de almacenamiento de agua se pueden asegurar f\u00e1cilmente con ganchos est\u00e1ndar para el suelo.<br \/>\nAdem\u00e1s, debido al efecto de meandro, la capacidad de almacenamiento de agua aumenta adicionalmente en comparaci\u00f3n con las esteras de superficie completa, ya que el agua no puede escurrirse en una l\u00ednea de ca\u00edda. El crecimiento de las plantas se ve favorecido por la incidencia directa de la luz y se pueden introducir f\u00e1cilmente plantas adicionales en los huecos de la red.<\/p>\n<p>&nbsp;<\/p>\n<p>LITE-<strong>NET<\/strong> Talud (Rollo C14 = malla \u2300 9 cm)<\/p>\n<ul>\n<li>350: 3,5 x 14,3 m <strong>\u2192\u00a0<\/strong>50 m\u00b2<\/li>\n<li>520: 5,2 x 14,3 m <strong>\u2192\u00a0<\/strong>75 m\u00b2<\/li>\n<\/ul>\n<p>&nbsp;<\/p>\n<p>Para pedidos privados, visite nuestra <a href=\"https:\/\/lite-soil.com\/es\/shop-2\/\">tienda en l\u00ednea<\/a>.<\/p>\n","protected":false},"excerpt":{"rendered":"<p><strong>Ahorrador de agua para taludes<\/strong><\/p>\n<p>Para los terraplenes, el LITE-<strong>NET Bio1<\/strong> (aprox. 1-2 a\u00f1os) o <strong>Bio5<\/strong> (aprox. 5-10 a\u00f1os), 100% biodegradable, se coloca directamente sobre la superficie y se pulveriza idealmente. Funciona como un dep\u00f3sito de agua de gran superficie, por lo que el efecto serpenteante significa que, a diferencia de las esteras de superficie completa, el agua se almacena en la red incluso en las pendientes m\u00e1s pronunciadas y, por lo tanto, est\u00e1 disponible para las plantas en todo momento si es necesario.<\/p>\n<p><strong>Material<\/strong>: <strong>Bio1<\/strong>: fibras de celulosa 100% biodegradables \u00a0| <strong>Bio5<\/strong>: 70% de PLA (polilactida) + 30% de fibras de celulosa.<\/p>\n<p><strong>Ventajas<\/strong>:<\/p>\n<ul>\n<li>Almacena el agua directamente con las plantas<\/li>\n<li>Las ra\u00edces pueden crecer a trav\u00e9s de las aberturas de la malla<\/li>\n<li>Reducci\u00f3n de la erosi\u00f3n<\/li>\n<li>Intervalos de riego prolongados<\/li>\n<li>Se puede cortar f\u00e1cilmente a medida<\/li>\n<li>Instalaci\u00f3n sencilla<\/li>\n<li>Suministro \u00f3ptimo de las plantas<\/li>\n<\/ul>\n","protected":false},"featured_media":1390,"comment_status":"closed","ping_status":"closed","template":"","meta":[],"product_brand":[],"product_cat":[21,210],"product_tag":[],"class_list":{"0":"post-1388","1":"product","2":"type-product","3":"status-publish","4":"has-post-thumbnail","6":"product_cat-uncategorized","7":"product_cat-lite-net_pro","9":"first","10":"outofstock","11":"taxable","12":"shipping-taxable","13":"product-type-simple"},"_links":{"self":[{"href":"https:\/\/lite-soil.com\/es\/wp-json\/wp\/v2\/product\/1388","targetHints":{"allow":["GET"]}}],"collection":[{"href":"https:\/\/lite-soil.com\/es\/wp-json\/wp\/v2\/product"}],"about":[{"href":"https:\/\/lite-soil.com\/es\/wp-json\/wp\/v2\/types\/product"}],"replies":[{"embeddable":true,"href":"https:\/\/lite-soil.com\/es\/wp-json\/wp\/v2\/comments?post=1388"}],"wp:featuredmedia":[{"embeddable":true,"href":"https:\/\/lite-soil.com\/es\/wp-json\/wp\/v2\/media\/1390"}],"wp:attachment":[{"href":"https:\/\/lite-soil.com\/es\/wp-json\/wp\/v2\/media?parent=1388"}],"wp:term":[{"taxonomy":"product_brand","embeddable":true,"href":"https:\/\/lite-soil.com\/es\/wp-json\/wp\/v2\/product_brand?post=1388"},{"taxonomy":"product_cat","embeddable":true,"href":"https:\/\/lite-soil.com\/es\/wp-json\/wp\/v2\/product_cat?post=1388"},{"taxonomy":"product_tag","embeddable":true,"href":"https:\/\/lite-soil.com\/es\/wp-json\/wp\/v2\/product_tag?post=1388"}],"curies":[{"name":"wp","href":"https:\/\/api.w.org\/{rel}","templated":true}]}}