{"id":4194,"date":"2025-09-09T08:47:27","date_gmt":"2025-09-09T08:47:27","guid":{"rendered":"https:\/\/lite-soil.com\/de\/?post_type=product&#038;p=4194"},"modified":"2026-01-20T10:00:00","modified_gmt":"2026-01-20T10:00:00","slug":"bewasserungssack-lite-net-bio5","status":"publish","type":"product","link":"https:\/\/lite-soil.com\/es\/product\/bewasserungssack-lite-net-bio5\/","title":{"rendered":"BOLSA DE RIEGO  <br> + LITE-NET Bio5"},"content":{"rendered":"<p data-start=\"2620\" data-end=\"3103\">La combinaci\u00f3n innovadora optimiza el riego de tu \u00e1rbol. La red distribuidora (LITE\u2011NET \u00c1RBOL) absorbe el agua que proviene de la bolsa de riego en la superficie, la dirige directamente a las ra\u00edces y la almacena. Se reduce el encharcamiento prolongado\u2014y por tanto la formaci\u00f3n de moho\u2014debajo de la bolsa de agua.<\/p>\n<p data-start=\"3105\" data-end=\"3522\">El agua se utiliza de manera muy eficiente, ya que se evapora menos en la superficie y fluye abundantemente a trav\u00e9s de la red de fieltro hacia las ra\u00edces, en lugar de pasar de largo. Adem\u00e1s, la red distribuidora canaliza tambi\u00e9n el agua de lluvia\u2014incluso de chaparrones d\u00e9biles\u2014hacia las ra\u00edces m\u00e1s profundas. Cuando las ra\u00edces toman agua del fieltro, la succi\u00f3n en la superficie tambi\u00e9n atrae aire hacia las ra\u00edces.<\/p>\n<p data-start=\"3105\" data-end=\"3522\"><strong>LITE-NET \u00c1rbol 100\u202f% BIODEGRADABLE<\/strong><\/p>\n<p data-start=\"3524\" data-end=\"3817\">LITE\u2011NET \u00c1rbol es un fieltro de almacenamiento de agua voluminoso en forma de red, que se envuelve f\u00e1cilmente alrededor del cepell\u00f3n. Est\u00e1 dise\u00f1ado como ayuda al arraigo, dura de 5 a 10 a\u00f1os y es 100\u202f% biodegradable. Las ra\u00edces pueden crecer sin dificultad a trav\u00e9s de las aberturas de la red.<\/p>\n<p data-start=\"3819\" data-end=\"4112\">Con la combinaci\u00f3n Kombi B, se coloca una segunda red distribuidora horizontalmente justo debajo del cepell\u00f3n. Esto permite una distribuci\u00f3n capilar del agua en profundidad y amplitud. Fomenta el crecimiento profundo de las ra\u00edces y aumenta la estabilidad.<\/p>\n<p data-start=\"4376\" data-end=\"4395\">\n<p data-start=\"4376\" data-end=\"4395\"><strong data-start=\"4376\" data-end=\"4395\">Datos t\u00e9cnicos<\/strong><\/p>\n<ul data-start=\"4397\" data-end=\"4951\">\n<li data-start=\"4397\" data-end=\"4565\">\n<p data-start=\"4399\" data-end=\"4565\"><strong data-start=\"4399\" data-end=\"4418\">BOLSA DE RIEGO:<\/strong> Capacidad de 75\u202fL; PVC resistente a la intemperie de 400\u202fg\/m\u00b2 con tejido de red. Dos orificios en la base para drenaje. Con cremallera y anclajes.<\/p>\n<\/li>\n<li data-start=\"4567\" data-end=\"4951\">\n<p data-start=\"4569\" data-end=\"4951\"><strong data-start=\"4569\" data-end=\"4588\">LITE\u2011NET \u00c1rbol:<\/strong> Red de drenaje preconfeccionada (aprox. 1,5\u202f\u00d7\u202f0,8\u202fm) para suministro subterr\u00e1neo de agua y aire a cepellones a gran escala. Confeccionada con fieltro de aguja PLA 100\u202f% biodegradable\/compostable (aprox. 70\u202f% PLA + 30\u202f% celulosa; ca.\u202f500\u202fg\/m\u00b2; grosor aprox.\u202f6\u202fmm; porosidad = capacidad de retenci\u00f3n de agua aprox.\u202f90\u202f%; tiempo de descomposici\u00f3n aprox.\u202f5\u201310\u202fa\u00f1os).<\/p>\n<\/li>\n<\/ul>\n<p data-start=\"5407\" data-end=\"5516\">\n<p data-start=\"5407\" data-end=\"5516\"><strong data-start=\"5407\" data-end=\"5418\">Tama\u00f1o<\/strong><\/p>\n<p data-start=\"5407\" data-end=\"5516\">LITE-NET \u00c1rbol Bio5 L: Para cepellones hasta \u00d8\u202f60\/65\u202fcm.<\/p>\n<p data-start=\"5407\" data-end=\"5516\">LITE-NET \u00c1rbol Bio5 XL: Para cepellones desde aprox. \u00d8\u202f60.<\/p>\n<p data-start=\"4114\" data-end=\"4135\">\n<p data-start=\"4114\" data-end=\"4135\"><strong>Aplicaci\u00f3n<\/strong><\/p>\n<p data-start=\"4114\" data-end=\"4135\"><a href=\"https:\/\/lite-soil.com\/es\/professionals_trees\/\">\u00c1RBOL<\/a><\/p>\n<p data-start=\"4137\" data-end=\"4170\"><strong data-start=\"4137\" data-end=\"4170\">Instrucciones de instalaci\u00f3n<\/strong><\/p>\n<ol data-start=\"4171\" data-end=\"4374\">\n<li data-start=\"4171\" data-end=\"4242\">\n<p data-start=\"4174\" data-end=\"4242\">Colocar el cepell\u00f3n sobre la red. Envolver el cepell\u00f3n con la red.<\/p>\n<\/li>\n<li data-start=\"4243\" data-end=\"4276\">\n<p data-start=\"4246\" data-end=\"4276\">Plantar el \u00e1rbol en el hoyo.<\/p>\n<\/li>\n<li data-start=\"4277\" data-end=\"4345\">\n<p data-start=\"4280\" data-end=\"4345\">Rellenar el hoyo, abrir la parte superior de la red y cubrirla.<\/p>\n<\/li>\n<li data-start=\"4346\" data-end=\"4374\">\n<p data-start=\"4349\" data-end=\"4374\">Montar la bolsa de riego.<\/p>\n<\/li>\n<\/ol>\n<p>&nbsp;<\/p>\n<p><strong>Tama\u00f1os para pedidos<\/strong><\/p>\n<ul>\n<li>Kombi A: 30 uds. bolsa de riego + 30 uds. LITE-NET \u00e1rbol Bio5 L (BOX)<\/li>\n<li>Kombi B: 30 uds. bolsa de riego + 30 uds. LITE-NET \u00e1rbol Bio5 L &#038; 30 uds. LITE-NET \u00e1rbol Bio5 XL (BOX)<\/li>\n<\/ul>\n<p>&nbsp;<\/p>\n<p>Para pedidos privados, visite nuestra <a href=\"https:\/\/lite-soil.com\/es\/shop-2\/\">tienda online<\/a>.<\/p>\n","protected":false},"excerpt":{"rendered":"<p>Suministra agua de manera efectiva a los \u00e1rboles incluso en \u00e9pocas de sequ\u00eda.<\/p>\n<p><strong> LITE\u2011NET \u00c1RBOL Bio5 + BOLSA DE RIEGO<\/strong><\/p>\n<p>La combinaci\u00f3n innovadora optimiza el riego de tu \u00e1rbol.<\/p>\n<p><strong>Opciones<\/strong>:<br \/>\n<strong>Kombi A<\/strong>: Bolsa de riego con red LITE-NET \u00c1RBOL L|<br \/>\n<strong>Kombi B<\/strong>: Bolsa de riego con red LITE-NET \u00c1RBOL L &#038; red LITE-NET \u00c1RBOL XL<\/p>\n<p style=\"font-variant-ligatures: normal; font-variant-caps: normal; orphans: 2; text-align: start; widows: 2; -webkit-text-stroke-width: 0px; text-decoration-thickness: initial; text-decoration-style: initial; text-decoration-color: initial; word-spacing: 0px;\"><strong>Material<\/strong>: LITE-NET \u00c1rbol : 70 % PLA + 30 % celulosa<\/p>\n<p data-start=\"4953\" data-end=\"4966\"><strong data-start=\"4953\" data-end=\"4966\">Ventajas<\/strong><\/p>\n<ul>\n<li data-start=\"4969\" data-end=\"5034\">Transporta el agua de la bolsa de riego hasta la zona radicular<\/li>\n<li data-start=\"5037\" data-end=\"5094\">Reduce la humedad y el moho debajo de la bolsa de riego<\/li>\n<li data-start=\"5097\" data-end=\"5146\">Menor evaporaci\u00f3n y mayores intervalos de riego<\/li>\n<li data-start=\"5149\" data-end=\"5225\">Lleva agua de lluvia\u2014incluso de lluvias ligeras\u2014hasta las ra\u00edces profundas<\/li>\n<li data-start=\"5228\" data-end=\"5314\">Promueve el crecimiento profundo de las ra\u00edces y reduce el enraizamiento superficial<\/li>\n<li data-start=\"5317\" data-end=\"5373\">Reducci\u00f3n de costes de mantenimiento y consumo de agua<\/li>\n<li data-start=\"5376\" data-end=\"5405\">Econ\u00f3mico y f\u00e1cil de instalar<\/li>\n<\/ul>\n","protected":false},"featured_media":4663,"comment_status":"closed","ping_status":"closed","template":"","meta":[],"product_brand":[],"product_cat":[210,221],"product_tag":[82],"class_list":{"0":"post-4194","1":"product","2":"type-product","3":"status-publish","4":"has-post-thumbnail","6":"product_cat-lite-net_pro","7":"product_cat-professional","8":"product_tag-trees","10":"first","11":"outofstock","12":"taxable","13":"shipping-taxable","14":"product-type-simple"},"_links":{"self":[{"href":"https:\/\/lite-soil.com\/es\/wp-json\/wp\/v2\/product\/4194","targetHints":{"allow":["GET"]}}],"collection":[{"href":"https:\/\/lite-soil.com\/es\/wp-json\/wp\/v2\/product"}],"about":[{"href":"https:\/\/lite-soil.com\/es\/wp-json\/wp\/v2\/types\/product"}],"replies":[{"embeddable":true,"href":"https:\/\/lite-soil.com\/es\/wp-json\/wp\/v2\/comments?post=4194"}],"wp:featuredmedia":[{"embeddable":true,"href":"https:\/\/lite-soil.com\/es\/wp-json\/wp\/v2\/media\/4663"}],"wp:attachment":[{"href":"https:\/\/lite-soil.com\/es\/wp-json\/wp\/v2\/media?parent=4194"}],"wp:term":[{"taxonomy":"product_brand","embeddable":true,"href":"https:\/\/lite-soil.com\/es\/wp-json\/wp\/v2\/product_brand?post=4194"},{"taxonomy":"product_cat","embeddable":true,"href":"https:\/\/lite-soil.com\/es\/wp-json\/wp\/v2\/product_cat?post=4194"},{"taxonomy":"product_tag","embeddable":true,"href":"https:\/\/lite-soil.com\/es\/wp-json\/wp\/v2\/product_tag?post=4194"}],"curies":[{"name":"wp","href":"https:\/\/api.w.org\/{rel}","templated":true}]}}