{"id":533,"date":"2025-05-25T17:15:18","date_gmt":"2025-05-25T17:15:18","guid":{"rendered":"https:\/\/lite-soil.com\/?post_type=product&#038;p=533"},"modified":"2025-11-13T13:24:08","modified_gmt":"2025-11-13T13:24:08","slug":"holiday-bag","status":"publish","type":"product","link":"https:\/\/lite-soil.com\/es\/product\/holiday-bag\/","title":{"rendered":"HOLIDAY-BAG <br>"},"content":{"rendered":"<p><strong>El almacenamiento de agua de HOLIDAY-BAG contiene:<\/strong><\/p>\n<ol>\n<li>Almacenamiento de agua para las plantas en vacaciones:\u00a0LITE-STRIPS son vellones de almacenamiento de agua 100% sostenibles y reutilizables en forma de tira para mezclar en el suelo. Esto significa que los dep\u00f3sitos de agua est\u00e1n situados directamente cerca de las ra\u00edces y no, por ejemplo, en el fondo de la maceta. Por lo tanto, las plantas pueden acceder al agua del vell\u00f3n de riego con mucha m\u00e1s facilidad y eficacia. 10 litros\u00a0LITE-STRIPS almacenan hasta 9 litros de agua.<\/li>\n<li>El inserto de vell\u00f3n\u00a0LITE-POT (60 x 12,5 cm) tambi\u00e9n almacena el exceso de agua como una esponja y la libera a las plantas seg\u00fan sea necesario. El vell\u00f3n reciclado hecho de material reciclado puede ser usado varias veces y almacena aprox. 12 l\/m2 de agua.<\/li>\n<\/ol>\n<p><strong>HOLIDAY-BAG es 100% SOSTENIBLE, RECICLABLE, DURABLE Y REUTILIZABLE!<\/strong><\/p>\n<p><strong>Instrucciones de instalaci\u00f3n<\/strong><\/p>\n<p>El almacenamiento de agua de la bolsa de vacaciones para las plantas en las vacaciones es muy f\u00e1cil de usar! Coloca el vell\u00f3n de almacenamiento de agua LITE-POT en el fondo de la caja del balc\u00f3n, simplemente c\u00f3rtalo si es necesario. Encima de esto, agregue una mezcla de tierra con alrededor del 5% (en volumen) de LITE-STRIPS. La bolsa es suficiente para 25 l de tierra.<\/p>\n<p><strong>Ventajas<\/strong><\/p>\n<ul>\n<li>Alamacenamiento de agua 2 &#8211; in &#8211; 1<\/li>\n<li>Ideal para ausencias m\u00e1s largas como vacaciones, viajes de negocios<\/li>\n<li>Suministra agua a sus plantas durante varios d\u00edas<\/li>\n<li>Almacena el agua directamente en las ra\u00edces<\/li>\n<li>Un suelo m\u00e1s suelto y mejor aireado<\/li>\n<\/ul>\n<p><strong>Aplicaci\u00f3n<\/strong><\/p>\n<p><a href=\"https:\/\/lite-soil.com\/es\/pots-planters-balcony-boxes\/\">MACETAS DE BALC\u00d3N<\/a><\/p>\n<p><strong>Material<\/strong><\/p>\n<ul>\n<li>LITE-POT: 100% poli\u00e9ster reciclado<\/li>\n<li>LITE-STRIPS: 100% tiras de vell\u00f3n de polipropileno. Producido en Austria<\/li>\n<\/ul>\n<p><strong>Cantidad<\/strong><\/p>\n<ul>\n<li>2 x LITE-POT\u00a0M cada uno de 60 cm x 12,5 cm 1,25 l<\/li>\n<li>LITE-STRIPS suficienta para hasta 25 litros de sustrato.<\/li>\n<\/ul>\n<div class=\"fluid-width-video-wrapper\"><iframe title=\"\ud83e\udeb4Soluci\u00f3n REGAR PLANTAS durante VACACIONES\ud83e\uddf3 HOLIDAY-BAG #ahorrodeagua\" src=\"https:\/\/www.youtube.com\/embed\/lAh9DLYbrpY?feature=oembed\" name=\"fitvid0\" allowfullscreen=\"allowfullscreen\" data-mce-fragment=\"1\"><\/iframe><\/div>\n<p>Para proyectos grandes, por favor cont\u00e1ctenos\u00a0<a href=\"https:\/\/lite-soil.com\/es\/about\/#contact_us\">aqu\u00ed<\/a>.<\/p>\n","protected":false},"excerpt":{"rendered":"<p>El dep\u00f3sito de agua para jardineras de balc\u00f3n para ausencias prolongadas, como vacaciones, viajes de negocios, etc.<\/p>\n<p>LITE-POT se coloca en el fondo y los LITE-STRIPS se mezclan simplemente con la tierra. Esto permite que muchos dep\u00f3sitos de agua est\u00e9n ubicados directamente cerca de las ra\u00edces. Tus plantas podr\u00e1n acceder al agua de forma m\u00e1s f\u00e1cil y eficaz cuando lo necesiten.<\/p>\n<p><strong>\u00a1100\u202f% SOSTENIBLE, RECICLADO, DURADERO Y REUTILIZABLE!<\/strong><\/p>\n<p>Fabricado en Austria.<\/p>\n","protected":false},"featured_media":221,"comment_status":"closed","ping_status":"closed","template":"","meta":[],"product_brand":[],"product_cat":[99],"product_tag":[26,68],"class_list":{"0":"post-533","1":"product","2":"type-product","3":"status-publish","4":"has-post-thumbnail","6":"product_cat-lite-pot_holiday-bag","7":"product_tag-urban-gardening","8":"product_tag-balcony-boxes","10":"first","11":"instock","12":"taxable","13":"shipping-taxable","14":"purchasable","15":"product-type-simple"},"_links":{"self":[{"href":"https:\/\/lite-soil.com\/es\/wp-json\/wp\/v2\/product\/533","targetHints":{"allow":["GET"]}}],"collection":[{"href":"https:\/\/lite-soil.com\/es\/wp-json\/wp\/v2\/product"}],"about":[{"href":"https:\/\/lite-soil.com\/es\/wp-json\/wp\/v2\/types\/product"}],"replies":[{"embeddable":true,"href":"https:\/\/lite-soil.com\/es\/wp-json\/wp\/v2\/comments?post=533"}],"wp:featuredmedia":[{"embeddable":true,"href":"https:\/\/lite-soil.com\/es\/wp-json\/wp\/v2\/media\/221"}],"wp:attachment":[{"href":"https:\/\/lite-soil.com\/es\/wp-json\/wp\/v2\/media?parent=533"}],"wp:term":[{"taxonomy":"product_brand","embeddable":true,"href":"https:\/\/lite-soil.com\/es\/wp-json\/wp\/v2\/product_brand?post=533"},{"taxonomy":"product_cat","embeddable":true,"href":"https:\/\/lite-soil.com\/es\/wp-json\/wp\/v2\/product_cat?post=533"},{"taxonomy":"product_tag","embeddable":true,"href":"https:\/\/lite-soil.com\/es\/wp-json\/wp\/v2\/product_tag?post=533"}],"curies":[{"name":"wp","href":"https:\/\/api.w.org\/{rel}","templated":true}]}}