{"id":535,"date":"2025-05-25T17:15:19","date_gmt":"2025-05-25T17:15:19","guid":{"rendered":"https:\/\/lite-soil.com\/?post_type=product&#038;p=535"},"modified":"2025-08-21T09:53:44","modified_gmt":"2025-08-21T09:53:44","slug":"sustainable-gift-set","status":"publish","type":"product","link":"https:\/\/lite-soil.com\/es\/product\/sustainable-gift-set\/","title":{"rendered":"Sustainable gift set"},"content":{"rendered":"<p data-start=\"44\" data-end=\"147\"><strong data-start=\"44\" data-end=\"147\">El set de regalo sostenible contiene almacenamiento de agua para plantas + maceta de Comercio Justo<\/strong><\/p>\n<ol>\n<li data-start=\"149\" data-end=\"686\"><strong data-start=\"149\" data-end=\"208\">LITE-STRIPS Bio1 &#8211; almacenamiento de agua para plantas:<\/strong> estas fibras de almacenamiento de agua, fabricadas en Austria, son 100% sostenibles y biodegradables, presentadas en forma de tiras para mezclar con la tierra. Gracias a su material \u00fanico y sostenible, ayudan a que tus plantas de interior sobrevivan incluso en los peores periodos de sequ\u00eda\u2026 \u00a1o cuando simplemente te olvidas de regarlas! \u00a1Y tampoco puedes excederte con el riego! Son ideales para suministrar a las plantas suficiente agua y aire durante su fase de crecimiento.<\/li>\n<li data-start=\"688\" data-end=\"1111\"><strong data-start=\"688\" data-end=\"750\">Maceta decorativa Oohh Florence &#8211; estilo y sostenibilidad:<\/strong> esta elegante maceta hecha de papel reciclado se produce en condiciones justas y sostenibles en Sri Lanka. Se da especial prioridad al empleo de mujeres, brind\u00e1ndoles la oportunidad de generar ingresos de forma independiente. Gracias a su recubrimiento especial de goma, esta maceta tambi\u00e9n es repelente al agua y perfectamente adecuada para uso en interiores.<img loading=\"lazy\" decoding=\"async\" class=\"wp-image-16292 aligncenter lazy loaded\" src=\"https:\/\/www.lite-soil-shop.com\/wp-content\/uploads\/2020\/11\/IMG_1560-1024x768.jpg\" alt=\"\" width=\"293\" height=\"219\" data-src=\"https:\/\/www.lite-soil-shop.com\/wp-content\/uploads\/2020\/11\/IMG_1560-1024x768.jpg\" data-was-processed=\"true\" \/><\/li>\n<\/ol>\n<p>10 l LITE-STRIPS almacenan hasta 10 l de agua. Despu\u00e9s de aproximadamente 1 temporada a 2 a\u00f1os, los dep\u00f3sitos de agua org\u00e1nicos LITE-STRIPS Bio1 para plantas son completamente biodegradables.<\/p>\n<p><strong>Instrucciones de instalaci\u00f3n<\/strong><\/p>\n<p><a href=\"https:\/\/lite-soil.com\/es\/raised-planting-beds-garden-beds-vegetable-beds\/\">HUERTOS ELEVADOS<\/a>\u00a0Y\u00a0<a href=\"https:\/\/lite-soil.com\/es\/pots-planters-balcony-boxes\/\">MACETAS<\/a>: Mezclar entre el 5 y el 10 % del volumen en la tierra. La bolsa de 2,5 l tiene capacidad para hasta 50 l de tierra. LITE-STRIPS ayuda a las plantas a sobrevivir a per\u00edodos de sequ\u00eda m\u00e1s largos.<\/p>\n<p><strong>Ventajas<\/strong><\/p>\n<ul>\n<li>Riego solo la mitad de veces.<\/li>\n<li>Almacena agua directamente en las ra\u00edces.<\/li>\n<li>Mejor crecimiento, crecimiento sostenible.<\/li>\n<li>Suelo m\u00e1s suelto y mejor aireado.<\/li>\n<li>\u00a1Tambi\u00e9n ideal para suelos sin turba!<\/li>\n<\/ul>\n<h3>Material<\/h3>\n<ul>\n<li>LITE-STRIPS Bio1 &#8211; Los dep\u00f3sitos de agua biodegradable son tiras de celulosa fabricadas con fibras 100 % de celulosa, producidas en Austria.<\/li>\n<li>Maceta OOHH: materiales reciclados &#8211; Comercio justo \/\/ Papel con capas de l\u00e1tex (\u00e1rbol del caucho).<\/li>\n<\/ul>\n<p><strong>Tama\u00f1o<\/strong><\/p>\n<ul>\n<li>LITE-STRIPS Bio1- Los dep\u00f3sitos de agua biodegradable: 2,5 l, 120 g &#8211; suficiente para hasta 50 l de tierra<\/li>\n<li>Maceta OOHH: aprox. \u00d817 x H17 cm<\/li>\n<\/ul>\n<p>Para proyectos de gran envergadura, p\u00f3ngase en contacto con nosotros <a href=\"https:\/\/lite-soil.com\/es\/about\/#contact_us\">aqu\u00ed<\/a>.<\/p>\n","protected":false},"excerpt":{"rendered":"<p>Set de regalo sostenible: dep\u00f3sito de agua biodegradable + maceta de comercio justo.<\/p>\n<p>Las LITE-STRIPS Bio1, insertadas cerca de las ra\u00edces, son tiras no tejidas que se mezclan con la tierra para ahorrar agua y tiempo de riego.<\/p>\n<p><strong>Volumen<\/strong>: 2,5 l<br \/>\n<strong>Material<\/strong>: Aprox. 70 x 12 x 6 mm hechas de fibras de celulosa 100 % biodegradables.<\/p>\n","protected":false},"featured_media":227,"comment_status":"closed","ping_status":"closed","template":"","meta":[],"product_brand":[],"product_cat":[98],"product_tag":[],"class_list":{"0":"post-535","1":"product","2":"type-product","3":"status-publish","4":"has-post-thumbnail","6":"product_cat-lite-strips","8":"first","9":"instock","10":"sale","11":"taxable","12":"shipping-taxable","13":"purchasable","14":"product-type-simple"},"_links":{"self":[{"href":"https:\/\/lite-soil.com\/es\/wp-json\/wp\/v2\/product\/535","targetHints":{"allow":["GET"]}}],"collection":[{"href":"https:\/\/lite-soil.com\/es\/wp-json\/wp\/v2\/product"}],"about":[{"href":"https:\/\/lite-soil.com\/es\/wp-json\/wp\/v2\/types\/product"}],"replies":[{"embeddable":true,"href":"https:\/\/lite-soil.com\/es\/wp-json\/wp\/v2\/comments?post=535"}],"wp:featuredmedia":[{"embeddable":true,"href":"https:\/\/lite-soil.com\/es\/wp-json\/wp\/v2\/media\/227"}],"wp:attachment":[{"href":"https:\/\/lite-soil.com\/es\/wp-json\/wp\/v2\/media?parent=535"}],"wp:term":[{"taxonomy":"product_brand","embeddable":true,"href":"https:\/\/lite-soil.com\/es\/wp-json\/wp\/v2\/product_brand?post=535"},{"taxonomy":"product_cat","embeddable":true,"href":"https:\/\/lite-soil.com\/es\/wp-json\/wp\/v2\/product_cat?post=535"},{"taxonomy":"product_tag","embeddable":true,"href":"https:\/\/lite-soil.com\/es\/wp-json\/wp\/v2\/product_tag?post=535"}],"curies":[{"name":"wp","href":"https:\/\/api.w.org\/{rel}","templated":true}]}}