{"id":536,"date":"2025-05-25T17:15:19","date_gmt":"2025-05-25T17:15:19","guid":{"rendered":"https:\/\/lite-soil.com\/?post_type=product&#038;p=536"},"modified":"2025-12-22T08:51:32","modified_gmt":"2025-12-22T08:51:32","slug":"bluelite-net","status":"publish","type":"product","link":"https:\/\/lite-soil.com\/es\/product\/bluelite-net\/","title":{"rendered":"BLUELITE-NET"},"content":{"rendered":"<p>El sistema\u00a0BLUELITE-NET\u00a0es una soluci\u00f3n \u00f3ptima para ahorrar agua en el riego subterr\u00e1neo de c\u00e9spedes, campos deportivos o \u00e1rboles.<\/p>\n<p>Consta de 2 elementos: Una red de vell\u00f3n (LITE-NET) y un tubo de riego por goteo con una funda de vell\u00f3n (BLUELITE-TUBE) colocados directamente sobre ella. El agua de la manguera flexible se libera uniformemente a trav\u00e9s del revestimiento de vell\u00f3n robusto en la LITE-NET que se encuentra debajo, donde se distribuye capilarmente sobre una gran superficie en la zona de las ra\u00edces de las plantas. Las ra\u00edces pueden crecer f\u00e1cilmente a trav\u00e9s de las aberturas de la red. El vell\u00f3n de almacenamiento de agua LITE-NET, as\u00ed como la cubierta de vell\u00f3n, est\u00e1n hechos de 100% polipropileno, fabricado en Austria.<\/p>\n<h3>Aplicaci\u00f3n<\/h3>\n<p>C\u00e9spedes,\u00a0tejados verdes,\u00a0campos deportivos, campos de f\u00fatbol,\u00a0taludes,\u00a0\u00e1rboles, arbustos,\u00a0parterres elevados, parterres de flores, parterres de verduras,\u00a0jardiner\u00eda urbana.<\/p>\n<div class=\"fluid-width-video-wrapper\">\n<p><iframe loading=\"lazy\" title=\"\ud83d\udca7instalaci\u00f3n RIEGO SUBTERR\u00c1NEO por goteo BLUELITE-NET #ahorrodeagua\" width=\"500\" height=\"281\" src=\"https:\/\/www.youtube.com\/embed\/X3LQn3NqXW0?feature=oembed\" frameborder=\"0\" allow=\"accelerometer; autoplay; clipboard-write; encrypted-media; gyroscope; picture-in-picture; web-share\" referrerpolicy=\"strict-origin-when-cross-origin\" allowfullscreen><\/iframe><\/p>\n<\/div>\n<h3>Instrucciones de instalaci\u00f3n<\/h3>\n<ol>\n<li>Aflojar el subsuelo, eliminar el c\u00e9sped existente en caso de renovaci\u00f3n.<\/li>\n<li>LITE-NET\u00a0Colocar encima y separar hasta obtener un ancho de aprox. 1,3 a 1,8 m (28 m\u00b2) \/ aprox.<\/li>\n<li>Colocar el BLUELITE-TUBE directamente encima. Distancia aprox. 50-60 cm con suelos permeables al agua (por ejemplo, arena), de lo contrario aprox. 60-70 cm. Posiblemente, se fijen con clavijas o con algo de tierra.<\/li>\n<li>Enra\u00edce profundamente (aprox. 8-15 cm para el c\u00e9sped) la tierra o el sustrato sobre ella, compacte y siembre o coloque el c\u00e9sped.<\/li>\n<li>Conectar, verter &#8211; hecho.<\/li>\n<\/ol>\n<p><em>EN GENERAL, RECOMENDAMOS QUE LA INSTALACI\u00d3N LA REALICE UN PROFESIONAL.<\/em><\/p>\n<h3>Ventajas<\/h3>\n<ul>\n<li>Hasta un 70% de ahorro de agua en comparaci\u00f3n con el riego por aspersi\u00f3n<\/li>\n<li>Suministra las ra\u00edces de forma precisa y uniforme<\/li>\n<li>La zona se puede utilizar durante el riego<\/li>\n<li>Protecci\u00f3n contra el crecimiento de las ra\u00edces, las part\u00edculas finas y el vandalismo<\/li>\n<li>No hay evaporaci\u00f3n, fieltro ni encharcamiento<\/li>\n<li>Instalaci\u00f3n sencilla, bajo mantenimiento<\/li>\n<\/ul>\n<h3>Especificaciones\/Tama\u00f1o:<\/h3>\n<p><strong>BLUELITE-NET 28m\u00b2 :<\/strong><\/p>\n<ul>\n<li>Tubo de goteo flexible de 16,1 mm con revestimiento de vell\u00f3n (BLUELITE-TUBE) para conexiones a presi\u00f3n de 17 mm, grosor de pared de 1,2 mm, goteros con compensaci\u00f3n de presi\u00f3n a intervalos de 33 cm, cada uno con un caudal de 2,3 l\/h a 0,59 a 4,14 bar. Filtraci\u00f3n requerida 125 micras. Se recomienda utilizar una v\u00e1lvula de purga de aire de \u00bd&#8221;. Longitud 50 m.<\/li>\n<li>Red de almacenamiento y distribuci\u00f3n de agua (LITE-NET) de 5 mm de espesor con un contenido de poros del 85-90%. Superficie m\u00e1xima 28 m\u00b2 a 1,7 x 16 m.<\/li>\n<\/ul>\n<p><strong>BLUELITE-NET 55m\u00b2 :<\/strong><\/p>\n<ul>\n<li>Tubo de goteo flexible de 16,1 mm para conexiones enchufables de 17 mm, espesor de pared de 1,2 mm, goteros con compensaci\u00f3n de presi\u00f3n a una distancia de 33 cm, cada uno con un caudal de 2,3 l\/h a 0,59 hasta 4,14. La filtraci\u00f3n requiere 125 micras. Se recomienda utilizar una v\u00e1lvula de purga de aire de \u00bd&#8221;. longitud 100 m.<\/li>\n<li>Red de almacenamiento y distribuci\u00f3n de agua de 5 mm de espesor con un contenido de poros del 85-90%. Superficie m\u00e1xima 55 m\u00b2 a 3,5 x 16 m.<\/li>\n<\/ul>\n<p><a href=\"https:\/\/lite-soil.com\/wp-content\/uploads\/2025\/08\/QA-BLUELITE-NET-ES.webp\"><strong>Preguntas &#038; respuestas de BLUELITE-NET<\/strong><\/a><\/p>\n<p>Para proyectos grandes, por favor cont\u00e1ctenos\u00a0<a href=\"https:\/\/lite-soil.com\/es\/about\/#contact_us\">aqu\u00ed<\/a>.<\/p>\n","protected":false},"excerpt":{"rendered":"<p>Riego subterr\u00e1neo moderno para mejorar el crecimiento de las plantas<\/p>\n<p>El agua de la manguera flexible se libera uniformemente a trav\u00e9s del revestimiento de vell\u00f3n robusto en la LITE-NET que se encuentra debajo, donde se distribuye capilarmente sobre una gran superficie en la zona de las ra\u00edces de las plantas.<\/p>\n<p><strong>Tama\u00f1os<\/strong> : 28 m\u00b2 | 55 m\u00b2<br \/>\n<strong>Material<\/strong>: 100% polipropileno<br \/>\nFabricado en Austria.<\/p>\n<p>&nbsp;<\/p>\n","protected":false},"featured_media":230,"comment_status":"closed","ping_status":"closed","template":"","meta":[],"product_brand":[],"product_cat":[73],"product_tag":[26,74,75,76,77,78,79,80,81,82,83],"class_list":{"0":"post-536","1":"product","2":"type-product","3":"status-publish","4":"has-post-thumbnail","6":"product_cat-bluelite-net","7":"product_tag-urban-gardening","8":"product_tag-athletic-fields","9":"product_tag-bushes-shrubs","10":"product_tag-lawns","11":"product_tag-planting-beds","12":"product_tag-raised-planting-beds","13":"product_tag-roof-greening","14":"product_tag-slope-vegetation","15":"product_tag-soccer-fields","16":"product_tag-trees","17":"product_tag-vegetable-beds","19":"first","20":"instock","21":"taxable","22":"shipping-taxable","23":"purchasable","24":"product-type-variable"},"_links":{"self":[{"href":"https:\/\/lite-soil.com\/es\/wp-json\/wp\/v2\/product\/536","targetHints":{"allow":["GET"]}}],"collection":[{"href":"https:\/\/lite-soil.com\/es\/wp-json\/wp\/v2\/product"}],"about":[{"href":"https:\/\/lite-soil.com\/es\/wp-json\/wp\/v2\/types\/product"}],"replies":[{"embeddable":true,"href":"https:\/\/lite-soil.com\/es\/wp-json\/wp\/v2\/comments?post=536"}],"wp:featuredmedia":[{"embeddable":true,"href":"https:\/\/lite-soil.com\/es\/wp-json\/wp\/v2\/media\/230"}],"wp:attachment":[{"href":"https:\/\/lite-soil.com\/es\/wp-json\/wp\/v2\/media?parent=536"}],"wp:term":[{"taxonomy":"product_brand","embeddable":true,"href":"https:\/\/lite-soil.com\/es\/wp-json\/wp\/v2\/product_brand?post=536"},{"taxonomy":"product_cat","embeddable":true,"href":"https:\/\/lite-soil.com\/es\/wp-json\/wp\/v2\/product_cat?post=536"},{"taxonomy":"product_tag","embeddable":true,"href":"https:\/\/lite-soil.com\/es\/wp-json\/wp\/v2\/product_tag?post=536"}],"curies":[{"name":"wp","href":"https:\/\/api.w.org\/{rel}","templated":true}]}}