{"id":537,"date":"2025-05-25T17:15:19","date_gmt":"2025-05-25T17:15:19","guid":{"rendered":"https:\/\/lite-soil.com\/?post_type=product&#038;p=537"},"modified":"2025-11-13T11:54:58","modified_gmt":"2025-11-13T11:54:58","slug":"lite-strips-bio1","status":"publish","type":"product","link":"https:\/\/lite-soil.com\/es\/product\/lite-strips-bio1\/","title":{"rendered":"LITE-STRIPS  <br> Bio1"},"content":{"rendered":"<h3>Almacenamiento de agua para las plantas<\/h3>\n<p>Los LITE-STRIPS Bio1 se mezclan f\u00e1cilmente con la tierra. Esto significa que muchos puntos de agua se encuentran directamente cerca de las ra\u00edces. Sus plantas pueden acceder al agua m\u00e1s f\u00e1cil y eficazmente cuando lo necesiten. Los LITE-STRIPS Bio1 de 7 cm de longitud no se pueden regar en exceso, ahorran agua y hacen que el suelo sea m\u00e1s permeable. Fabricadas en Austria.<\/p>\n<p><strong>100% BIODEGRADABLE\/COMPOSTABLE<\/strong><\/p>\n<p>Despu\u00e9s de aprox. 1 temporada a 2 a\u00f1os, el almacenamiento org\u00e1nico de agua para plantas LITE-STRIPS Bio1 se biodegrada completamente.<\/p>\n<p>LITE-SOIL ha recibido el sello de calidad \u00abNatur im Garten\u00bb Naturaleza en el jard\u00edn para LITE-STRIPS Bio1 2,5L.<\/p>\n<p>El sello de calidad \u00abNatur im Garten\u00bb es una ayuda de orientaci\u00f3n para las personas concienciadas con el medio ambiente que desean utilizar productos ecol\u00f3gicamente seguros para el jard\u00edn. Todos los productos de jardiner\u00eda cumplen los tres criterios b\u00e1sicos de \u00abNatur im Garten\u00bb: sin pesticidas qu\u00edmicos de s\u00edntesis, sin abonos qu\u00edmicos de s\u00edntesis y sin turba.<\/p>\n<h3>Producto<\/h3>\n<h3>Lite-Strips Bio1<\/h3>\n<p>100 % fibras de celulosa biodegradable<br \/>\nDuraci\u00f3n approx. 1 &#8211; 2 temporadas\/a\u00f1os<br \/>\nPara la fase de crecimiento o plantas anuales<\/p>\n<h3>Unidad &#8211; Precio &#8211; Hasta<\/h3>\n<ul>\n<li><strong>2,5 l <\/strong>(120 g)<strong> &#8211; \u20ac\u00a0<\/strong><strong>16,50<\/strong> (\u20ac 6,6\/l) <strong>&#8211; 50 l tierra <\/strong>(5 m\u00b2 c\u00e9sped)<\/li>\n<li><strong>10 l <\/strong>(480 g)<strong> &#8211; \u20ac\u00a0<\/strong><strong>42,00 <\/strong>(\u20ac 4,2\/l) <strong>\u00a0&#8211; 200 l tierra <\/strong>(20 m\u00b2 c\u00e9sped)<\/li>\n<li><strong>25 l <\/strong>(1200 g)<strong> &#8211; \u20ac\u00a0<\/strong><strong>79,80 <\/strong>(\u20ac 3,19\/l) <strong>\u00a0&#8211; 500 l tierra <\/strong>(50 m\u00b2 c\u00e9sped)<\/li>\n<\/ul>\n<h3><\/h3>\n<p><strong>Instalaci\u00f3n<\/strong><\/p>\n<p><a href=\"https:\/\/lite-soil.com\/es\/trees-shrubs-bushes\/\">\u00c1RBOLES, ARBUSTOS Y MATAS<\/a>: Mezclar aprox. 10-20 l por \u00e1rbol en la tierra cerca del cepell\u00f3n.<\/p>\n<p><a href=\"https:\/\/lite-soil.com\/es\/raised-planting-beds-garden-beds-vegetable-beds\/\">PARTERRES ELEVADOS<\/a> Y <a href=\"https:\/\/lite-soil.com\/es\/pots-planters-balcony-boxes\/\">MACETAS PARA PLANTAS<\/a>: Mezclar aprox. 5-10 % del volumen en la tierra. Necesita regar con menos frecuencia, las plantas reciben agua incluso en periodos secos o en vacaciones.<\/p>\n<p><a href=\"https:\/\/lite-soil.com\/es\/lawn-rolled-turf\/\">C\u00c9SPEDES, CAMPOS DE ATLETISMO, CAMPOS DE F\u00daTBOL<\/a> &#038; <a href=\"https:\/\/lite-soil.com\/es\/slopes-vegetation-permanent-greening\/\">TALUDES<\/a>: Mezclar aprox. 0,5 &#8211; 1 l de LITE-STRIPS Bio1 por m\u00b2 en el suelo hasta la ra\u00edz, p.ej. con un rastrillo.<\/p>\n<p><a href=\"https:\/\/lite-soil.com\/es\/roof-greening\/\">ENVERDECIMIENTO DE TEJADOS<\/a>: Mezclar aprox. 1 l de LITE-STRIPS Bio1 por m\u00b2 en el sustrato, dependiendo del grosor de la acumulaci\u00f3n.<\/p>\n<p><strong>Ventajas<\/strong><\/p>\n<ul>\n<li>Regar s\u00f3lo la mitad de veces<\/li>\n<li>Para interior y exterior<\/li>\n<li>Almacena el agua directamente en las ra\u00edces<\/li>\n<li>Mejor crecimiento, crecimiento sostenible<\/li>\n<li>Suelo m\u00e1s suelto y mejor aireado<\/li>\n<\/ul>\n<p>\u00a1Ideal tambi\u00e9n para suelos sin turba!<\/p>\n<p>1 kilo de LITE-STRIPS Bio1 almacena hasta 10 litros de agua.<\/p>\n<div class=\"et_pb_tab_content\">\n<p><iframe loading=\"lazy\" title=\"\ud83d\udca7el M\u00c9TODO DEFINITIVO de AHORRO DE AGUA para las plantas LITE-STRIPS #ahorrodeagua\" width=\"500\" height=\"281\" src=\"https:\/\/www.youtube.com\/embed\/dMY36vKyIk0?feature=oembed\" frameborder=\"0\" allow=\"accelerometer; autoplay; clipboard-write; encrypted-media; gyroscope; picture-in-picture; web-share\" referrerpolicy=\"strict-origin-when-cross-origin\" allowfullscreen><\/iframe><\/p>\n<p>Para proyectos m\u00e1s grandes, escr\u00edbenos <a href=\"https:\/\/lite-soil.com\/es\/about\/#contact_us\">aqu\u00ed<\/a>.<\/p>\n<\/div>\n","protected":false},"excerpt":{"rendered":"<p>Almacenamiento biodegradable de agua para las plantas.<\/p>\n<p>Las LITE-STRIPS Bio1 insertadas cerca de las ra\u00edces son tiras no tejidas de celulosa que se mezclan con la tierra para ahorrar agua y tiempo.<\/p>\n<p>\u00d3ptimo para macetas, plantas de balc\u00f3n, arriates elevados, c\u00e9sped y mucho m\u00e1s.<\/p>\n<p>Seleccione el volumen deseado:<\/p>\n<p><strong>Volumen<\/strong>: 2,5l | 10l | 25l<\/p>\n<p><strong>Material<\/strong>: 100% fibras de celulosa biodegradables<\/p>\n<p>LITE-SOIL ha recibido el sello de calidad \u00abNatur im Garten\u00bb Naturaleza en el jard\u00edn para LITE-STRIPS Bio1 2,5L.<\/p>\n","protected":false},"featured_media":244,"comment_status":"closed","ping_status":"closed","template":"","meta":[],"product_brand":[],"product_cat":[98],"product_tag":[78,86,85,84,83,82,81,80,79,77,76,75,74,68,26],"class_list":{"0":"post-537","1":"product","2":"type-product","3":"status-publish","4":"has-post-thumbnail","6":"product_cat-lite-strips","7":"product_tag-raised-planting-beds","8":"product_tag-planters","9":"product_tag-flower-pots","10":"product_tag-flower-boxes","11":"product_tag-vegetable-beds","12":"product_tag-trees","13":"product_tag-soccer-fields","14":"product_tag-slope-vegetation","15":"product_tag-roof-greening","16":"product_tag-planting-beds","17":"product_tag-lawns","18":"product_tag-bushes-shrubs","19":"product_tag-athletic-fields","20":"product_tag-balcony-boxes","21":"product_tag-urban-gardening","23":"first","24":"instock","25":"taxable","26":"shipping-taxable","27":"purchasable","28":"product-type-variable"},"_links":{"self":[{"href":"https:\/\/lite-soil.com\/es\/wp-json\/wp\/v2\/product\/537","targetHints":{"allow":["GET"]}}],"collection":[{"href":"https:\/\/lite-soil.com\/es\/wp-json\/wp\/v2\/product"}],"about":[{"href":"https:\/\/lite-soil.com\/es\/wp-json\/wp\/v2\/types\/product"}],"replies":[{"embeddable":true,"href":"https:\/\/lite-soil.com\/es\/wp-json\/wp\/v2\/comments?post=537"}],"wp:featuredmedia":[{"embeddable":true,"href":"https:\/\/lite-soil.com\/es\/wp-json\/wp\/v2\/media\/244"}],"wp:attachment":[{"href":"https:\/\/lite-soil.com\/es\/wp-json\/wp\/v2\/media?parent=537"}],"wp:term":[{"taxonomy":"product_brand","embeddable":true,"href":"https:\/\/lite-soil.com\/es\/wp-json\/wp\/v2\/product_brand?post=537"},{"taxonomy":"product_cat","embeddable":true,"href":"https:\/\/lite-soil.com\/es\/wp-json\/wp\/v2\/product_cat?post=537"},{"taxonomy":"product_tag","embeddable":true,"href":"https:\/\/lite-soil.com\/es\/wp-json\/wp\/v2\/product_tag?post=537"}],"curies":[{"name":"wp","href":"https:\/\/api.w.org\/{rel}","templated":true}]}}