{"id":547,"date":"2025-05-25T17:15:20","date_gmt":"2025-05-25T17:15:20","guid":{"rendered":"https:\/\/lite-soil.com\/?post_type=product&#038;p=547"},"modified":"2025-12-16T10:40:22","modified_gmt":"2025-12-16T10:40:22","slug":"lite-net-bio1","status":"publish","type":"product","link":"https:\/\/lite-soil.com\/es\/product\/lite-net-bio1\/","title":{"rendered":"LITE-NET <br>Bio1<br>"},"content":{"rendered":"<p>El rollo de red de agua LITE-NET Bio1 sirve para almacenar y distribuir agua y aire en grandes superficies y es 100% biodegradable. La LITE-NET consta de hasta un 90 % de poros de aire abiertos, en los que se almacenan hasta 44 l de agua, que se conduce como en una red de venas exactamente hasta donde las plantas m\u00e1s la necesitan: hasta las ra\u00edces.<\/p>\n<p>La LITE-NET de aprox. 6 mm de grosor se separa simplemente hasta 4-5 veces su anchura y se cubre con tierra hasta las ra\u00edces.<\/p>\n<p data-start=\"474\" data-end=\"563\">\u00a1LITE-SOIL ha recibido el sello de calidad \u201cNatur im Garten\u201d para LITE-NET Bio1 0,8 m\u00b2!<\/p>\n<p data-start=\"565\" data-end=\"901\">El sello de calidad \u201cNatur im Garten\u201d es una gu\u00eda para personas conscientes del medio ambiente que desean utilizar productos de jard\u00edn ecol\u00f3gicamente seguros. Todos los productos de jard\u00edn cumplen los tres criterios principales de \u201cNatur im Garten\u201d: sin pesticidas sint\u00e9tico-qu\u00edmicos, sin fertilizantes sint\u00e9tico-qu\u00edmicos y sin turba.<\/p>\n<p><strong>100% BIODEGRADABLE<\/strong> Despu\u00e9s de aprox. 1 temporada a 2 a\u00f1os, la LITE-NET se biodegrada completamente. 100% con fibras de celulosa y se fabrica en Austria.<\/p>\n<h3><\/h3>\n<h3>Producto<\/h3>\n<h3>Lite-Net Bio1<\/h3>\n<p>100 % fibras de celulosa<br \/>\n100 % biodegradable<br \/>\nDura aproximadamente 1 temporada &#8211; 2 a\u00f1os<br \/>\nPara la fase de crecimiento o las plantas anuales<\/p>\n<h3>Tama\u00f1o<strong> \u2013 Precio<\/strong><\/h3>\n<ul>\n<li><strong>0,8 m\u00b2<\/strong> (1,1 x 0,7 m) &#8211; <strong>\u20ac\u00a0<\/strong><strong>15,50 <\/strong>(\u20ac 19,38\/m\u00b2)<\/li>\n<li><strong>2,1 m\u00b2<\/strong> (1,3 x 1,6 m) &#8211; <strong>\u20ac\u00a0<\/strong><strong>25,90<\/strong> (\u20ac 12,33\/m\u00b2)<\/li>\n<li><strong>10,4 m\u00b2<\/strong> (1,3 x 8 m) &#8211; <strong>\u20ac\u00a0<\/strong><strong>79,50<\/strong> (\u20ac 7,64\/m\u00b2)<\/li>\n<li><strong>28 m\u00b2 <\/strong>(1,75 x 16 m) &#8211;<strong>\u20ac\u00a0<\/strong><strong>175,00 <\/strong>(\u20ac 6,25\/m\u00b2)<\/li>\n<\/ul>\n<p><strong>Instalaci\u00f3n<\/strong><\/p>\n<p><a href=\"https:\/\/lite-soil.com\/es\/slopes-vegetation-permanent-greening\/\">TALUDES\/VEGETACI\u00d3N<\/a>: En los taludes, LITE-NET Bio1 se coloca en la superficie como ayuda al crecimiento.<\/p>\n<p><a href=\"https:\/\/lite-soil.com\/es\/trees-shrubs-bushes\/\">\u00c1RBOLES, ARBUSTOS Y MATAS<\/a>: Envuelva el cepell\u00f3n con un trozo de LITE-NET convenientemente cortado para dirigir el agua y el aire de la superficie directamente a las ra\u00edces. Como dep\u00f3sito adicional de agua, coloque otro LITE-NET horizontalmente en el alcorque. De este modo se garantiza un suministro \u00f3ptimo del espacio radicular profundo.<\/p>\n<p><a href=\"https:\/\/lite-soil.com\/es\/raised-planting-beds-garden-beds-vegetable-beds\/\">PARTERRES ELEVADOS<\/a>, <a href=\"https:\/\/lite-soil.com\/es\/lawn-rolled-turf\/\">C\u00c9SPED &#038; CAMPOS DEPORTIVOS<\/a>: Coloque el LITE-NET separado y a\u00f1ada tierra por encima hasta la profundidad de las ra\u00edces (aprox. 10 cm en el caso del c\u00e9sped). Tierra encima (idealmente mezclada con LITE-STRIPS), listo.<\/p>\n<p><strong>Ventajas<\/strong><\/p>\n<ul>\n<li>Regar s\u00f3lo la mitad de veces<\/li>\n<li>Distribuye el agua y el aire exactamente donde las plantas lo necesitan: directamente a las ra\u00edces<\/li>\n<li>Se puede cortar f\u00e1cilmente a medida<\/li>\n<li>Ideal para suelos sin turba<\/li>\n<li>La red extremadamente flexible se adapta perfectamente al suelo, favorece el crecimiento de las plantas y reduce la posible erosi\u00f3n.<\/li>\n<\/ul>\n<p><iframe loading=\"lazy\" title=\"\ud83c\udf31C\u00d3MO AHORRAR AGUA en el RIEGO de C\u00c9SPED y \u00c1RBOLES con LITE-NET #ahorrodeagua\" width=\"500\" height=\"281\" src=\"https:\/\/www.youtube.com\/embed\/H2RKJg06Qgg?feature=oembed\" frameborder=\"0\" allow=\"accelerometer; autoplay; clipboard-write; encrypted-media; gyroscope; picture-in-picture; web-share\" referrerpolicy=\"strict-origin-when-cross-origin\" allowfullscreen><\/iframe><\/p>\n<p>Para proyectos grandes, por favor cont\u00e1ctenos <a href=\"https:\/\/lite-soil.com\/es\/about\/#contact_us\">aqu\u00ed<\/a>.<\/p>\n","protected":false},"excerpt":{"rendered":"<p>Almacenamiento de agua para plantas en forma de red<\/p>\n<p>La red de almacenamiento de agua LITE-NET Bio1 suministra plantas sobre una gran superficie como una vena de agua.<\/p>\n<p><strong>Tama\u00f1os<\/strong>: 0,8 m\u00b2 | 2,1 m\u00b2 | 10,4 m\u00b2 | 28 m\u00b2<br \/>\n<strong>Material<\/strong>: 100% fibras de celulosa. Biodegradable despu\u00e9s de 1-2 a\u00f1os.<br \/>\nFabricado en Austria.<\/p>\n<p>\u00a1LITE-SOIL ha recibido el sello de calidad \u201cNatur im Garten\u201d para LITE-NET Bio1 0,8 m\u00b2!<\/p>\n","protected":false},"featured_media":261,"comment_status":"closed","ping_status":"closed","template":"","meta":[],"product_brand":[],"product_cat":[88],"product_tag":[26,74,75,76,77,78,81,82,83,89],"class_list":{"0":"post-547","1":"product","2":"type-product","3":"status-publish","4":"has-post-thumbnail","6":"product_cat-lite-net","7":"product_tag-urban-gardening","8":"product_tag-athletic-fields","9":"product_tag-bushes-shrubs","10":"product_tag-lawns","11":"product_tag-planting-beds","12":"product_tag-raised-planting-beds","13":"product_tag-soccer-fields","14":"product_tag-trees","15":"product_tag-vegetable-beds","16":"product_tag-slopes-vegetation","18":"first","19":"instock","20":"taxable","21":"shipping-taxable","22":"purchasable","23":"product-type-variable"},"_links":{"self":[{"href":"https:\/\/lite-soil.com\/es\/wp-json\/wp\/v2\/product\/547","targetHints":{"allow":["GET"]}}],"collection":[{"href":"https:\/\/lite-soil.com\/es\/wp-json\/wp\/v2\/product"}],"about":[{"href":"https:\/\/lite-soil.com\/es\/wp-json\/wp\/v2\/types\/product"}],"replies":[{"embeddable":true,"href":"https:\/\/lite-soil.com\/es\/wp-json\/wp\/v2\/comments?post=547"}],"wp:featuredmedia":[{"embeddable":true,"href":"https:\/\/lite-soil.com\/es\/wp-json\/wp\/v2\/media\/261"}],"wp:attachment":[{"href":"https:\/\/lite-soil.com\/es\/wp-json\/wp\/v2\/media?parent=547"}],"wp:term":[{"taxonomy":"product_brand","embeddable":true,"href":"https:\/\/lite-soil.com\/es\/wp-json\/wp\/v2\/product_brand?post=547"},{"taxonomy":"product_cat","embeddable":true,"href":"https:\/\/lite-soil.com\/es\/wp-json\/wp\/v2\/product_cat?post=547"},{"taxonomy":"product_tag","embeddable":true,"href":"https:\/\/lite-soil.com\/es\/wp-json\/wp\/v2\/product_tag?post=547"}],"curies":[{"name":"wp","href":"https:\/\/api.w.org\/{rel}","templated":true}]}}