{"id":552,"date":"2025-05-25T17:15:21","date_gmt":"2025-05-25T17:15:21","guid":{"rendered":"https:\/\/lite-soil.com\/?post_type=product&#038;p=552"},"modified":"2025-12-16T10:41:40","modified_gmt":"2025-12-16T10:41:40","slug":"lite-net-bio5","status":"publish","type":"product","link":"https:\/\/lite-soil.com\/es\/product\/lite-net-bio5\/","title":{"rendered":"LITE-NET <br>Bio5"},"content":{"rendered":"<p>Almacenamiento de agua para plantas &#8211; El rollo de red de agua LITE-NET Bio5 se utiliza para almacenar y distribuir agua y aire en grandes superficies y es 100% biodegradable\/compostable (aprox. 5 &#8211; 10 a\u00f1os). El rollo LITE-NET consta de hasta un 90% de poros de aire abiertos, en los que se almacenan hasta 44 l de agua, que se conduce como en una red de venas hasta donde las plantas m\u00e1s la necesitan: hasta las ra\u00edces. La LITE-NET, de aprox. 6 mm de grosor, se separa simplemente hasta 4-5 veces su anchura y se cubre con tierra hasta las ra\u00edces.<\/p>\n<p>100 % BIODEGRADABLE\/COMPOSTABLE. Despu\u00e9s de unos 5 &#8211; 10 a\u00f1os, la LITE-NET es completamente biodegradable o compostable. 70 % de polilactida (PLA) + un 30 % de fibras de celulosa, fabricado en Austria.<\/p>\n<p>&nbsp;<\/p>\n<h3>Producto<\/h3>\n<h3>Lite-Net Bio5<\/h3>\n<p>70 % PLA + 30 % Cellulose<br \/>\n100 % biol. degradable \/ compostable<br \/>\nLasts approx. 5 &#8211; 10 years<br \/>\nFor perennial plants, reusable<\/p>\n<h3>Tama\u00f1o <strong>\u2013 Precio<\/strong><\/h3>\n<ul>\n<li><strong>2,1 m\u00b2<\/strong> (1,3 x 1,6 m) &#8211; <strong>\u20ac\u00a0<\/strong><strong>25,90<\/strong> (\u20ac 12,33\/m\u00b2)<\/li>\n<li><strong>10,4 m\u00b2<\/strong> (1,3 x 8 m) &#8211; <strong>\u20ac\u00a0<\/strong><strong>79,50<\/strong> (\u20ac 7,64\/m\u00b2)<\/li>\n<li><strong>28 m\u00b2 <\/strong>(1,75 x 16 m) &#8211;<strong> \u20ac 175,00 <\/strong>(\u20ac 6,25\/m\u00b2)<\/li>\n<\/ul>\n<p><strong>Instalaci\u00f3n<\/strong><\/p>\n<p><a href=\"https:\/\/lite-soil.com\/es\/trees-shrubs-bushes\/\">\u00c1RBOLES, ARBUSTOS Y MATAS<\/a>: Envuelva el cepell\u00f3n con un trozo de LITE-NET convenientemente cortado para dirigir el agua y el aire de la superficie directamente a las ra\u00edces. Como dep\u00f3sito de agua adicional, coloque otro LITE-NET horizontalmente en el alcorque. De este modo se garantiza un suministro \u00f3ptimo del espacio radicular profundo.<\/p>\n<p><a href=\"https:\/\/lite-soil.com\/es\/slopes-vegetation-permanent-greening\/\">TALUDES\/VEGETACI\u00d3N<\/a>: En las pendientes, el LITE-NET se coloca en la superficie como ayuda para el crecimiento.<\/p>\n<p><a href=\"https:\/\/lite-soil.com\/es\/raised-planting-beds-garden-beds-vegetable-beds\/\">PARTERRES ELEVADOS<\/a>, <a href=\"https:\/\/lite-soil.com\/es\/lawn-rolled-turf\/\">C\u00c9SPED &#038; CAMPOS DEPORTIVOS<\/a>: Coloque el LITE-NET separado y penetre en profundidad de ra\u00edz (para c\u00e9spedes aprox. 10 m de profundidad de ra\u00edz. Tierra encima (idealmente mezclada con LITE-STRIPS), listo.<\/p>\n<p><strong>Ventajas<\/strong><\/p>\n<ul>\n<li>Regar s\u00f3lo la mitad de veces<\/li>\n<li>Distribuye el agua y el aire exactamente donde las plantas lo necesitan: directamente a las ra\u00edces<\/li>\n<li>Las ra\u00edces pueden crecer a trav\u00e9s de la red<\/li>\n<li>Se puede cortar f\u00e1cilmente a medida<\/li>\n<li>Instalaci\u00f3n sencilla<\/li>\n<li>Ideal para suelos sin turba<\/li>\n<li>La red extremadamente flexible se adapta perfectamente al suelo, favorece el crecimiento de las plantas y reduce la posible erosi\u00f3n.<\/li>\n<\/ul>\n<p><iframe loading=\"lazy\" title=\"\ud83c\udf31C\u00d3MO AHORRAR AGUA en el RIEGO de C\u00c9SPED y \u00c1RBOLES con LITE-NET #ahorrodeagua\" width=\"500\" height=\"281\" src=\"https:\/\/www.youtube.com\/embed\/H2RKJg06Qgg?feature=oembed\" frameborder=\"0\" allow=\"accelerometer; autoplay; clipboard-write; encrypted-media; gyroscope; picture-in-picture; web-share\" referrerpolicy=\"strict-origin-when-cross-origin\" allowfullscreen><\/iframe><\/p>\n<p>Para proyectos grandes, por favor cont\u00e1ctenos\u00a0<a href=\"https:\/\/lite-soil.com\/es\/about\/#contact_us\">aqu\u00ed<\/a>.<\/p>\n","protected":false},"excerpt":{"rendered":"<p>Almacenamiento de agua para plantas en forma de red<\/p>\n<p>El rollo de red de agua sirve para almacenar y distribuir agua y aire y es 100% biodegradable\/compostable.<\/p>\n<p><strong>Tama\u00f1os<\/strong>:\u00a0 2,1 m\u00b2 | 10,4 m\u00b2 | 28 m\u00b2<br \/>\n<strong>Material<\/strong>: 70 % de polilactida (PLA) + un 30 % de fibras de celulosa. Biodegradable despu\u00e9s de 5-10 a\u00f1os.<br \/>\nFabricado en Austria.<\/p>\n","protected":false},"featured_media":273,"comment_status":"closed","ping_status":"closed","template":"","meta":[],"product_brand":[],"product_cat":[88],"product_tag":[26,74,75,76,77,78,80,81,82,83,89],"class_list":{"0":"post-552","1":"product","2":"type-product","3":"status-publish","4":"has-post-thumbnail","6":"product_cat-lite-net","7":"product_tag-urban-gardening","8":"product_tag-athletic-fields","9":"product_tag-bushes-shrubs","10":"product_tag-lawns","11":"product_tag-planting-beds","12":"product_tag-raised-planting-beds","13":"product_tag-slope-vegetation","14":"product_tag-soccer-fields","15":"product_tag-trees","16":"product_tag-vegetable-beds","17":"product_tag-slopes-vegetation","19":"first","20":"instock","21":"taxable","22":"shipping-taxable","23":"purchasable","24":"product-type-variable"},"_links":{"self":[{"href":"https:\/\/lite-soil.com\/es\/wp-json\/wp\/v2\/product\/552","targetHints":{"allow":["GET"]}}],"collection":[{"href":"https:\/\/lite-soil.com\/es\/wp-json\/wp\/v2\/product"}],"about":[{"href":"https:\/\/lite-soil.com\/es\/wp-json\/wp\/v2\/types\/product"}],"replies":[{"embeddable":true,"href":"https:\/\/lite-soil.com\/es\/wp-json\/wp\/v2\/comments?post=552"}],"wp:featuredmedia":[{"embeddable":true,"href":"https:\/\/lite-soil.com\/es\/wp-json\/wp\/v2\/media\/273"}],"wp:attachment":[{"href":"https:\/\/lite-soil.com\/es\/wp-json\/wp\/v2\/media?parent=552"}],"wp:term":[{"taxonomy":"product_brand","embeddable":true,"href":"https:\/\/lite-soil.com\/es\/wp-json\/wp\/v2\/product_brand?post=552"},{"taxonomy":"product_cat","embeddable":true,"href":"https:\/\/lite-soil.com\/es\/wp-json\/wp\/v2\/product_cat?post=552"},{"taxonomy":"product_tag","embeddable":true,"href":"https:\/\/lite-soil.com\/es\/wp-json\/wp\/v2\/product_tag?post=552"}],"curies":[{"name":"wp","href":"https:\/\/api.w.org\/{rel}","templated":true}]}}