{"id":560,"date":"2025-05-25T17:15:29","date_gmt":"2025-05-25T17:15:29","guid":{"rendered":"https:\/\/lite-soil.com\/?post_type=product&#038;p=560"},"modified":"2025-11-13T13:26:04","modified_gmt":"2025-11-13T13:26:04","slug":"lite-pot-xl","status":"publish","type":"product","link":"https:\/\/lite-soil.com\/es\/product\/lite-pot-xl\/","title":{"rendered":"LITE-POT XL: <br> 85 x 200 cm"},"content":{"rendered":"<p>El almacenador de agua LITE-POT XL es un vell\u00f3n de almacenamiento y drenaje de agua para macetas . Por un lado, el inserto de vell\u00f3n LITE-POT XL de 13 mm de espesor almacena el exceso de agua como una esponja y tambi\u00e9n drena el exceso de agua a trav\u00e9s de los orificios en el fondo de la maceta. Esto tambi\u00e9n evita que se rieguen las plantas en exceso. Hecho de poli\u00e9ster 100 % reciclado y fabricado en Austria.<\/p>\n<p>El inserto de vell\u00f3n LITE-POT XL\u00a0almacena el agua y la libera m\u00e1s tarde a la planta cuando \u00e9sta la necesita. Adem\u00e1s LITE-POT XLahorra el riego diario y simplifica el cuidado de tus plantas. El vell\u00f3n de almacenamiento de agua reciclada puede ser utilizado varias veces y almacena aproximadamente 12 l\/m<sup>2<\/sup>\u00a0de agua.<\/p>\n<p><strong>100% SOSTENIBLE, RECICLADO, DURADERO Y REUTILIZABLE<\/strong><\/p>\n<p><strong>Aplicaci\u00f3n<\/strong><\/p>\n<p><a href=\"https:\/\/lite-soil.com\/es\/pots-planters-balcony-boxes\/\">JARDINERAS, MACETAS DE BALC\u00d3N &#038; MACETEROS<\/a><\/p>\n<p><strong>Instrucciones de instalaci\u00f3n<\/strong><\/p>\n<p>\u00a1El acumulador de agua es muy f\u00e1cil de usar! Primero coloque LITE<strong>&#8211;<\/strong>POT XL\u00a0en la parte inferior de la\u00a0maceta. Si es necesario, simplemente corte a medida. Agregue tierra, despu\u00e9s la planta y finalmente riegue lo suficiente, \u00a1listo! Puede combinarse idealmente con nuestras\u00a0LITE-STRIPS.<\/p>\n<p><strong>Ventajas<\/strong><\/p>\n<ul>\n<li>Suministra agua a sus plantas durante varios d\u00edas<\/li>\n<li>Reutilizable<\/li>\n<li>Puede ser f\u00e1cilmente cortado a la medida<\/li>\n<li>Ideal para ausencias m\u00e1s largas como vacaciones, viajes de negocios<\/li>\n<li>Las plantas no se pueden regar en exceso<\/li>\n<li>Se reduce la contaminaci\u00f3n del suelo<\/li>\n<li>Ventilaci\u00f3n areal de las ra\u00edces desde abajo<\/li>\n<\/ul>\n<p><strong>Cantidad y tama\u00f1o<\/strong><\/p>\n<p>1 unidad 85 x 200 cm, 13 mm de grosor.<\/p>\n<div class=\"fluid-width-video-wrapper\"><iframe title=\"INSERTO DE VELL\u00d3N PARA MACETAS\ud83e\udeb4 LITE-POT #ahorrodeagua\" src=\"https:\/\/www.youtube.com\/embed\/iU53-wcmkmc?feature=oembed\" name=\"fitvid0\" allowfullscreen=\"allowfullscreen\" data-mce-fragment=\"1\"><\/iframe><\/div>\n<p>Para proyectos grandes, por favor cont\u00e1ctenos\u00a0<a href=\"https:\/\/lite-soil.com\/es\/about\/#contact_us\">aqu\u00ed<\/a>.<\/p>\n","protected":false},"excerpt":{"rendered":"<p>Inserto de tela no tejida para almacenamiento y drenaje de agua para macetas grandes y jardineras<\/p>\n<p>LITE-POT XL almacena el exceso de agua como una esponja y drena el exceso de agua a trav\u00e9s de los orificios de drenaje de la parte inferior de la maceta.<\/p>\n<p><strong>100% SOSTENIBLE, RECICLADO, DURADERO Y REUTILIZABLE<\/strong><\/p>\n<p>fabricado en Austria<\/p>\n","protected":false},"featured_media":283,"comment_status":"closed","ping_status":"closed","template":"","meta":[],"product_brand":[],"product_cat":[99],"product_tag":[26,68],"class_list":{"0":"post-560","1":"product","2":"type-product","3":"status-publish","4":"has-post-thumbnail","6":"product_cat-lite-pot_holiday-bag","7":"product_tag-urban-gardening","8":"product_tag-balcony-boxes","10":"first","11":"instock","12":"taxable","13":"shipping-taxable","14":"purchasable","15":"product-type-simple"},"_links":{"self":[{"href":"https:\/\/lite-soil.com\/es\/wp-json\/wp\/v2\/product\/560","targetHints":{"allow":["GET"]}}],"collection":[{"href":"https:\/\/lite-soil.com\/es\/wp-json\/wp\/v2\/product"}],"about":[{"href":"https:\/\/lite-soil.com\/es\/wp-json\/wp\/v2\/types\/product"}],"replies":[{"embeddable":true,"href":"https:\/\/lite-soil.com\/es\/wp-json\/wp\/v2\/comments?post=560"}],"wp:featuredmedia":[{"embeddable":true,"href":"https:\/\/lite-soil.com\/es\/wp-json\/wp\/v2\/media\/283"}],"wp:attachment":[{"href":"https:\/\/lite-soil.com\/es\/wp-json\/wp\/v2\/media?parent=560"}],"wp:term":[{"taxonomy":"product_brand","embeddable":true,"href":"https:\/\/lite-soil.com\/es\/wp-json\/wp\/v2\/product_brand?post=560"},{"taxonomy":"product_cat","embeddable":true,"href":"https:\/\/lite-soil.com\/es\/wp-json\/wp\/v2\/product_cat?post=560"},{"taxonomy":"product_tag","embeddable":true,"href":"https:\/\/lite-soil.com\/es\/wp-json\/wp\/v2\/product_tag?post=560"}],"curies":[{"name":"wp","href":"https:\/\/api.w.org\/{rel}","templated":true}]}}