{"id":938,"date":"2025-06-16T21:18:25","date_gmt":"2025-06-16T21:18:25","guid":{"rendered":"https:\/\/lite-soil.com\/?post_type=product&#038;p=938"},"modified":"2025-11-13T12:01:06","modified_gmt":"2025-11-13T12:01:06","slug":"lite-strips-bio5","status":"publish","type":"product","link":"https:\/\/lite-soil.com\/es\/product\/lite-strips-bio5\/","title":{"rendered":"LITE-STRIPS  <br> Bio5"},"content":{"rendered":"<h3>Almacenamiento de agua para las plantas<\/h3>\n<p>Los LITE-STRIPS Bio5 se mezclan facilmente en la tierra. Esto significa que muchos dep\u00f3sitos de agua se encuentran directamente cerca de las ra\u00edces. Sus plantas podr\u00e1n acceder al agua con mayor facilidad y eficacia cuando lo necesiten. Los LITE-STRIPS Bio5 de 7 cm de longitud ahorran agua y hacen el suelo m\u00e1s permeable, sin embrago es importante que no sean regadas en exceso. Fabricadas en Austria.<\/p>\n<p><strong>100% COMPOSTABLE BIOL\u00d3GICAMENTE<\/strong><\/p>\n<p>Las tiras biol\u00f3gicas de almacenamiento de agua Bio5 se biodegradan completamente o se convierten en compost despu\u00e9s de unos 5-10 a\u00f1os.<\/p>\n<h3><\/h3>\n<h3>Producto<\/h3>\n<h3>Lite-Strips Bio5<\/h3>\n<p>70 % PLA + 30 % celulosa<br \/>\n100 % biol. degradable\/compostable<br \/>\nDura aprox. de 5 a 10 a\u00f1os<br \/>\nPara plantas perennes &#038; multifuncional<\/p>\n<p><strong>Unidad &#8211; Precio &#8211; Hasta<\/strong><\/p>\n<ul>\n<li><strong>2,5 l<\/strong> (120 g ) &#8211; <strong>\u20ac\u00a0<\/strong><strong>16,50<\/strong> (\u20ac 6,6\/l) &#8211; <strong>50 l de tierra<\/strong> (5 m\u00b2 c\u00e9sped)<\/li>\n<li><strong>10 l<\/strong> (480 g ) &#8211; <strong>\u20ac\u00a0<\/strong><strong>42,00 <\/strong>(\u20ac 4,2\/l) &#8211; <strong>200 l\u00a0<\/strong><strong>de tierra<\/strong> (20 m\u00b2 c\u00e9sped)<\/li>\n<li><strong>25 l<\/strong> (1200 g ) &#8211; <strong>\u20ac\u00a0<\/strong><strong>79,80 <\/strong>(\u20ac 3,19\/l) &#8211; <strong>500 l\u00a0<\/strong><strong>de tierra<\/strong> (50 m\u00b2 c\u00e9sped)<\/li>\n<\/ul>\n<h3><\/h3>\n<h3>Instrucciones de instalaci\u00f3n<\/h3>\n<p><a href=\"https:\/\/lite-soil.com\/es\/trees-shrubs-bushes\/\">\u00c1RBOLES Y ARBUSTOS<\/a><strong>:<\/strong> Mezcla unos 10-20 l por hoyo en el suelo cerca del cepell\u00f3n.<\/p>\n<p><a href=\"https:\/\/lite-soil.com\/es\/raised-planting-beds-garden-beds-vegetable-beds\/\">HUERTOS ELEVADOS<\/a> Y <a href=\"https:\/\/lite-soil.com\/es\/pots-planters-balcony-boxes\/\">MACETAS<\/a>: Mezclar alrededor de 5-10% del volumen en el suelo. LITE-STRIPS Bio5\u00a0ayuda a las plantas a superar los per\u00edodos de sequ\u00eda m\u00e1s largos.<\/p>\n<p><a href=\"https:\/\/lite-soil.com\/es\/lawn-rolled-turf\/\">C\u00c9SPED, CAMPOS DEPORTIVOS<\/a> Y <a href=\"https:\/\/lite-soil.com\/es\/slopes-vegetation-permanent-greening\/\">TALUDES<\/a>: Mezclar aproximadamente 1 l de LITE-STRIPS Bio5\u00a0por m\u00b2 en la capa de tierra hasta la profundidad de las ra\u00edces, por ejemplo, con un rastrillo.<\/p>\n<p><a href=\"https:\/\/lite-soil.com\/es\/roof-greening\/\">CUBIERTAS AJARDINADAS<\/a>: Mezcla aprox. 1-2 l de LITE-STRIPS por m\u00b2 en el sustrato, dependiendo del grosor de la estructura.<\/p>\n<h3>Ventajas<\/h3>\n<ul>\n<li>S\u00f3lo la mitad del riego<\/li>\n<li>Para uso en interiores y exteriores<\/li>\n<li>Almacena el agua directamente en las ra\u00edces<\/li>\n<li>Mejor crecimiento, crecimiento sostenible<\/li>\n<li>Un suelo y una tierra m\u00e1s suelta y mejor aireada<\/li>\n<li>Tambi\u00e9n es ideal para el suelo sin turba!<\/li>\n<\/ul>\n<p>&nbsp;<\/p>\n<p>1 kilo de LITE-STRIPS Bio1 almacena hasta 10 litros de agua.<\/p>\n<p><iframe loading=\"lazy\" title=\"\ud83d\udca7el M\u00c9TODO DEFINITIVO de AHORRO DE AGUA para las plantas LITE-STRIPS #ahorrodeagua\" width=\"500\" height=\"281\" src=\"https:\/\/www.youtube.com\/embed\/dMY36vKyIk0?feature=oembed\" frameborder=\"0\" allow=\"accelerometer; autoplay; clipboard-write; encrypted-media; gyroscope; picture-in-picture; web-share\" referrerpolicy=\"strict-origin-when-cross-origin\" allowfullscreen><\/iframe><\/p>\n<p>Para proyectos grandes, por favor cont\u00e1ctenos\u00a0<a href=\"https:\/\/lite-soil.com\/es\/about\/#contact_us\">aqu\u00ed<\/a>.<\/p>\n","protected":false},"excerpt":{"rendered":"<p>Almacenamiento de agua biodegradable\/compostable para plantas.<\/p>\n<p>Las LITE-STRIPS\u00a0Bio5 insertadas cerca de las ra\u00edces son tiras no tejidas mezcladas en la tierra para ahorrar agua y tiempo de riego.<br \/>\n\u00d3ptimo para plantas en maceta, plantas de balc\u00f3n, camas elevadas, c\u00e9sped y mucho m\u00e1s.<\/p>\n<p>Seleccione el volumen deseado:<br \/>\n<strong>Volumen<\/strong>: 2,5l | 10l | 25l<br \/>\n<strong>Material<\/strong>: Aproximadamente 70 x 12 x 6 mm de tiras hechas de 70% de PLA (polilactida) + 30% de fibras de celulosa. Producido en Austria.<\/p>\n","protected":false},"featured_media":1508,"comment_status":"closed","ping_status":"closed","template":"","meta":[],"product_brand":[],"product_cat":[98],"product_tag":[79,86,85,84,83,82,81,80,78,77,76,75,74,68,26],"class_list":{"0":"post-938","1":"product","2":"type-product","3":"status-publish","4":"has-post-thumbnail","6":"product_cat-lite-strips","7":"product_tag-roof-greening","8":"product_tag-planters","9":"product_tag-flower-pots","10":"product_tag-flower-boxes","11":"product_tag-vegetable-beds","12":"product_tag-trees","13":"product_tag-soccer-fields","14":"product_tag-slope-vegetation","15":"product_tag-raised-planting-beds","16":"product_tag-planting-beds","17":"product_tag-lawns","18":"product_tag-bushes-shrubs","19":"product_tag-athletic-fields","20":"product_tag-balcony-boxes","21":"product_tag-urban-gardening","23":"first","24":"instock","25":"taxable","26":"shipping-taxable","27":"purchasable","28":"product-type-variable"},"_links":{"self":[{"href":"https:\/\/lite-soil.com\/es\/wp-json\/wp\/v2\/product\/938","targetHints":{"allow":["GET"]}}],"collection":[{"href":"https:\/\/lite-soil.com\/es\/wp-json\/wp\/v2\/product"}],"about":[{"href":"https:\/\/lite-soil.com\/es\/wp-json\/wp\/v2\/types\/product"}],"replies":[{"embeddable":true,"href":"https:\/\/lite-soil.com\/es\/wp-json\/wp\/v2\/comments?post=938"}],"wp:featuredmedia":[{"embeddable":true,"href":"https:\/\/lite-soil.com\/es\/wp-json\/wp\/v2\/media\/1508"}],"wp:attachment":[{"href":"https:\/\/lite-soil.com\/es\/wp-json\/wp\/v2\/media?parent=938"}],"wp:term":[{"taxonomy":"product_brand","embeddable":true,"href":"https:\/\/lite-soil.com\/es\/wp-json\/wp\/v2\/product_brand?post=938"},{"taxonomy":"product_cat","embeddable":true,"href":"https:\/\/lite-soil.com\/es\/wp-json\/wp\/v2\/product_cat?post=938"},{"taxonomy":"product_tag","embeddable":true,"href":"https:\/\/lite-soil.com\/es\/wp-json\/wp\/v2\/product_tag?post=938"}],"curies":[{"name":"wp","href":"https:\/\/api.w.org\/{rel}","templated":true}]}}