{"id":948,"date":"2025-06-16T21:21:21","date_gmt":"2025-06-16T21:21:21","guid":{"rendered":"https:\/\/lite-soil.com\/?post_type=product&#038;p=948"},"modified":"2025-11-13T12:06:24","modified_gmt":"2025-11-13T12:06:24","slug":"lite-strips-pp","status":"publish","type":"product","link":"https:\/\/lite-soil.com\/es\/product\/lite-strips-pp\/","title":{"rendered":"LITE-STRIPS  <br> PP"},"content":{"rendered":"<p><strong>Almacenamiento de agua para las plantas<\/strong><\/p>\n<p>Dado que el almacenamiento de agua de las LITE-STRIPS PP se encuentra directamente cerca de las ra\u00edces, las plantas pueden acceder al agua de forma m\u00e1s f\u00e1cil y eficaz cuando lo necesitan, alargando as\u00ed los intervalos de riego. Las Lite-Strips alargadas arrastran el agua desde la superficie hasta las ra\u00edces, haciendo que el suelo denso sea m\u00e1s permeable y funcionando como potenciador del sustrato.<\/p>\n<p><strong>Duradera y sostenible<\/strong><\/p>\n<p>La variante duradera y sostenible Lite-Strip PP est\u00e1 fabricada al 100% con fibras de polipropileno y es para plantas perennes y riego subterr\u00e1neo.<\/p>\n<p>&nbsp;<\/p>\n<h3>Producto<\/h3>\n<h3>Lite-Strips PP<\/h3>\n<p>100 % polipropileno<br \/>\nDuradera y sostenible<br \/>\nPara plantas perennes, riego subterr\u00e1neo<br \/>\n&#038; usos m\u00faltiples<\/p>\n<p>&nbsp;<\/p>\n<p><strong>Unidad \u2013 Precio \u2013 Hasta<\/strong><\/p>\n<ul>\n<li><strong>2,5 l<\/strong> (120 g ) \u2013 <strong>\u20ac\u00a0<\/strong><strong>16,50<\/strong> (\u20ac 6,6\/l) \u2013 <strong>50 l de tierra<\/strong> (5 m\u00b2 c\u00e9sped)<\/li>\n<li><strong>10 l<\/strong> (480 g ) \u2013 <strong>\u20ac\u00a0<\/strong><strong>42,00 <\/strong>(\u20ac 4,2\/l) \u2013 <strong>200 l\u00a0de tierra<\/strong> (20 m\u00b2 c\u00e9sped)<\/li>\n<li><strong>25 l<\/strong> (1200 g ) \u2013 <strong>\u20ac\u00a0<\/strong><strong>79,80 <\/strong>(\u20ac 3,19\/l)\u00a0 \u2013 <strong>500 l\u00a0de tierra<\/strong> (50 m\u00b2 c\u00e9sped)<\/li>\n<\/ul>\n<p>&nbsp;<\/p>\n<p><strong>Instrucciones de instalaci\u00f3n<\/strong><\/p>\n<p><a href=\"https:\/\/lite-soil.com\/es\/trees-shrubs-bushes\/\">\u00c1RBOLES Y ARBUSTOS<\/a>: Mezclar aprox. 10-20 l por hoyo en la tierra cerca del cepell\u00f3n. LITE-STRIPS PP se puede combinar muy bien con la malla de vegetaci\u00f3n LITE-NET<\/p>\n<p><a href=\"https:\/\/lite-soil.com\/es\/raised-planting-beds-garden-beds-vegetable-beds\/\">HUERTOS ELEVADOS<\/a>\u00a0Y\u00a0<a href=\"https:\/\/lite-soil.com\/es\/pots-planters-balcony-boxes\/\">MACETAS<\/a>: Mezclar aprox. 5-10 % del volumen en el suelo. LITE-STRIPS PP ayuda a las plantas a superar largos periodos de sequ\u00eda. Necesita regar con menos frecuencia, las plantas reciben agua incluso en periodos secos o en vacaciones.<\/p>\n<p><a href=\"https:\/\/lite-soil.com\/es\/lawn-rolled-turf\/\">C\u00c9SPED, CAMPOS DEPORTIVOS<\/a>\u00a0Y\u00a0<a href=\"https:\/\/lite-soil.com\/es\/slopes-vegetation-permanent-greening\/\">TALUDES<\/a>: Mezclar aprox. 0,5- 1 l de LITE-STRIPS PP por m\u00b2 en la capa de tierra hasta la profundidad de las ra\u00edces, p.ej. con un rastrillo.<\/p>\n<p><a href=\"https:\/\/lite-soil.com\/es\/roof-greening\/\">CUBIERTAS AJARDINADAS<\/a>: Mezclar aprox. 1 l de LITE-STRIPS PP por m\u00b2 en el sustrato.<\/p>\n<p><strong>Ventajas<\/strong><\/p>\n<ul>\n<li>S\u00f3lo la mitad del riego<\/li>\n<li>Para uso en interiores y exteriores<\/li>\n<li>Almacena el agua directamente en las ra\u00edces<\/li>\n<li>Mejor crecimiento, crecimiento sostenible<\/li>\n<li>Un suelo y una tierra m\u00e1s suelta y mejor aireada<\/li>\n<li>Tambi\u00e9n es ideal para el suelo sin turba!<\/li>\n<\/ul>\n<p>1 kilo de LITE-STRIPS Bio1 almacena hasta 10 litros de agua.<\/p>\n<p>&nbsp;<\/p>\n<p><iframe loading=\"lazy\" title=\"\ud83d\udca7el M\u00c9TODO DEFINITIVO de AHORRO DE AGUA para las plantas LITE-STRIPS #ahorrodeagua\" width=\"500\" height=\"281\" src=\"https:\/\/www.youtube.com\/embed\/dMY36vKyIk0?list=PLFsSChruwu4BvcSLemRaeFWDxwQECLe9n\" frameborder=\"0\" allow=\"accelerometer; autoplay; clipboard-write; encrypted-media; gyroscope; picture-in-picture; web-share\" referrerpolicy=\"strict-origin-when-cross-origin\" allowfullscreen><\/iframe><\/p>\n<p>Para proyectos grandes, por favor cont\u00e1ctenos\u00a0<a href=\"https:\/\/lite-soil.com\/es\/about\/#contact_us\">aqu\u00ed<\/a>.<\/p>\n","protected":false},"excerpt":{"rendered":"<p><span style=\"font-size: 13.5pt; font-family: 'Open Sans',sans-serif; color: black;\">Almacenamiento de agua duradero y sostenible para plantas.<\/span><\/p>\n<p style=\"font-variant-ligatures: normal; font-variant-caps: normal; orphans: 2; text-align: start; widows: 2; -webkit-text-stroke-width: 0px; text-decoration-thickness: initial; text-decoration-style: initial; text-decoration-color: initial; word-spacing: 0px;\"><span style=\"font-size: 13.5pt; font-family: 'Open Sans',sans-serif; color: black;\">Las LITE-STRIPS PP insertadas cerca de las ra\u00edces son tiras no tejidas mezcladas en la tierra para ahorrar agua y tiempo de riego.<br \/>\n\u00d3ptimo para plantas en maceta, plantas de balc\u00f3n, camas elevadas, c\u00e9sped y mucho m\u00e1s.<\/span><\/p>\n<p style=\"font-variant-ligatures: normal; font-variant-caps: normal; orphans: 2; text-align: start; widows: 2; -webkit-text-stroke-width: 0px; text-decoration-thickness: initial; text-decoration-style: initial; text-decoration-color: initial; word-spacing: 0px;\"><span style=\"font-size: 13.5pt; font-family: 'Open Sans',sans-serif; color: black;\">Seleccione el volumen deseado:<br \/>\n<strong><span style=\"font-family: 'Open Sans',sans-serif;\">Volumen<\/span><\/strong>: 2,5l | 10l | 25l<br \/>\n<strong><span style=\"font-family: 'Open Sans',sans-serif;\">Material<\/span><\/strong>: Aproximadamente 70 x 12 x 6 mm de tiras hechas de 100% polipropileno. Producido en Austria.<\/span><\/p>\n","protected":false},"featured_media":1513,"comment_status":"closed","ping_status":"closed","template":"","meta":[],"product_brand":[],"product_cat":[98],"product_tag":[79,86,85,84,83,82,81,80,78,77,76,75,74,68,26],"class_list":{"0":"post-948","1":"product","2":"type-product","3":"status-publish","4":"has-post-thumbnail","6":"product_cat-lite-strips","7":"product_tag-roof-greening","8":"product_tag-planters","9":"product_tag-flower-pots","10":"product_tag-flower-boxes","11":"product_tag-vegetable-beds","12":"product_tag-trees","13":"product_tag-soccer-fields","14":"product_tag-slope-vegetation","15":"product_tag-raised-planting-beds","16":"product_tag-planting-beds","17":"product_tag-lawns","18":"product_tag-bushes-shrubs","19":"product_tag-athletic-fields","20":"product_tag-balcony-boxes","21":"product_tag-urban-gardening","23":"first","24":"instock","25":"taxable","26":"shipping-taxable","27":"purchasable","28":"product-type-variable"},"_links":{"self":[{"href":"https:\/\/lite-soil.com\/es\/wp-json\/wp\/v2\/product\/948","targetHints":{"allow":["GET"]}}],"collection":[{"href":"https:\/\/lite-soil.com\/es\/wp-json\/wp\/v2\/product"}],"about":[{"href":"https:\/\/lite-soil.com\/es\/wp-json\/wp\/v2\/types\/product"}],"replies":[{"embeddable":true,"href":"https:\/\/lite-soil.com\/es\/wp-json\/wp\/v2\/comments?post=948"}],"wp:featuredmedia":[{"embeddable":true,"href":"https:\/\/lite-soil.com\/es\/wp-json\/wp\/v2\/media\/1513"}],"wp:attachment":[{"href":"https:\/\/lite-soil.com\/es\/wp-json\/wp\/v2\/media?parent=948"}],"wp:term":[{"taxonomy":"product_brand","embeddable":true,"href":"https:\/\/lite-soil.com\/es\/wp-json\/wp\/v2\/product_brand?post=948"},{"taxonomy":"product_cat","embeddable":true,"href":"https:\/\/lite-soil.com\/es\/wp-json\/wp\/v2\/product_cat?post=948"},{"taxonomy":"product_tag","embeddable":true,"href":"https:\/\/lite-soil.com\/es\/wp-json\/wp\/v2\/product_tag?post=948"}],"curies":[{"name":"wp","href":"https:\/\/api.w.org\/{rel}","templated":true}]}}