{"id":737,"date":"2025-06-08T16:01:26","date_gmt":"2025-06-08T16:01:26","guid":{"rendered":"https:\/\/lite-soil.com\/?page_id=737"},"modified":"2025-08-11T12:21:39","modified_gmt":"2025-08-11T12:21:39","slug":"professionals_surfacedrainage","status":"publish","type":"page","link":"https:\/\/lite-soil.com\/fr\/professionals_surfacedrainage\/","title":{"rendered":"professionals_surfacedrainage"},"content":{"rendered":"\n<div class=\"wp-block-group alignfull is-layout-flow wp-block-group-is-layout-flow\">\n<div class=\"wp-block-group\">\n<div style=\"height:2rem\" aria-hidden=\"true\" class=\"wp-block-spacer\"><\/div>\n\n\n\n<div class=\"wp-block-columns alignwide is-not-stacked-on-mobile fix-language has-open-sans-font-family has-normal-font-size is-layout-flex wp-container-core-columns-is-layout-9d6595d7 wp-block-columns-is-layout-flex\">\n<div class=\"wp-block-column is-vertically-aligned-center is-layout-flow wp-block-column-is-layout-flow\"><div class=\"is-style-default wp-block-site-logo\"><a href=\"https:\/\/lite-soil.com\/fr\/\" class=\"custom-logo-link\" rel=\"home\"><img loading=\"lazy\" decoding=\"async\" width=\"150\" height=\"50\" src=\"https:\/\/lite-soil.com\/wp-content\/uploads\/2025\/08\/LITE-SOIL_LOGO_CMYK_2_R-scaled.webp\" class=\"custom-logo\" alt=\"\" srcset=\"https:\/\/lite-soil.com\/wp-content\/uploads\/2025\/08\/LITE-SOIL_LOGO_CMYK_2_R-scaled.webp 2560w, https:\/\/lite-soil.com\/wp-content\/uploads\/2025\/08\/LITE-SOIL_LOGO_CMYK_2_R-300x101.webp 300w, https:\/\/lite-soil.com\/wp-content\/uploads\/2025\/08\/LITE-SOIL_LOGO_CMYK_2_R-1024x344.webp 1024w, https:\/\/lite-soil.com\/wp-content\/uploads\/2025\/08\/LITE-SOIL_LOGO_CMYK_2_R-768x258.webp 768w, https:\/\/lite-soil.com\/wp-content\/uploads\/2025\/08\/LITE-SOIL_LOGO_CMYK_2_R-1536x516.webp 1536w, https:\/\/lite-soil.com\/wp-content\/uploads\/2025\/08\/LITE-SOIL_LOGO_CMYK_2_R-2048x688.webp 2048w, https:\/\/lite-soil.com\/wp-content\/uploads\/2025\/08\/LITE-SOIL_LOGO_CMYK_2_R-600x202.webp 600w\" sizes=\"auto, (max-width: 150px) 100vw, 150px\" \/><\/a><\/div><\/div>\n\n\n\n<div class=\"wp-block-column is-vertically-aligned-center is-layout-flow wp-block-column-is-layout-flow\">\n<p class=\"has-text-align-center has-text-color has-link-color wp-elements-e0e64176f120a15b44d2c5808940bbe3\" style=\"color:#464646;font-size:20px\"><a href=\"https:\/\/lite-soil.com\/fr\/b2b\/\">LITE-SOIL<br><strong><em>BUSINESS<\/em><\/strong><\/a><\/p>\n<\/div>\n\n\n\n<div class=\"wp-block-column is-vertically-aligned-center is-layout-flow wp-block-column-is-layout-flow\">\n<div class=\"wp-block-group has-primary-color has-text-color has-link-color wp-elements-8c3028aa1457a79e8bc7de7af23cfc89 is-content-justification-right is-nowrap is-layout-flex wp-container-core-group-is-layout-6efd5cc8 wp-block-group-is-layout-flex\"><nav class=\"is-responsive wp-block-navigation is-layout-flex wp-block-navigation-is-layout-flex\" aria-label=\"pro_header_french\" \n\t\t data-wp-interactive=\"core\/navigation\" data-wp-context='{\"overlayOpenedBy\":{\"click\":false,\"hover\":false,\"focus\":false},\"type\":\"overlay\",\"roleAttribute\":\"\",\"ariaLabel\":\"Menu\"}'><button aria-haspopup=\"dialog\" aria-label=\"Open menu\" class=\"wp-block-navigation__responsive-container-open\" \n\t\t\t\tdata-wp-on--click=\"actions.openMenuOnClick\"\n\t\t\t\tdata-wp-on--keydown=\"actions.handleMenuKeydown\"\n\t\t\t><svg width=\"24\" height=\"24\" xmlns=\"http:\/\/www.w3.org\/2000\/svg\" viewBox=\"0 0 24 24\" aria-hidden=\"true\" focusable=\"false\"><path d=\"M4 7.5h16v1.5H4z\"><\/path><path d=\"M4 15h16v1.5H4z\"><\/path><\/svg><\/button>\n\t\t\t\t<div class=\"wp-block-navigation__responsive-container\"  id=\"modal-1\" \n\t\t\t\tdata-wp-class--has-modal-open=\"state.isMenuOpen\"\n\t\t\t\tdata-wp-class--is-menu-open=\"state.isMenuOpen\"\n\t\t\t\tdata-wp-watch=\"callbacks.initMenu\"\n\t\t\t\tdata-wp-on--keydown=\"actions.handleMenuKeydown\"\n\t\t\t\tdata-wp-on--focusout=\"actions.handleMenuFocusout\"\n\t\t\t\ttabindex=\"-1\"\n\t\t\t>\n\t\t\t\t\t<div class=\"wp-block-navigation__responsive-close\" tabindex=\"-1\">\n\t\t\t\t\t\t<div class=\"wp-block-navigation__responsive-dialog\" \n\t\t\t\tdata-wp-bind--aria-modal=\"state.ariaModal\"\n\t\t\t\tdata-wp-bind--aria-label=\"state.ariaLabel\"\n\t\t\t\tdata-wp-bind--role=\"state.roleAttribute\"\n\t\t\t>\n\t\t\t\t\t\t\t<button aria-label=\"Close menu\" class=\"wp-block-navigation__responsive-container-close\" \n\t\t\t\tdata-wp-on--click=\"actions.closeMenuOnClick\"\n\t\t\t><svg xmlns=\"http:\/\/www.w3.org\/2000\/svg\" viewBox=\"0 0 24 24\" width=\"24\" height=\"24\" aria-hidden=\"true\" focusable=\"false\"><path d=\"m13.06 12 6.47-6.47-1.06-1.06L12 10.94 5.53 4.47 4.47 5.53 10.94 12l-6.47 6.47 1.06 1.06L12 13.06l6.47 6.47 1.06-1.06L13.06 12Z\"><\/path><\/svg><\/button>\n\t\t\t\t\t\t\t<div class=\"wp-block-navigation__responsive-container-content\" \n\t\t\t\tdata-wp-watch=\"callbacks.focusFirstElement\"\n\t\t\t id=\"modal-1-content\">\n\t\t\t\t\t\t\t\t<ul class=\"wp-block-navigation__container is-responsive wp-block-navigation\"><li class=\" wp-block-navigation-item wp-block-navigation-link\"><a class=\"wp-block-navigation-item__content\"  href=\"https:\/\/lite-soil.com\/fr\/about\/\"><span class=\"wp-block-navigation-item__label\">\u00c0 propos<\/span><\/a><\/li><li class=\" wp-block-navigation-item wp-block-navigation-link\"><a class=\"wp-block-navigation-item__content\"  href=\"https:\/\/lite-soil.com\/fr\/professionals_products\/\"><span class=\"wp-block-navigation-item__label\">Produits<\/span><\/a><\/li><li class=\" wp-block-navigation-item wp-block-navigation-link\"><a class=\"wp-block-navigation-item__content\"  href=\"https:\/\/lite-soil.com\/fr\/professionals_tender_texts\/\"><span class=\"wp-block-navigation-item__label\">Documents d&#8217;appel d&#8217;ofres<\/span><\/a><\/li><\/ul>\n\t\t\t\t\t\t\t<\/div>\n\t\t\t\t\t\t<\/div>\n\t\t\t\t\t<\/div>\n\t\t\t\t<\/div><\/nav>\n\n\n<div class=\"wp-block-wpm-language-switcher langfix\"><ul class=\"wpm-language-switcher wpm-switcher-dropdown\"><li class=\"wpm-item-language-main wpm-item-language-en\"><span><img decoding=\"async\" src=\"https:\/\/lite-soil.com\/wp-content\/plugins\/wp-multilang\/flags\/fr.png\" alt=\"French\"\/><\/span><ul class=\"wpm-language-dropdown\"><li class=\"wpm-item-language-en\"><a href=\"#\" data-lang=\"en\"><img decoding=\"async\" src=\"https:\/\/lite-soil.com\/wp-content\/plugins\/wp-multilang\/flags\/us.png\" alt=\"English\"\/><\/a><\/li><li class=\"wpm-item-language-es\"><a href=\"#\" data-lang=\"es\"><img decoding=\"async\" src=\"https:\/\/lite-soil.com\/wp-content\/plugins\/wp-multilang\/flags\/es.png\" alt=\"Espania\"\/><\/a><\/li><li class=\"wpm-item-language-de\"><a href=\"#\" data-lang=\"de\"><img decoding=\"async\" src=\"https:\/\/lite-soil.com\/wp-content\/plugins\/wp-multilang\/flags\/at.png\" alt=\"Deutsch\"\/><\/a><\/li><li class=\"wpm-item-language-it\"><a href=\"#\" data-lang=\"it\"><img decoding=\"async\" src=\"https:\/\/lite-soil.com\/wp-content\/plugins\/wp-multilang\/flags\/it.png\" alt=\"Italian\"\/><\/a><\/li><\/ul><\/li><\/ul><\/div>\n<\/div>\n<\/div>\n<\/div>\n<\/div>\n<\/div>\n\n\n\n<div class=\"wp-block-group alignwide has-open-sans-font-family is-layout-constrained wp-block-group-is-layout-constrained\">\n<div class=\"wp-block-cover alignwide\"><img loading=\"lazy\" decoding=\"async\" width=\"800\" height=\"533\" class=\"wp-block-cover__image-background wp-image-1088 size-full\" alt=\"\" src=\"https:\/\/lite-soil.com\/wp-content\/uploads\/2025\/06\/IMG_8803-2.webp\" data-object-fit=\"cover\" srcset=\"https:\/\/lite-soil.com\/wp-content\/uploads\/2025\/06\/IMG_8803-2.webp 800w, https:\/\/lite-soil.com\/wp-content\/uploads\/2025\/06\/IMG_8803-2-300x200.webp 300w, https:\/\/lite-soil.com\/wp-content\/uploads\/2025\/06\/IMG_8803-2-768x512.webp 768w, https:\/\/lite-soil.com\/wp-content\/uploads\/2025\/06\/IMG_8803-2-600x400.webp 600w\" sizes=\"auto, (max-width: 800px) 100vw, 800px\" \/><span aria-hidden=\"true\" class=\"wp-block-cover__background has-background-dim\" style=\"background-color:#6e6f67\"><\/span><div class=\"wp-block-cover__inner-container is-layout-flow wp-block-cover-is-layout-flow\">\n<p class=\"has-text-align-center has-custom-warm-white-color has-text-color has-link-color wp-elements-f8b1513e9ce4fa3a48137fe8daea8378\" style=\"font-size:50px;letter-spacing:0.25em\">DRAINAGE DE SURFACE<\/p>\n<\/div><\/div>\n\n\n\n<div style=\"height:48px\" aria-hidden=\"true\" class=\"wp-block-spacer\"><\/div>\n\n\n\n<div class=\"wp-block-group is-layout-constrained wp-container-core-group-is-layout-c0cf8e29 wp-block-group-is-layout-constrained\">\n<h2 class=\"wp-block-heading alignwide has-text-color has-link-color wp-elements-71d5194c6f744fbd9ff3315eea19864d\" style=\"color:#00000085\"><strong>Drainage de l&#8217;eau sur une grande surface<\/strong><\/h2>\n<\/div>\n\n\n\n<div class=\"wp-block-group alignwide has-custom-warm-white-background-color has-background is-layout-constrained wp-block-group-is-layout-constrained\">\n<div style=\"height:3rem\" aria-hidden=\"true\" class=\"wp-block-spacer\"><\/div>\n\n\n\n<div class=\"wp-block-columns is-layout-flex wp-container-core-columns-is-layout-9d6595d7 wp-block-columns-is-layout-flex\">\n<div class=\"wp-block-column is-layout-flow wp-block-column-is-layout-flow\">\n<p>Si la surface est perm\u00e9able mais le sous-sol imperm\u00e9able, l\u2019eau de pluie peut \u00eatre collect\u00e9e sous terre au moyen de filets de drainage en non-tiss\u00e9 hautement poreux (<a href=\"https:\/\/lite-soil.com\/fr\/professionals_products\/#lite_net_B2B_products\">LITE-<strong>NET<\/strong><\/a>) et achemin\u00e9e, par exemple, vers un tuyau de drainage.<\/p>\n\n\n\n<p>Comme le LITE-<strong>NET<\/strong> de 6\/8 mm d\u2019\u00e9paisseur ne couvre pas toute la surface, il ne peut pas y avoir de plan de glissement, il ne constitue pas non plus une barri\u00e8re pour les racines ou les vers de terre. Les surcharges, par exemple de voitures, sont \u00e9vacu\u00e9es par les interstices du filet \u2013 la surface n\u2019est donc pas \u00e9lastique et l\u2019eau n\u2019est pas expuls\u00e9e du non-tiss\u00e9. Dans le cas des surfaces v\u00e9g\u00e9talis\u00e9es, les plantes peuvent avoir acc\u00e8s \u00e0 l\u2019eau stock\u00e9e dans le non-tiss\u00e9 pendant les phases de s\u00e9cheresse.<\/p>\n\n\n\n<p>Dans le cas des man\u00e8ges, le LITE\u2013<strong>NET<\/strong> \u00eatre pos\u00e9 dans une fine couche de sable directement sous les tapis de paddock ou les panneaux de paddock et diriger l\u2019eau dans un tuyau de drainage qui est pos\u00e9 plus profond\u00e9ment. En raison de la diff\u00e9rence de hauteur, le filet de drainage aspire efficacement l\u2019eau vers les tuyaux de drainage.<\/p>\n\n\n\n<p>Exemples d\u2019applications : Terrains d\u2019\u00e9quitation, routes, parkings, murs de sout\u00e8nement, rev\u00eatements de chemins li\u00e9s \u00e0 l\u2019eau, grilles \u00e0 gazon.<\/p>\n<\/div>\n\n\n\n<div class=\"wp-block-column is-layout-flow wp-block-column-is-layout-flow\">\n<figure class=\"wp-block-image size-full\"><img loading=\"lazy\" decoding=\"async\" width=\"711\" height=\"534\" src=\"https:\/\/lite-soil.com\/wp-content\/uploads\/2025\/06\/Entwaesserung_2.webp\" alt=\"\" class=\"wp-image-1087\" srcset=\"https:\/\/lite-soil.com\/wp-content\/uploads\/2025\/06\/Entwaesserung_2.webp 711w, https:\/\/lite-soil.com\/wp-content\/uploads\/2025\/06\/Entwaesserung_2-300x225.webp 300w, https:\/\/lite-soil.com\/wp-content\/uploads\/2025\/06\/Entwaesserung_2-600x451.webp 600w\" sizes=\"auto, (max-width: 711px) 100vw, 711px\" \/><\/figure>\n\n\n\n<figure class=\"wp-block-image size-large\"><img loading=\"lazy\" decoding=\"async\" width=\"1024\" height=\"682\" src=\"https:\/\/lite-soil.com\/wp-content\/uploads\/2025\/08\/LITE-NET-Flaechendrainage-1024x682.webp\" alt=\"\" class=\"wp-image-3656\" srcset=\"https:\/\/lite-soil.com\/wp-content\/uploads\/2025\/08\/LITE-NET-Flaechendrainage-1024x682.webp 1024w, https:\/\/lite-soil.com\/wp-content\/uploads\/2025\/08\/LITE-NET-Flaechendrainage-300x200.webp 300w, https:\/\/lite-soil.com\/wp-content\/uploads\/2025\/08\/LITE-NET-Flaechendrainage-768x512.webp 768w, https:\/\/lite-soil.com\/wp-content\/uploads\/2025\/08\/LITE-NET-Flaechendrainage-600x400.webp 600w, https:\/\/lite-soil.com\/wp-content\/uploads\/2025\/08\/LITE-NET-Flaechendrainage.webp 1030w\" sizes=\"auto, (max-width: 1024px) 100vw, 1024px\" \/><\/figure>\n<\/div>\n<\/div>\n\n\n\n<div style=\"height:3em\" aria-hidden=\"true\" class=\"wp-block-spacer\"><\/div>\n<\/div>\n\n\n\n<div style=\"height:3em\" aria-hidden=\"true\" class=\"wp-block-spacer\"><\/div>\n<\/div>\n\n\n\n<div class=\"wp-block-group alignfull is-layout-flow wp-block-group-is-layout-flow\">\n<div class=\"wp-block-group is-layout-flow wp-block-group-is-layout-flow\">\n<div style=\"height:2rem\" aria-hidden=\"true\" class=\"wp-block-spacer\"><\/div>\n\n\n\n<div class=\"wp-block-columns has-primary-color has-text-color has-link-color wp-elements-2b82429eaa46ce7fc36961c5d967aa45 is-layout-flex wp-container-core-columns-is-layout-9d6595d7 wp-block-columns-is-layout-flex\">\n<div class=\"wp-block-column is-layout-flow wp-block-column-is-layout-flow\"><div class=\"alignleft wp-block-site-logo\"><a href=\"https:\/\/lite-soil.com\/fr\/\" class=\"custom-logo-link\" rel=\"home\"><img loading=\"lazy\" decoding=\"async\" width=\"243\" height=\"81\" src=\"https:\/\/lite-soil.com\/wp-content\/uploads\/2025\/08\/LITE-SOIL_LOGO_CMYK_2_R-scaled.webp\" class=\"custom-logo\" alt=\"\" srcset=\"https:\/\/lite-soil.com\/wp-content\/uploads\/2025\/08\/LITE-SOIL_LOGO_CMYK_2_R-scaled.webp 2560w, https:\/\/lite-soil.com\/wp-content\/uploads\/2025\/08\/LITE-SOIL_LOGO_CMYK_2_R-300x101.webp 300w, https:\/\/lite-soil.com\/wp-content\/uploads\/2025\/08\/LITE-SOIL_LOGO_CMYK_2_R-1024x344.webp 1024w, https:\/\/lite-soil.com\/wp-content\/uploads\/2025\/08\/LITE-SOIL_LOGO_CMYK_2_R-768x258.webp 768w, https:\/\/lite-soil.com\/wp-content\/uploads\/2025\/08\/LITE-SOIL_LOGO_CMYK_2_R-1536x516.webp 1536w, https:\/\/lite-soil.com\/wp-content\/uploads\/2025\/08\/LITE-SOIL_LOGO_CMYK_2_R-2048x688.webp 2048w, https:\/\/lite-soil.com\/wp-content\/uploads\/2025\/08\/LITE-SOIL_LOGO_CMYK_2_R-600x202.webp 600w\" sizes=\"auto, (max-width: 243px) 100vw, 243px\" \/><\/a><\/div><\/div>\n\n\n\n<div class=\"wp-block-column is-layout-flow wp-block-column-is-layout-flow\">\n<div class=\"wp-block-group is-layout-constrained wp-block-group-is-layout-constrained\">\n<div class=\"wp-block-columns has-custom-blue-color has-text-color has-link-color wp-elements-ed9972f443a98d6f980920b60dd5da7e is-layout-flex wp-container-core-columns-is-layout-9d6595d7 wp-block-columns-is-layout-flex\">\n<div class=\"wp-block-column is-vertically-aligned-center is-layout-flow wp-block-column-is-layout-flow\">\n<div class=\"wp-block-group has-open-sans-font-family is-vertical is-content-justification-left is-layout-flex wp-container-core-group-is-layout-c0ca7d81 wp-block-group-is-layout-flex\">\n<h2 class=\"wp-block-heading has-text-align-center has-black-color has-text-color has-link-color wp-elements-66be14814025a0a485815deaf0c2cec6\">Privacy<\/h2>\n\n\n\n<div style=\"height:0px\" aria-hidden=\"true\" class=\"wp-block-spacer wp-container-content-5082a153\"><\/div>\n\n\n<nav class=\"has-text-color has-custom-blue-color items-justified-left is-vertical wp-block-navigation is-content-justification-left is-layout-flex wp-container-core-navigation-is-layout-aacc3761 wp-block-navigation-is-layout-flex\" aria-label=\"footer_french\"><ul class=\"wp-block-navigation__container has-text-color has-custom-blue-color items-justified-left is-vertical wp-block-navigation\"><li class=\" wp-block-navigation-item wp-block-navigation-link\"><a class=\"wp-block-navigation-item__content\"  href=\"https:\/\/lite-soil.com\/fr\/privacy-policy\/\"><span class=\"wp-block-navigation-item__label\">Politique de confidentialit\u00e9<\/span><\/a><\/li><li class=\" wp-block-navigation-item wp-block-navigation-link\"><a class=\"wp-block-navigation-item__content\"  href=\"https:\/\/lite-soil.com\/fr\/terms-and-conditions\/\"><span class=\"wp-block-navigation-item__label\">Conditions d&#8217;utilisation<\/span><\/a><\/li><li class=\" wp-block-navigation-item wp-block-navigation-link\"><a class=\"wp-block-navigation-item__content\"  href=\"https:\/\/lite-soil.com\/fr\/about\/#contact_us\"><span class=\"wp-block-navigation-item__label\">Contact<\/span><\/a><\/li><\/ul><\/nav><\/div>\n<\/div>\n\n\n\n<div class=\"wp-block-column is-vertically-aligned-top is-layout-flow wp-block-column-is-layout-flow\">\n<div class=\"wp-block-group has-open-sans-font-family is-vertical is-content-justification-right is-layout-flex wp-container-core-group-is-layout-ec4876f5 wp-block-group-is-layout-flex\">\n<h2 class=\"wp-block-heading has-text-align-left has-black-color has-text-color has-link-color wp-elements-73b3237667025105f8ee77b7aaba7405\">Social<\/h2>\n\n\n\n<div style=\"height:0px\" aria-hidden=\"true\" class=\"wp-block-spacer wp-container-content-5082a153\"><\/div>\n\n\n\n<ul class=\"wp-block-social-links is-horizontal is-content-justification-right is-layout-flex wp-container-core-social-links-is-layout-202d4b65 wp-block-social-links-is-layout-flex\"><li class=\"wp-social-link wp-social-link-facebook  wp-block-social-link\"><a href=\"https:\/\/www.facebook.com\/LiteSoilSHOP\" class=\"wp-block-social-link-anchor\"><svg width=\"24\" height=\"24\" viewBox=\"0 0 24 24\" version=\"1.1\" xmlns=\"http:\/\/www.w3.org\/2000\/svg\" aria-hidden=\"true\" focusable=\"false\"><path d=\"M12 2C6.5 2 2 6.5 2 12c0 5 3.7 9.1 8.4 9.9v-7H7.9V12h2.5V9.8c0-2.5 1.5-3.9 3.8-3.9 1.1 0 2.2.2 2.2.2v2.5h-1.3c-1.2 0-1.6.8-1.6 1.6V12h2.8l-.4 2.9h-2.3v7C18.3 21.1 22 17 22 12c0-5.5-4.5-10-10-10z\"><\/path><\/svg><span class=\"wp-block-social-link-label screen-reader-text\">Facebook<\/span><\/a><\/li>\n\n<li class=\"wp-social-link wp-social-link-instagram  wp-block-social-link\"><a href=\"https:\/\/www.instagram.com\/lite_soil\/\" class=\"wp-block-social-link-anchor\"><svg width=\"24\" height=\"24\" viewBox=\"0 0 24 24\" version=\"1.1\" xmlns=\"http:\/\/www.w3.org\/2000\/svg\" aria-hidden=\"true\" focusable=\"false\"><path d=\"M12,4.622c2.403,0,2.688,0.009,3.637,0.052c0.877,0.04,1.354,0.187,1.671,0.31c0.42,0.163,0.72,0.358,1.035,0.673 c0.315,0.315,0.51,0.615,0.673,1.035c0.123,0.317,0.27,0.794,0.31,1.671c0.043,0.949,0.052,1.234,0.052,3.637 s-0.009,2.688-0.052,3.637c-0.04,0.877-0.187,1.354-0.31,1.671c-0.163,0.42-0.358,0.72-0.673,1.035 c-0.315,0.315-0.615,0.51-1.035,0.673c-0.317,0.123-0.794,0.27-1.671,0.31c-0.949,0.043-1.233,0.052-3.637,0.052 s-2.688-0.009-3.637-0.052c-0.877-0.04-1.354-0.187-1.671-0.31c-0.42-0.163-0.72-0.358-1.035-0.673 c-0.315-0.315-0.51-0.615-0.673-1.035c-0.123-0.317-0.27-0.794-0.31-1.671C4.631,14.688,4.622,14.403,4.622,12 s0.009-2.688,0.052-3.637c0.04-0.877,0.187-1.354,0.31-1.671c0.163-0.42,0.358-0.72,0.673-1.035 c0.315-0.315,0.615-0.51,1.035-0.673c0.317-0.123,0.794-0.27,1.671-0.31C9.312,4.631,9.597,4.622,12,4.622 M12,3 C9.556,3,9.249,3.01,8.289,3.054C7.331,3.098,6.677,3.25,6.105,3.472C5.513,3.702,5.011,4.01,4.511,4.511 c-0.5,0.5-0.808,1.002-1.038,1.594C3.25,6.677,3.098,7.331,3.054,8.289C3.01,9.249,3,9.556,3,12c0,2.444,0.01,2.751,0.054,3.711 c0.044,0.958,0.196,1.612,0.418,2.185c0.23,0.592,0.538,1.094,1.038,1.594c0.5,0.5,1.002,0.808,1.594,1.038 c0.572,0.222,1.227,0.375,2.185,0.418C9.249,20.99,9.556,21,12,21s2.751-0.01,3.711-0.054c0.958-0.044,1.612-0.196,2.185-0.418 c0.592-0.23,1.094-0.538,1.594-1.038c0.5-0.5,0.808-1.002,1.038-1.594c0.222-0.572,0.375-1.227,0.418-2.185 C20.99,14.751,21,14.444,21,12s-0.01-2.751-0.054-3.711c-0.044-0.958-0.196-1.612-0.418-2.185c-0.23-0.592-0.538-1.094-1.038-1.594 c-0.5-0.5-1.002-0.808-1.594-1.038c-0.572-0.222-1.227-0.375-2.185-0.418C14.751,3.01,14.444,3,12,3L12,3z M12,7.378 c-2.552,0-4.622,2.069-4.622,4.622S9.448,16.622,12,16.622s4.622-2.069,4.622-4.622S14.552,7.378,12,7.378z M12,15 c-1.657,0-3-1.343-3-3s1.343-3,3-3s3,1.343,3,3S13.657,15,12,15z M16.804,6.116c-0.596,0-1.08,0.484-1.08,1.08 s0.484,1.08,1.08,1.08c0.596,0,1.08-0.484,1.08-1.08S17.401,6.116,16.804,6.116z\"><\/path><\/svg><span class=\"wp-block-social-link-label screen-reader-text\">Instagram<\/span><\/a><\/li>\n\n<li class=\"wp-social-link wp-social-link-youtube  wp-block-social-link\"><a href=\"https:\/\/www.youtube.com\/channel\/UC7z6oWnLpYRJFGoWUMqiyrQ\" class=\"wp-block-social-link-anchor\"><svg width=\"24\" height=\"24\" viewBox=\"0 0 24 24\" version=\"1.1\" xmlns=\"http:\/\/www.w3.org\/2000\/svg\" aria-hidden=\"true\" focusable=\"false\"><path d=\"M21.8,8.001c0,0-0.195-1.378-0.795-1.985c-0.76-0.797-1.613-0.801-2.004-0.847c-2.799-0.202-6.997-0.202-6.997-0.202 h-0.009c0,0-4.198,0-6.997,0.202C4.608,5.216,3.756,5.22,2.995,6.016C2.395,6.623,2.2,8.001,2.2,8.001S2,9.62,2,11.238v1.517 c0,1.618,0.2,3.237,0.2,3.237s0.195,1.378,0.795,1.985c0.761,0.797,1.76,0.771,2.205,0.855c1.6,0.153,6.8,0.201,6.8,0.201 s4.203-0.006,7.001-0.209c0.391-0.047,1.243-0.051,2.004-0.847c0.6-0.607,0.795-1.985,0.795-1.985s0.2-1.618,0.2-3.237v-1.517 C22,9.62,21.8,8.001,21.8,8.001z M9.935,14.594l-0.001-5.62l5.404,2.82L9.935,14.594z\"><\/path><\/svg><span class=\"wp-block-social-link-label screen-reader-text\">YouTube<\/span><\/a><\/li>\n\n<li class=\"wp-social-link wp-social-link-linkedin  wp-block-social-link\"><a href=\"https:\/\/www.linkedin.com\/company\/42934107\/admin\/\" class=\"wp-block-social-link-anchor\"><svg width=\"24\" height=\"24\" viewBox=\"0 0 24 24\" version=\"1.1\" xmlns=\"http:\/\/www.w3.org\/2000\/svg\" aria-hidden=\"true\" focusable=\"false\"><path d=\"M19.7,3H4.3C3.582,3,3,3.582,3,4.3v15.4C3,20.418,3.582,21,4.3,21h15.4c0.718,0,1.3-0.582,1.3-1.3V4.3 C21,3.582,20.418,3,19.7,3z M8.339,18.338H5.667v-8.59h2.672V18.338z M7.004,8.574c-0.857,0-1.549-0.694-1.549-1.548 c0-0.855,0.691-1.548,1.549-1.548c0.854,0,1.547,0.694,1.547,1.548C8.551,7.881,7.858,8.574,7.004,8.574z M18.339,18.338h-2.669 v-4.177c0-0.996-0.017-2.278-1.387-2.278c-1.389,0-1.601,1.086-1.601,2.206v4.249h-2.667v-8.59h2.559v1.174h0.037 c0.356-0.675,1.227-1.387,2.526-1.387c2.703,0,3.203,1.779,3.203,4.092V18.338z\"><\/path><\/svg><span class=\"wp-block-social-link-label screen-reader-text\">LinkedIn<\/span><\/a><\/li><\/ul>\n<\/div>\n<\/div>\n<\/div>\n<\/div>\n<\/div>\n<\/div>\n\n\n\n<div style=\"height:1rem\" aria-hidden=\"true\" class=\"wp-block-spacer\"><\/div>\n<\/div>\n<\/div>\n","protected":false},"excerpt":{"rendered":"<p>Drainage de l&#8217;eau sur une grande surface Si la surface est perm\u00e9able mais le sous-sol imperm\u00e9able, l\u2019eau de pluie peut \u00eatre collect\u00e9e sous terre au moyen de filets de drainage en non-tiss\u00e9 hautement poreux (LITE-NET) et achemin\u00e9e, par exemple, vers un tuyau de drainage. Comme le LITE-NET de 6\/8 mm d\u2019\u00e9paisseur ne couvre pas toute [&hellip;]<\/p>\n","protected":false},"author":3,"featured_media":0,"parent":0,"menu_order":0,"comment_status":"closed","ping_status":"closed","template":"","meta":{"footnotes":""},"class_list":["post-737","page","type-page","status-publish","hentry"],"_links":{"self":[{"href":"https:\/\/lite-soil.com\/fr\/wp-json\/wp\/v2\/pages\/737","targetHints":{"allow":["GET"]}}],"collection":[{"href":"https:\/\/lite-soil.com\/fr\/wp-json\/wp\/v2\/pages"}],"about":[{"href":"https:\/\/lite-soil.com\/fr\/wp-json\/wp\/v2\/types\/page"}],"author":[{"embeddable":true,"href":"https:\/\/lite-soil.com\/fr\/wp-json\/wp\/v2\/users\/3"}],"replies":[{"embeddable":true,"href":"https:\/\/lite-soil.com\/fr\/wp-json\/wp\/v2\/comments?post=737"}],"version-history":[{"count":25,"href":"https:\/\/lite-soil.com\/fr\/wp-json\/wp\/v2\/pages\/737\/revisions"}],"predecessor-version":[{"id":3807,"href":"https:\/\/lite-soil.com\/fr\/wp-json\/wp\/v2\/pages\/737\/revisions\/3807"}],"wp:attachment":[{"href":"https:\/\/lite-soil.com\/fr\/wp-json\/wp\/v2\/media?parent=737"}],"curies":[{"name":"wp","href":"https:\/\/api.w.org\/{rel}","templated":true}]}}