{"id":1357,"date":"2025-06-22T21:47:58","date_gmt":"2025-06-22T21:47:58","guid":{"rendered":"https:\/\/lite-soil.com\/?post_type=product&#038;p=1357"},"modified":"2025-09-09T10:27:02","modified_gmt":"2025-09-09T10:27:02","slug":"lite-strips-bio1-cellulose","status":"publish","type":"product","link":"https:\/\/lite-soil.com\/fr\/product\/lite-strips-bio1-cellulose\/","title":{"rendered":"LITE-STRIPS <br> Bio1 Cellulose"},"content":{"rendered":"<div>\n<p>Comme le stockage de l&#8217;eau pour les plantes est situ\u00e9 directement pr\u00e8s des racines, les plantes peuvent acc\u00e9der \u00e0 l&#8217;eau plus facilement et plus efficacement lorsqu&#8217;elles en ont besoin, ce qui permet d&#8217;allonger les intervalles d&#8217;arrosage. Les LITE-<strong>STRIPS<\/strong> allong\u00e9es absorbent l&#8217;eau de la surface vers les racines, rendent les sols denses plus perm\u00e9ables et fonctionnent comme un am\u00e9liorateur de substrat.<\/p>\n<p><strong>100% BIOLOGIQUEMENT COMPOSTABLE<\/strong><\/p>\n<p>Les LITE-<strong>STRIPS Bio1<\/strong> sont fabriqu\u00e9es en fibres de cellulose et sont 100% biod\u00e9gradables apr\u00e8s environ 1 \u00e0 2 ans. Elles sont destin\u00e9es \u00e0 servir de support pendant la phase de v\u00e9g\u00e9tation ou pour les plantes \u00e2g\u00e9es d&#8217;un an.<\/p>\n<h4>LITE-SOIL a re\u00e7u le label \u00ab Natur im Garten \u00bb de Nature in the Garden pour LITE-STRIPS Bio1 2,5L !<\/h4>\n<p>Le label de qualit\u00e9 \u00ab Natur im Garten \u00bb est une aide \u00e0 l&#8217;orientation pour les personnes soucieuses de l&#8217;environnement qui veulent utiliser des produits de jardinage \u00e9cologiquement s\u00fbrs. Tous les produits de jardinage r\u00e9pondent aux trois crit\u00e8res de base de \u00ab Natur im Garten \u00bb : pas de pesticides chimiques de synth\u00e8se, pas d&#8217;engrais chimiques de synth\u00e8se et pas de tourbe.<\/p>\n<p><strong>Domaines d&#8217;application et instructions de montage<\/strong><\/p>\n<p><a href=\"https:\/\/lite-soil.com\/fr\/professionals_trees\/\">ARBRES, ARBUSTES ET BUISSONS<\/a>: M\u00e9langez environ 10-20 l par arbre dans la terre. Les LITE-<strong>STRIPS<\/strong> se combinent tr\u00e8s bien avec les <a href=\"https:\/\/lite-soil.com\/fr\/professionals_products\/#lite_net_B2B_products\">LITE-<strong>NET<\/strong><\/a>.<\/p>\n<p><a href=\"https:\/\/lite-soil.com\/fr\/professionals_raisedpantingbeds\/\">POTAGERS SUR\u00c9LEV\u00c9S\u00a0&#038;\u00a0AUGES:<\/a> pour les bacs \u00e0 plantes, m\u00e9langez environ 5-10% du volume dans la terre, pour les parterres sur\u00e9lev\u00e9s, m\u00e9langez environ 5-10l\/m\u00b2. Vous devez arroser moins souvent, les plantes re\u00e7oivent de l&#8217;eau m\u00eame pendant les p\u00e9riodes de s\u00e9cheresse ou de vacances.<\/p>\n<p><a href=\"https:\/\/lite-soil.com\/fr\/professionals_lawns_athleticfields\/\">PELOUSE, TERRAINS DE SPORT<\/a>\u00a0&#038;\u00a0<a href=\"https:\/\/lite-soil.com\/fr\/professionals_slopes\/\">TALUS<\/a>: M\u00e9langez environ 0,5-1,0 l de LITE-<strong>STRIPS<\/strong> par m\u00b2 dans la terre jusqu&#8217;\u00e0 la profondeur des racines, par exemple \u00e0 l&#8217;aide d&#8217;un r\u00e2teau.<\/p>\n<p><a href=\"https:\/\/lite-soil.com\/fr\/professionals_lawnturf\/\">GAZON EN ROULEAU<\/a>: M\u00e9langez dans les 10 cm sup\u00e9rieurs de terre environ 0,5 l par m\u00b2 de LITE-<strong>STRIPS<\/strong>.<\/p>\n<p><a href=\"https:\/\/lite-soil.com\/fr\/professionals_greenroofs\/\">VERDISSEMENT DE TOITS<\/a>: M\u00e9langer environ 1-2 l de LITE-<strong>STRIPS<\/strong> par m\u00b2 dans le support, en fonction de l\u2019\u00e9paisseur de la structure.<\/p>\n<p><strong>1 kilo de LITE-STRIPS Bio1 permet de stocker jusqu&#8217;\u00e0 10 litres d&#8217;eau !<\/strong><\/p>\n<p>&nbsp;<\/p>\n<p><iframe loading=\"lazy\" title=\"\ud83d\udca7la M\u00c9THODE D\u00c9FINITIVE d&#039;\u00c9CONOMIE D&#039;EAU pour les plantes LITE-STRIPS  #economiser\" width=\"500\" height=\"281\" src=\"https:\/\/www.youtube.com\/embed\/rnPJuyw76TY?feature=oembed\" frameborder=\"0\" allow=\"accelerometer; autoplay; clipboard-write; encrypted-media; gyroscope; picture-in-picture; web-share\" referrerpolicy=\"strict-origin-when-cross-origin\" allowfullscreen><\/iframe><\/p>\n<p>&nbsp;<\/p>\n<p><strong>Taille de la commande<\/strong><\/p>\n<ul>\n<li>Box 60 l \u2192 1,2 m\u00b3 (120 m\u00b2 pelouse)<\/li>\n<li>Box 250 l \u2192 5 m\u00b3 (500 m\u00b2 pelouse)<\/li>\n<li>Box 5 X 50 l <strong>\u2192\u00a0<\/strong>5 m\u00b3 (500 m\u00b2 pelouse)<\/li>\n<li>BIG BAG 1 m\u00b3 = 1000 l \u2192 20 m\u00b3 (2000 m\u00b2 pelouse)<\/li>\n<\/ul>\n<\/div>\n<p>Pour les commandes priv\u00e9es, visitez notre <a href=\"https:\/\/lite-soil.com\/fr\/shop-2\/\">shop<\/a>.<\/p>\n","protected":false},"excerpt":{"rendered":"<div class=\"et_pb_module et_pb_wc_title et_pb_wc_title_0_tb_body et_pb_bg_layout_light\">\n<div class=\"et_pb_module_inner\">\n<h4>Le stockage de l&#8217;eau pour les plantes pr\u00e8s des racines<\/h4>\n<p>Les LITE-<strong>STRIPS Bio1<\/strong> sont des bandes de non-tiss\u00e9 de 7 cm de long, 100 % biod\u00e9gradables, qu&#8217;il suffit de m\u00e9langer au substrat. Jusqu&#8217;\u00e0 90 % du volume du non-tiss\u00e9 peut \u00eatre rempli d&#8217;eau, ce qui aide les plantes \u00e0 traverser de longues p\u00e9riodes de s\u00e9cheresse. 1 kg de LITE-<strong>STRIPS Bio1<\/strong> permet de stocker jusqu&#8217;\u00e0 10 l d&#8217;eau disponible pour les plantes.<\/p>\n<p>LITE-SOIL a re\u00e7u le label \u00ab Natur im Garten \u00bb de Nature in the Garden pour LITE-STRIPSBio1 2.5L.<\/p>\n<p><strong>Mati\u00e8re<\/strong> : 100 % fibres de cellulose biod\u00e9gradables<\/p>\n<p><strong>AVANTAGES<\/strong> :<\/p>\n<ul>\n<li>Arrosage deux fois moins fr\u00e9quent<\/li>\n<li>Stocke l&#8217;eau directement au niveau des racines<\/li>\n<li>Am\u00e9lioration du substrat<\/li>\n<li>Verdissement durable<\/li>\n<li>Installation simple et facile<\/li>\n<li>Sol ameubli et mieux a\u00e9r\u00e9<\/li>\n<li>Substitut id\u00e9al \u00e0 la tourbe<\/li>\n<li>Faible poids<\/li>\n<li>Alimentation optimale des plantes en eau et en air<\/li>\n<\/ul>\n<\/div>\n<\/div>\n","protected":false},"featured_media":1482,"comment_status":"closed","ping_status":"closed","template":"","meta":[],"product_brand":[],"product_cat":[97,208,221],"product_tag":[],"class_list":{"0":"post-1357","1":"product","2":"type-product","3":"status-publish","4":"has-post-thumbnail","6":"product_cat-lite-strips_pro","7":"product_cat-pro_lite-strips","8":"product_cat-professional","10":"first","11":"outofstock","12":"taxable","13":"shipping-taxable","14":"product-type-simple"},"_links":{"self":[{"href":"https:\/\/lite-soil.com\/fr\/wp-json\/wp\/v2\/product\/1357","targetHints":{"allow":["GET"]}}],"collection":[{"href":"https:\/\/lite-soil.com\/fr\/wp-json\/wp\/v2\/product"}],"about":[{"href":"https:\/\/lite-soil.com\/fr\/wp-json\/wp\/v2\/types\/product"}],"replies":[{"embeddable":true,"href":"https:\/\/lite-soil.com\/fr\/wp-json\/wp\/v2\/comments?post=1357"}],"wp:featuredmedia":[{"embeddable":true,"href":"https:\/\/lite-soil.com\/fr\/wp-json\/wp\/v2\/media\/1482"}],"wp:attachment":[{"href":"https:\/\/lite-soil.com\/fr\/wp-json\/wp\/v2\/media?parent=1357"}],"wp:term":[{"taxonomy":"product_brand","embeddable":true,"href":"https:\/\/lite-soil.com\/fr\/wp-json\/wp\/v2\/product_brand?post=1357"},{"taxonomy":"product_cat","embeddable":true,"href":"https:\/\/lite-soil.com\/fr\/wp-json\/wp\/v2\/product_cat?post=1357"},{"taxonomy":"product_tag","embeddable":true,"href":"https:\/\/lite-soil.com\/fr\/wp-json\/wp\/v2\/product_tag?post=1357"}],"curies":[{"name":"wp","href":"https:\/\/api.w.org\/{rel}","templated":true}]}}