{"id":1359,"date":"2025-06-22T19:23:10","date_gmt":"2025-06-22T19:23:10","guid":{"rendered":"https:\/\/lite-soil.com\/?post_type=product&#038;p=1359"},"modified":"2025-09-09T10:32:13","modified_gmt":"2025-09-09T10:32:13","slug":"lite-strips-bio5-pla","status":"publish","type":"product","link":"https:\/\/lite-soil.com\/fr\/product\/lite-strips-bio5-pla\/","title":{"rendered":"LITE-STRIPS <br> Bio5 PLA"},"content":{"rendered":"<p>Comme les r\u00e9servoirs d&#8217;eau pour les plantes se trouvent directement \u00e0 proximit\u00e9 des racines, les plantes peuvent acc\u00e9der plus facilement et plus efficacement \u00e0 l&#8217;eau en cas de besoin, ce qui permet d&#8217;allonger les intervalles d&#8217;arrosage. Les Lite-Strips de forme allong\u00e9e absorbent l&#8217;eau de la surface vers les racines, rendent le sol dense plus perm\u00e9able et fonctionnent comme am\u00e9lioration du substrat.<\/p>\n<p><strong>100% BIOLOGIQUEMENT COMPOSTABLE<\/strong><\/p>\n<p>Les LITE-<strong>STRIPS Bio5<\/strong> sont compos\u00e9s de 30 % de cellulose + 70 % de PLA et sont biod\u00e9grad\u00e9s\/compost\u00e9s \u00e0 100 % apr\u00e8s environ 5 \u00e0 10 ans. Ils sont utilis\u00e9s dans une multitude d&#8217;applications.<\/p>\n<p><strong>Domaines d&#8217;application et instructions de montage<\/strong><\/p>\n<p><a href=\"https:\/\/lite-soil.com\/fr\/professionals_trees\/\">ARBRES, ARBUSTES ET BUISSONS<\/a>: M\u00e9langez environ 10-20 l par arbre dans la terre. Les LITE-<strong>STRIPS<\/strong> se combinent tr\u00e8s bien avec les <a href=\"https:\/\/lite-soil.com\/fr\/professionals_products\/#lite_net_B2B_products\">LITE-<strong>NET<\/strong><\/a>.<\/p>\n<p><a href=\"https:\/\/lite-soil.com\/fr\/professionals_raisedpantingbeds\/\">POTAGERS SUR\u00c9LEV\u00c9S\u00a0&#038;\u00a0AUGES:<\/a> pour les bacs \u00e0 plantes, m\u00e9langez environ 5-10% du volume dans la terre, pour les parterres sur\u00e9lev\u00e9s, m\u00e9langez environ 5-10l\/m\u00b2. Vous devez arroser moins souvent, les plantes re\u00e7oivent de l&#8217;eau m\u00eame pendant les p\u00e9riodes de s\u00e9cheresse ou de vacances.<\/p>\n<p><a href=\"https:\/\/lite-soil.com\/fr\/professionals_lawns_athleticfields\/\">PELOUSE, TERRAINS DE SPORT<\/a>\u00a0&#038;\u00a0<a href=\"https:\/\/lite-soil.com\/fr\/professionals_slopes\/\">TALUS<\/a>: M\u00e9langez environ 0,5-1,0 l de LITE-<strong>STRIPS<\/strong> par m\u00b2 dans la terre jusqu&#8217;\u00e0 la profondeur des racines, par exemple \u00e0 l&#8217;aide d&#8217;un r\u00e2teau.<\/p>\n<p><a href=\"https:\/\/lite-soil.com\/fr\/professionals_greenroofs\/\">VERDISSEMENT DE TOITS<\/a>: m\u00e9langez environ 1,0 l de LITE-<strong>STRIPS<\/strong> par m\u00b2 dans le substrat.<\/p>\n<p><strong>1 kilo de LITE-STRIPS Bio1 permet de stocker jusqu\u2019\u00e0 10 litres d\u2019eau !<\/strong><\/p>\n<p><iframe loading=\"lazy\" title=\"\ud83d\udca7la M\u00c9THODE D\u00c9FINITIVE d&#039;\u00c9CONOMIE D&#039;EAU pour les plantes LITE-STRIPS  #economiser\" width=\"500\" height=\"281\" src=\"https:\/\/www.youtube.com\/embed\/rnPJuyw76TY?feature=oembed\" frameborder=\"0\" allow=\"accelerometer; autoplay; clipboard-write; encrypted-media; gyroscope; picture-in-picture; web-share\" referrerpolicy=\"strict-origin-when-cross-origin\" allowfullscreen><\/iframe><\/p>\n<p>&nbsp;<\/p>\n<p><strong>Taille de la commande<\/strong><\/p>\n<ul>\n<li>Box 60 l \u2192 1,2 m\u00b3 (120 m\u00b2 pelouse)<\/li>\n<li>Box 250 l \u2192 5 m\u00b3 (500 m\u00b2 pelouse)<\/li>\n<li>Box 5 X 50 l <strong>\u2192\u00a0<\/strong>5 m\u00b3 (500 m\u00b2 pelouse)<\/li>\n<li>BIG BAG 1 m\u00b3 = 1000 l \u2192 20 m\u00b3 (2000 m\u00b2 pelouse)<\/li>\n<\/ul>\n<p>&nbsp;<\/p>\n<p>Pour les commandes priv\u00e9es, visitez notre\u00a0<a href=\"https:\/\/lite-soil.com\/fr\/shop-2\/\">shop<\/a>.<\/p>\n","protected":false},"excerpt":{"rendered":"<p><strong>Les r\u00e9servoirs d\u2019eau proches des racines pour les plantes<\/strong><\/p>\n<p>LITE-<strong>STRIPS Bio5<\/strong> sont des bandes de 7 cm de long en non-tiss\u00e9, 100 % biod\u00e9gradables\/compostables, qui sont simplement m\u00e9lang\u00e9es au substrat. Jusqu\u2019\u00e0 90 % du volume du non-tiss\u00e9 peut \u00eatre rempli d\u2019eau, ce qui aide les plantes \u00e0 surmonter les longues p\u00e9riodes de s\u00e9cheresse. 1 kg de LITE-<strong>STRIPS Bio5<\/strong> stocke jusqu\u2019\u00e0 10 l d\u2019eau disponible pour les plantes.<\/p>\n<p><strong>Mat\u00e9riau<\/strong><strong>:<\/strong><strong>\u00a0<\/strong> 70% de PLA (polylactide) + 30% de fibres de cellulose.<\/p>\n<p><strong>AVANTAGES:<\/strong><\/p>\n<ul>\n<li style=\"list-style-type: none;\">\n<ul>\n<li>Arroser deux fois moins souvent<\/li>\n<li>Stocke l\u2019eau directement au niveau des racines<\/li>\n<li>Am\u00e9lioration du substrat<\/li>\n<li>V\u00e9g\u00e9talisation durable<\/li>\n<li>Installation simple<\/li>\n<li>Terre ameublie et mieux a\u00e9r\u00e9e<\/li>\n<li>Remplacement id\u00e9al de la tourbe<\/li>\n<li>Poids faible<\/li>\n<li>Approvisionnement optimal des plantes en eau &#038; en air<\/li>\n<\/ul>\n<\/li>\n<\/ul>\n","protected":false},"featured_media":1250,"comment_status":"closed","ping_status":"closed","template":"","meta":[],"product_brand":[],"product_cat":[208,113,112,111,110,105,103,102,101,97],"product_tag":[116,115,114],"class_list":{"0":"post-1359","1":"product","2":"type-product","3":"status-publish","4":"has-post-thumbnail","6":"product_cat-pro_lite-strips","7":"product_cat-agriculture","8":"product_cat-raised-planting-beds-troughs","9":"product_cat-drainage","10":"product_cat-aerification","11":"product_cat-athletic-fields","12":"product_cat-lawn","13":"product_cat-slopes","14":"product_cat-trees","15":"product_cat-lite-strips_pro","16":"product_tag-sustainable","17":"product_tag-biologically-compostable","18":"product_tag-70-pla-polyactide-30-zellulosefasern","20":"first","21":"outofstock","22":"virtual","23":"taxable","24":"product-type-simple"},"_links":{"self":[{"href":"https:\/\/lite-soil.com\/fr\/wp-json\/wp\/v2\/product\/1359","targetHints":{"allow":["GET"]}}],"collection":[{"href":"https:\/\/lite-soil.com\/fr\/wp-json\/wp\/v2\/product"}],"about":[{"href":"https:\/\/lite-soil.com\/fr\/wp-json\/wp\/v2\/types\/product"}],"replies":[{"embeddable":true,"href":"https:\/\/lite-soil.com\/fr\/wp-json\/wp\/v2\/comments?post=1359"}],"wp:featuredmedia":[{"embeddable":true,"href":"https:\/\/lite-soil.com\/fr\/wp-json\/wp\/v2\/media\/1250"}],"wp:attachment":[{"href":"https:\/\/lite-soil.com\/fr\/wp-json\/wp\/v2\/media?parent=1359"}],"wp:term":[{"taxonomy":"product_brand","embeddable":true,"href":"https:\/\/lite-soil.com\/fr\/wp-json\/wp\/v2\/product_brand?post=1359"},{"taxonomy":"product_cat","embeddable":true,"href":"https:\/\/lite-soil.com\/fr\/wp-json\/wp\/v2\/product_cat?post=1359"},{"taxonomy":"product_tag","embeddable":true,"href":"https:\/\/lite-soil.com\/fr\/wp-json\/wp\/v2\/product_tag?post=1359"}],"curies":[{"name":"wp","href":"https:\/\/api.w.org\/{rel}","templated":true}]}}