{"id":1364,"date":"2025-06-22T19:23:10","date_gmt":"2025-06-22T19:23:10","guid":{"rendered":"https:\/\/lite-soil.com\/?post_type=product&#038;p=1364"},"modified":"2025-12-16T10:52:00","modified_gmt":"2025-12-16T10:52:00","slug":"lite-net-standard-pp","status":"publish","type":"product","link":"https:\/\/lite-soil.com\/fr\/product\/lite-net-standard-pp\/","title":{"rendered":"LITE-NET Standard PP"},"content":{"rendered":"<p>En cas de besoin, toute l&#8217;eau est disponible pour les racines, car la structure ouverte du filet permet aux racines de pousser sans probl\u00e8me \u00e0 travers et de s&#8217;accrocher tout autour du non-tiss\u00e9. Cela permet \u00e9galement une installation tridimensionnelle tr\u00e8s flexible. La variante de base, d&#8217;une \u00e9paisseur de 5 mm, permet de stocker jusqu&#8217;\u00e0 7 l d&#8217;eau par m\u00b2.<\/p>\n<p><strong>100 % DURABLE, DURABLE et R\u00c9UTILISABLE<\/strong><\/p>\n<p>Fabriqu\u00e9 en 100 % polypropyl\u00e8ne. Les variantes durables des r\u00e9servoirs d&#8217;eau pour plantes sont utilis\u00e9es par exemple comme composants de distribution pour l&#8217;irrigation souterraine, ainsi que pour les terrains de sport, les toitures v\u00e9g\u00e9talis\u00e9es, les fosses d&#8217;arbres, la viticulture, les pelouses, l&#8217;engazonnement des talus et les bassins de filtration.<\/p>\n<p><strong>Applications<\/strong><\/p>\n<p><a href=\"https:\/\/lite-soil.com\/fr\/professionals_trees\/\">ARBRES<\/a>: Enroulez un morceau de LITE-<strong>NET<\/strong> d\u00e9coup\u00e9 sur mesure autour de la motte afin de diriger l\u2019eau et l\u2019air de la surface directement vers les racines. Comme r\u00e9servoir d\u2019eau suppl\u00e9mentaire, placez un autre LITE-<strong>NET<\/strong> \u00e0 l\u2019horizontale dans la fosse de l\u2019arbre. L\u2019espace racinaire profond est ainsi parfaitement approvisionn\u00e9.<\/p>\n<p><a href=\"https:\/\/lite-soil.com\/fr\/professionals_lawns_athleticfields\/\">PELOUSE, TERRAINS DE SPORT<\/a>\u00a0&#038;\u00a0<a href=\"https:\/\/lite-soil.com\/fr\/professionals_slopes\/\">TALUS<\/a>: Posez le LITE-<strong>NET<\/strong> d\u00e9ploy\u00e9 et mettez de la terre par-dessus jusqu\u2019\u00e0 la profondeur des racines (pour le gazon, environ 10 cm). Id\u00e9alement m\u00e9lang\u00e9 \u00e0 <a href=\"https:\/\/lite-soil.com\/fr\/professionals_products\/#lite_strips_B2B_products\">LITE-<strong>STRIPS<\/strong><\/a>.<\/p>\n<p>&nbsp;<\/p>\n<p><iframe loading=\"lazy\" title=\"\ud83c\udf31COMMENT \u00c9CONOMISER L&#039;EAU dans l&#039;IRRIGATION de la PELOUSE et des ARBRES avec LITE-NET #economiser\" width=\"500\" height=\"281\" src=\"https:\/\/www.youtube.com\/embed\/GG2hjQpoVe0?feature=oembed\" frameborder=\"0\" allow=\"accelerometer; autoplay; clipboard-write; encrypted-media; gyroscope; picture-in-picture; web-share\" referrerpolicy=\"strict-origin-when-cross-origin\" allowfullscreen><\/iframe><\/p>\n<p><strong>Taille de la commande<\/strong><\/p>\n<p>LITE-<strong>NET<\/strong> PP Standard (Rouleau C20 = mailles \u2300 13 cm)<\/p>\n<ul>\n<li>175: 1,75 x 16,3 m\u00a0<strong>\u2192<\/strong>\u00a028 m\u00b2<\/li>\n<li>175: 1,75 x 16,3 m\u00a0<strong>\u2192<\/strong><strong>\u00a0<\/strong>3 pcs. \u00e1 28 m\u00b2<\/li>\n<li>350: 3,5 x 16,3 m\u00a0<strong>\u2192\u00a0<\/strong>57 m\u00b2<\/li>\n<li>520: 5,2 x 16,3 m\u00a0<strong>\u2192\u00a0<\/strong>85 m\u00b2<\/li>\n<\/ul>\n<p>Pour les commandes priv\u00e9es, visitez notre <a href=\"https:\/\/lite-soil.com\/fr\/shop-2\/\">boutique en ligne<\/a>.<\/p>\n","protected":false},"excerpt":{"rendered":"<p><strong>Le r\u00e9seau de distribution d\u2019eau<\/strong><\/p>\n<p>Filet de drainage durable en non-tiss\u00e9 \u00e9pais.<\/p>\n<p>Comme les veines d\u2019eau en r\u00e9seau, le LITE-<strong>NET<\/strong>, qui est install\u00e9 dans le sol jusqu\u2019\u00e0 la racine, fonctionne. Il distribue l\u2019air et l\u2019eau sur une grande surface au niveau des racines et sert de r\u00e9servoir d\u2019eau pour les plantes.<\/p>\n<p><strong>Mat\u00e9riau<\/strong><strong>:<\/strong><strong>\u00a0<\/strong>100 % polypropyl\u00e8ne<\/p>\n<p><strong>AVANTAGES<\/strong>\u00a0:<\/p>\n<ul>\n<li>Stocke l\u2019eau directement au niveau des racines<\/li>\n<li>Les racines peuvent pousser \u00e0 travers les ouvertures du filet<\/li>\n<li>Intervalles de coul\u00e9e prolong\u00e9s<\/li>\n<li>Peut \u00eatre facilement d\u00e9coup\u00e9<\/li>\n<li>Installation simple<\/li>\n<li>Poids faible<\/li>\n<li>L\u2019alimentation optimale pour les plantes<\/li>\n<\/ul>\n","protected":false},"featured_media":1274,"comment_status":"closed","ping_status":"closed","template":"","meta":[],"product_brand":[],"product_cat":[210,122,120,118,117,113,112,105,103,102,101],"product_tag":[123],"class_list":{"0":"post-1364","1":"product","2":"type-product","3":"status-publish","4":"has-post-thumbnail","6":"product_cat-lite-net_pro","7":"product_cat-pp","8":"product_cat-surface-drainage","9":"product_cat-filter-basin","10":"product_cat-roof-greening","11":"product_cat-agriculture","12":"product_cat-raised-planting-beds-troughs","13":"product_cat-athletic-fields","14":"product_cat-lawn","15":"product_cat-slopes","16":"product_cat-trees","17":"product_tag-durable","19":"first","20":"outofstock","21":"virtual","22":"taxable","23":"product-type-simple"},"_links":{"self":[{"href":"https:\/\/lite-soil.com\/fr\/wp-json\/wp\/v2\/product\/1364","targetHints":{"allow":["GET"]}}],"collection":[{"href":"https:\/\/lite-soil.com\/fr\/wp-json\/wp\/v2\/product"}],"about":[{"href":"https:\/\/lite-soil.com\/fr\/wp-json\/wp\/v2\/types\/product"}],"replies":[{"embeddable":true,"href":"https:\/\/lite-soil.com\/fr\/wp-json\/wp\/v2\/comments?post=1364"}],"wp:featuredmedia":[{"embeddable":true,"href":"https:\/\/lite-soil.com\/fr\/wp-json\/wp\/v2\/media\/1274"}],"wp:attachment":[{"href":"https:\/\/lite-soil.com\/fr\/wp-json\/wp\/v2\/media?parent=1364"}],"wp:term":[{"taxonomy":"product_brand","embeddable":true,"href":"https:\/\/lite-soil.com\/fr\/wp-json\/wp\/v2\/product_brand?post=1364"},{"taxonomy":"product_cat","embeddable":true,"href":"https:\/\/lite-soil.com\/fr\/wp-json\/wp\/v2\/product_cat?post=1364"},{"taxonomy":"product_tag","embeddable":true,"href":"https:\/\/lite-soil.com\/fr\/wp-json\/wp\/v2\/product_tag?post=1364"}],"curies":[{"name":"wp","href":"https:\/\/api.w.org\/{rel}","templated":true}]}}