{"id":1365,"date":"2025-06-22T19:23:11","date_gmt":"2025-06-22T19:23:11","guid":{"rendered":"https:\/\/lite-soil.com\/?post_type=product&#038;p=1365"},"modified":"2025-08-26T07:12:15","modified_gmt":"2025-08-26T07:12:15","slug":"lite-cubes","status":"publish","type":"product","link":"https:\/\/lite-soil.com\/fr\/product\/lite-cubes\/","title":{"rendered":"LITE-CUBES"},"content":{"rendered":"<p>Sous forme de petits cubes sp\u00e9ciaux, LITE-<strong>CUBES <\/strong>est disponible comme additif pour substrat, par exemple pour le verdissement par pulv\u00e9risation en <strong>Bio1<\/strong>, pour le verdissement de toits en <strong>PP <\/strong>et pour les pots de culture en <strong>Bio1<\/strong>.<b><i><\/i><\/b><\/p>\n<p>LITE-<strong>CUBES Bio1<\/strong> en cellulose pour des applications de courte dur\u00e9e, comme par exemple pour le m\u00e9lange dans le substrat de petits pots de culture ou comme cube de stockage pour la v\u00e9g\u00e9talisation par pulv\u00e9risation de talus.<\/p>\n<p>LITE-<strong>CUBES Bio5<\/strong> en PLA par ex. pour l&#8217;a\u00e9ration \u00e0 long terme des terrains de golf. Ils sont alors balay\u00e9s avec du sable dans des trous ou des fentes d&#8217;a\u00e9ration.<\/p>\n<p>LITE-<strong>CUBES PP<\/strong> pour des applications durables, par ex. comme m\u00e9lange dans le substrat transport\u00e9 hydrauliquement pour les toitures v\u00e9g\u00e9talis\u00e9es. Stocke 8 fois plus d&#8217;eau par kg que l&#8217;argile expans\u00e9e, ce qui all\u00e8ge la couche de verdure.<\/p>\n<p><strong>Domaines d\u2019application<\/strong><\/p>\n<p><a href=\"https:\/\/lite-soil.com\/fr\/professionals_trees\/\">ARBRES, ARBUSTES ET BUISSONS<\/a>, <a href=\"https:\/\/lite-soil.com\/fr\/professionals_raisedpantingbeds\/\">POTAGERS SUR\u00c9LEV\u00c9S &#038; AUGES<\/a>, <a href=\"https:\/\/lite-soil.com\/fr\/professionals_lawns_athleticfields\/\">PELOUSE, TERRAINS DE SPORT<\/a>, <a href=\"https:\/\/lite-soil.com\/fr\/professionals_slopes\/\">TALUS<\/a>, <a href=\"https:\/\/lite-soil.com\/fr\/professionals_greenroofs\/\">VERDISSEMENT DE TOITS<\/a>, <a href=\"https:\/\/lite-soil.com\/fr\/professionals_growingpots\/\">POTS DE CROISSANCE<\/a> &#038; <a href=\"https:\/\/lite-soil.com\/fr\/professionals_spraygreening\/\">VERDISSEMENT PAR PULV\u00c9RISATION<\/a>.<\/p>\n<p>Taille LITE-<strong>CUBE<\/strong>: 12 x 12 x 6 mm<\/p>\n<p><strong>taille de la commande<\/strong>:<\/p>\n<ul>\n<li>BOX 250 l<\/li>\n<li>BIG BAG 1 m\u00b3<\/li>\n<\/ul>\n","protected":false},"excerpt":{"rendered":"<p><strong>Cubes de feutre pour applications sp\u00e9ciales<\/strong><\/p>\n<p>Les LITE-<strong>CUBES\u00a0 <\/strong>sont de petits cubes de feutre ou de non-tiss\u00e9 (env. 12 x 12 x 6 mm) avec une tr\u00e8s grande capacit\u00e9 de stockage d\u2019eau pour les applications sp\u00e9ciales les plus diverses.<\/p>\n<p><strong>Mat\u00e9riau: Bio1:\u00a0<\/strong>100 % fibres de cellulose biod\u00e9gradables\u00a0<strong>| Bio5:\u00a0<\/strong>70% de PLA (polylactide) + 30% de fibres de cellulose. | <strong>PP<\/strong>: 100 % polypropyl\u00e8ne.<\/p>\n<p><strong>AVANTAGES :\u00a0<\/strong><\/p>\n<ul>\n<li>Arroser deux fois moins souvent<\/li>\n<li>Stocke l\u2019eau directement au niveau des racines<\/li>\n<li>Am\u00e9lioration du substrat<\/li>\n<li>V\u00e9g\u00e9talisation durable<\/li>\n<li>Installation simple<\/li>\n<li>Terre ameublie et mieux a\u00e9r\u00e9e<\/li>\n<li>Remplacement id\u00e9al de la tourbe<\/li>\n<li>Poids faible<\/li>\n<li>Approvisionnement optimal des plantes en eau &#038; en air<\/li>\n<\/ul>\n","protected":false},"featured_media":1297,"comment_status":"closed","ping_status":"closed","template":"","meta":[],"product_brand":[],"product_cat":[212,125,124,113,110,102],"product_tag":[121,119,109,108,107,106],"class_list":{"0":"post-1365","1":"product","2":"type-product","3":"status-publish","4":"has-post-thumbnail","6":"product_cat-lite-cubes","7":"product_cat-spray-greening","8":"product_cat-grow-pots","9":"product_cat-agriculture","10":"product_cat-aerification","11":"product_cat-slopes","12":"product_tag-biologisch-kompostierbar","13":"product_tag-dauerhaft","14":"product_tag-nachhaltig","15":"product_tag-biologisch-abbaubar","16":"product_tag-aus-holz","17":"product_tag-100-zellulosefasern","19":"first","20":"outofstock","21":"taxable","22":"shipping-taxable","23":"product-type-simple"},"_links":{"self":[{"href":"https:\/\/lite-soil.com\/fr\/wp-json\/wp\/v2\/product\/1365","targetHints":{"allow":["GET"]}}],"collection":[{"href":"https:\/\/lite-soil.com\/fr\/wp-json\/wp\/v2\/product"}],"about":[{"href":"https:\/\/lite-soil.com\/fr\/wp-json\/wp\/v2\/types\/product"}],"replies":[{"embeddable":true,"href":"https:\/\/lite-soil.com\/fr\/wp-json\/wp\/v2\/comments?post=1365"}],"wp:featuredmedia":[{"embeddable":true,"href":"https:\/\/lite-soil.com\/fr\/wp-json\/wp\/v2\/media\/1297"}],"wp:attachment":[{"href":"https:\/\/lite-soil.com\/fr\/wp-json\/wp\/v2\/media?parent=1365"}],"wp:term":[{"taxonomy":"product_brand","embeddable":true,"href":"https:\/\/lite-soil.com\/fr\/wp-json\/wp\/v2\/product_brand?post=1365"},{"taxonomy":"product_cat","embeddable":true,"href":"https:\/\/lite-soil.com\/fr\/wp-json\/wp\/v2\/product_cat?post=1365"},{"taxonomy":"product_tag","embeddable":true,"href":"https:\/\/lite-soil.com\/fr\/wp-json\/wp\/v2\/product_tag?post=1365"}],"curies":[{"name":"wp","href":"https:\/\/api.w.org\/{rel}","templated":true}]}}