{"id":1366,"date":"2025-06-22T19:23:11","date_gmt":"2025-06-22T19:23:11","guid":{"rendered":"https:\/\/lite-soil.com\/?post_type=product&#038;p=1366"},"modified":"2025-08-20T10:52:05","modified_gmt":"2025-08-20T10:52:05","slug":"salfix-mat","status":"publish","type":"product","link":"https:\/\/lite-soil.com\/fr\/product\/salfix-mat\/","title":{"rendered":"SALFIX-MAT"},"content":{"rendered":"<p><strong>La natte anti-sel SALFIX-MAT prot\u00e8ge les arbres du sel de d\u00e9neigement en hiver<\/strong><\/p>\n<p>Le sel, r\u00e9pandu en hiver contre la glace noire, atteint les racines des arbres et des plantes via l&#8217;eau de fonte et provoque ce qu&#8217;on appelle le \u00ab stress salin \u00bb. Les arbres fleurissent plus tard, obtiennent des feuilles brunes plus t\u00f4t ou meurent compl\u00e8tement. Il faut le replanter, ce qui entra\u00eene des co\u00fbts \u00e9lev\u00e9s.<\/p>\n<p>Le nouveau <strong>SAL<\/strong>FIX-<strong>MAT<\/strong>, un tapis filtrant perm\u00e9able \u00e0 l&#8217;eau, retient durablement le sel de d\u00e9neigement et \u00e9vite ainsi les dommages aux arbres et le compactage du sol. Les arbres survivent durablement \u00e0 l\u2019hiver, \u00e9vitant ainsi de nouvelles plantations co\u00fbteuses. Placez simplement un tapis \u00e0 gauche et \u00e0 droite du tronc dans le disque d&#8217;arbre, cr\u00e9ant ainsi une zone filtrante de 2,0 x 2,0 ou 3,0 x 3,0 m.<\/p>\n<p>Le <strong>SAL<\/strong>FIX-<strong>MAT<\/strong> \u00e0 3 couches est constitu\u00e9 d&#8217;un m\u00e9lange \u00e9changeur d&#8217;ions emball\u00e9 entre 2 non-tiss\u00e9s filtrants robustes. Le sel est s\u00e9par\u00e9 de l&#8217;eau et li\u00e9 chimiquement dans le textile aquatique.<br \/>\nSi de l&#8217;eau contamin\u00e9e par le sel s&#8217;\u00e9coule par le c\u00f4t\u00e9, le bord peut \u00e9galement \u00eatre repli\u00e9 de 20 \u00e0 30 cm, de mani\u00e8re \u00e0 cr\u00e9er deux couches sur le bord charg\u00e9 avec une capacit\u00e9 tampon plus \u00e9lev\u00e9e.<br \/>\nLe tapis fonctionnera pendant de nombreuses ann\u00e9es en fonction de la quantit\u00e9 de sel filtr\u00e9e.<\/p>\n<p><strong>Applications<\/strong><\/p>\n<p><a href=\"https:\/\/lite-soil.com\/fr\/professionals_treesroadsaltprotection\/\">ARBRES<\/a><\/p>\n<p>Un disque d&#8217;arbre recouvert de 4 m\u00b2 de nattes filtrantes \u00e0 sel peut &#8211; en plus du sel filtr\u00e9 m\u00e9caniquement &#8211; lier chimiquement jusqu&#8217;\u00e0 environ 1 kg de sel, selon les conditions.<br \/>\nEnviron 0,9 kg de sel sont fix\u00e9s de mani\u00e8re permanente et environ 0,2 kg de sel peuvent \u00eatre \u00e0 nouveau finement dos\u00e9s avec de l&#8217;eau pure et lav\u00e9s &#8211; donc sans probl\u00e8me pour les plantes &#8211; ce qui cr\u00e9e une capacit\u00e9 d&#8217;absorption pour la saison hivernale suivante et le tapis a donc \u00e9galement une effet longue dur\u00e9e. Le tapis sert de filtre et de couche protectrice et est stabilis\u00e9 aux UV &#8211; cependant, pour une utilisation \u00e0 long terme, il doit \u00eatre recouvert d&#8217;une couche perm\u00e9able \u00e0 l&#8217;eau, par exemple du gravier ou une grille.<\/p>\n<p>Avantages du <strong>SAL<\/strong>FIX-<strong>MAT<\/strong> :<\/p>\n<ul>\n<li>R\u00e9duction des dommages aux arbres et du compactage du sol<\/li>\n<li>Facile \u00e0 utiliser<\/li>\n<li>\u00c9conomies de co\u00fbts en \u00e9vitant de nouvelles plantations<\/li>\n<\/ul>\n<p><strong>Taille de la commande<\/strong><\/p>\n<ul>\n<li>2 pcs. \u00e1 2 x 1 m<\/li>\n<\/ul>\n","protected":false},"excerpt":{"rendered":"<p><strong>La natte filtrante pour la protection contre le sel de d\u00e9neigement<\/strong><\/p>\n<p>La nouvelle natte filtrante lie le sel de d\u00e9neigement qui est n\u00e9faste pour les arbres s\u2019ils ne sont pas prot\u00e9g\u00e9s. Elle est par exemple simplement plac\u00e9e dans le pied de l\u2019arbre, sert de protection contre la pulv\u00e9risation \u00e0 la verticale ou de rouleau de protection pour les bordures.<\/p>\n<p>La natte filtrante perm\u00e9able \u00e0 l\u2019eau est compos\u00e9e de deux g\u00e9otextiles durables avec un m\u00e9lange \u00e9changeur d\u2019ions fix\u00e9 entre les deux.<\/p>\n<p><strong>Mat\u00e9riau<\/strong><strong>:<\/strong><strong>\u00a0<\/strong>100 % polypropyl\u00e8ne<\/p>\n<p><strong>AVANTAGES<\/strong> :<\/p>\n<ul>\n<li>R\u00e9duction des d\u00e9g\u00e2ts aux arbres et du compactage des sols<\/li>\n<li>Facile \u00e0 utiliser<\/li>\n<li>Fonction de longue dur\u00e9e<\/li>\n<li>\u00c9conomie de co\u00fbts en \u00e9vitant de nouvelles plantations<\/li>\n<\/ul>\n","protected":false},"featured_media":1311,"comment_status":"closed","ping_status":"closed","template":"","meta":[],"product_brand":[],"product_cat":[101,131,132],"product_tag":[106,107,108,109],"class_list":{"0":"post-1366","1":"product","2":"type-product","3":"status-publish","4":"has-post-thumbnail","6":"product_cat-trees","7":"product_cat-trees-de-icing-salt-protection","8":"product_cat-salfix-mat","9":"product_tag-100-zellulosefasern","10":"product_tag-aus-holz","11":"product_tag-biologisch-abbaubar","12":"product_tag-nachhaltig","14":"first","15":"outofstock","16":"virtual","17":"taxable","18":"product-type-simple"},"_links":{"self":[{"href":"https:\/\/lite-soil.com\/fr\/wp-json\/wp\/v2\/product\/1366","targetHints":{"allow":["GET"]}}],"collection":[{"href":"https:\/\/lite-soil.com\/fr\/wp-json\/wp\/v2\/product"}],"about":[{"href":"https:\/\/lite-soil.com\/fr\/wp-json\/wp\/v2\/types\/product"}],"replies":[{"embeddable":true,"href":"https:\/\/lite-soil.com\/fr\/wp-json\/wp\/v2\/comments?post=1366"}],"wp:featuredmedia":[{"embeddable":true,"href":"https:\/\/lite-soil.com\/fr\/wp-json\/wp\/v2\/media\/1311"}],"wp:attachment":[{"href":"https:\/\/lite-soil.com\/fr\/wp-json\/wp\/v2\/media?parent=1366"}],"wp:term":[{"taxonomy":"product_brand","embeddable":true,"href":"https:\/\/lite-soil.com\/fr\/wp-json\/wp\/v2\/product_brand?post=1366"},{"taxonomy":"product_cat","embeddable":true,"href":"https:\/\/lite-soil.com\/fr\/wp-json\/wp\/v2\/product_cat?post=1366"},{"taxonomy":"product_tag","embeddable":true,"href":"https:\/\/lite-soil.com\/fr\/wp-json\/wp\/v2\/product_tag?post=1366"}],"curies":[{"name":"wp","href":"https:\/\/api.w.org\/{rel}","templated":true}]}}