{"id":1367,"date":"2025-06-22T19:23:11","date_gmt":"2025-06-22T19:23:11","guid":{"rendered":"https:\/\/lite-soil.com\/?post_type=product&#038;p=1367"},"modified":"2026-04-13T13:00:39","modified_gmt":"2026-04-13T13:00:39","slug":"bluelite-net-pp","status":"publish","type":"product","link":"https:\/\/lite-soil.com\/fr\/product\/bluelite-net-pp\/","title":{"rendered":"BLUELITE-NET PP"},"content":{"rendered":"<p>L&#8217;eau provenant du tuyau flexible d&#8217;irrigation goutte \u00e0 goutte est distribu\u00e9e uniform\u00e9ment par l&#8217;enveloppe robuste en non-tiss\u00e9 dans le r\u00e9seau de non-tiss\u00e9 situ\u00e9 en dessous, o\u00f9 elle est r\u00e9partie par capillarit\u00e9 sur une grande surface au niveau des racines. La surface de contact eau\/terre est alors multipli\u00e9e par mille. Le rev\u00eatement robuste en non-tiss\u00e9 prot\u00e8ge les ouvertures des tuyaux contre la croissance des racines et contre l&#8217;obstruction par des particules fines du sol.<\/p>\n<p>L&#8217;irrigation souterraine permet de r\u00e9duire l&#8217;\u00e9vaporation, le feutrage, la stagnation de l&#8217;eau et donc les co\u00fbts de traitement de surface. L&#8217;arrosage est possible \u00e0 tout moment, m\u00eame si la pelouse est en train d&#8217;\u00eatre utilis\u00e9e ou tondue. Par rapport \u00e0 l&#8217;irrigation par aspersion, on \u00e9conomise jusqu&#8217;\u00e0 70 % d&#8217;eau.<\/p>\n<p>Gr\u00e2ce \u00e0 la forme ouverte et flexible du filet, les racines peuvent facilement pousser \u00e0 travers les ouvertures du filet et s&#8217;ancrer sur le filet non tiss\u00e9 de 5 mm d&#8217;\u00e9paisseur tout autour. Ainsi, en cas de besoin, 100 % de l&#8217;eau stock\u00e9e par capillarit\u00e9 dans le r\u00e9seau est disponible pour les plantes. Comme le syst\u00e8me peut \u00eatre pos\u00e9 \u00e0 n&#8217;importe quelle profondeur, les plantes peuvent \u00eatre aliment\u00e9es de mani\u00e8re optimale m\u00eame pendant la phase de croissance ou en cas de cultures mixtes.<\/p>\n<p>Pour les arbres par exemple, il y a un tuyau d&#8217;irrigation goutte \u00e0 goutte confectionn\u00e9, y compris une protection en non-tiss\u00e9, d&#8217;un diam\u00e8tre d&#8217;environ 50 cm (<strong>BLUE<\/strong>LITE-<strong>RING<\/strong>). Pour l&#8217;utilisation de vos propres tuyaux, la housse de protection en non-tiss\u00e9 (<strong>BLUE<\/strong>LITE-<strong>COVER<\/strong>) est \u00e9galement propos\u00e9e sans tuyau.<\/p>\n<p>Pour les zones ou les plantes existantes, les tuyaux d&#8217;arrosage prot\u00e9g\u00e9s par non-tiss\u00e9 peuvent \u00e9galement \u00eatre install\u00e9s sans filet non-tiss\u00e9.<\/p>\n<p><strong>Exemples d&#8217;application<\/strong><\/p>\n<p><a href=\"https:\/\/lite-soil.com\/fr\/professionals_trees\/\">ARBRES<\/a>, <a href=\"https:\/\/lite-soil.com\/fr\/professionals_slopes\/\">TALUS<\/a>, <a href=\"https:\/\/lite-soil.com\/fr\/professionals_greenroofs\/\">TOITURES V\u00c9G\u00c9TALIS\u00c9ES<\/a>, <a href=\"https:\/\/lite-soil.com\/fr\/professionals_agriculture\/\">AGRICULTURE<\/a>, <a href=\"https:\/\/lite-soil.com\/fr\/professionals_lawns_athleticfields\/\">TERRAINS DE SPORT &#038; PELOUSES<\/a>.<\/p>\n<p>&nbsp;<\/p>\n<table width=\"908\">\n<tbody>\n<tr>\n<td width=\"339\"><strong><em>BLUELITE-NET SYSTEM<\/em><\/strong><\/td>\n<td width=\"117\">\n<p style=\"text-align: center;\"><strong>Unit\u00e9<\/strong><\/p>\n<\/td>\n<td style=\"text-align: center;\" width=\"250\"><strong>Taille de la bo\u00eete (cm)<\/strong><\/td>\n<td width=\"176\">\n<p style=\"text-align: center;\"><strong>Poids kg\/carton<\/strong><\/p>\n<\/td>\n<\/tr>\n<tr>\n<td width=\"339\"><strong>&#8211; BLUELITE-NET system 55 m\u00b2<\/strong><\/p>\n<p>(Pose sous forme de serpentine)<\/td>\n<td width=\"117\">\n<p style=\"text-align: center;\">55 m\u00b2<\/p>\n<\/td>\n<td style=\"text-align: center;\" width=\"250\">60 x 60 x 82<\/td>\n<td width=\"176\">\n<p style=\"text-align: center;\">25<\/p>\n<\/td>\n<\/tr>\n<tr>\n<td width=\"339\"><strong>&#8211; BLUELITE-NET system 85 m\u00b2<\/strong><\/p>\n<p>(Pose sous forme de serpentine)<\/td>\n<td width=\"117\">\n<p style=\"text-align: center;\">85 m\u00b2<\/p>\n<\/td>\n<td style=\"text-align: center;\" width=\"250\">122 x 37 x 37<br \/>\n60 x 60 x 70<br \/>\n60 x 60 x 42<\/td>\n<td width=\"176\">\n<p style=\"text-align: center;\">16<br \/>\n14<br \/>\n8<\/p>\n<\/td>\n<\/tr>\n<tr>\n<td width=\"339\"><strong>&#8211; BLUELITE-NET system 1200 m\u00b2<\/strong><\/p>\n<p>(Pose lin\u00e9aire)<\/td>\n<td width=\"117\">\n<p style=\"text-align: center;\">1200 m\u00b2<\/p>\n<\/td>\n<td width=\"250\">\n<p style=\"text-align: center;\">4 Palettes<\/p>\n<\/td>\n<td width=\"176\"><\/td>\n<\/tr>\n<\/tbody>\n<\/table>\n<p>&nbsp;<\/p>\n<table width=\"917\">\n<tbody>\n<tr>\n<td width=\"310\"><strong><em>BLUELITE-NET COMPOSANTS<\/em><\/strong><\/td>\n<td width=\"225\">\n<p style=\"text-align: center;\"><strong>Unit\u00e9<\/strong><\/p>\n<\/td>\n<td width=\"362\"><\/td>\n<\/tr>\n<tr>\n<td width=\"310\"><strong>&#8211; BLUELITE\u2010TUBE<\/strong><\/td>\n<td width=\"225\">\n<p style=\"text-align: center;\">100 m (pour 55 m\u00b2)<\/p>\n<\/td>\n<td width=\"362\"><img loading=\"lazy\" decoding=\"async\" class=\"size-full wp-image-3945 aligncenter\" src=\"https:\/\/lite-soil.com\/wp-content\/uploads\/2025\/08\/BLUELITE-TUBE-Neu-300x55-1.webp\" alt=\"\" width=\"300\" height=\"55\" \/><\/td>\n<\/tr>\n<tr>\n<td width=\"310\">\n<p style=\"text-align: left;\"><strong>&#8211; BLUELITE\u2010COVER<\/strong><\/p>\n<\/td>\n<td width=\"225\">\n<p style=\"text-align: center;\">16 pi\u00e8ces 25 m<\/p>\n<\/td>\n<td width=\"362\"><img loading=\"lazy\" decoding=\"async\" class=\"size-full wp-image-3943 aligncenter\" src=\"https:\/\/lite-soil.com\/wp-content\/uploads\/2025\/08\/BLUELITE-COVER-1-300x65-1.webp\" alt=\"\" width=\"300\" height=\"65\" \/><\/td>\n<\/tr>\n<tr>\n<td width=\"310\"><strong>&#8211; BLUELITE-RING <\/strong><\/p>\n<p>Arbre<\/p>\n<p><strong>\u00a0<\/strong><\/td>\n<td width=\"225\">\n<p style=\"text-align: center;\">10 pcs ch. \u00d8 50 cm<\/p>\n<\/td>\n<td width=\"362\"><img loading=\"lazy\" decoding=\"async\" class=\"wp-image-3944 aligncenter\" src=\"https:\/\/lite-soil.com\/wp-content\/uploads\/2025\/08\/bluelite-ring4-e1622620415275.webp\" alt=\"\" width=\"132\" height=\"132\" srcset=\"https:\/\/lite-soil.com\/wp-content\/uploads\/2025\/08\/bluelite-ring4-e1622620415275.webp 300w, https:\/\/lite-soil.com\/wp-content\/uploads\/2025\/08\/bluelite-ring4-e1622620415275-150x150.webp 150w, https:\/\/lite-soil.com\/wp-content\/uploads\/2025\/08\/bluelite-ring4-e1622620415275-100x100.webp 100w\" sizes=\"auto, (max-width: 132px) 100vw, 132px\" \/><\/td>\n<\/tr>\n<tr>\n<td width=\"310\"><strong>&#8211; LITE-NET <\/strong><\/p>\n<p>Standard roll PP C20<\/td>\n<td width=\"225\">\n<p style=\"text-align: center;\">28\/57\/85 m\u00b2<\/p>\n<\/td>\n<td width=\"362\"><img loading=\"lazy\" decoding=\"async\" class=\"wp-image-3946 aligncenter\" src=\"https:\/\/lite-soil.com\/wp-content\/uploads\/2025\/08\/Net-1-300x270-1.webp\" alt=\"\" width=\"121\" height=\"109\" \/><\/td>\n<\/tr>\n<\/tbody>\n<\/table>\n<p><strong>Donn\u00e9es techniques :<\/strong><\/p>\n<ol>\n<li>Rivulis D5000 PCAS Tuyau de 16 mm (13,8 \/ 15,83 mm), noir, pression 0,5\u20133,5 bar, \u00e9paisseur de paroi 1,02 mm (40 mil), d\u00e9bit 1,5 l\/h, espacement des goutteurs 30 cm, longueur 100 m OU<br \/>\nRainbird XFD Tuyau de 16 mm (13,6 \/ 16,1 mm), marron, pression 0,58\u20134,14 bar, d\u00e9bit 2,3 l\/h, espacement des goutteurs 33 cm, longueur 100 m OU<br \/>\nRainbird XFS Tuyau de 16 mm (13,6 \/ 16,1 mm), en cuivre, pression 0,58\u20134,14 bar, d\u00e9bit 2,3 l\/h, espacement des goutteurs 33 cm, longueur 100 m distance de goutteur de 30 cm et longueur maximale recommand\u00e9e de 163 m.<\/li>\n<li>R\u00e9seau de stockage et de distribution d&#8217;eau de 5 mm d&#8217;\u00e9paisseur. Surface maximale de 28-85 m\u00b2.<\/li>\n<\/ol>\n<p><iframe loading=\"lazy\" title=\"\ud83d\udca7 installation l&#039;IRRIGATION SOUTERRAINE BLUELITE-NET #economiser\" width=\"500\" height=\"281\" src=\"https:\/\/www.youtube.com\/embed\/pvpviF7ULSo?feature=oembed\" frameborder=\"0\" allow=\"accelerometer; autoplay; clipboard-write; encrypted-media; gyroscope; picture-in-picture; web-share\" referrerpolicy=\"strict-origin-when-cross-origin\" allowfullscreen><\/iframe><\/p>\n<p>&nbsp;<\/p>\n<p><strong>Taille de la commande<\/strong><\/p>\n<p><strong>BLUE<\/strong>LITE-<strong>NET<\/strong> <strong>COMPOSANTS<\/strong><\/p>\n<ul>\n<li><strong>BLUE<\/strong>LITE-<strong>COVER <\/strong>\u2192 16 pcs. \u00e1 25 m<\/li>\n<li><strong>BLUE<\/strong>LITE-<strong>TUBE <\/strong>\u2192 100 m<\/li>\n<li><strong>BLUE<\/strong>LITE-<strong>RING <\/strong>\u2192 10 pcs. \u00e1 \u2300 50 cm<\/li>\n<\/ul>\n<p><strong>BLUE<\/strong>LITE-<strong>NET<\/strong> <strong>SYSTEM<\/strong>: LITE-<strong>NET<\/strong> Standard Rouleau PP + <strong>BLUE<\/strong>LITE-<strong>TUBE<\/strong><\/p>\n<ul>\n<li><strong>BLUE<\/strong>LITE-<strong>NET<\/strong> SYSTEM \u2192 55 m\u00b2<\/li>\n<li><strong>BLUE<\/strong>LITE-<strong>NET<\/strong> SYSTEM \u2192 85 m\u00b2<\/li>\n<li><strong>BLUE<\/strong>LITE-<strong>NET<\/strong> SYSTEM \u2192 1200 m\u00b2<\/li>\n<\/ul>\n<p>&nbsp;<\/p>\n<p>Pour les commandes priv\u00e9es, visitez notre\u00a0<a href=\"https:\/\/lite-soil.com\/fr\/shop-2\/\">shop<\/a>.<\/p>\n","protected":false},"excerpt":{"rendered":"<p>Le syst\u00e8me d\u2019irrigation souterrain efficace<\/p>\n<p>Le syst\u00e8me brevet\u00e9 <strong>BLUE<\/strong>LITE-<strong>NET<\/strong> est une solution totalement nouvelle et techniquement am\u00e9lior\u00e9e pour l\u2019irrigation souterraine \u00e9conome en eau, par exemple pour les arbres ou les terrains de sport.<\/p>\n<p>La combinaison se compose de 2 \u00e9l\u00e9ments : Un filet volumineux en non-tiss\u00e9 (LITE-<strong>NET<\/strong>) et un tuyau d\u2019irrigation prot\u00e9g\u00e9 par un non-tiss\u00e9 (<strong>BLUE<\/strong>LITE-<strong>TUBE<\/strong>) pos\u00e9 directement dessus. Un substrat est ensuite appliqu\u00e9 par-dessus jusqu\u2019\u00e0 la profondeur des racines.<\/p>\n<p><strong>Mat\u00e9riau<\/strong><strong>:<\/strong><strong>\u00a0<\/strong>100 % polypropyl\u00e8ne<\/p>\n<p><strong>Avantages :<\/strong><\/p>\n<ul>\n<li>Jusqu\u2019\u00e0 70% d\u2019\u00e9conomie d\u2019eau par rapport \u00e0 l\u2019arrosage par aspersion<\/li>\n<li>Approvisionne les racines de mani\u00e8re pr\u00e9cise et efficace<\/li>\n<li>Arrosage possible \u00e0 tout moment, m\u00eame si la surface est en cours d\u2019utilisation<\/li>\n<li>les racines peuvent pousser sans probl\u00e8me \u00e0 travers les ouvertures du filet<\/li>\n<li>Facile \u00e0 poser et \u00e0 d\u00e9couper, moins de maintenance<\/li>\n<li>Pas d\u2019\u00e9vaporation, pas de feutrage ni de stagnation d\u2019eau<\/li>\n<li>Goutteur prot\u00e9g\u00e9 contre les racines, les particules fines et le vandalisme<\/li>\n<\/ul>\n","protected":false},"featured_media":1314,"comment_status":"closed","ping_status":"closed","template":"","meta":[],"product_brand":[],"product_cat":[211,117,113,105,103,102,101],"product_tag":[133,119,109],"class_list":{"0":"post-1367","1":"product","2":"type-product","3":"status-publish","4":"has-post-thumbnail","6":"product_cat-bluelite-net_pro","7":"product_cat-roof-greening","8":"product_cat-agriculture","9":"product_cat-athletic-fields","10":"product_cat-lawn","11":"product_cat-slopes","12":"product_cat-trees","13":"product_tag-polypropylene","14":"product_tag-dauerhaft","15":"product_tag-nachhaltig","17":"first","18":"outofstock","19":"virtual","20":"taxable","21":"product-type-simple"},"_links":{"self":[{"href":"https:\/\/lite-soil.com\/fr\/wp-json\/wp\/v2\/product\/1367","targetHints":{"allow":["GET"]}}],"collection":[{"href":"https:\/\/lite-soil.com\/fr\/wp-json\/wp\/v2\/product"}],"about":[{"href":"https:\/\/lite-soil.com\/fr\/wp-json\/wp\/v2\/types\/product"}],"replies":[{"embeddable":true,"href":"https:\/\/lite-soil.com\/fr\/wp-json\/wp\/v2\/comments?post=1367"}],"wp:featuredmedia":[{"embeddable":true,"href":"https:\/\/lite-soil.com\/fr\/wp-json\/wp\/v2\/media\/1314"}],"wp:attachment":[{"href":"https:\/\/lite-soil.com\/fr\/wp-json\/wp\/v2\/media?parent=1367"}],"wp:term":[{"taxonomy":"product_brand","embeddable":true,"href":"https:\/\/lite-soil.com\/fr\/wp-json\/wp\/v2\/product_brand?post=1367"},{"taxonomy":"product_cat","embeddable":true,"href":"https:\/\/lite-soil.com\/fr\/wp-json\/wp\/v2\/product_cat?post=1367"},{"taxonomy":"product_tag","embeddable":true,"href":"https:\/\/lite-soil.com\/fr\/wp-json\/wp\/v2\/product_tag?post=1367"}],"curies":[{"name":"wp","href":"https:\/\/api.w.org\/{rel}","templated":true}]}}