{"id":1369,"date":"2025-06-22T19:33:09","date_gmt":"2025-06-22T19:33:09","guid":{"rendered":"https:\/\/lite-soil.com\/?post_type=product&#038;p=1369"},"modified":"2026-04-13T12:03:59","modified_gmt":"2026-04-13T12:03:59","slug":"lite-rootprotect-bio1-cellulose","status":"publish","type":"product","link":"https:\/\/lite-soil.com\/fr\/product\/lite-rootprotect-bio1-cellulose\/","title":{"rendered":"LITE-ROOTPROTECT Bio1 Cellulose"},"content":{"rendered":"<p>La plupart des dommages aux arbres se produisent sur les chantiers de construction. La protection des arbres estbprescrite par de nombreuses lois et normes, mais cependant, les racines sont toujours fr\u00e9quemment arrach\u00e9es et endommag\u00e9es par les v\u00e9hicules de chantier, ce qui entra\u00eene d\u2019\u00e9normes s\u00e9quelles.<\/p>\n<p>Avec le nouveau bandage pour racines LITE-<strong>ROOTPROTECT<\/strong>, les racines expos\u00e9es des arbres peuvent non seulement \u00eatre prot\u00e9g\u00e9es du soleil et des dommages, mais aussi \u00eatre maintenues humide en permanence.<\/p>\n<p><strong>100% BIOD\u00c9GRADABLE<\/strong><\/p>\n<p><img loading=\"lazy\" decoding=\"async\" class=\"alignnone wp-image-3699\" src=\"https:\/\/lite-soil.com\/wp-content\/uploads\/2025\/08\/LITE-ROOTPROTECT-GALABAU-neu-FR-212x300.webp\" alt=\"\" width=\"348\" height=\"492\" srcset=\"https:\/\/lite-soil.com\/wp-content\/uploads\/2025\/08\/LITE-ROOTPROTECT-GALABAU-neu-FR-212x300.webp 212w, https:\/\/lite-soil.com\/wp-content\/uploads\/2025\/08\/LITE-ROOTPROTECT-GALABAU-neu-FR-724x1024.webp 724w, https:\/\/lite-soil.com\/wp-content\/uploads\/2025\/08\/LITE-ROOTPROTECT-GALABAU-neu-FR-768x1086.webp 768w, https:\/\/lite-soil.com\/wp-content\/uploads\/2025\/08\/LITE-ROOTPROTECT-GALABAU-neu-FR-1086x1536.webp 1086w, https:\/\/lite-soil.com\/wp-content\/uploads\/2025\/08\/LITE-ROOTPROTECT-GALABAU-neu-FR-1448x2048.webp 1448w, https:\/\/lite-soil.com\/wp-content\/uploads\/2025\/08\/LITE-ROOTPROTECT-GALABAU-neu-FR-600x849.webp 600w, https:\/\/lite-soil.com\/wp-content\/uploads\/2025\/08\/LITE-ROOTPROTECT-GALABAU-neu-FR-scaled.webp 1810w\" sizes=\"auto, (max-width: 348px) 100vw, 348px\" \/><\/p>\n<p>LITE-<strong>ROOTPROTECT M\/L <\/strong>de 80\/120 cm de large peut \u00eatre utilis\u00e9 de mani\u00e8re optimale comme recouvrement de racines. Ils retiennent l\u2019eau plusieurs fois mieux que les toiles de chantier ou les tapis de jute classiques. En combinaison avec notre tuyau d\u2019irrigation goutte \u00e0 goutte recouvert de tissu non tiss\u00e9 au bord sup\u00e9rieur, l\u2019humidification peut \u00eatre automatique.<\/p>\n<p>Comme le LITE-<strong>ROOTPROTECT <\/strong>de 4 mm d\u2019\u00e9paisseur est 100% biod\u00e9gradable, il n\u2019est pas n\u00e9cessaire de le d\u00e9monter \u00e0 la fin du chantier, mais il suffit de le recouvrer.<\/p>\n<p><strong>Application<\/strong><\/p>\n<p><a href=\"https:\/\/lite-soil.com\/fr\/professional_trees_protectiononconstructionsites\/\">ARBRES<\/a>: Les racines expos\u00e9es sont couvertes \u2013 en fonction de la taille de la zone et des racines \u2013 soit avec le rideau racinaire (rouleau) LITE-<strong data-start=\"791\" data-end=\"848\">ROOTPROTECT <\/strong>M ou L, pos\u00e9 horizontalement ou verticalement, soit envelopp\u00e9es avec le bandage pour racines LITE-<strong data-start=\"898\" data-end=\"959\">ROOTPROTECT<\/strong>.<\/p>\n<p data-start=\"962\" data-end=\"1171\">\u00c0 la fin du chantier, le non-tiss\u00e9 n\u2019a pas besoin d\u2019\u00eatre retir\u00e9, mais simplement recouvert, ce qui<strong data-start=\"1061\" data-end=\"1108\"> \u00e9vite de blesser les extr\u00e9mit\u00e9s des racines<\/strong>, ce qui pourrait autrement entra\u00eener des dommages secondaires.<\/p>\n<p data-start=\"1173\" data-end=\"1287\">En outre, le LITE-<strong>ROOTPROTECT<\/strong> recouvert favorise l\u2019arrosage et l\u2019a\u00e9ration en profondeur pendant 1 \u00e0 2 ans.<\/p>\n<p>&nbsp;<\/p>\n<p><iframe loading=\"lazy\" title=\"\ud83c\udf33Bandage de protection des racines 100% BIOD\u00c9GRADABLE \u267b\ufe0f sur les chantiers #economiser\" width=\"500\" height=\"281\" src=\"https:\/\/www.youtube.com\/embed\/NY3Pku1jc-g?feature=oembed\" frameborder=\"0\" allow=\"accelerometer; autoplay; clipboard-write; encrypted-media; gyroscope; picture-in-picture; web-share\" referrerpolicy=\"strict-origin-when-cross-origin\" allowfullscreen><\/iframe><\/p>\n<p>&nbsp;<\/p>\n<p><strong>Taille de la commande<\/strong><\/p>\n<ul>\n<li>Racines bandage: 16\/8 pcs. \u00e1 0,1 x 8 m<\/li>\n<li>Rouleau M: 0,8 x 20 m<\/li>\n<li>Rouleau M: 0,8 x 100 m<\/li>\n<li>Rouleau L: 1,2 x 20 m<\/li>\n<\/ul>\n<p>&nbsp;<\/p>\n","protected":false},"excerpt":{"rendered":"<p>Sur les chantiers, le nouveau <strong>bandage de protection des racines<\/strong> permet non seulement de prot\u00e9ger les racines d\u2019arbres expos\u00e9es du soleil et des dommages, mais aussi de les maintenir durablement humides. Il retient bien mieux l\u2019eau que les non-tiss\u00e9s de chantier ou les nattes de jute traditionnels. Comme LITE-<strong>ROOTPROTECT <\/strong>est compos\u00e9 de fibres de cellulose et qu\u2019il est donc 100 % biod\u00e9gradable, il suffit de le d\u00e9verser en fin de chantier.<\/p>\n<p><strong>Mat\u00e9riau<\/strong>: 100 % fibres de cellulose biod\u00e9gradables<\/p>\n<p><strong>AVANTAGES<\/strong> :<\/p>\n<ul>\n<li>Protection contre les UV et les dommages m\u00e9caniques<\/li>\n<li>Humidification permanente<\/li>\n<li>100 % biod\u00e9gradable<\/li>\n<li>Est tout simplement submerg\u00e9 \u00e0 la fin du chantier<\/li>\n<\/ul>\n<p><strong>LITE-SOIL laur\u00e9at de la m\u00e9daille de l\u2019Innovation au GaLaBau 2022 pour le produit LITE-ROOTPROTECT.<\/strong><\/p>\n","protected":false},"featured_media":1373,"comment_status":"closed","ping_status":"closed","template":"","meta":[],"product_brand":[],"product_cat":[101,126,127],"product_tag":[116,128,129,130],"class_list":{"0":"post-1369","1":"product","2":"type-product","3":"status-publish","4":"has-post-thumbnail","6":"product_cat-trees","7":"product_cat-trees-construction-site-protection","8":"product_cat-lite-rootprotect","9":"product_tag-sustainable","10":"product_tag-100-cellulose-fibers","11":"product_tag-biodegradable","12":"product_tag-wooden","14":"first","15":"outofstock","16":"taxable","17":"shipping-taxable","18":"product-type-simple"},"_links":{"self":[{"href":"https:\/\/lite-soil.com\/fr\/wp-json\/wp\/v2\/product\/1369","targetHints":{"allow":["GET"]}}],"collection":[{"href":"https:\/\/lite-soil.com\/fr\/wp-json\/wp\/v2\/product"}],"about":[{"href":"https:\/\/lite-soil.com\/fr\/wp-json\/wp\/v2\/types\/product"}],"replies":[{"embeddable":true,"href":"https:\/\/lite-soil.com\/fr\/wp-json\/wp\/v2\/comments?post=1369"}],"wp:featuredmedia":[{"embeddable":true,"href":"https:\/\/lite-soil.com\/fr\/wp-json\/wp\/v2\/media\/1373"}],"wp:attachment":[{"href":"https:\/\/lite-soil.com\/fr\/wp-json\/wp\/v2\/media?parent=1369"}],"wp:term":[{"taxonomy":"product_brand","embeddable":true,"href":"https:\/\/lite-soil.com\/fr\/wp-json\/wp\/v2\/product_brand?post=1369"},{"taxonomy":"product_cat","embeddable":true,"href":"https:\/\/lite-soil.com\/fr\/wp-json\/wp\/v2\/product_cat?post=1369"},{"taxonomy":"product_tag","embeddable":true,"href":"https:\/\/lite-soil.com\/fr\/wp-json\/wp\/v2\/product_tag?post=1369"}],"curies":[{"name":"wp","href":"https:\/\/api.w.org\/{rel}","templated":true}]}}