{"id":1379,"date":"2025-06-22T19:45:01","date_gmt":"2025-06-22T19:45:01","guid":{"rendered":"https:\/\/lite-soil.com\/?post_type=product&#038;p=1379"},"modified":"2025-12-16T11:52:00","modified_gmt":"2025-12-16T11:52:00","slug":"lite-net-tree","status":"publish","type":"product","link":"https:\/\/lite-soil.com\/fr\/product\/lite-net-tree\/","title":{"rendered":"LITE-NET Arbre <br> <br>"},"content":{"rendered":"<p>LITE-<strong>NET<\/strong> Arbre pr\u00e9-confectionn\u00e9 existe en 2 tailles et 3 mat\u00e9riaux, soit permanent, 100 % biod\u00e9gradable ou compostable avec une \u00e9paisseur d&#8217;environ 6 mm.<\/p>\n<p>En tant que <strong>filets de croissance<\/strong>, ils sont enroul\u00e9s autour des mottes de racines. En surface, elles aspirent l&#8217;eau dans leur structure volumineuse et, telles des veines, la conduisent efficacement et sur une grande surface vers les racines. Lorsque ces derniers retirent l&#8217;eau stock\u00e9e en cas de besoin, de l&#8217;air est aspir\u00e9 depuis la surface. Ils remplacent ainsi facilement &#038; \u00e0 moindre co\u00fbt les syst\u00e8mes de tuyaux conventionnels, sans les \u00e9craser, les boucher ou cr\u00e9er L&#8217;effet chemin\u00e9e. Selon des \u00e9tudes hollandaises, l&#8217;utilisation de filets de culture augmente \u00e9galement l&#8217;humidit\u00e9 du sol d&#8217;environ 50 %. La forme flexible du filet permet aux racines de pousser sans probl\u00e8me.<\/p>\n<p><img loading=\"lazy\" decoding=\"async\" class=\"alignnone wp-image-3270\" src=\"https:\/\/lite-soil.com\/wp-content\/uploads\/2025\/08\/fr-300x212.webp\" alt=\"\" width=\"642\" height=\"454\" srcset=\"https:\/\/lite-soil.com\/wp-content\/uploads\/2025\/08\/fr-300x212.webp 300w, https:\/\/lite-soil.com\/wp-content\/uploads\/2025\/08\/fr-1024x724.webp 1024w, https:\/\/lite-soil.com\/wp-content\/uploads\/2025\/08\/fr-768x543.webp 768w, https:\/\/lite-soil.com\/wp-content\/uploads\/2025\/08\/fr-600x424.webp 600w, https:\/\/lite-soil.com\/wp-content\/uploads\/2025\/08\/fr.webp 1255w\" sizes=\"auto, (max-width: 642px) 100vw, 642px\" \/><\/p>\n<p>En raison de leur efficacit\u00e9, les <strong>filets de croissance <\/strong>sont \u00e9galement le compl\u00e9ment id\u00e9al des sacs d&#8217;irrigation et des bordures d&#8217;arrosage. Ils r\u00e9duisent consid\u00e9rablement la consommation d&#8217;eau en transportant l&#8217;eau directement et sans \u00e9vaporation de mani\u00e8re cibl\u00e9e vers les racines des arbres. Les intervalles d&#8217;arrosage sont nettement plus longs.<\/p>\n<p><strong>Applications<\/strong><\/p>\n<p><a href=\"https:\/\/lite-soil.com\/fr\/professionals_trees\/\">ARBRES<\/a>: Enroulez un morceau de LITE-NET d\u00e9coup\u00e9 sur mesure autour de la motte afin de diriger l\u2019eau et l\u2019air de la surface directement vers les racines.<\/p>\n<p>Le LITE-<strong>NET Arbre L<\/strong> tr\u00e8s flexible d&#8217;environ 1,5 x 0,8 m est utilis\u00e9 comme <strong>filet de culture<\/strong> pour les mottes de racines jusqu&#8217;\u00e0 max. 60\/65 cm de diam\u00e8tre. La version LITE-<strong>NET Baum XL<\/strong>, plus grande, d&#8217;environ 1,75 x 1,6 m, est utilis\u00e9e pour les mottes de racines \u00e0 partir d&#8217;environ \u00d860 cm.<\/p>\n<p>Mais la version <strong>XL<\/strong> peut aussi servir de <strong>filet de distribution <\/strong>plac\u00e9 horizontalement directement sous la motte de racines. Il conduit l&#8217;air &#038; l&#8217;eau par capillarit\u00e9 dans la largeur et sert de r\u00e9servoir suppl\u00e9mentaire. Cela permet d&#8217;am\u00e9liorer la croissance des racines en profondeur et d&#8217;augmenter la stabilit\u00e9 de l&#8217;arbre. Pour les nouvelles plantations, nous recommandons donc de combiner un <strong>filet de croissance <\/strong>avec un <strong>filet de distribution <\/strong>pour les arbres.<\/p>\n<p><img loading=\"lazy\" decoding=\"async\" class=\"alignnone wp-image-3469\" src=\"https:\/\/lite-soil.com\/wp-content\/uploads\/2025\/08\/LITE-NET-Baum-Linz-2016-vs-2023-FR-1-300x100.webp\" alt=\"\" width=\"651\" height=\"217\" srcset=\"https:\/\/lite-soil.com\/wp-content\/uploads\/2025\/08\/LITE-NET-Baum-Linz-2016-vs-2023-FR-1-300x100.webp 300w, https:\/\/lite-soil.com\/wp-content\/uploads\/2025\/08\/LITE-NET-Baum-Linz-2016-vs-2023-FR-1-1024x341.webp 1024w, https:\/\/lite-soil.com\/wp-content\/uploads\/2025\/08\/LITE-NET-Baum-Linz-2016-vs-2023-FR-1-768x256.webp 768w, https:\/\/lite-soil.com\/wp-content\/uploads\/2025\/08\/LITE-NET-Baum-Linz-2016-vs-2023-FR-1-1536x512.webp 1536w, https:\/\/lite-soil.com\/wp-content\/uploads\/2025\/08\/LITE-NET-Baum-Linz-2016-vs-2023-FR-1-2048x683.webp 2048w, https:\/\/lite-soil.com\/wp-content\/uploads\/2025\/08\/LITE-NET-Baum-Linz-2016-vs-2023-FR-1-600x200.webp 600w\" sizes=\"auto, (max-width: 651px) 100vw, 651px\" \/><img loading=\"lazy\" decoding=\"async\" class=\"alignnone wp-image-3470\" src=\"https:\/\/lite-soil.com\/wp-content\/uploads\/2025\/08\/LITE-NET-Baum-Linz-2016-vs-2023-FR-300x259.webp\" alt=\"\" width=\"412\" height=\"356\" srcset=\"https:\/\/lite-soil.com\/wp-content\/uploads\/2025\/08\/LITE-NET-Baum-Linz-2016-vs-2023-FR-300x259.webp 300w, https:\/\/lite-soil.com\/wp-content\/uploads\/2025\/08\/LITE-NET-Baum-Linz-2016-vs-2023-FR-1024x884.webp 1024w, https:\/\/lite-soil.com\/wp-content\/uploads\/2025\/08\/LITE-NET-Baum-Linz-2016-vs-2023-FR-768x663.webp 768w, https:\/\/lite-soil.com\/wp-content\/uploads\/2025\/08\/LITE-NET-Baum-Linz-2016-vs-2023-FR-1536x1326.webp 1536w, https:\/\/lite-soil.com\/wp-content\/uploads\/2025\/08\/LITE-NET-Baum-Linz-2016-vs-2023-FR-2048x1769.webp 2048w, https:\/\/lite-soil.com\/wp-content\/uploads\/2025\/08\/LITE-NET-Baum-Linz-2016-vs-2023-FR-600x518.webp 600w\" sizes=\"auto, (max-width: 412px) 100vw, 412px\" \/><\/p>\n<p>Mais LITE-<strong>NET<\/strong> <strong>Baum<\/strong> peut bien s\u00fbr aussi \u00eatre utilis\u00e9 pour d&#8217;autres applications, comme par exemple les lits sur\u00e9lev\u00e9s, les potagers ou les grands bacs \u00e0 plantes.<\/p>\n<p><iframe loading=\"lazy\" title=\"\ud83d\udca7 Installation de R\u00c9SEAU DE STOCKAGE D&#039;EAU pour les arbres #economiser\" width=\"500\" height=\"281\" src=\"https:\/\/www.youtube.com\/embed\/QQvCgGuNBMM?feature=oembed\" frameborder=\"0\" allow=\"accelerometer; autoplay; clipboard-write; encrypted-media; gyroscope; picture-in-picture; web-share\" referrerpolicy=\"strict-origin-when-cross-origin\" allowfullscreen><\/iframe><\/p>\n<p>&nbsp;<\/p>\n<p><strong>Taille de la commande<\/strong><\/p>\n<p>LITE-<strong>NET<\/strong> TREE <strong>Bio1<\/strong>:<\/p>\n<ul>\n<li>L: 1,5 x 0,8 m <strong>\u2192 <\/strong>90 pcs. Box<\/li>\n<li>L: 1,5 x 0,8 m <strong>\u2192 <\/strong>18 (6&#215;3) pcs. Box<\/li>\n<li>L: 1,5 x 0,8 m <strong>\u2192 <\/strong>20 pcs. Box<\/li>\n<li>XL: 1,75 x 1,6 m <strong>\u2192 <\/strong>45 pcs. Box<\/li>\n<\/ul>\n<p>LITE-<strong>NET<\/strong> TREE <strong>Bio5 <\/strong>&#038;<strong> PP<\/strong>:<\/p>\n<ul>\n<li>L: 1,5 x 0,8 m <strong>\u2192 <\/strong>90 pcs. Box<\/li>\n<li>L: 1,5 x 0,8 m <strong>\u2192 <\/strong>18 (6&#215;3) pcs. Box<\/li>\n<li>L: 1,5 x 0,8 m <strong>\u2192 <\/strong>20 pcs. Box<\/li>\n<li>XL: 1,75 x 1,6 m <strong>\u2192 <\/strong>45 pcs. Box<\/li>\n<li>XL: 1,75 x 1,6 m <strong>\u2192 <\/strong>8 pcs. Box<\/li>\n<li>XL: 1,75 x 1,6 m <strong>\u2192 <\/strong>8 (4&#215;2) pcs. Box<\/li>\n<\/ul>\n<p>&nbsp;<\/p>\n<p>Pour les commandes priv\u00e9es, visitez notre <a href=\"https:\/\/lite-soil.com\/fr\/shop-2\/\">boutique en ligne<\/a>.<\/p>\n","protected":false},"excerpt":{"rendered":"<p><strong>De l\u2019air et de l\u2019eau pour des arbres sains<\/strong><\/p>\n<p>R\u00e9seau de distribution pour les arbres. Filets de drainage 100 % biod\u00e9gradables et pr\u00e9-confectionn\u00e9s en non-tiss\u00e9 \u00e9pais. Comme des veines d\u2019eau en r\u00e9seau, l\u2019arbre LITE-<strong>NET<\/strong> pos\u00e9 autour de la motte de racines ou dans la fosse de l\u2019arbre fonctionne. Es saugt Luft und Wasser von der Oberfl\u00e4che in die hochpor\u00f6se Faserstruktur und transportiert sie direkt zu den Wurzeln.<\/p>\n<p><strong>Mat\u00e9riau: Bio1:\u00a0<\/strong>100 % fibres de cellulose biod\u00e9gradables\u00a0|<strong> Bio5:\u00a0<\/strong>70% de PLA (polylactide) + 30% de fibres de cellulose | <strong>PP<\/strong>: 100 % polypropyl\u00e8ne.<\/p>\n<p><strong>AVANTAGES<\/strong> :<\/p>\n<ul>\n<li>Am\u00e8ne l\u2019air et l\u2019eau directement aux racines<\/li>\n<li>Les racines peuvent pousser \u00e0 travers les ouvertures du filet<\/li>\n<li>Intervalles de coul\u00e9e prolong\u00e9s<\/li>\n<li>Installation simple<\/li>\n<li>Peu co\u00fbteux<\/li>\n<li>Approvisionnement optimal et efficace des plantes<\/li>\n<\/ul>\n<p><strong>LITE-SOIL laur\u00e9at de la m\u00e9daille de l&#8217;innovation au GaLaBau 2024 pour le LITE-NET TREE.<\/strong><\/p>\n","protected":false},"featured_media":1380,"comment_status":"closed","ping_status":"closed","template":"","meta":[],"product_brand":[],"product_cat":[101,112,210],"product_tag":[106,107,108,109,116,128,129,130],"class_list":{"0":"post-1379","1":"product","2":"type-product","3":"status-publish","4":"has-post-thumbnail","6":"product_cat-trees","7":"product_cat-raised-planting-beds-troughs","8":"product_cat-lite-net_pro","9":"product_tag-100-zellulosefasern","10":"product_tag-aus-holz","11":"product_tag-biologisch-abbaubar","12":"product_tag-nachhaltig","13":"product_tag-sustainable","14":"product_tag-100-cellulose-fibers","15":"product_tag-biodegradable","16":"product_tag-wooden","18":"first","19":"outofstock","20":"taxable","21":"shipping-taxable","22":"product-type-simple"},"_links":{"self":[{"href":"https:\/\/lite-soil.com\/fr\/wp-json\/wp\/v2\/product\/1379","targetHints":{"allow":["GET"]}}],"collection":[{"href":"https:\/\/lite-soil.com\/fr\/wp-json\/wp\/v2\/product"}],"about":[{"href":"https:\/\/lite-soil.com\/fr\/wp-json\/wp\/v2\/types\/product"}],"replies":[{"embeddable":true,"href":"https:\/\/lite-soil.com\/fr\/wp-json\/wp\/v2\/comments?post=1379"}],"wp:featuredmedia":[{"embeddable":true,"href":"https:\/\/lite-soil.com\/fr\/wp-json\/wp\/v2\/media\/1380"}],"wp:attachment":[{"href":"https:\/\/lite-soil.com\/fr\/wp-json\/wp\/v2\/media?parent=1379"}],"wp:term":[{"taxonomy":"product_brand","embeddable":true,"href":"https:\/\/lite-soil.com\/fr\/wp-json\/wp\/v2\/product_brand?post=1379"},{"taxonomy":"product_cat","embeddable":true,"href":"https:\/\/lite-soil.com\/fr\/wp-json\/wp\/v2\/product_cat?post=1379"},{"taxonomy":"product_tag","embeddable":true,"href":"https:\/\/lite-soil.com\/fr\/wp-json\/wp\/v2\/product_tag?post=1379"}],"curies":[{"name":"wp","href":"https:\/\/api.w.org\/{rel}","templated":true}]}}