{"id":1388,"date":"2025-06-22T19:50:00","date_gmt":"2025-06-22T19:50:00","guid":{"rendered":"https:\/\/lite-soil.com\/?post_type=product&#038;p=1388"},"modified":"2025-09-09T10:16:08","modified_gmt":"2025-09-09T10:16:08","slug":"lite-net-slope","status":"publish","type":"product","link":"https:\/\/lite-soil.com\/fr\/product\/lite-net-slope\/","title":{"rendered":"LITE-NET Talus <br> <br>"},"content":{"rendered":"<p>Selon des \u00e9tudes men\u00e9es par la BOKU, un LITE-<strong>NET <\/strong>peut stocker \u00e0 long terme une quantit\u00e9 d&#8217;eau 6 fois sup\u00e9rieure \u00e0 celle des filets de coco. Il en r\u00e9sulte une augmentation de 50 % de l&#8217;effet de v\u00e9g\u00e9talisation. De plus, l&#8217;\u00e9rosion est r\u00e9duite. Gr\u00e2ce \u00e0 la forme flexible du filet, le LITE-<strong>NET <\/strong>s&#8217;adapte tr\u00e8s bien \u00e0 la surface, c&#8217;est pourquoi il ne doit \u00eatre que peu fix\u00e9 et r\u00e9siste aux temp\u00eates.<\/p>\n<p><img loading=\"lazy\" decoding=\"async\" class=\"alignnone size-medium wp-image-3304\" src=\"https:\/\/lite-soil.com\/wp-content\/uploads\/2025\/08\/slope-300x300.webp\" alt=\"\" width=\"300\" height=\"300\" srcset=\"https:\/\/lite-soil.com\/wp-content\/uploads\/2025\/08\/slope-300x300.webp 300w, https:\/\/lite-soil.com\/wp-content\/uploads\/2025\/08\/slope-1024x1024.webp 1024w, https:\/\/lite-soil.com\/wp-content\/uploads\/2025\/08\/slope-150x150.webp 150w, https:\/\/lite-soil.com\/wp-content\/uploads\/2025\/08\/slope-768x768.webp 768w, https:\/\/lite-soil.com\/wp-content\/uploads\/2025\/08\/slope-600x600.webp 600w, https:\/\/lite-soil.com\/wp-content\/uploads\/2025\/08\/slope-100x100.webp 100w, https:\/\/lite-soil.com\/wp-content\/uploads\/2025\/08\/slope.webp 1080w\" sizes=\"auto, (max-width: 300px) 100vw, 300px\" \/><img loading=\"lazy\" decoding=\"async\" class=\"alignnone wp-image-3312\" src=\"https:\/\/lite-soil.com\/wp-content\/uploads\/2025\/08\/Kokosmatte-vs-LITE-NET-FR-300x211.webp\" alt=\"\" width=\"387\" height=\"272\" srcset=\"https:\/\/lite-soil.com\/wp-content\/uploads\/2025\/08\/Kokosmatte-vs-LITE-NET-FR-300x211.webp 300w, https:\/\/lite-soil.com\/wp-content\/uploads\/2025\/08\/Kokosmatte-vs-LITE-NET-FR-768x541.webp 768w, https:\/\/lite-soil.com\/wp-content\/uploads\/2025\/08\/Kokosmatte-vs-LITE-NET-FR-600x423.webp 600w, https:\/\/lite-soil.com\/wp-content\/uploads\/2025\/08\/Kokosmatte-vs-LITE-NET-FR.webp 961w\" sizes=\"auto, (max-width: 387px) 100vw, 387px\" \/><\/p>\n<p>Les filets de talus \u00e0 grande surface ont une ouverture d&#8217;environ 9 cm (C14) et une \u00e9paisseur d&#8217;environ 6 mm, Bio1 existe \u00e9galement en 4 mm.<\/p>\n<p><strong>INSTRUCTIONS D&#8217;INSTALLATION<\/strong><\/p>\n<p><a href=\"https:\/\/lite-soil.com\/fr\/professionals_slopes\/\">TALUS<\/a>: Posez le LITE-<strong>NET<\/strong> d\u00e9ploy\u00e9 et mettez de la terre par-dessus jusqu\u2019\u00e0 la profondeur des racines (pour le gazon, environ 10 cm). Id\u00e9alement m\u00e9lang\u00e9 \u00e0 <a href=\"https:\/\/lite-soil.com\/fr\/professionals_products\/#lite_strips_B2B_products\">LITE-<strong>STRIPS<\/strong><\/a>. Pour la plantation initiale de la v\u00e9g\u00e9tation, les variantes 100% biod\u00e9gradables de LITE-<strong>NET Bio1 <\/strong>ou <strong>Bio5 <\/strong>sont simplement pos\u00e9es sur la surface du talus, fix\u00e9es et id\u00e9alement irrigu\u00e9es par aspersion.<\/p>\n<p>Le r\u00e9servoir d&#8217;eau pour talus LITE-<strong>NET <\/strong>convient parfaitement \u00e0 la v\u00e9g\u00e9talisation des talus et \u00e0 la protection contre l&#8217;\u00e9rosion. Pour la phase de croissance, ils sont pos\u00e9s en surface, pour l&#8217;utilisation permanente, ils sont enterr\u00e9s.<\/p>\n<p><strong> 100% BIOD\u00c9GRADABLE<\/strong><\/p>\n<p>Les filets en tissu non-tiss\u00e9, extr\u00eamement flexibles, s\u2019adaptent parfaitement au sous-sol, formant ainsi un micro relief stable parall\u00e8le aux talus et ainsi r\u00e9dusant l\u2019\u00e9rosion. En raison de la bonne denture, le LITE-<strong>NET <\/strong>ne doit \u00eatre que peu fix\u00e9. De plus, la forme du filet r\u00e9siste aux temp\u00eates, contrairement aux tapis qui recouvrent toute la surface. Sur les talus plus raides, les filets de stockage d&#8217;eau peuvent \u00eatre s\u00e9curis\u00e9s sans probl\u00e8me \u00e0 l&#8217;aide de crochets de sol habituels.<br \/>\nGr\u00e2ce \u00e0 l\u2019effet de m\u00e9andre, l\u2019eau est beaucoup mieux stock\u00e9e qu\u2019avec les nattes en tissu non-tiss\u00e9 standard \u00e0 pleine surface, o\u00f9 l\u2019eau peut s\u2019\u00e9couler directement. La croissance des plantes est favoris\u00e9e par l&#8217;apport direct de lumi\u00e8re et des plantes suppl\u00e9mentaires peuvent facilement \u00eatre plac\u00e9es dans les interstices du filet.<\/p>\n<p>&nbsp;<\/p>\n<p><strong>Taille de la commande<\/strong><\/p>\n<p>LITE-<strong>NET<\/strong> Talus (Rouleau C14 = mailles \u2300 9 cm)<\/p>\n<ul>\n<li>350: 3,5 x 14,3 m <strong>\u2192\u00a0<\/strong>50 m\u00b2<\/li>\n<li>520: 5,2 x 14,3 m <strong>\u2192\u00a0<\/strong>75 m\u00b2<\/li>\n<\/ul>\n<p>&nbsp;<\/p>\n<p>Pour les commandes priv\u00e9es, visitez notre <a href=\"https:\/\/lite-soil.com\/fr\/shop-2\/\">boutique en ligne<\/a>.<\/p>\n","protected":false},"excerpt":{"rendered":"<p><strong>R\u00e9servoir d\u2019eau pour talus<\/strong><\/p>\n<p>Pour les talus, le LITE-<strong>NET Bio1<\/strong> (env. 1-2 ans) ou <strong>Bio5 <\/strong>(env. 5-10 ans), 100 % biod\u00e9gradable, est pos\u00e9 directement sur la surface et, id\u00e9alement, v\u00e9g\u00e9talis\u00e9 par pulv\u00e9risation. Il fonctionne comme un r\u00e9servoir d\u2019eau \u00e0 grande surface et, gr\u00e2ce \u00e0 l\u2019effet de m\u00e9andres, l\u2019eau est stock\u00e9e dans le r\u00e9seau, m\u00eame en cas de talus plus raides, contrairement aux nattes \u00e0 pleine surface, et reste ainsi \u00e0 tout moment \u00e0 la disposition des plantes en cas de besoin.<\/p>\n<p><strong>Mat\u00e9riau: Bio1: <\/strong>100 % fibres de cellulose biod\u00e9gradables <strong>| Bio5: <\/strong>70% de PLA (polylactide) + 30% de fibres de cellulose.<\/p>\n<p><strong>AVANTAGES<\/strong> :<\/p>\n<ul>\n<li>Stocke l\u2019eau directement aupr\u00e8s des plantes<\/li>\n<li>Les racines peuvent pousser \u00e0 travers les ouvertures du filet<\/li>\n<li>R\u00e9duction de l\u2019\u00e9rosion<\/li>\n<li>Intervalles de coul\u00e9e prolong\u00e9s<\/li>\n<li>Peut \u00eatre facilement d\u00e9coup\u00e9<\/li>\n<li>Installation simple<\/li>\n<li>L\u2019alimentation optimale pour les plantes<\/li>\n<\/ul>\n","protected":false},"featured_media":1390,"comment_status":"closed","ping_status":"closed","template":"","meta":[],"product_brand":[],"product_cat":[21,210],"product_tag":[],"class_list":{"0":"post-1388","1":"product","2":"type-product","3":"status-publish","4":"has-post-thumbnail","6":"product_cat-uncategorized","7":"product_cat-lite-net_pro","9":"first","10":"outofstock","11":"taxable","12":"shipping-taxable","13":"product-type-simple"},"_links":{"self":[{"href":"https:\/\/lite-soil.com\/fr\/wp-json\/wp\/v2\/product\/1388","targetHints":{"allow":["GET"]}}],"collection":[{"href":"https:\/\/lite-soil.com\/fr\/wp-json\/wp\/v2\/product"}],"about":[{"href":"https:\/\/lite-soil.com\/fr\/wp-json\/wp\/v2\/types\/product"}],"replies":[{"embeddable":true,"href":"https:\/\/lite-soil.com\/fr\/wp-json\/wp\/v2\/comments?post=1388"}],"wp:featuredmedia":[{"embeddable":true,"href":"https:\/\/lite-soil.com\/fr\/wp-json\/wp\/v2\/media\/1390"}],"wp:attachment":[{"href":"https:\/\/lite-soil.com\/fr\/wp-json\/wp\/v2\/media?parent=1388"}],"wp:term":[{"taxonomy":"product_brand","embeddable":true,"href":"https:\/\/lite-soil.com\/fr\/wp-json\/wp\/v2\/product_brand?post=1388"},{"taxonomy":"product_cat","embeddable":true,"href":"https:\/\/lite-soil.com\/fr\/wp-json\/wp\/v2\/product_cat?post=1388"},{"taxonomy":"product_tag","embeddable":true,"href":"https:\/\/lite-soil.com\/fr\/wp-json\/wp\/v2\/product_tag?post=1388"}],"curies":[{"name":"wp","href":"https:\/\/api.w.org\/{rel}","templated":true}]}}