{"id":1396,"date":"2025-06-22T19:54:05","date_gmt":"2025-06-22T19:54:05","guid":{"rendered":"https:\/\/lite-soil.com\/?post_type=product&#038;p=1396"},"modified":"2025-12-16T10:27:58","modified_gmt":"2025-12-16T10:27:58","slug":"lite-net-standard-bio1-cellulose","status":"publish","type":"product","link":"https:\/\/lite-soil.com\/fr\/product\/lite-net-standard-bio1-cellulose\/","title":{"rendered":"LITE-NET Standard Bio1 Cellulose"},"content":{"rendered":"<p>En cas de besoin, toute l&#8217;eau est disponible pour les racines, car la structure ouverte du filet permet aux racines de pousser sans probl\u00e8me \u00e0 travers et de s&#8217;accrocher tout autour du volumineux non-tiss\u00e9\/feutre. Cela permet \u00e9galement une installation tridimensionnelle tr\u00e8s flexible. La variante de base de 6 mm d&#8217;\u00e9paisseur stocke jusqu&#8217;\u00e0 5,5 l d&#8217;eau par m\u00b2.<\/p>\n<p><strong>100% BIOD\u00c9GRADABLE<\/strong><\/p>\n<p>Le LITE-<strong>NET Bio1<\/strong> en fibres de cellulose, 100 % biod\u00e9gradable au bout de 1 \u00e0 2 ans, est utilis\u00e9 par exemple pour l&#8217;engazonnement de talus, les filets de croissance pr\u00e8s des arbres, les parterres sur\u00e9lev\u00e9s et les bacs \u00e0 plantes plus grands, les potagers ou les pelouses.<\/p>\n<p>En plus de la taille de maille standard C20 avec une ouverture d&#8217;environ 13 cm, il existe \u00e9galement des filets avec des mailles plus petites C14 avec une ouverture d&#8217;environ 9 cm, par exemple pour la v\u00e9g\u00e9talisation des talus (voir <a href=\"https:\/\/lite-soil.com\/fr\/product\/lite-net-slope\/\">LITE-NET Talus<\/a>).<\/p>\n<p><strong>Applications<\/strong><\/p>\n<p><a href=\"https:\/\/lite-soil.com\/fr\/professionals_trees\/\">ARBRES<\/a>: Enroulez un morceau de LITE-<strong>NET<\/strong> d\u00e9coup\u00e9 sur mesure autour de la motte afin de diriger l&#8217;eau et l&#8217;air de la surface directement vers les racines. Comme r\u00e9servoir d&#8217;eau suppl\u00e9mentaire, placez un autre LITE-<strong>NET<\/strong> \u00e0 l&#8217;horizontale dans la fosse de l&#8217;arbre. L&#8217;espace racinaire profond est ainsi parfaitement approvisionn\u00e9.<\/p>\n<p><a href=\"https:\/\/lite-soil.com\/fr\/professionals_lawns_athleticfields\/\">PELOUSE, TERRAINS DE SPORT<\/a>\u00a0&#038;\u00a0<a href=\"https:\/\/lite-soil.com\/fr\/professionals_slopes\/\">TALUS<\/a>: Posez le LITE-<strong>NET<\/strong> d\u00e9ploy\u00e9 et mettez de la terre par-dessus jusqu&#8217;\u00e0 la profondeur des racines (pour le gazon, environ 10 cm). Id\u00e9alement m\u00e9lang\u00e9 \u00e0 <a href=\"https:\/\/lite-soil.com\/fr\/professionals_products\/#lite_strips_B2B_products\">LITE-<strong>STRIPS<\/strong><\/a>.<\/p>\n<p>&nbsp;<\/p>\n<p><iframe loading=\"lazy\" title=\"\ud83c\udf31COMMENT \u00c9CONOMISER L&#039;EAU dans l&#039;IRRIGATION de la PELOUSE et des ARBRES avec LITE-NET #economiser\" width=\"500\" height=\"281\" src=\"https:\/\/www.youtube.com\/embed\/GG2hjQpoVe0?feature=oembed\" frameborder=\"0\" allow=\"accelerometer; autoplay; clipboard-write; encrypted-media; gyroscope; picture-in-picture; web-share\" referrerpolicy=\"strict-origin-when-cross-origin\" allowfullscreen><\/iframe><\/p>\n<p><strong>Taille de la commande<\/strong><\/p>\n<p>LITE-<strong>NET<\/strong> Bio1 Standard (Rouleau C20 = mailles \u2300 13 cm)<\/p>\n<ul>\n<li>175: 1,75 x 16,3 m\u00a0<strong>\u2192<\/strong>\u00a028 m\u00b2<\/li>\n<li>175: 1,75 x 16,3 m\u00a0<strong>\u2192<\/strong><strong>\u00a0<\/strong>3 pcs. \u00e1 28 m\u00b2<\/li>\n<\/ul>\n<p>Pour les commandes priv\u00e9es, visitez notre\u00a0<a href=\"https:\/\/lite-soil.com\/shop-2\/\">shop<\/a>.<\/p>\n","protected":false},"excerpt":{"rendered":"<p><strong>Le r\u00e9seau de distribution d\u2019eau<\/strong><\/p>\n<p>Filet de drainage 100 % biod\u00e9gradable en non-tiss\u00e9 \u00e9pais.<\/p>\n<p>Comme les veines d\u2019eau en r\u00e9seau, le LITE-<strong>NET<\/strong>, qui est install\u00e9 dans le sol jusqu\u2019\u00e0 la racine, fonctionne. Dans sa structure tr\u00e8s poreuse, il r\u00e9partit l\u2019air et l\u2019eau sur une grande surface, de mani\u00e8re efficace et r\u00e9guli\u00e8re dans le plan des racines et sert de r\u00e9servoir d\u2019eau.<\/p>\n<p><strong>Mati\u00e8re<\/strong>: 100 % fibres de cellulose biod\u00e9gradables<\/p>\n<p><strong>AVANTAGES<\/strong> :<\/p>\n<ul>\n<li>Stocke l\u2019eau directement au niveau des racines<\/li>\n<li>Les racines peuvent pousser \u00e0 travers les ouvertures du filet<\/li>\n<li>Intervalles de coul\u00e9e prolong\u00e9s<\/li>\n<li>Peut \u00eatre facilement d\u00e9coup\u00e9<\/li>\n<li>Installation simple<\/li>\n<li>Poids faible<\/li>\n<li>L\u2019alimentation optimale pour les plantes<\/li>\n<\/ul>\n","protected":false},"featured_media":1400,"comment_status":"closed","ping_status":"closed","template":"","meta":[],"product_brand":[],"product_cat":[101,105,112,210],"product_tag":[106,107,108,109,116,128,129,130],"class_list":{"0":"post-1396","1":"product","2":"type-product","3":"status-publish","4":"has-post-thumbnail","6":"product_cat-trees","7":"product_cat-athletic-fields","8":"product_cat-raised-planting-beds-troughs","9":"product_cat-lite-net_pro","10":"product_tag-100-zellulosefasern","11":"product_tag-aus-holz","12":"product_tag-biologisch-abbaubar","13":"product_tag-nachhaltig","14":"product_tag-sustainable","15":"product_tag-100-cellulose-fibers","16":"product_tag-biodegradable","17":"product_tag-wooden","19":"first","20":"outofstock","21":"taxable","22":"shipping-taxable","23":"product-type-simple"},"_links":{"self":[{"href":"https:\/\/lite-soil.com\/fr\/wp-json\/wp\/v2\/product\/1396","targetHints":{"allow":["GET"]}}],"collection":[{"href":"https:\/\/lite-soil.com\/fr\/wp-json\/wp\/v2\/product"}],"about":[{"href":"https:\/\/lite-soil.com\/fr\/wp-json\/wp\/v2\/types\/product"}],"replies":[{"embeddable":true,"href":"https:\/\/lite-soil.com\/fr\/wp-json\/wp\/v2\/comments?post=1396"}],"wp:featuredmedia":[{"embeddable":true,"href":"https:\/\/lite-soil.com\/fr\/wp-json\/wp\/v2\/media\/1400"}],"wp:attachment":[{"href":"https:\/\/lite-soil.com\/fr\/wp-json\/wp\/v2\/media?parent=1396"}],"wp:term":[{"taxonomy":"product_brand","embeddable":true,"href":"https:\/\/lite-soil.com\/fr\/wp-json\/wp\/v2\/product_brand?post=1396"},{"taxonomy":"product_cat","embeddable":true,"href":"https:\/\/lite-soil.com\/fr\/wp-json\/wp\/v2\/product_cat?post=1396"},{"taxonomy":"product_tag","embeddable":true,"href":"https:\/\/lite-soil.com\/fr\/wp-json\/wp\/v2\/product_tag?post=1396"}],"curies":[{"name":"wp","href":"https:\/\/api.w.org\/{rel}","templated":true}]}}