{"id":4194,"date":"2025-09-09T08:47:27","date_gmt":"2025-09-09T08:47:27","guid":{"rendered":"https:\/\/lite-soil.com\/de\/?post_type=product&#038;p=4194"},"modified":"2026-01-20T10:00:00","modified_gmt":"2026-01-20T10:00:00","slug":"bewasserungssack-lite-net-bio5","status":"publish","type":"product","link":"https:\/\/lite-soil.com\/fr\/product\/bewasserungssack-lite-net-bio5\/","title":{"rendered":"SAC D&#8217;IRRIGATION <br> + LITE-NET Bio5"},"content":{"rendered":"<p data-start=\"628\" data-end=\"933\">Le r\u00e9seau de distribution (LITE\u2011NET ARBRE) absorbe l\u2019eau provenant du sac d\u2019irrigation \u00e0 la surface, la dirige directement vers les racines et la stocke. L\u2019humidit\u00e9 prolong\u00e9e \u2014 et donc la formation de moisissure \u2014 sous le sac est r\u00e9duite.<\/p>\n<p data-start=\"935\" data-end=\"1333\">L\u2019eau est utilis\u00e9e de mani\u00e8re tr\u00e8s efficace, car elle s\u2019\u00e9vapore moins \u00e0 la surface et s\u2019\u00e9coule largement \u00e0 travers le feutre vers les racines, au lieu de les contourner. De plus, le r\u00e9seau distribue \u00e9galement l\u2019eau de pluie \u2014 m\u00eame les petites averses \u2014 vers les racines profondes. Lorsque les racines pr\u00e9l\u00e8vent de l\u2019eau dans le feutre, l\u2019air est \u00e9galement aspir\u00e9 depuis la surface vers les racines.<\/p>\n<p data-start=\"935\" data-end=\"1333\"><strong>LITE-NET Arbre Bio5<\/strong> <strong data-start=\"1876\" data-end=\"1920\">100\u202f% BIOD\u00c9GRADABLE !<\/strong><\/p>\n<p data-start=\"1335\" data-end=\"1614\">LITE\u2011NET Arbre est un feutre volumineux de stockage d\u2019eau en forme de filet, qui s\u2019enroule facilement autour de la motte. Con\u00e7u pour favoriser l\u2019enracinement, il dure de 5 \u00e0 10 ans et est 100\u202f% biod\u00e9gradable. Les racines peuvent facilement traverser les mailles du filet.<\/p>\n<p data-start=\"1616\" data-end=\"1874\">Avec la combinaison Kombi B, un second r\u00e9seau distributeur est plac\u00e9 horizontalement juste sous la motte. Cela permet une distribution capillaire de l\u2019eau en profondeur et en largeur. Cela favorise le d\u00e9veloppement profond des racines et augmente la stabilit\u00e9.<\/p>\n<p data-start=\"2169\" data-end=\"2191\">\n<p data-start=\"2169\" data-end=\"2191\"><strong data-start=\"2169\" data-end=\"2191\">Donn\u00e9es techniques<\/strong><\/p>\n<ul>\n<li data-start=\"2193\" data-end=\"2376\"><strong data-start=\"2193\" data-end=\"2215\">SAC D\u2019IRRIGATION :<\/strong> Capacit\u00e9 de 75\u202fL ; PVC r\u00e9sistant aux intemp\u00e9ries de 400\u202fg\/m\u00b2 avec tissu en maille. Deux orifices \u00e0 la base pour le drainage. Avec fermeture \u00e9clair et fixations.<\/li>\n<li data-start=\"2378\" data-end=\"2774\"><strong data-start=\"2378\" data-end=\"2398\">LITE\u2011NET Arbre :<\/strong> R\u00e9seau de drainage pr\u00e9assembl\u00e9 (env. 1,5 \u00d7 0,8\u202fm) pour l\u2019approvisionnement souterrain en eau et en air des mottes \u00e0 grande \u00e9chelle. Fabriqu\u00e9 \u00e0 partir de feutre aiguillet\u00e9 en PLA 100\u202f% biod\u00e9gradable \/ compostable (env. 70\u202f% PLA + 30\u202f% cellulose ; env. 500\u202fg\/m\u00b2 ; \u00e9paisseur env. 6\u202fmm ; porosit\u00e9 = capacit\u00e9 de r\u00e9tention d\u2019eau env. 90\u202f% ; temps de d\u00e9gradation env. 5\u201310 ans).<\/li>\n<\/ul>\n<p><strong data-start=\"3228\" data-end=\"3238\">Taille<\/strong><\/p>\n<p data-start=\"3240\" data-end=\"3271\">LITE-NET Arbre Bio5 L: Pour mottes jusqu\u2019\u00e0 \u00d8\u202f60\/65\u202fcm.<\/p>\n<p>LITE-NET Arbre Bio5 XL: Pour les mottes d\u2019environ \u00d8 60.<\/p>\n<p data-start=\"1922\" data-end=\"1937\">\n<p data-start=\"1922\" data-end=\"1937\"><strong data-start=\"1922\" data-end=\"1937\">Application<\/strong><\/p>\n<p data-start=\"1939\" data-end=\"1948\"><a href=\"https:\/\/lite-soil.com\/fr\/professionals_trees\/\">ARBRE<\/a><\/p>\n<p data-start=\"1950\" data-end=\"1981\"><strong data-start=\"1950\" data-end=\"1981\">Instructions d\u2019installation<\/strong><\/p>\n<ol>\n<li data-start=\"1983\" data-end=\"2045\">Placer la motte sur le filet. Enrouler la motte avec le filet.<\/li>\n<li data-start=\"2047\" data-end=\"2076\">Planter l\u2019arbre dans le trou.<\/li>\n<li data-start=\"2078\" data-end=\"2135\">Remplir le trou, ouvrir le haut du filet et le recouvrir.<\/li>\n<li data-start=\"2137\" data-end=\"2167\">Installer le sac d\u2019irrigation.<\/li>\n<\/ol>\n<p data-start=\"86\" data-end=\"108\">\n<p data-start=\"86\" data-end=\"108\"><strong>Tailles de commandes<\/strong><\/p>\n<ul data-start=\"109\" data-end=\"303\">\n<li data-start=\"109\" data-end=\"189\">\n<p data-start=\"111\" data-end=\"189\"><strong data-start=\"111\" data-end=\"124\">Kombi A :<\/strong> 30 pcs. Sac d\u2019arrosage + 30 pcs. LITE-NET arbre Bio5 L (BOX)<\/p>\n<\/li>\n<li data-start=\"190\" data-end=\"303\">\n<p data-start=\"192\" data-end=\"303\"><strong data-start=\"192\" data-end=\"205\">Kombi B :<\/strong> 30 pcs. Sac d\u2019arrosage + 30 pcs. LITE-NET arbre Bio5 L &#038; 30 pcs. LITE-NET arbre Bio5 XL (BOX)<\/p>\n<\/li>\n<\/ul>\n<p>&nbsp;<\/p>\n<p>Pour les commandes priv\u00e9es, visitez notre <a href=\"https:\/\/lite-soil.com\/fr\/shop-2\/\">shop<\/a>.<\/p>\n<p>&nbsp;<\/p>\n","protected":false},"excerpt":{"rendered":"<p data-start=\"158\" data-end=\"240\">Fournit de l\u2019eau de mani\u00e8re efficace aux arbres m\u00eame en p\u00e9riode de s\u00e9cheresse.<\/p>\n<p data-start=\"242\" data-end=\"286\"><strong data-start=\"242\" data-end=\"286\">LITE\u2011NET ARBRE Bio5 + SAC D\u2019IRRIGATION<\/strong><\/p>\n<p data-start=\"288\" data-end=\"354\">La combinaison innovante optimise l\u2019irrigation de votre arbre.<\/p>\n<p data-start=\"402\" data-end=\"626\"><strong>Options<\/strong> :<br \/>\n<strong>Kombi A<\/strong>: Sac d\u2019irrigation + LITE-NET Arbre Bio5 L|<br \/>\n<strong>Kombi B<\/strong>: Sac d\u2019irrigation + LITE-NET Arbre Bio5 L &#038; LITE-NET Arbre Bio5 XL<\/p>\n<p data-start=\"402\" data-end=\"626\"><strong>Mat\u00e9riau<\/strong> : LITE\u2011NET Arbre : 70 % PLA + 30 % cellulose<\/p>\n<p data-start=\"2776\" data-end=\"2789\"><strong data-start=\"2776\" data-end=\"2789\">Avantages<\/strong><\/p>\n<ul>\n<li data-start=\"2793\" data-end=\"2854\">Transporte l\u2019eau du sac d\u2019irrigation vers la zone racinaire<\/li>\n<li data-start=\"2857\" data-end=\"2918\">R\u00e9duit l\u2019humidit\u00e9 et la moisissure sous le sac d\u2019irrigation<\/li>\n<li data-start=\"2921\" data-end=\"2979\">Moins d\u2019\u00e9vaporation et intervalles d\u2019arrosage plus longs<\/li>\n<li data-start=\"2982\" data-end=\"3044\">Apporte l\u2019eau de pluie \u2014 m\u00eame l\u00e9g\u00e8re \u2014 aux racines profondes<\/li>\n<li data-start=\"3047\" data-end=\"3127\">Favorise le d\u00e9veloppement profond des racines et r\u00e9duit les racines de surface<\/li>\n<li data-start=\"3130\" data-end=\"3191\">R\u00e9duction des co\u00fbts d\u2019entretien et de la consommation d\u2019eau<\/li>\n<li data-start=\"3194\" data-end=\"3226\">\u00c9conomique et facile \u00e0 installer<\/li>\n<\/ul>\n","protected":false},"featured_media":4663,"comment_status":"closed","ping_status":"closed","template":"","meta":[],"product_brand":[],"product_cat":[210,221],"product_tag":[82],"class_list":{"0":"post-4194","1":"product","2":"type-product","3":"status-publish","4":"has-post-thumbnail","6":"product_cat-lite-net_pro","7":"product_cat-professional","8":"product_tag-trees","10":"first","11":"outofstock","12":"taxable","13":"shipping-taxable","14":"product-type-simple"},"_links":{"self":[{"href":"https:\/\/lite-soil.com\/fr\/wp-json\/wp\/v2\/product\/4194","targetHints":{"allow":["GET"]}}],"collection":[{"href":"https:\/\/lite-soil.com\/fr\/wp-json\/wp\/v2\/product"}],"about":[{"href":"https:\/\/lite-soil.com\/fr\/wp-json\/wp\/v2\/types\/product"}],"replies":[{"embeddable":true,"href":"https:\/\/lite-soil.com\/fr\/wp-json\/wp\/v2\/comments?post=4194"}],"wp:featuredmedia":[{"embeddable":true,"href":"https:\/\/lite-soil.com\/fr\/wp-json\/wp\/v2\/media\/4663"}],"wp:attachment":[{"href":"https:\/\/lite-soil.com\/fr\/wp-json\/wp\/v2\/media?parent=4194"}],"wp:term":[{"taxonomy":"product_brand","embeddable":true,"href":"https:\/\/lite-soil.com\/fr\/wp-json\/wp\/v2\/product_brand?post=4194"},{"taxonomy":"product_cat","embeddable":true,"href":"https:\/\/lite-soil.com\/fr\/wp-json\/wp\/v2\/product_cat?post=4194"},{"taxonomy":"product_tag","embeddable":true,"href":"https:\/\/lite-soil.com\/fr\/wp-json\/wp\/v2\/product_tag?post=4194"}],"curies":[{"name":"wp","href":"https:\/\/api.w.org\/{rel}","templated":true}]}}